{"id":14559,"date":"2023-05-26T08:31:00","date_gmt":"2023-05-26T12:31:00","guid":{"rendered":"https:\/\/expertbatiment.ca\/expertise\/guarantees-gcr\/"},"modified":"2025-02-05T10:44:34","modified_gmt":"2025-02-05T15:44:34","slug":"guarantees-gcr","status":"publish","type":"page","link":"https:\/\/expertbatiment.ca\/en\/expertise\/guarantees-gcr\/","title":{"rendered":"DGC and residential warranties for new buildings"},"content":{"rendered":"\n<p>The Garantie de construction r\u00e9sidentielle (GCR) is a Canadian non-profit organization that offers a mandatory warranty for new residential construction in Quebec. Its mission is to protect the public who do business with a contractor for the construction of a new home.<\/p>\n\n<p>Implement this essential protection measure for your new building<strong> <a href=\"https:\/\/expertbatiment.ca\/en\/service-request\/\">by getting in touch with us today<\/a>!<\/strong><\/p>\n\n<div style=\"height:5px\" aria-hidden=\"true\" class=\"wp-block-spacer\"><\/div>\n\n<h2 class=\"wp-block-heading\" style=\"font-size:22px\">What is a residential new construction warranty (RCW)?<\/h2>\n\n<p>The GCR warranty covers construction defects that may occur after the work has been completed. It also protects the buyer in the event that the contractor fails to meet its contractual obligations. Please note that the GCR warranty is only valid for contractors accredited by the organization.<\/p>\n\n<p style=\"font-size:22px\"><strong><strong>Items<\/strong>covered by this warranty :<\/strong><\/p>\n\n<div class=\"wp-block-media-text alignwide has-media-on-the-right is-stacked-on-mobile\" style=\"grid-template-columns:auto 24%\"><div class=\"wp-block-media-text__content\">\n<h4 class=\"wp-block-heading\">&#8211; Apparent manufacturing defects<\/h4>\n\n\n\n<p>Covered for the first year after acceptance of the building.<\/p>\n\n\n\n<h4 class=\"wp-block-heading\">&#8211; Construction defects<\/h4>\n\n\n\n<p>Covered for the first two years after acceptance of the building.<\/p>\n\n\n\n<h4 class=\"wp-block-heading\">&#8211; Hidden defects<\/h4>\n\n\n\n<p>Covered for the first three years after acceptance of the building.<\/p>\n\n\n\n<h4 class=\"wp-block-heading\">&#8211; Major defects<\/h4>\n\n\n\n<p>Covered for the first five years after acceptance of the building.<\/p>\n<\/div><figure class=\"wp-block-media-text__media\"><img fetchpriority=\"high\" decoding=\"async\" width=\"512\" height=\"512\" src=\"https:\/\/expertbatiment.ca\/wp-content\/uploads\/2023\/05\/6714575_certificate_deed_home_house_investment_icon.png\" alt=\"\" class=\"wp-image-14687 size-full\" srcset=\"https:\/\/expertbatiment.ca\/wp-content\/uploads\/2023\/05\/6714575_certificate_deed_home_house_investment_icon.png 512w, https:\/\/expertbatiment.ca\/wp-content\/uploads\/2023\/05\/6714575_certificate_deed_home_house_investment_icon-300x300.png 300w, https:\/\/expertbatiment.ca\/wp-content\/uploads\/2023\/05\/6714575_certificate_deed_home_house_investment_icon-150x150.png 150w, https:\/\/expertbatiment.ca\/wp-content\/uploads\/2023\/05\/6714575_certificate_deed_home_house_investment_icon-24x24.png 24w, https:\/\/expertbatiment.ca\/wp-content\/uploads\/2023\/05\/6714575_certificate_deed_home_house_investment_icon-36x36.png 36w, https:\/\/expertbatiment.ca\/wp-content\/uploads\/2023\/05\/6714575_certificate_deed_home_house_investment_icon-48x48.png 48w, https:\/\/expertbatiment.ca\/wp-content\/uploads\/2023\/05\/6714575_certificate_deed_home_house_investment_icon-96x96.png 96w\" sizes=\"(max-width: 639px) 98vw, (max-width: 1199px) 64vw, 512px\" \/><\/figure><\/div>\n\n<div style=\"height:15px\" aria-hidden=\"true\" class=\"wp-block-spacer\"><\/div>\n\n<p style=\"font-size:22px\"><strong>Why should I sign a GCR warranty agreement for new construction?<\/strong><\/p>\n\n<p style=\"font-size:16px\">It is important to make this agreement when planning a new build for several reasons:<\/p>\n\n<div class=\"wp-block-media-text alignwide has-media-on-the-right is-stacked-on-mobile\" style=\"grid-template-columns:auto 24%\"><div class=\"wp-block-media-text__content\">\n<h4 class=\"wp-block-heading\">&#8211; Financial protection<\/h4>\n\n\n\n<p>In the event of a defect or construction fault, the purchaser is financially protected, as repair costs are covered by the warranty.<\/p>\n\n\n\n<h4 class=\"wp-block-heading\">&#8211; Quality assurance<\/h4>\n\n\n\n<p>A GCR-accredited contractor has demonstrated a certain competence and reliability, which can reassure the buyer about the quality of the construction.<\/p>\n\n\n\n<h4 class=\"wp-block-heading\">&#8211; Conflict resolution<\/h4>\n\n\n\n<p>In the event of a dispute between buyer and contractor, GCR offers a conciliation and arbitration service.<\/p>\n\n\n\n<h4 class=\"wp-block-heading\">&#8211; Protection in the event of contractor bankruptcy<\/h4>\n\n\n\n<p>If the contractor goes bankrupt or fails to complete the work, the GCR warranty covers construction completion within the limits set out in the warranty contract.<\/p>\n\n\n\n<p><\/p>\n<\/div><figure class=\"wp-block-media-text__media\"><img decoding=\"async\" width=\"512\" height=\"512\" data-src=\"https:\/\/expertbatiment.ca\/wp-content\/uploads\/2023\/05\/6714586_finding_home_house_property_real-estate_icon.png\" alt=\"\" class=\"wp-image-14692 size-full lazyload\" data-srcset=\"https:\/\/expertbatiment.ca\/wp-content\/uploads\/2023\/05\/6714586_finding_home_house_property_real-estate_icon.png 512w, https:\/\/expertbatiment.ca\/wp-content\/uploads\/2023\/05\/6714586_finding_home_house_property_real-estate_icon-300x300.png 300w, https:\/\/expertbatiment.ca\/wp-content\/uploads\/2023\/05\/6714586_finding_home_house_property_real-estate_icon-150x150.png 150w, https:\/\/expertbatiment.ca\/wp-content\/uploads\/2023\/05\/6714586_finding_home_house_property_real-estate_icon-24x24.png 24w, https:\/\/expertbatiment.ca\/wp-content\/uploads\/2023\/05\/6714586_finding_home_house_property_real-estate_icon-36x36.png 36w, https:\/\/expertbatiment.ca\/wp-content\/uploads\/2023\/05\/6714586_finding_home_house_property_real-estate_icon-48x48.png 48w, https:\/\/expertbatiment.ca\/wp-content\/uploads\/2023\/05\/6714586_finding_home_house_property_real-estate_icon-96x96.png 96w\" data-sizes=\"(max-width: 639px) 98vw, (max-width: 1199px) 64vw, 512px\" src=\"data:image\/svg+xml;base64,PHN2ZyB3aWR0aD0iMSIgaGVpZ2h0PSIxIiB4bWxucz0iaHR0cDovL3d3dy53My5vcmcvMjAwMC9zdmciPjwvc3ZnPg==\" style=\"--smush-placeholder-width: 512px; --smush-placeholder-aspect-ratio: 512\/512;\" \/><\/figure><\/div>\n\n<div style=\"height:20px\" aria-hidden=\"true\" class=\"wp-block-spacer\"><\/div>\n\n<p style=\"font-size:22px\"><strong><strong>Expertb\u00e2timent is your intermediary of choice<\/strong> <\/strong><\/p>\n\n<div class=\"wp-block-group\"><div class=\"wp-block-group__inner-container is-layout-flow wp-block-group-is-layout-flow\">\n<p>Work out your agreement with your builder and make sure you have a good GCR legal warranty to protect both parties by contacting us <a href=\"https:\/\/expertbatiment.ca\/en\/service-request\/\" target=\"_blank\" rel=\"noreferrer noopener\">today<\/a>.<\/p>\n<\/div><\/div>\n\n<div style=\"height:20px\" aria-hidden=\"true\" class=\"wp-block-spacer\"><\/div>\n\n<p style=\"font-size:16px\"><strong><strong><em>Relevant resources to consult<\/em><\/strong><\/strong><\/p>\n\n<ul class=\"wp-block-list\">\n<li><em><a href=\"http:\/\/www.assnat.qc.ca\/fr\/travaux-parlementaires\/projets-loi\/projet-loi-16-42-1.html\" target=\"_blank\" rel=\"noreferrer noopener\">GCR &#8211; Official website<\/a><\/em><\/li>\n\n\n\n<li><em><a href=\"https:\/\/fr.rgcq.org\/pl16-guide\">APCHQ -GCR and home warranties<\/a><\/em><\/li>\n<\/ul>\n","protected":false},"excerpt":{"rendered":"<p>The Garantie de construction r\u00e9sidentielle (GCR) is a Canadian non-profit organization that offers a mandatory warranty for new residential construction in Quebec. Its mission is to protect the public who do business with a contractor for the construction of a new home. Implement this essential protection measure for your new building by getting in touch [&hellip;]<\/p>\n","protected":false},"author":18,"featured_media":0,"parent":2734,"menu_order":8,"comment_status":"closed","ping_status":"closed","template":"page-templates\/service.php","meta":{"_acf_changed":false,"_uag_custom_page_level_css":"","footnotes":""},"class_list":["post-14559","page","type-page","status-publish","hentry"],"acf":[],"yoast_head":"<!-- This site is optimized with the Yoast SEO plugin v27.3 - https:\/\/yoast.com\/product\/yoast-seo-wordpress\/ -->\n<title>DGC and residential warranties for new buildings - EXPERTB\u00c2TIMENT - Expertise, Engineering, Laboratory<\/title>\n<meta name=\"description\" content=\"Assistance in your obligations concerning law 16: studies of contingency funds and the maintenance booklet.\" \/>\n<meta name=\"robots\" content=\"index, follow, max-snippet:-1, max-image-preview:large, max-video-preview:-1\" \/>\n<link rel=\"canonical\" href=\"https:\/\/expertbatiment.ca\/en\/expertise\/guarantees-gcr\/\" \/>\n<meta property=\"og:locale\" content=\"en_US\" \/>\n<meta property=\"og:type\" content=\"article\" \/>\n<meta property=\"og:title\" content=\"DGC and residential warranties for new buildings - EXPERTB\u00c2TIMENT - Expertise, Engineering, Laboratory\" \/>\n<meta property=\"og:description\" content=\"Assistance in your obligations concerning law 16: studies of contingency funds and the maintenance booklet.\" \/>\n<meta property=\"og:url\" content=\"https:\/\/expertbatiment.ca\/en\/expertise\/guarantees-gcr\/\" \/>\n<meta property=\"og:site_name\" content=\"EXPERTB\u00c2TIMENT\" \/>\n<meta property=\"article:publisher\" content=\"https:\/\/www.facebook.com\/expertbatiment.ca\" \/>\n<meta property=\"article:modified_time\" content=\"2025-02-05T15:44:34+00:00\" \/>\n<meta property=\"og:image\" content=\"https:\/\/expertbatiment.ca\/wp-content\/uploads\/2023\/05\/gcr-banner-logo.png\" \/>\n\t<meta property=\"og:image:width\" content=\"2794\" \/>\n\t<meta property=\"og:image:height\" content=\"699\" \/>\n\t<meta property=\"og:image:type\" content=\"image\/png\" \/>\n<meta name=\"twitter:card\" content=\"summary_large_image\" \/>\n<meta name=\"twitter:label1\" content=\"Est. reading time\" \/>\n\t<meta name=\"twitter:data1\" content=\"3 minutes\" \/>\n<script type=\"application\/ld+json\" class=\"yoast-schema-graph\">{\"@context\":\"https:\\\/\\\/schema.org\",\"@graph\":[{\"@type\":\"WebPage\",\"@id\":\"https:\\\/\\\/expertbatiment.ca\\\/en\\\/expertise\\\/guarantees-gcr\\\/\",\"url\":\"https:\\\/\\\/expertbatiment.ca\\\/en\\\/expertise\\\/guarantees-gcr\\\/\",\"name\":\"DGC and residential warranties for new buildings - EXPERTB\u00c2TIMENT - Expertise, Engineering, Laboratory\",\"isPartOf\":{\"@id\":\"https:\\\/\\\/expertbatiment.ca\\\/en\\\/#website\"},\"primaryImageOfPage\":{\"@id\":\"https:\\\/\\\/expertbatiment.ca\\\/en\\\/expertise\\\/guarantees-gcr\\\/#primaryimage\"},\"image\":{\"@id\":\"https:\\\/\\\/expertbatiment.ca\\\/en\\\/expertise\\\/guarantees-gcr\\\/#primaryimage\"},\"thumbnailUrl\":\"https:\\\/\\\/expertbatiment.ca\\\/wp-content\\\/uploads\\\/2023\\\/05\\\/6714575_certificate_deed_home_house_investment_icon.png\",\"datePublished\":\"2023-05-26T12:31:00+00:00\",\"dateModified\":\"2025-02-05T15:44:34+00:00\",\"description\":\"Assistance in your obligations concerning law 16: studies of contingency funds and the maintenance booklet.\",\"breadcrumb\":{\"@id\":\"https:\\\/\\\/expertbatiment.ca\\\/en\\\/expertise\\\/guarantees-gcr\\\/#breadcrumb\"},\"inLanguage\":\"en-US\",\"potentialAction\":[{\"@type\":\"ReadAction\",\"target\":[\"https:\\\/\\\/expertbatiment.ca\\\/en\\\/expertise\\\/guarantees-gcr\\\/\"]}]},{\"@type\":\"ImageObject\",\"inLanguage\":\"en-US\",\"@id\":\"https:\\\/\\\/expertbatiment.ca\\\/en\\\/expertise\\\/guarantees-gcr\\\/#primaryimage\",\"url\":\"https:\\\/\\\/expertbatiment.ca\\\/wp-content\\\/uploads\\\/2023\\\/05\\\/6714575_certificate_deed_home_house_investment_icon.png\",\"contentUrl\":\"https:\\\/\\\/expertbatiment.ca\\\/wp-content\\\/uploads\\\/2023\\\/05\\\/6714575_certificate_deed_home_house_investment_icon.png\"},{\"@type\":\"BreadcrumbList\",\"@id\":\"https:\\\/\\\/expertbatiment.ca\\\/en\\\/expertise\\\/guarantees-gcr\\\/#breadcrumb\",\"itemListElement\":[{\"@type\":\"ListItem\",\"position\":1,\"name\":\"Home\",\"item\":\"https:\\\/\\\/expertbatiment.ca\\\/en\\\/\"},{\"@type\":\"ListItem\",\"position\":2,\"name\":\"Expertise and engineering\",\"item\":\"https:\\\/\\\/expertbatiment.ca\\\/en\\\/expertise\\\/\"},{\"@type\":\"ListItem\",\"position\":3,\"name\":\"DGC and residential warranties for new buildings\"}]},{\"@type\":\"WebSite\",\"@id\":\"https:\\\/\\\/expertbatiment.ca\\\/en\\\/#website\",\"url\":\"https:\\\/\\\/expertbatiment.ca\\\/en\\\/\",\"name\":\"EXPERTB\u00c2TIMENT\",\"description\":\"Des services sp\u00e9cialis\u00e9s afin de garantir des b\u00e2timents sains, s\u00e9curitaires et durables.\",\"publisher\":{\"@id\":\"https:\\\/\\\/expertbatiment.ca\\\/en\\\/#organization\"},\"potentialAction\":[{\"@type\":\"SearchAction\",\"target\":{\"@type\":\"EntryPoint\",\"urlTemplate\":\"https:\\\/\\\/expertbatiment.ca\\\/en\\\/?s={search_term_string}\"},\"query-input\":{\"@type\":\"PropertyValueSpecification\",\"valueRequired\":true,\"valueName\":\"search_term_string\"}}],\"inLanguage\":\"en-US\"},{\"@type\":\"Organization\",\"@id\":\"https:\\\/\\\/expertbatiment.ca\\\/en\\\/#organization\",\"name\":\"Expertb\u00e2timent\",\"url\":\"https:\\\/\\\/expertbatiment.ca\\\/en\\\/\",\"logo\":{\"@type\":\"ImageObject\",\"inLanguage\":\"en-US\",\"@id\":\"https:\\\/\\\/expertbatiment.ca\\\/en\\\/#\\\/schema\\\/logo\\\/image\\\/\",\"url\":\"https:\\\/\\\/expertbatiment.ca\\\/wp-content\\\/uploads\\\/2022\\\/06\\\/icon-ebc.png\",\"contentUrl\":\"https:\\\/\\\/expertbatiment.ca\\\/wp-content\\\/uploads\\\/2022\\\/06\\\/icon-ebc.png\",\"width\":512,\"height\":512,\"caption\":\"Expertb\u00e2timent\"},\"image\":{\"@id\":\"https:\\\/\\\/expertbatiment.ca\\\/en\\\/#\\\/schema\\\/logo\\\/image\\\/\"},\"sameAs\":[\"https:\\\/\\\/www.facebook.com\\\/expertbatiment.ca\",\"https:\\\/\\\/www.linkedin.com\\\/company\\\/expertbatiment-ca\"]}]}<\/script>\n<!-- \/ Yoast SEO plugin. -->","yoast_head_json":{"title":"DGC and residential warranties for new buildings - EXPERTB\u00c2TIMENT - Expertise, Engineering, Laboratory","description":"Assistance in your obligations concerning law 16: studies of contingency funds and the maintenance booklet.","robots":{"index":"index","follow":"follow","max-snippet":"max-snippet:-1","max-image-preview":"max-image-preview:large","max-video-preview":"max-video-preview:-1"},"canonical":"https:\/\/expertbatiment.ca\/en\/expertise\/guarantees-gcr\/","og_locale":"en_US","og_type":"article","og_title":"DGC and residential warranties for new buildings - EXPERTB\u00c2TIMENT - Expertise, Engineering, Laboratory","og_description":"Assistance in your obligations concerning law 16: studies of contingency funds and the maintenance booklet.","og_url":"https:\/\/expertbatiment.ca\/en\/expertise\/guarantees-gcr\/","og_site_name":"EXPERTB\u00c2TIMENT","article_publisher":"https:\/\/www.facebook.com\/expertbatiment.ca","article_modified_time":"2025-02-05T15:44:34+00:00","og_image":[{"width":2794,"height":699,"url":"https:\/\/expertbatiment.ca\/wp-content\/uploads\/2023\/05\/gcr-banner-logo.png","type":"image\/png"}],"twitter_card":"summary_large_image","twitter_misc":{"Est. reading time":"3 minutes"},"schema":{"@context":"https:\/\/schema.org","@graph":[{"@type":"WebPage","@id":"https:\/\/expertbatiment.ca\/en\/expertise\/guarantees-gcr\/","url":"https:\/\/expertbatiment.ca\/en\/expertise\/guarantees-gcr\/","name":"DGC and residential warranties for new buildings - EXPERTB\u00c2TIMENT - Expertise, Engineering, Laboratory","isPartOf":{"@id":"https:\/\/expertbatiment.ca\/en\/#website"},"primaryImageOfPage":{"@id":"https:\/\/expertbatiment.ca\/en\/expertise\/guarantees-gcr\/#primaryimage"},"image":{"@id":"https:\/\/expertbatiment.ca\/en\/expertise\/guarantees-gcr\/#primaryimage"},"thumbnailUrl":"https:\/\/expertbatiment.ca\/wp-content\/uploads\/2023\/05\/6714575_certificate_deed_home_house_investment_icon.png","datePublished":"2023-05-26T12:31:00+00:00","dateModified":"2025-02-05T15:44:34+00:00","description":"Assistance in your obligations concerning law 16: studies of contingency funds and the maintenance booklet.","breadcrumb":{"@id":"https:\/\/expertbatiment.ca\/en\/expertise\/guarantees-gcr\/#breadcrumb"},"inLanguage":"en-US","potentialAction":[{"@type":"ReadAction","target":["https:\/\/expertbatiment.ca\/en\/expertise\/guarantees-gcr\/"]}]},{"@type":"ImageObject","inLanguage":"en-US","@id":"https:\/\/expertbatiment.ca\/en\/expertise\/guarantees-gcr\/#primaryimage","url":"https:\/\/expertbatiment.ca\/wp-content\/uploads\/2023\/05\/6714575_certificate_deed_home_house_investment_icon.png","contentUrl":"https:\/\/expertbatiment.ca\/wp-content\/uploads\/2023\/05\/6714575_certificate_deed_home_house_investment_icon.png"},{"@type":"BreadcrumbList","@id":"https:\/\/expertbatiment.ca\/en\/expertise\/guarantees-gcr\/#breadcrumb","itemListElement":[{"@type":"ListItem","position":1,"name":"Home","item":"https:\/\/expertbatiment.ca\/en\/"},{"@type":"ListItem","position":2,"name":"Expertise and engineering","item":"https:\/\/expertbatiment.ca\/en\/expertise\/"},{"@type":"ListItem","position":3,"name":"DGC and residential warranties for new buildings"}]},{"@type":"WebSite","@id":"https:\/\/expertbatiment.ca\/en\/#website","url":"https:\/\/expertbatiment.ca\/en\/","name":"EXPERTB\u00c2TIMENT","description":"Des services sp\u00e9cialis\u00e9s afin de garantir des b\u00e2timents sains, s\u00e9curitaires et durables.","publisher":{"@id":"https:\/\/expertbatiment.ca\/en\/#organization"},"potentialAction":[{"@type":"SearchAction","target":{"@type":"EntryPoint","urlTemplate":"https:\/\/expertbatiment.ca\/en\/?s={search_term_string}"},"query-input":{"@type":"PropertyValueSpecification","valueRequired":true,"valueName":"search_term_string"}}],"inLanguage":"en-US"},{"@type":"Organization","@id":"https:\/\/expertbatiment.ca\/en\/#organization","name":"Expertb\u00e2timent","url":"https:\/\/expertbatiment.ca\/en\/","logo":{"@type":"ImageObject","inLanguage":"en-US","@id":"https:\/\/expertbatiment.ca\/en\/#\/schema\/logo\/image\/","url":"https:\/\/expertbatiment.ca\/wp-content\/uploads\/2022\/06\/icon-ebc.png","contentUrl":"https:\/\/expertbatiment.ca\/wp-content\/uploads\/2022\/06\/icon-ebc.png","width":512,"height":512,"caption":"Expertb\u00e2timent"},"image":{"@id":"https:\/\/expertbatiment.ca\/en\/#\/schema\/logo\/image\/"},"sameAs":["https:\/\/www.facebook.com\/expertbatiment.ca","https:\/\/www.linkedin.com\/company\/expertbatiment-ca"]}]}},"uagb_featured_image_src":{"full":false,"thumbnail":false,"medium":false,"medium_large":false,"large":false,"1536x1536":false,"2048x2048":false,"featured-small":false,"featured-medium":false,"featured-large":false,"featured-xlarge":false,"fp-small":false,"fp-medium":false,"fp-large":false,"fp-xlarge":false,"menu-24x24":false,"menu-36x36":false,"menu-48x48":false},"uagb_author_info":{"display_name":"Gabriel Houle","author_link":"https:\/\/expertbatiment.ca\/en\/author\/gabriel\/"},"uagb_comment_info":0,"uagb_excerpt":"The Garantie de construction r\u00e9sidentielle (GCR) is a Canadian non-profit organization that offers a mandatory warranty for new residential construction in Quebec. Its mission is to protect the public who do business with a contractor for the construction of a new home. Implement this essential protection measure for your new building by getting in touch&hellip;","_links":{"self":[{"href":"https:\/\/expertbatiment.ca\/en\/wp-json\/wp\/v2\/pages\/14559","targetHints":{"allow":["GET"]}}],"collection":[{"href":"https:\/\/expertbatiment.ca\/en\/wp-json\/wp\/v2\/pages"}],"about":[{"href":"https:\/\/expertbatiment.ca\/en\/wp-json\/wp\/v2\/types\/page"}],"author":[{"embeddable":true,"href":"https:\/\/expertbatiment.ca\/en\/wp-json\/wp\/v2\/users\/18"}],"replies":[{"embeddable":true,"href":"https:\/\/expertbatiment.ca\/en\/wp-json\/wp\/v2\/comments?post=14559"}],"version-history":[{"count":52,"href":"https:\/\/expertbatiment.ca\/en\/wp-json\/wp\/v2\/pages\/14559\/revisions"}],"predecessor-version":[{"id":19707,"href":"https:\/\/expertbatiment.ca\/en\/wp-json\/wp\/v2\/pages\/14559\/revisions\/19707"}],"up":[{"embeddable":true,"href":"https:\/\/expertbatiment.ca\/en\/wp-json\/wp\/v2\/pages\/2734"}],"wp:attachment":[{"href":"https:\/\/expertbatiment.ca\/en\/wp-json\/wp\/v2\/media?parent=14559"}],"curies":[{"name":"wp","href":"https:\/\/api.w.org\/{rel}","templated":true}]}}