{"id":16796,"date":"2024-02-21T12:31:00","date_gmt":"2024-02-21T17:31:00","guid":{"rendered":"https:\/\/expertbatiment.ca\/?page_id=16796"},"modified":"2025-02-05T10:44:33","modified_gmt":"2025-02-05T15:44:33","slug":"new-brunswick-energy-efficiency","status":"publish","type":"page","link":"https:\/\/expertbatiment.ca\/en\/efficiency\/new-brunswick-energy-efficiency\/","title":{"rendered":"New Brunswick"},"content":{"rendered":"\t\t<div data-elementor-type=\"wp-page\" data-elementor-id=\"16796\" class=\"elementor elementor-16796 elementor-16795\" data-elementor-post-type=\"page\">\n\t\t\t\t<div class=\"elementor-element elementor-element-e774316 e-con-full e-flex e-con e-parent\" data-id=\"e774316\" data-element_type=\"container\">\n\t\t<div class=\"elementor-element elementor-element-8c58643 e-con-full e-flex e-con e-child\" data-id=\"8c58643\" data-element_type=\"container\">\n\t\t<div class=\"elementor-element elementor-element-092761e e-con-full e-flex e-con e-child\" data-id=\"092761e\" data-element_type=\"container\">\n\t\t\t\t<div class=\"elementor-element elementor-element-9473562 elementor-widget__width-inherit elementor-widget elementor-widget-theme-post-featured-image elementor-widget-image\" data-id=\"9473562\" data-element_type=\"widget\" data-widget_type=\"theme-post-featured-image.default\">\n\t\t\t\t\t\t\t\t\t\t\t\t\t\t\t<img decoding=\"async\" data-src=\"https:\/\/expertbatiment.ca\/wp-content\/uploads\/elementor\/thumbs\/New-Brunswick-qk57jhdjzwgsdlpijfozc278cdkgy0222vzdseaaw0.png\" title=\"New-Brunswick\" alt=\"New-Brunswick\" src=\"data:image\/svg+xml;base64,PHN2ZyB3aWR0aD0iMSIgaGVpZ2h0PSIxIiB4bWxucz0iaHR0cDovL3d3dy53My5vcmcvMjAwMC9zdmciPjwvc3ZnPg==\" class=\"lazyload\" style=\"--smush-placeholder-width: 2000px; --smush-placeholder-aspect-ratio: 2000\/400;\" \/>\t\t\t\t\t\t\t\t\t\t\t\t\t\t\t<\/div>\n\t\t\t\t<\/div>\n\t\t\t\t<\/div>\n\t\t\t\t<div class=\"elementor-element elementor-element-071721f elementor-widget elementor-widget-spacer\" data-id=\"071721f\" data-element_type=\"widget\" data-widget_type=\"spacer.default\">\n\t\t\t\t\t\t\t<div class=\"elementor-spacer\">\n\t\t\t<div class=\"elementor-spacer-inner\"><\/div>\n\t\t<\/div>\n\t\t\t\t\t\t<\/div>\n\t\t<div class=\"elementor-element elementor-element-c9e07d4 e-con-full e-flex e-con e-child\" data-id=\"c9e07d4\" data-element_type=\"container\">\n\t\t<div class=\"elementor-element elementor-element-5ac4d6d e-con-full e-flex e-con e-child\" data-id=\"5ac4d6d\" data-element_type=\"container\">\n\t\t\t\t<div class=\"elementor-element elementor-element-3ecf9b6 elementor-align-left elementor-widget elementor-widget-breadcrumbs\" data-id=\"3ecf9b6\" data-element_type=\"widget\" data-widget_type=\"breadcrumbs.default\">\n\t\t\t\t\t<p id=\"breadcrumbs\"><span><span><a href=\"https:\/\/expertbatiment.ca\/en\/\">Home<\/a><\/span><\/span><\/p>\t\t\t\t<\/div>\n\t\t\t\t<div class=\"elementor-element elementor-element-1c705ad elementor-widget elementor-widget-spacer\" data-id=\"1c705ad\" data-element_type=\"widget\" data-widget_type=\"spacer.default\">\n\t\t\t\t\t\t\t<div class=\"elementor-spacer\">\n\t\t\t<div class=\"elementor-spacer-inner\"><\/div>\n\t\t<\/div>\n\t\t\t\t\t\t<\/div>\n\t\t\t\t<div class=\"elementor-element elementor-element-add78c5 elementor-widget elementor-widget-heading\" data-id=\"add78c5\" data-element_type=\"widget\" data-widget_type=\"heading.default\">\n\t\t\t\t\t<h1 class=\"elementor-heading-title elementor-size-default\">New Brunswick - Energy efficiency services<\/h1>\t\t\t\t<\/div>\n\t\t\t\t<div class=\"elementor-element elementor-element-0c7ecb0 elementor-widget elementor-widget-text-editor\" data-id=\"0c7ecb0\" data-element_type=\"widget\" data-widget_type=\"text-editor.default\">\n\t\t\t\t\t\t\t\t\t<p>New Brunswick offers various types of financial assistance programs to encourage its citizens to make their homes more energy-efficient. Here are the services you can benefit from with an energy assessment by Expertb\u00e2timent.<\/p>\n\t\t\t\t\t\t\t\t<\/div>\n\t\t\t\t<div class=\"elementor-element elementor-element-d4fe5c3 elementor-widget elementor-widget-text-editor\" data-id=\"d4fe5c3\" data-element_type=\"widget\" data-widget_type=\"text-editor.default\">\n\t\t\t\t\t\t\t\t\t<p><strong>Enhanced energy efficiency program<\/strong><\/p>\n\t\t\t\t\t\t\t\t<\/div>\n\t\t\t\t<div class=\"elementor-element elementor-element-fbe3c87 elementor-widget elementor-widget-text-editor\" data-id=\"fbe3c87\" data-element_type=\"widget\" data-widget_type=\"text-editor.default\">\n\t\t\t\t\t\t\t\t\t<p>Visit <span style=\"text-decoration: underline;\"><a href=\"https:\/\/www.saveenergynb.ca\/fr\/pour-votre-maison\/programme-econergetique-ameliore\/\">Energy-Efficient Retrofit Program<\/a> <\/span>targets homes in need of energy efficiency improvements. These upgrades will help New Brunswick homeowners with a combined annual household income of less than $70,000 reduce their energy consumption and costs.<\/p>\n<p>Eligible homeowners can benefit from one or more recommended upgrades, such as adding insulation in the basement, crawl space, exposed floor, attic and exterior walls, and upgrading HVAC systems for air quality or moisture problems; all of which help reduce energy consumption and improve home comfort. Homes may be eligible for some or all of the potential improvements, at no cost to the homeowner.<\/p>\n<p>For more information on the program: https: <a href=\"https:\/\/www.saveenergynb.ca\/fr\/pour-votre-maison\/programme-econergetique-ameliore\/\">\/\/www.saveenergynb.ca\/fr\/pour-votre-maison\/programme-econergetique-ameliore\/<\/a><\/p>\n<p><em>Expertb\u00e2timent is an authorized service organization of NB Power&#8217;s Enhanced Energy Efficiency Program.<\/em><\/p>\n\t\t\t\t\t\t\t\t<\/div>\n\t\t\t\t<div class=\"elementor-element elementor-element-ba205ac elementor-widget elementor-widget-text-editor\" data-id=\"ba205ac\" data-element_type=\"widget\" data-widget_type=\"text-editor.default\">\n\t\t\t\t\t\t\t\t\t<p><strong>Canadian loan for greener homes<\/strong><\/p>\n\t\t\t\t\t\t\t\t<\/div>\n\t\t\t\t<div class=\"elementor-element elementor-element-5eaf9a3 elementor-widget elementor-widget-text-editor\" data-id=\"5eaf9a3\" data-element_type=\"widget\" data-widget_type=\"text-editor.default\">\n\t\t\t\t\t\t\t\t\t<p>The Canada Green Housing Loan is a federal initiative (complementary to provincial assistance) that offers a<strong> 10-year, interest-free loan of up to $40,000<\/strong> (minimum $5,000) to help Canadian homeowners make their homes more energy-efficient and comfortable.<\/p>\n<p>The Canada Green Home Loan is designed to help you finance eligible renovations that are recommended by an energy advisor and have not yet been undertaken. It&#8217;s a great way to lower your home&#8217;s energy bill while reducing your impact on the environment!<\/p>\n<p>To find out more about the program and its requirements, please visit: <a href=\"https:\/\/ressources-naturelles.canada.ca\/efficacite-energetique\/maisons\/initiative-canadienne-pour-des-maisons-plus-vertes\/pret-canadien-pour-des-maisons-plus-vertes\/24287\">Canada Green Housing Loan (canada.ca<\/a>)<\/p>\t\t\t\t\t\t\t\t<\/div>\n\t\t\t\t<div class=\"elementor-element elementor-element-482020c elementor-widget elementor-widget-text-editor\" data-id=\"482020c\" data-element_type=\"widget\" data-widget_type=\"text-editor.default\">\n\t\t\t\t\t\t\t\t\t<p><strong>Affordable oil-to-heat pump conversion program<\/strong><\/p>\n\t\t\t\t\t\t\t\t<\/div>\n\t\t\t\t<div class=\"elementor-element elementor-element-c00d492 elementor-widget elementor-widget-text-editor\" data-id=\"c00d492\" data-element_type=\"widget\" data-widget_type=\"text-editor.default\">\n\t\t\t\t\t\t\t\t\t<p>The Affordable Oil to Heat Pump Conversion Program is an initiative of Natural Resources Canada. The program is designed to help Canadian homeowners who currently heat their homes with oil to <strong>switch to a more environmentally friendly heating system<\/strong> by installing an <strong>electric heat pump.<\/p>\n<p><\/strong><a href=\"https:\/\/ressources-naturelles.canada.ca\/efficacite-energetique\/maisons\/initiative-canadienne-pour-des-maisons-plus-vertes\/programme-pour-la-conversion-abordable-du-mazout-la-thermopompe\/24776?_gl=1*ro1f44*_ga*MTYzNDQ4NzMyOS4xNzA0NzMwNDIx*_ga_C2N57Y7DX5*MTcwODUzODAzNi4xOC4xLjE3MDg1MzgxNjcuMC4wLjA.\">Affordable Oil to Heat Pump Conversion Program (canada.ca)<\/a><strong><br \/><\/strong><\/p>\n\t\t\t\t\t\t\t\t<\/div>\n\t\t\t\t<\/div>\n\t\t<div class=\"elementor-element elementor-element-f628b11 e-flex e-con-boxed e-con e-child\" data-id=\"f628b11\" data-element_type=\"container\">\n\t\t\t\t\t<div class=\"e-con-inner\">\n\t\t\t\t<div class=\"elementor-element elementor-element-d0bb65e elementor-hidden-tablet elementor-hidden-mobile_extra elementor-hidden-mobile elementor-widget elementor-widget-spacer\" data-id=\"d0bb65e\" data-element_type=\"widget\" data-widget_type=\"spacer.default\">\n\t\t\t\t\t\t\t<div class=\"elementor-spacer\">\n\t\t\t<div class=\"elementor-spacer-inner\"><\/div>\n\t\t<\/div>\n\t\t\t\t\t\t<\/div>\n\t\t\t\t<div class=\"elementor-element elementor-element-7bf3ceb elementor-align-center elementor-widget__width-initial elementor-widget elementor-widget-button\" data-id=\"7bf3ceb\" data-element_type=\"widget\" data-widget_type=\"button.default\">\n\t\t\t\t\t\t\t\t\t\t<a class=\"elementor-button elementor-button-link elementor-size-sm\" href=\"https:\/\/expertbatiment.ca\/en\/service-request\/\">\n\t\t\t\t\t\t<span class=\"elementor-button-content-wrapper\">\n\t\t\t\t\t\t\t\t\t<span class=\"elementor-button-text\">REQUEST THIS SERVICE \uff1e<\/span>\n\t\t\t\t\t<\/span>\n\t\t\t\t\t<\/a>\n\t\t\t\t\t\t\t\t<\/div>\n\t\t\t\t\t<\/div>\n\t\t\t\t<\/div>\n\t\t\t\t<\/div>\n\t\t<div class=\"elementor-element elementor-element-bafeefb e-flex e-con-boxed e-con e-child\" data-id=\"bafeefb\" data-element_type=\"container\">\n\t\t\t\t\t<div class=\"e-con-inner\">\n\t\t\t\t<div class=\"elementor-element elementor-element-c3e8d91 elementor-widget elementor-widget-spacer\" data-id=\"c3e8d91\" data-element_type=\"widget\" data-widget_type=\"spacer.default\">\n\t\t\t\t\t\t\t<div class=\"elementor-spacer\">\n\t\t\t<div class=\"elementor-spacer-inner\"><\/div>\n\t\t<\/div>\n\t\t\t\t\t\t<\/div>\n\t\t\t\t\t<\/div>\n\t\t\t\t<\/div>\n\t\t\t\t<\/div>\n\t\t\t\t<\/div>\n\t\t","protected":false},"excerpt":{"rendered":"<p>New Brunswick &#8211; Energy efficiency services New Brunswick offers various types of financial assistance programs to encourage its citizens to make their homes more energy-efficient. Here are the services you can benefit from with an energy assessment by Expertb\u00e2timent. Enhanced energy efficiency program Visit Energy-Efficient Retrofit Program targets homes in need of energy efficiency improvements. [&hellip;]<\/p>\n","protected":false},"author":9,"featured_media":16800,"parent":2731,"menu_order":0,"comment_status":"closed","ping_status":"closed","template":"elementor_header_footer","meta":{"_acf_changed":false,"_uag_custom_page_level_css":"","footnotes":""},"class_list":["post-16796","page","type-page","status-publish","has-post-thumbnail","hentry"],"acf":[],"yoast_head":"<!-- This site is optimized with the Yoast SEO plugin v27.4 - https:\/\/yoast.com\/product\/yoast-seo-wordpress\/ -->\n<title>New Brunswick - EXPERTB\u00c2TIMENT - Expertise, Engineering, Laboratory<\/title>\n<meta name=\"description\" content=\"Financial assistance programs in New Brunswick to encourage citizens to make their homes more energy efficient.\" \/>\n<meta name=\"robots\" content=\"index, follow, max-snippet:-1, max-image-preview:large, max-video-preview:-1\" \/>\n<link rel=\"canonical\" href=\"https:\/\/expertbatiment.ca\/en\/efficiency\/new-brunswick-energy-efficiency\/\" \/>\n<meta property=\"og:locale\" content=\"en_US\" \/>\n<meta property=\"og:type\" content=\"article\" \/>\n<meta property=\"og:title\" content=\"New Brunswick - EXPERTB\u00c2TIMENT - Expertise, Engineering, Laboratory\" \/>\n<meta property=\"og:description\" content=\"Financial assistance programs in New Brunswick to encourage citizens to make their homes more energy efficient.\" \/>\n<meta property=\"og:url\" content=\"https:\/\/expertbatiment.ca\/en\/efficiency\/new-brunswick-energy-efficiency\/\" \/>\n<meta property=\"og:site_name\" content=\"EXPERTB\u00c2TIMENT\" \/>\n<meta property=\"article:publisher\" content=\"https:\/\/www.facebook.com\/expertbatiment.ca\" \/>\n<meta property=\"article:modified_time\" content=\"2025-02-05T15:44:33+00:00\" \/>\n<meta property=\"og:image\" content=\"https:\/\/expertbatiment.ca\/wp-content\/uploads\/2024\/02\/New-Brunswick.png\" \/>\n\t<meta property=\"og:image:width\" content=\"2000\" \/>\n\t<meta property=\"og:image:height\" content=\"460\" \/>\n\t<meta property=\"og:image:type\" content=\"image\/png\" \/>\n<meta name=\"twitter:card\" content=\"summary_large_image\" \/>\n<meta name=\"twitter:label1\" content=\"Est. reading time\" \/>\n\t<meta name=\"twitter:data1\" content=\"3 minutes\" \/>\n<script type=\"application\/ld+json\" class=\"yoast-schema-graph\">{\"@context\":\"https:\\\/\\\/schema.org\",\"@graph\":[{\"@type\":\"WebPage\",\"@id\":\"https:\\\/\\\/expertbatiment.ca\\\/en\\\/efficiency\\\/new-brunswick-energy-efficiency\\\/\",\"url\":\"https:\\\/\\\/expertbatiment.ca\\\/en\\\/efficiency\\\/new-brunswick-energy-efficiency\\\/\",\"name\":\"New Brunswick - EXPERTB\u00c2TIMENT - Expertise, Engineering, Laboratory\",\"isPartOf\":{\"@id\":\"https:\\\/\\\/expertbatiment.ca\\\/en\\\/#website\"},\"primaryImageOfPage\":{\"@id\":\"https:\\\/\\\/expertbatiment.ca\\\/en\\\/efficiency\\\/new-brunswick-energy-efficiency\\\/#primaryimage\"},\"image\":{\"@id\":\"https:\\\/\\\/expertbatiment.ca\\\/en\\\/efficiency\\\/new-brunswick-energy-efficiency\\\/#primaryimage\"},\"thumbnailUrl\":\"https:\\\/\\\/expertbatiment.ca\\\/wp-content\\\/uploads\\\/2024\\\/02\\\/New-Brunswick.png\",\"datePublished\":\"2024-02-21T17:31:00+00:00\",\"dateModified\":\"2025-02-05T15:44:33+00:00\",\"description\":\"Financial assistance programs in New Brunswick to encourage citizens to make their homes more energy efficient.\",\"breadcrumb\":{\"@id\":\"https:\\\/\\\/expertbatiment.ca\\\/en\\\/efficiency\\\/new-brunswick-energy-efficiency\\\/#breadcrumb\"},\"inLanguage\":\"en-US\",\"potentialAction\":[{\"@type\":\"ReadAction\",\"target\":[\"https:\\\/\\\/expertbatiment.ca\\\/en\\\/efficiency\\\/new-brunswick-energy-efficiency\\\/\"]}]},{\"@type\":\"ImageObject\",\"inLanguage\":\"en-US\",\"@id\":\"https:\\\/\\\/expertbatiment.ca\\\/en\\\/efficiency\\\/new-brunswick-energy-efficiency\\\/#primaryimage\",\"url\":\"https:\\\/\\\/expertbatiment.ca\\\/wp-content\\\/uploads\\\/2024\\\/02\\\/New-Brunswick.png\",\"contentUrl\":\"https:\\\/\\\/expertbatiment.ca\\\/wp-content\\\/uploads\\\/2024\\\/02\\\/New-Brunswick.png\",\"width\":2000,\"height\":460},{\"@type\":\"BreadcrumbList\",\"@id\":\"https:\\\/\\\/expertbatiment.ca\\\/en\\\/efficiency\\\/new-brunswick-energy-efficiency\\\/#breadcrumb\",\"itemListElement\":[{\"@type\":\"ListItem\",\"position\":1,\"name\":\"Home\",\"item\":\"https:\\\/\\\/expertbatiment.ca\\\/en\\\/\"},{\"@type\":\"ListItem\",\"position\":2,\"name\":\"Energy efficiency\",\"item\":\"https:\\\/\\\/expertbatiment.ca\\\/en\\\/efficiency\\\/\"},{\"@type\":\"ListItem\",\"position\":3,\"name\":\"New Brunswick\"}]},{\"@type\":\"WebSite\",\"@id\":\"https:\\\/\\\/expertbatiment.ca\\\/en\\\/#website\",\"url\":\"https:\\\/\\\/expertbatiment.ca\\\/en\\\/\",\"name\":\"EXPERTB\u00c2TIMENT\",\"description\":\"Des services sp\u00e9cialis\u00e9s afin de garantir des b\u00e2timents sains, s\u00e9curitaires et durables.\",\"publisher\":{\"@id\":\"https:\\\/\\\/expertbatiment.ca\\\/en\\\/#organization\"},\"potentialAction\":[{\"@type\":\"SearchAction\",\"target\":{\"@type\":\"EntryPoint\",\"urlTemplate\":\"https:\\\/\\\/expertbatiment.ca\\\/en\\\/?s={search_term_string}\"},\"query-input\":{\"@type\":\"PropertyValueSpecification\",\"valueRequired\":true,\"valueName\":\"search_term_string\"}}],\"inLanguage\":\"en-US\"},{\"@type\":\"Organization\",\"@id\":\"https:\\\/\\\/expertbatiment.ca\\\/en\\\/#organization\",\"name\":\"Expertb\u00e2timent\",\"url\":\"https:\\\/\\\/expertbatiment.ca\\\/en\\\/\",\"logo\":{\"@type\":\"ImageObject\",\"inLanguage\":\"en-US\",\"@id\":\"https:\\\/\\\/expertbatiment.ca\\\/en\\\/#\\\/schema\\\/logo\\\/image\\\/\",\"url\":\"https:\\\/\\\/expertbatiment.ca\\\/wp-content\\\/uploads\\\/2022\\\/06\\\/icon-ebc.png\",\"contentUrl\":\"https:\\\/\\\/expertbatiment.ca\\\/wp-content\\\/uploads\\\/2022\\\/06\\\/icon-ebc.png\",\"width\":512,\"height\":512,\"caption\":\"Expertb\u00e2timent\"},\"image\":{\"@id\":\"https:\\\/\\\/expertbatiment.ca\\\/en\\\/#\\\/schema\\\/logo\\\/image\\\/\"},\"sameAs\":[\"https:\\\/\\\/www.facebook.com\\\/expertbatiment.ca\",\"https:\\\/\\\/www.linkedin.com\\\/company\\\/expertbatiment-ca\"]}]}<\/script>\n<!-- \/ Yoast SEO plugin. -->","yoast_head_json":{"title":"New Brunswick - EXPERTB\u00c2TIMENT - Expertise, Engineering, Laboratory","description":"Financial assistance programs in New Brunswick to encourage citizens to make their homes more energy efficient.","robots":{"index":"index","follow":"follow","max-snippet":"max-snippet:-1","max-image-preview":"max-image-preview:large","max-video-preview":"max-video-preview:-1"},"canonical":"https:\/\/expertbatiment.ca\/en\/efficiency\/new-brunswick-energy-efficiency\/","og_locale":"en_US","og_type":"article","og_title":"New Brunswick - EXPERTB\u00c2TIMENT - Expertise, Engineering, Laboratory","og_description":"Financial assistance programs in New Brunswick to encourage citizens to make their homes more energy efficient.","og_url":"https:\/\/expertbatiment.ca\/en\/efficiency\/new-brunswick-energy-efficiency\/","og_site_name":"EXPERTB\u00c2TIMENT","article_publisher":"https:\/\/www.facebook.com\/expertbatiment.ca","article_modified_time":"2025-02-05T15:44:33+00:00","og_image":[{"width":2000,"height":460,"url":"https:\/\/expertbatiment.ca\/wp-content\/uploads\/2024\/02\/New-Brunswick.png","type":"image\/png"}],"twitter_card":"summary_large_image","twitter_misc":{"Est. reading time":"3 minutes"},"schema":{"@context":"https:\/\/schema.org","@graph":[{"@type":"WebPage","@id":"https:\/\/expertbatiment.ca\/en\/efficiency\/new-brunswick-energy-efficiency\/","url":"https:\/\/expertbatiment.ca\/en\/efficiency\/new-brunswick-energy-efficiency\/","name":"New Brunswick - EXPERTB\u00c2TIMENT - Expertise, Engineering, Laboratory","isPartOf":{"@id":"https:\/\/expertbatiment.ca\/en\/#website"},"primaryImageOfPage":{"@id":"https:\/\/expertbatiment.ca\/en\/efficiency\/new-brunswick-energy-efficiency\/#primaryimage"},"image":{"@id":"https:\/\/expertbatiment.ca\/en\/efficiency\/new-brunswick-energy-efficiency\/#primaryimage"},"thumbnailUrl":"https:\/\/expertbatiment.ca\/wp-content\/uploads\/2024\/02\/New-Brunswick.png","datePublished":"2024-02-21T17:31:00+00:00","dateModified":"2025-02-05T15:44:33+00:00","description":"Financial assistance programs in New Brunswick to encourage citizens to make their homes more energy efficient.","breadcrumb":{"@id":"https:\/\/expertbatiment.ca\/en\/efficiency\/new-brunswick-energy-efficiency\/#breadcrumb"},"inLanguage":"en-US","potentialAction":[{"@type":"ReadAction","target":["https:\/\/expertbatiment.ca\/en\/efficiency\/new-brunswick-energy-efficiency\/"]}]},{"@type":"ImageObject","inLanguage":"en-US","@id":"https:\/\/expertbatiment.ca\/en\/efficiency\/new-brunswick-energy-efficiency\/#primaryimage","url":"https:\/\/expertbatiment.ca\/wp-content\/uploads\/2024\/02\/New-Brunswick.png","contentUrl":"https:\/\/expertbatiment.ca\/wp-content\/uploads\/2024\/02\/New-Brunswick.png","width":2000,"height":460},{"@type":"BreadcrumbList","@id":"https:\/\/expertbatiment.ca\/en\/efficiency\/new-brunswick-energy-efficiency\/#breadcrumb","itemListElement":[{"@type":"ListItem","position":1,"name":"Home","item":"https:\/\/expertbatiment.ca\/en\/"},{"@type":"ListItem","position":2,"name":"Energy efficiency","item":"https:\/\/expertbatiment.ca\/en\/efficiency\/"},{"@type":"ListItem","position":3,"name":"New Brunswick"}]},{"@type":"WebSite","@id":"https:\/\/expertbatiment.ca\/en\/#website","url":"https:\/\/expertbatiment.ca\/en\/","name":"EXPERTB\u00c2TIMENT","description":"Des services sp\u00e9cialis\u00e9s afin de garantir des b\u00e2timents sains, s\u00e9curitaires et durables.","publisher":{"@id":"https:\/\/expertbatiment.ca\/en\/#organization"},"potentialAction":[{"@type":"SearchAction","target":{"@type":"EntryPoint","urlTemplate":"https:\/\/expertbatiment.ca\/en\/?s={search_term_string}"},"query-input":{"@type":"PropertyValueSpecification","valueRequired":true,"valueName":"search_term_string"}}],"inLanguage":"en-US"},{"@type":"Organization","@id":"https:\/\/expertbatiment.ca\/en\/#organization","name":"Expertb\u00e2timent","url":"https:\/\/expertbatiment.ca\/en\/","logo":{"@type":"ImageObject","inLanguage":"en-US","@id":"https:\/\/expertbatiment.ca\/en\/#\/schema\/logo\/image\/","url":"https:\/\/expertbatiment.ca\/wp-content\/uploads\/2022\/06\/icon-ebc.png","contentUrl":"https:\/\/expertbatiment.ca\/wp-content\/uploads\/2022\/06\/icon-ebc.png","width":512,"height":512,"caption":"Expertb\u00e2timent"},"image":{"@id":"https:\/\/expertbatiment.ca\/en\/#\/schema\/logo\/image\/"},"sameAs":["https:\/\/www.facebook.com\/expertbatiment.ca","https:\/\/www.linkedin.com\/company\/expertbatiment-ca"]}]}},"uagb_featured_image_src":{"full":["https:\/\/expertbatiment.ca\/wp-content\/uploads\/2024\/02\/New-Brunswick.png",2000,460,false],"thumbnail":["https:\/\/expertbatiment.ca\/wp-content\/uploads\/2024\/02\/New-Brunswick-150x150.png",150,150,true],"medium":["https:\/\/expertbatiment.ca\/wp-content\/uploads\/2024\/02\/New-Brunswick-300x69.png",300,69,true],"medium_large":["https:\/\/expertbatiment.ca\/wp-content\/uploads\/2024\/02\/New-Brunswick-768x177.png",768,177,true],"large":["https:\/\/expertbatiment.ca\/wp-content\/uploads\/2024\/02\/New-Brunswick-1024x236.png",1024,236,true],"1536x1536":["https:\/\/expertbatiment.ca\/wp-content\/uploads\/2024\/02\/New-Brunswick-1536x353.png",1536,353,true],"2048x2048":["https:\/\/expertbatiment.ca\/wp-content\/uploads\/2024\/02\/New-Brunswick.png",2000,460,false],"featured-small":["https:\/\/expertbatiment.ca\/wp-content\/uploads\/2024\/02\/New-Brunswick-640x200.png",640,200,true],"featured-medium":["https:\/\/expertbatiment.ca\/wp-content\/uploads\/2024\/02\/New-Brunswick-1280x400.png",1280,400,true],"featured-large":["https:\/\/expertbatiment.ca\/wp-content\/uploads\/2024\/02\/New-Brunswick-1440x400.png",1440,400,true],"featured-xlarge":["https:\/\/expertbatiment.ca\/wp-content\/uploads\/2024\/02\/New-Brunswick-1920x400.png",1920,400,true],"fp-small":["https:\/\/expertbatiment.ca\/wp-content\/uploads\/2024\/02\/New-Brunswick-640x147.png",640,147,true],"fp-medium":["https:\/\/expertbatiment.ca\/wp-content\/uploads\/2024\/02\/New-Brunswick-1024x236.png",1024,236,true],"fp-large":["https:\/\/expertbatiment.ca\/wp-content\/uploads\/2024\/02\/New-Brunswick-1200x276.png",1200,276,true],"fp-xlarge":["https:\/\/expertbatiment.ca\/wp-content\/uploads\/2024\/02\/New-Brunswick-1920x442.png",1920,442,true],"menu-24x24":["https:\/\/expertbatiment.ca\/wp-content\/uploads\/2024\/02\/New-Brunswick-24x6.png",24,6,true],"menu-36x36":["https:\/\/expertbatiment.ca\/wp-content\/uploads\/2024\/02\/New-Brunswick-36x8.png",36,8,true],"menu-48x48":["https:\/\/expertbatiment.ca\/wp-content\/uploads\/2024\/02\/New-Brunswick-48x11.png",48,11,true]},"uagb_author_info":{"display_name":"support informatique","author_link":"https:\/\/expertbatiment.ca\/en\/author\/support\/"},"uagb_comment_info":0,"uagb_excerpt":"New Brunswick &#8211; Energy efficiency services New Brunswick offers various types of financial assistance programs to encourage its citizens to make their homes more energy-efficient. Here are the services you can benefit from with an energy assessment by Expertb\u00e2timent. Enhanced energy efficiency program Visit Energy-Efficient Retrofit Program targets homes in need of energy efficiency improvements.&hellip;","_links":{"self":[{"href":"https:\/\/expertbatiment.ca\/en\/wp-json\/wp\/v2\/pages\/16796","targetHints":{"allow":["GET"]}}],"collection":[{"href":"https:\/\/expertbatiment.ca\/en\/wp-json\/wp\/v2\/pages"}],"about":[{"href":"https:\/\/expertbatiment.ca\/en\/wp-json\/wp\/v2\/types\/page"}],"author":[{"embeddable":true,"href":"https:\/\/expertbatiment.ca\/en\/wp-json\/wp\/v2\/users\/9"}],"replies":[{"embeddable":true,"href":"https:\/\/expertbatiment.ca\/en\/wp-json\/wp\/v2\/comments?post=16796"}],"version-history":[{"count":74,"href":"https:\/\/expertbatiment.ca\/en\/wp-json\/wp\/v2\/pages\/16796\/revisions"}],"predecessor-version":[{"id":19706,"href":"https:\/\/expertbatiment.ca\/en\/wp-json\/wp\/v2\/pages\/16796\/revisions\/19706"}],"up":[{"embeddable":true,"href":"https:\/\/expertbatiment.ca\/en\/wp-json\/wp\/v2\/pages\/2731"}],"wp:featuredmedia":[{"embeddable":true,"href":"https:\/\/expertbatiment.ca\/en\/wp-json\/wp\/v2\/media\/16800"}],"wp:attachment":[{"href":"https:\/\/expertbatiment.ca\/en\/wp-json\/wp\/v2\/media?parent=16796"}],"curies":[{"name":"wp","href":"https:\/\/api.w.org\/{rel}","templated":true}]}}