{"id":17607,"date":"2024-07-03T14:49:08","date_gmt":"2024-07-03T18:49:08","guid":{"rendered":"https:\/\/expertbatiment.ca\/ebc-service-request\/"},"modified":"2024-07-03T14:49:16","modified_gmt":"2024-07-03T18:49:16","slug":"ebc-service-request","status":"publish","type":"page","link":"https:\/\/expertbatiment.ca\/en\/ebc-service-request\/","title":{"rendered":"SERVICE REQUEST"},"content":{"rendered":"\t\t<div data-elementor-type=\"wp-page\" data-elementor-id=\"17607\" class=\"elementor elementor-17607 elementor-17502\" data-elementor-post-type=\"page\">\n\t\t\t\t<div class=\"elementor-element elementor-element-34e8061 e-con-full e-flex e-con e-parent\" data-id=\"34e8061\" data-element_type=\"container\" data-settings=\"{&quot;background_background&quot;:&quot;slideshow&quot;,&quot;background_slideshow_gallery&quot;:[{&quot;id&quot;:13050,&quot;url&quot;:&quot;https:\\\/\\\/expertbatiment.ca\\\/wp-content\\\/uploads\\\/2023\\\/03\\\/Bandeaux_2000x6002-1.jpg&quot;}],&quot;background_slideshow_slide_duration&quot;:5000,&quot;background_slideshow_slide_transition&quot;:&quot;fade&quot;,&quot;background_slideshow_transition_duration&quot;:500}\">\n\t\t\t\t<div class=\"elementor-element elementor-element-0797257 elementor-widget-mobile__width-inherit elementor-view-default elementor-widget elementor-widget-icon\" data-id=\"0797257\" data-element_type=\"widget\" data-widget_type=\"icon.default\">\n\t\t\t\t\t\t\t<div class=\"elementor-icon-wrapper\">\n\t\t\t<div class=\"elementor-icon\">\n\t\t\t<svg aria-hidden=\"true\" class=\"e-font-icon-svg e-far-edit\" viewBox=\"0 0 576 512\" xmlns=\"http:\/\/www.w3.org\/2000\/svg\"><path d=\"M402.3 344.9l32-32c5-5 13.7-1.5 13.7 5.7V464c0 26.5-21.5 48-48 48H48c-26.5 0-48-21.5-48-48V112c0-26.5 21.5-48 48-48h273.5c7.1 0 10.7 8.6 5.7 13.7l-32 32c-1.5 1.5-3.5 2.3-5.7 2.3H48v352h352V350.5c0-2.1.8-4.1 2.3-5.6zm156.6-201.8L296.3 405.7l-90.4 10c-26.2 2.9-48.5-19.2-45.6-45.6l10-90.4L432.9 17.1c22.9-22.9 59.9-22.9 82.7 0l43.2 43.2c22.9 22.9 22.9 60 .1 82.8zM460.1 174L402 115.9 216.2 301.8l-7.3 65.3 65.3-7.3L460.1 174zm64.8-79.7l-43.2-43.2c-4.1-4.1-10.8-4.1-14.8 0L436 82l58.1 58.1 30.9-30.9c4-4.2 4-10.8-.1-14.9z\"><\/path><\/svg>\t\t\t<\/div>\n\t\t<\/div>\n\t\t\t\t\t\t<\/div>\n\t\t\t\t<\/div>\n\t\t<div class=\"elementor-element elementor-element-0c3f4f7 e-flex e-con-boxed e-con e-parent\" data-id=\"0c3f4f7\" data-element_type=\"container\">\n\t\t\t\t\t<div class=\"e-con-inner\">\n\t\t\t\t<div class=\"elementor-element elementor-element-0f32464 elementor-widget elementor-widget-breadcrumbs\" data-id=\"0f32464\" data-element_type=\"widget\" data-widget_type=\"breadcrumbs.default\">\n\t\t\t\t\t<p id=\"breadcrumbs\"><span><span><a href=\"https:\/\/expertbatiment.ca\/en\/\">Home<\/a><\/span><\/span><\/p>\t\t\t\t<\/div>\n\t\t\t\t\t<\/div>\n\t\t\t\t<\/div>\n\t\t\t\t<section class=\"elementor-section elementor-top-section elementor-element elementor-element-691394fc elementor-section-boxed elementor-section-height-default elementor-section-height-default\" data-id=\"691394fc\" data-element_type=\"section\" data-settings=\"{&quot;background_background&quot;:&quot;classic&quot;}\">\n\t\t\t\t\t\t\t<div class=\"elementor-background-overlay\"><\/div>\n\t\t\t\t\t\t\t<div class=\"elementor-container elementor-column-gap-default\">\n\t\t\t\t\t<div class=\"elementor-column elementor-col-100 elementor-top-column elementor-element elementor-element-2a5e955a\" data-id=\"2a5e955a\" data-element_type=\"column\" data-settings=\"{&quot;background_background&quot;:&quot;classic&quot;}\">\n\t\t\t<div class=\"elementor-widget-wrap elementor-element-populated\">\n\t\t\t\t\t\t<div class=\"elementor-element elementor-element-d64b717 elementor-widget elementor-widget-spacer\" data-id=\"d64b717\" data-element_type=\"widget\" data-widget_type=\"spacer.default\">\n\t\t\t\t\t\t\t<div class=\"elementor-spacer\">\n\t\t\t<div class=\"elementor-spacer-inner\"><\/div>\n\t\t<\/div>\n\t\t\t\t\t\t<\/div>\n\t\t\t\t<div class=\"elementor-element elementor-element-7ab315fd elementor-widget__width-inherit elementor-widget elementor-widget-shortcode\" data-id=\"7ab315fd\" data-element_type=\"widget\" data-widget_type=\"shortcode.default\">\n\t\t\t\t\t\t\t<div class=\"elementor-shortcode\">\n<div class=\"wpcf7 no-js\" id=\"wpcf7-f2911-o1\" lang=\"en-US\" dir=\"ltr\" data-wpcf7-id=\"2911\">\n<div class=\"screen-reader-response\"><p role=\"status\" aria-live=\"polite\" aria-atomic=\"true\"><\/p> <ul><\/ul><\/div>\n<form action=\"\/en\/wp-json\/wp\/v2\/pages\/17607#wpcf7-f2911-o1\" method=\"post\" class=\"wpcf7-form init\" aria-label=\"Contact form\" novalidate=\"novalidate\" data-status=\"init\">\n<fieldset class=\"hidden-fields-container\"><input type=\"hidden\" name=\"_wpcf7\" value=\"2911\" \/><input type=\"hidden\" name=\"_wpcf7_version\" value=\"6.1.5\" \/><input type=\"hidden\" name=\"_wpcf7_locale\" value=\"en_US\" \/><input type=\"hidden\" name=\"_wpcf7_unit_tag\" value=\"wpcf7-f2911-o1\" \/><input type=\"hidden\" name=\"_wpcf7_container_post\" value=\"0\" \/><input type=\"hidden\" name=\"_wpcf7_posted_data_hash\" value=\"\" \/><input type=\"hidden\" name=\"_wpcf7_recaptcha_response\" value=\"\" \/>\n<\/fieldset>\n<div class=\"col-1_2 col-first\">\n\t<p><label> Full name (required) <span class=\"wpcf7-form-control-wrap\" data-name=\"your-name\"><input size=\"40\" maxlength=\"400\" class=\"wpcf7-form-control wpcf7-text wpcf7-validates-as-required\" aria-required=\"true\" aria-invalid=\"false\" value=\"\" type=\"text\" name=\"your-name\" \/><\/span><\/label><br \/>\n<label> E-mail (required) <span class=\"wpcf7-form-control-wrap\" data-name=\"your-email\"><input size=\"40\" maxlength=\"400\" class=\"wpcf7-form-control wpcf7-email wpcf7-validates-as-required wpcf7-text wpcf7-validates-as-email\" aria-required=\"true\" aria-invalid=\"false\" value=\"\" type=\"email\" name=\"your-email\" \/><\/span><\/label><br \/>\n<label> Telephone number (mandatory) <span class=\"wpcf7-form-control-wrap\" data-name=\"tel-935\"><input size=\"40\" maxlength=\"400\" class=\"wpcf7-form-control wpcf7-tel wpcf7-validates-as-required wpcf7-text wpcf7-validates-as-tel\" aria-required=\"true\" aria-invalid=\"false\" placeholder=\"XXX-XXX-XXXX\" value=\"\" type=\"tel\" name=\"tel-935\" \/><\/span><\/label>\n\t<\/p>\n<\/div>\n<div class=\"col-1_2 col-last\">\n\t<p><label> Service category <span class=\"wpcf7-form-control-wrap\" data-name=\"menu-service\"><select class=\"wpcf7-form-control wpcf7-select\" aria-invalid=\"false\" name=\"menu-service\"><option value=\"\">&#8212;Please choose an option&#8212;<\/option><option value=\"Engineering and Expertise Energy Efficiency\">Engineering and Expertise Energy Efficiency<\/option><\/select><\/span> <\/label>\n\t<\/p>\n\t<div>\n\t\t<p><label>[group group-481]<br \/>\n<span class=\"wpcf7-form-control-wrap\" data-name=\"sous-menu-1\"><select class=\"wpcf7-form-control wpcf7-select\" aria-invalid=\"false\" name=\"sous-menu-1\"><option value=\"\">&#8212;Please choose an option&#8212;<\/option><option value=\"APH SELECT PROJECT MANAGEMENT COST ESTIMATING PUBLIC AND PRIVATE TENDER MANAGEMENT SITE SUPERVISION CERTIFICATE OF CONFORMITY BUILDING HEALTH INSPECTION AND ASSESSMENT PREVENTIVE MAINTENANCE PROGRAM\">APH SELECT PROJECT MANAGEMENT COST ESTIMATING PUBLIC AND PRIVATE TENDER MANAGEMENT SITE SUPERVISION CERTIFICATE OF CONFORMITY BUILDING HEALTH INSPECTION AND ASSESSMENT PREVENTIVE MAINTENANCE PROGRAM<\/option><\/select><\/span>[\/group]<\/label>\n\t\t<\/p>\n\t\t<p>[wpmlcf7-4-group group-482]<label>Service subcategory <span class=\"wpcf7-form-control-wrap\" data-name=\"sous-menu-2\"><select class=\"wpcf7-form-control wpcf7-select\" aria-invalid=\"false\" name=\"sous-menu-2\"><option value=\"\">&#8212;Please choose an option&#8212;<\/option><\/select><\/span> LEGAL EXPERTISE ASBESTOS MANAGEMENT PROJECT MANAGEMENT TECHNICAL INSPECTION AIR QUALITY INVESTIGATION THERMOGRAPHY [\/wpmlcf7-4-group]<\/label>[\/]\n\t\t<\/p>\n\t\t<p>[wpmlcf7-5-group group-483]<label>Service subcategory <span class=\"wpcf7-form-control-wrap\" data-name=\"sous-menu-3\"><select class=\"wpcf7-form-control wpcf7-select\" aria-invalid=\"false\" name=\"sous-menu-3\"><option value=\"\">&#8212;Please choose an option&#8212;<\/option><\/select><\/span> ECONOLOGIS ENERGUIDE NOVOCLIMAT R\u00c9NOCLIMAT SCHL INFILTROM\u00c9TRIE [\/wpmlcf7-5-group]<\/label>[\/]\n\t\t<\/p>\n\t\t<p>[wpmlcf7-6-group group-474]<label>Regions (required) <span class=\"wpcf7-form-control-wrap\" data-name=\"sous-menu-region\"><select class=\"wpcf7-form-control wpcf7-select wpcf7-validates-as-required\" aria-required=\"true\" aria-invalid=\"false\" name=\"sous-menu-region\"><option value=\"\">&#8212;Please choose an option&#8212;<\/option><\/select><\/span> Abitibi-T\u00e9miscamingue Bas-Saint-Laurent Capitale-Nationale Centre-du-Qu\u00e9bec Chaudi\u00e8re-Appalaches C\u00f4te-Nord Estrie Gasp\u00e9sie-\u00celes-de-la-Madeleine Lanaudi\u00e8re Laurentides Laval Mauricie Mont\u00e9r\u00e9gie Montr\u00e9al Nord-du-Qu\u00e9bec Outaouais Saguenay-Lac-Saint-Jean [\/wpmlcf7-6-group]<\/label>[\/]\n\t\t<\/p>\n\t<\/div>\n\t<div class=\"clearfix\">\n\t<\/div>\n\t<p><label> Project information <span class=\"wpcf7-form-control-wrap\" data-name=\"your-message\"><textarea cols=\"40\" rows=\"10\" maxlength=\"2000\" class=\"wpcf7-form-control wpcf7-textarea\" aria-invalid=\"false\" name=\"your-message\"><\/textarea><\/span> <\/label>\n\t<\/p>\n\t<div style=\"text-align: right;\">\n\t\t<p><label> Callback method <span class=\"wpcf7-form-control-wrap\" data-name=\"radio-591\"><span class=\"wpcf7-form-control wpcf7-radio\"><span class=\"wpcf7-list-item first last\"><input type=\"radio\" name=\"radio-591\" value=\"Email Phone\" checked=\"checked\" \/><span class=\"wpcf7-list-item-label\">Email Phone<\/span><\/span><\/span><\/span> <\/label><input class=\"wpcf7-form-control wpcf7-submit has-spinner\" type=\"submit\" value=\"Send\" \/>\n\t\t<\/p>\n\t<\/div>\n<\/div><div class=\"wpcf7-response-output\" aria-hidden=\"true\"><\/div>\n<\/form>\n<\/div>\n<\/div>\n\t\t\t\t\t\t<\/div>\n\t\t\t\t\t<\/div>\n\t\t<\/div>\n\t\t\t\t\t<\/div>\n\t\t<\/section>\n\t\t<div class=\"elementor-element elementor-element-c36a6eb e-flex e-con-boxed e-con e-parent\" data-id=\"c36a6eb\" data-element_type=\"container\">\n\t\t\t\t\t<div class=\"e-con-inner\">\n\t\t\t\t<div class=\"elementor-element elementor-element-0cf4f97 elementor-widget elementor-widget-spacer\" data-id=\"0cf4f97\" data-element_type=\"widget\" data-widget_type=\"spacer.default\">\n\t\t\t\t\t\t\t<div class=\"elementor-spacer\">\n\t\t\t<div class=\"elementor-spacer-inner\"><\/div>\n\t\t<\/div>\n\t\t\t\t\t\t<\/div>\n\t\t\t\t\t<\/div>\n\t\t\t\t<\/div>\n\t\t\t\t<\/div>\n\t\t","protected":false},"excerpt":{"rendered":"","protected":false},"author":18,"featured_media":6043,"parent":0,"menu_order":0,"comment_status":"closed","ping_status":"closed","template":"elementor_header_footer","meta":{"_acf_changed":false,"_uag_custom_page_level_css":"","footnotes":""},"class_list":["post-17607","page","type-page","status-publish","has-post-thumbnail","hentry"],"acf":[],"yoast_head":"<!-- This site is optimized with the Yoast SEO plugin v27.3 - https:\/\/yoast.com\/product\/yoast-seo-wordpress\/ -->\n<title>SERVICE REQUEST - EXPERTB\u00c2TIMENT - Expertise, Ing\u00e9nierie, Laboratoire<\/title>\n<meta name=\"description\" content=\"Use this form to send us inquiries about our various services. If you have any further questions, please call us at 1-888-883-0432.\" \/>\n<meta name=\"robots\" content=\"index, follow, max-snippet:-1, max-image-preview:large, max-video-preview:-1\" \/>\n<link rel=\"canonical\" href=\"https:\/\/expertbatiment.ca\/en\/ebc-service-request\/\" \/>\n<meta property=\"og:locale\" content=\"en_US\" \/>\n<meta property=\"og:type\" content=\"article\" \/>\n<meta property=\"og:title\" content=\"SERVICE REQUEST - EXPERTB\u00c2TIMENT - Expertise, Ing\u00e9nierie, Laboratoire\" \/>\n<meta property=\"og:description\" content=\"Use this form to send us inquiries about our various services. If you have any further questions, please call us at 1-888-883-0432.\" \/>\n<meta property=\"og:url\" content=\"https:\/\/expertbatiment.ca\/en\/ebc-service-request\/\" \/>\n<meta property=\"og:site_name\" content=\"EXPERTB\u00c2TIMENT\" \/>\n<meta property=\"article:publisher\" content=\"https:\/\/www.facebook.com\/expertbatiment.ca\" \/>\n<meta property=\"article:modified_time\" content=\"2024-07-03T18:49:16+00:00\" \/>\n<meta property=\"og:image\" content=\"https:\/\/expertbatiment.ca\/wp-content\/uploads\/2022\/09\/blowerdoor-test.jpg\" \/>\n\t<meta property=\"og:image:width\" content=\"853\" \/>\n\t<meta property=\"og:image:height\" content=\"480\" \/>\n\t<meta property=\"og:image:type\" content=\"image\/jpeg\" \/>\n<meta name=\"twitter:card\" content=\"summary_large_image\" \/>\n<meta name=\"twitter:label1\" content=\"Est. reading time\" \/>\n\t<meta name=\"twitter:data1\" content=\"1 minute\" \/>\n<script type=\"application\/ld+json\" class=\"yoast-schema-graph\">{\"@context\":\"https:\\\/\\\/schema.org\",\"@graph\":[{\"@type\":\"WebPage\",\"@id\":\"https:\\\/\\\/expertbatiment.ca\\\/en\\\/ebc-service-request\\\/\",\"url\":\"https:\\\/\\\/expertbatiment.ca\\\/en\\\/ebc-service-request\\\/\",\"name\":\"SERVICE REQUEST - EXPERTB\u00c2TIMENT - Expertise, Ing\u00e9nierie, Laboratoire\",\"isPartOf\":{\"@id\":\"https:\\\/\\\/expertbatiment.ca\\\/en\\\/#website\"},\"primaryImageOfPage\":{\"@id\":\"https:\\\/\\\/expertbatiment.ca\\\/en\\\/ebc-service-request\\\/#primaryimage\"},\"image\":{\"@id\":\"https:\\\/\\\/expertbatiment.ca\\\/en\\\/ebc-service-request\\\/#primaryimage\"},\"thumbnailUrl\":\"https:\\\/\\\/expertbatiment.ca\\\/wp-content\\\/uploads\\\/2022\\\/09\\\/blowerdoor-test.jpg\",\"datePublished\":\"2024-07-03T18:49:08+00:00\",\"dateModified\":\"2024-07-03T18:49:16+00:00\",\"description\":\"Use this form to send us inquiries about our various services. If you have any further questions, please call us at 1-888-883-0432.\",\"breadcrumb\":{\"@id\":\"https:\\\/\\\/expertbatiment.ca\\\/en\\\/ebc-service-request\\\/#breadcrumb\"},\"inLanguage\":\"en-US\",\"potentialAction\":[{\"@type\":\"ReadAction\",\"target\":[\"https:\\\/\\\/expertbatiment.ca\\\/en\\\/ebc-service-request\\\/\"]}]},{\"@type\":\"ImageObject\",\"inLanguage\":\"en-US\",\"@id\":\"https:\\\/\\\/expertbatiment.ca\\\/en\\\/ebc-service-request\\\/#primaryimage\",\"url\":\"https:\\\/\\\/expertbatiment.ca\\\/wp-content\\\/uploads\\\/2022\\\/09\\\/blowerdoor-test.jpg\",\"contentUrl\":\"https:\\\/\\\/expertbatiment.ca\\\/wp-content\\\/uploads\\\/2022\\\/09\\\/blowerdoor-test.jpg\",\"width\":853,\"height\":480},{\"@type\":\"BreadcrumbList\",\"@id\":\"https:\\\/\\\/expertbatiment.ca\\\/en\\\/ebc-service-request\\\/#breadcrumb\",\"itemListElement\":[{\"@type\":\"ListItem\",\"position\":1,\"name\":\"Home\",\"item\":\"https:\\\/\\\/expertbatiment.ca\\\/en\\\/\"},{\"@type\":\"ListItem\",\"position\":2,\"name\":\"SERVICE REQUEST\"}]},{\"@type\":\"WebSite\",\"@id\":\"https:\\\/\\\/expertbatiment.ca\\\/en\\\/#website\",\"url\":\"https:\\\/\\\/expertbatiment.ca\\\/en\\\/\",\"name\":\"EXPERTB\u00c2TIMENT\",\"description\":\"Des services sp\u00e9cialis\u00e9s afin de garantir des b\u00e2timents sains, s\u00e9curitaires et durables.\",\"publisher\":{\"@id\":\"https:\\\/\\\/expertbatiment.ca\\\/en\\\/#organization\"},\"potentialAction\":[{\"@type\":\"SearchAction\",\"target\":{\"@type\":\"EntryPoint\",\"urlTemplate\":\"https:\\\/\\\/expertbatiment.ca\\\/en\\\/?s={search_term_string}\"},\"query-input\":{\"@type\":\"PropertyValueSpecification\",\"valueRequired\":true,\"valueName\":\"search_term_string\"}}],\"inLanguage\":\"en-US\"},{\"@type\":\"Organization\",\"@id\":\"https:\\\/\\\/expertbatiment.ca\\\/en\\\/#organization\",\"name\":\"Expertb\u00e2timent\",\"url\":\"https:\\\/\\\/expertbatiment.ca\\\/en\\\/\",\"logo\":{\"@type\":\"ImageObject\",\"inLanguage\":\"en-US\",\"@id\":\"https:\\\/\\\/expertbatiment.ca\\\/en\\\/#\\\/schema\\\/logo\\\/image\\\/\",\"url\":\"https:\\\/\\\/expertbatiment.ca\\\/wp-content\\\/uploads\\\/2022\\\/06\\\/icon-ebc.png\",\"contentUrl\":\"https:\\\/\\\/expertbatiment.ca\\\/wp-content\\\/uploads\\\/2022\\\/06\\\/icon-ebc.png\",\"width\":512,\"height\":512,\"caption\":\"Expertb\u00e2timent\"},\"image\":{\"@id\":\"https:\\\/\\\/expertbatiment.ca\\\/en\\\/#\\\/schema\\\/logo\\\/image\\\/\"},\"sameAs\":[\"https:\\\/\\\/www.facebook.com\\\/expertbatiment.ca\",\"https:\\\/\\\/www.linkedin.com\\\/company\\\/expertbatiment-ca\"]}]}<\/script>\n<!-- \/ Yoast SEO plugin. -->","yoast_head_json":{"title":"SERVICE REQUEST - EXPERTB\u00c2TIMENT - Expertise, Ing\u00e9nierie, Laboratoire","description":"Use this form to send us inquiries about our various services. If you have any further questions, please call us at 1-888-883-0432.","robots":{"index":"index","follow":"follow","max-snippet":"max-snippet:-1","max-image-preview":"max-image-preview:large","max-video-preview":"max-video-preview:-1"},"canonical":"https:\/\/expertbatiment.ca\/en\/ebc-service-request\/","og_locale":"en_US","og_type":"article","og_title":"SERVICE REQUEST - EXPERTB\u00c2TIMENT - Expertise, Ing\u00e9nierie, Laboratoire","og_description":"Use this form to send us inquiries about our various services. If you have any further questions, please call us at 1-888-883-0432.","og_url":"https:\/\/expertbatiment.ca\/en\/ebc-service-request\/","og_site_name":"EXPERTB\u00c2TIMENT","article_publisher":"https:\/\/www.facebook.com\/expertbatiment.ca","article_modified_time":"2024-07-03T18:49:16+00:00","og_image":[{"width":853,"height":480,"url":"https:\/\/expertbatiment.ca\/wp-content\/uploads\/2022\/09\/blowerdoor-test.jpg","type":"image\/jpeg"}],"twitter_card":"summary_large_image","twitter_misc":{"Est. reading time":"1 minute"},"schema":{"@context":"https:\/\/schema.org","@graph":[{"@type":"WebPage","@id":"https:\/\/expertbatiment.ca\/en\/ebc-service-request\/","url":"https:\/\/expertbatiment.ca\/en\/ebc-service-request\/","name":"SERVICE REQUEST - EXPERTB\u00c2TIMENT - Expertise, Ing\u00e9nierie, Laboratoire","isPartOf":{"@id":"https:\/\/expertbatiment.ca\/en\/#website"},"primaryImageOfPage":{"@id":"https:\/\/expertbatiment.ca\/en\/ebc-service-request\/#primaryimage"},"image":{"@id":"https:\/\/expertbatiment.ca\/en\/ebc-service-request\/#primaryimage"},"thumbnailUrl":"https:\/\/expertbatiment.ca\/wp-content\/uploads\/2022\/09\/blowerdoor-test.jpg","datePublished":"2024-07-03T18:49:08+00:00","dateModified":"2024-07-03T18:49:16+00:00","description":"Use this form to send us inquiries about our various services. If you have any further questions, please call us at 1-888-883-0432.","breadcrumb":{"@id":"https:\/\/expertbatiment.ca\/en\/ebc-service-request\/#breadcrumb"},"inLanguage":"en-US","potentialAction":[{"@type":"ReadAction","target":["https:\/\/expertbatiment.ca\/en\/ebc-service-request\/"]}]},{"@type":"ImageObject","inLanguage":"en-US","@id":"https:\/\/expertbatiment.ca\/en\/ebc-service-request\/#primaryimage","url":"https:\/\/expertbatiment.ca\/wp-content\/uploads\/2022\/09\/blowerdoor-test.jpg","contentUrl":"https:\/\/expertbatiment.ca\/wp-content\/uploads\/2022\/09\/blowerdoor-test.jpg","width":853,"height":480},{"@type":"BreadcrumbList","@id":"https:\/\/expertbatiment.ca\/en\/ebc-service-request\/#breadcrumb","itemListElement":[{"@type":"ListItem","position":1,"name":"Home","item":"https:\/\/expertbatiment.ca\/en\/"},{"@type":"ListItem","position":2,"name":"SERVICE REQUEST"}]},{"@type":"WebSite","@id":"https:\/\/expertbatiment.ca\/en\/#website","url":"https:\/\/expertbatiment.ca\/en\/","name":"EXPERTB\u00c2TIMENT","description":"Des services sp\u00e9cialis\u00e9s afin de garantir des b\u00e2timents sains, s\u00e9curitaires et durables.","publisher":{"@id":"https:\/\/expertbatiment.ca\/en\/#organization"},"potentialAction":[{"@type":"SearchAction","target":{"@type":"EntryPoint","urlTemplate":"https:\/\/expertbatiment.ca\/en\/?s={search_term_string}"},"query-input":{"@type":"PropertyValueSpecification","valueRequired":true,"valueName":"search_term_string"}}],"inLanguage":"en-US"},{"@type":"Organization","@id":"https:\/\/expertbatiment.ca\/en\/#organization","name":"Expertb\u00e2timent","url":"https:\/\/expertbatiment.ca\/en\/","logo":{"@type":"ImageObject","inLanguage":"en-US","@id":"https:\/\/expertbatiment.ca\/en\/#\/schema\/logo\/image\/","url":"https:\/\/expertbatiment.ca\/wp-content\/uploads\/2022\/06\/icon-ebc.png","contentUrl":"https:\/\/expertbatiment.ca\/wp-content\/uploads\/2022\/06\/icon-ebc.png","width":512,"height":512,"caption":"Expertb\u00e2timent"},"image":{"@id":"https:\/\/expertbatiment.ca\/en\/#\/schema\/logo\/image\/"},"sameAs":["https:\/\/www.facebook.com\/expertbatiment.ca","https:\/\/www.linkedin.com\/company\/expertbatiment-ca"]}]}},"uagb_featured_image_src":{"full":["https:\/\/expertbatiment.ca\/wp-content\/uploads\/2022\/09\/blowerdoor-test.jpg",853,480,false],"thumbnail":["https:\/\/expertbatiment.ca\/wp-content\/uploads\/2022\/09\/blowerdoor-test-150x150.jpg",150,150,true],"medium":["https:\/\/expertbatiment.ca\/wp-content\/uploads\/2022\/09\/blowerdoor-test-300x169.jpg",300,169,true],"medium_large":["https:\/\/expertbatiment.ca\/wp-content\/uploads\/2022\/09\/blowerdoor-test-768x432.jpg",768,432,true],"large":["https:\/\/expertbatiment.ca\/wp-content\/uploads\/2022\/09\/blowerdoor-test.jpg",853,480,false],"1536x1536":["https:\/\/expertbatiment.ca\/wp-content\/uploads\/2022\/09\/blowerdoor-test.jpg",853,480,false],"2048x2048":["https:\/\/expertbatiment.ca\/wp-content\/uploads\/2022\/09\/blowerdoor-test.jpg",853,480,false],"featured-small":["https:\/\/expertbatiment.ca\/wp-content\/uploads\/2022\/09\/blowerdoor-test-640x200.jpg",640,200,true],"featured-medium":["https:\/\/expertbatiment.ca\/wp-content\/uploads\/2022\/09\/blowerdoor-test-853x400.jpg",853,400,true],"featured-large":["https:\/\/expertbatiment.ca\/wp-content\/uploads\/2022\/09\/blowerdoor-test-853x400.jpg",853,400,true],"featured-xlarge":["https:\/\/expertbatiment.ca\/wp-content\/uploads\/2022\/09\/blowerdoor-test-853x400.jpg",853,400,true],"fp-small":["https:\/\/expertbatiment.ca\/wp-content\/uploads\/2022\/09\/blowerdoor-test-640x360.jpg",640,360,true],"fp-medium":["https:\/\/expertbatiment.ca\/wp-content\/uploads\/2022\/09\/blowerdoor-test.jpg",853,480,false],"fp-large":["https:\/\/expertbatiment.ca\/wp-content\/uploads\/2022\/09\/blowerdoor-test.jpg",853,480,false],"fp-xlarge":["https:\/\/expertbatiment.ca\/wp-content\/uploads\/2022\/09\/blowerdoor-test.jpg",853,480,false],"menu-24x24":["https:\/\/expertbatiment.ca\/wp-content\/uploads\/2022\/09\/blowerdoor-test-24x14.jpg",24,14,true],"menu-36x36":["https:\/\/expertbatiment.ca\/wp-content\/uploads\/2022\/09\/blowerdoor-test-36x20.jpg",36,20,true],"menu-48x48":["https:\/\/expertbatiment.ca\/wp-content\/uploads\/2022\/09\/blowerdoor-test-48x27.jpg",48,27,true]},"uagb_author_info":{"display_name":"Gabriel Houle","author_link":"https:\/\/expertbatiment.ca\/en\/author\/gabriel\/"},"uagb_comment_info":0,"uagb_excerpt":null,"_links":{"self":[{"href":"https:\/\/expertbatiment.ca\/en\/wp-json\/wp\/v2\/pages\/17607","targetHints":{"allow":["GET"]}}],"collection":[{"href":"https:\/\/expertbatiment.ca\/en\/wp-json\/wp\/v2\/pages"}],"about":[{"href":"https:\/\/expertbatiment.ca\/en\/wp-json\/wp\/v2\/types\/page"}],"author":[{"embeddable":true,"href":"https:\/\/expertbatiment.ca\/en\/wp-json\/wp\/v2\/users\/18"}],"replies":[{"embeddable":true,"href":"https:\/\/expertbatiment.ca\/en\/wp-json\/wp\/v2\/comments?post=17607"}],"version-history":[{"count":1,"href":"https:\/\/expertbatiment.ca\/en\/wp-json\/wp\/v2\/pages\/17607\/revisions"}],"predecessor-version":[{"id":17608,"href":"https:\/\/expertbatiment.ca\/en\/wp-json\/wp\/v2\/pages\/17607\/revisions\/17608"}],"wp:featuredmedia":[{"embeddable":true,"href":"https:\/\/expertbatiment.ca\/en\/wp-json\/wp\/v2\/media\/6043"}],"wp:attachment":[{"href":"https:\/\/expertbatiment.ca\/en\/wp-json\/wp\/v2\/media?parent=17607"}],"curies":[{"name":"wp","href":"https:\/\/api.w.org\/{rel}","templated":true}]}}