{"id":19680,"date":"2024-11-11T14:58:16","date_gmt":"2024-11-11T19:58:16","guid":{"rendered":"https:\/\/expertbatiment.ca\/efficiency\/programme-ecoperformance\/"},"modified":"2025-02-05T10:44:25","modified_gmt":"2025-02-05T15:44:25","slug":"programme-ecoperformance","status":"publish","type":"page","link":"https:\/\/expertbatiment.ca\/en\/efficiency\/programme-ecoperformance\/","title":{"rendered":"Ecoperformance program"},"content":{"rendered":"\n<h2 class=\"wp-block-heading\">Analysis section<\/h2>\n\n<p>Visit <strong><a href=\"https:\/\/transitionenergetique.gouv.qc.ca\/affaires\/programmes\/ecoperformance\" target=\"_blank\" rel=\"noreferrer noopener\">Ecoperformance program<\/a><\/strong>program, managed by Transition \u00e9nerg\u00e9tique Qu\u00e9bec, supports companies and organizations in improving their energy performance, while reducing greenhouse gas (GHG) emissions. The <strong>Analysis component<\/strong> focuses on evaluating and planning initiatives that optimize the energy efficiency of buildings and equipment. <\/p>\n\n<p>\n          <strong>Analysis component features :<\/strong>\n        <\/p>\n\n<ul class=\"wp-block-list\">\n<li><strong>Subsidy covering up to 50% of the cost<\/strong> of technical studies to identify energy efficiency and GHG reduction measures.<\/li>\n\n\n\n<li><strong>Eligible types of analysis<\/strong>:\n<ul class=\"wp-block-list\">\n<li><strong>Feasibility studies<\/strong> for energy reduction projects.<\/li>\n\n\n\n<li><strong>Energy assessments<\/strong> to identify potential improvements in buildings or industrial processes.<\/li>\n\n\n\n<li><strong>Energy simulations<\/strong> to model potential gains prior to project implementation.<\/li>\n<\/ul>\n<\/li>\n<\/ul>\n\n<p>\n          <strong>Benefits of the Ecoperformance program :<\/strong>\n        <\/p>\n\n<ul class=\"wp-block-list\">\n<li><strong>Financial support<\/strong>: Reduce the cost of preliminary analyses essential to the planning of energy efficiency projects.<\/li>\n\n\n\n<li><strong>Optimizing resources<\/strong>: Identify opportunities for energy improvements and emissions reductions in existing buildings and new construction.<\/li>\n\n\n\n<li><strong>Environmental and economic impact<\/strong>: Reduce long-term energy costs while reducing the carbon footprint of businesses and buildings.<\/li>\n<\/ul>\n\n<p>This component of the Ecoperformance program is an opportunity for companies, municipalities and community housing developers to initiate responsible energy projects.<\/p>\n\n<p><\/p>\n","protected":false},"excerpt":{"rendered":"<p>Analysis section Visit Ecoperformance programprogram, managed by Transition \u00e9nerg\u00e9tique Qu\u00e9bec, supports companies and organizations in improving their energy performance, while reducing greenhouse gas (GHG) emissions. The Analysis component focuses on evaluating and planning initiatives that optimize the energy efficiency of buildings and equipment. Analysis component features : Benefits of the Ecoperformance program : This component [&hellip;]<\/p>\n","protected":false},"author":9,"featured_media":18557,"parent":2731,"menu_order":0,"comment_status":"closed","ping_status":"closed","template":"page-templates\/service.php","meta":{"_acf_changed":false,"_uag_custom_page_level_css":"","footnotes":""},"class_list":["post-19680","page","type-page","status-publish","has-post-thumbnail","hentry"],"acf":[],"yoast_head":"<!-- This site is optimized with the Yoast SEO plugin v27.4 - https:\/\/yoast.com\/product\/yoast-seo-wordpress\/ -->\n<title>Ecoperformance program - EXPERTB\u00c2TIMENT - Expertise, Ing\u00e9nierie, Laboratoire<\/title>\n<meta name=\"robots\" content=\"index, follow, max-snippet:-1, max-image-preview:large, max-video-preview:-1\" \/>\n<link rel=\"canonical\" href=\"https:\/\/expertbatiment.ca\/en\/efficiency\/programme-ecoperformance\/\" \/>\n<meta property=\"og:locale\" content=\"en_US\" \/>\n<meta property=\"og:type\" content=\"article\" \/>\n<meta property=\"og:title\" content=\"Ecoperformance program - EXPERTB\u00c2TIMENT - Expertise, Ing\u00e9nierie, Laboratoire\" \/>\n<meta property=\"og:description\" content=\"Analysis section Visit Ecoperformance programprogram, managed by Transition \u00e9nerg\u00e9tique Qu\u00e9bec, supports companies and organizations in improving their energy performance, while reducing greenhouse gas (GHG) emissions. The Analysis component focuses on evaluating and planning initiatives that optimize the energy efficiency of buildings and equipment. Analysis component features : Benefits of the Ecoperformance program : This component [&hellip;]\" \/>\n<meta property=\"og:url\" content=\"https:\/\/expertbatiment.ca\/en\/efficiency\/programme-ecoperformance\/\" \/>\n<meta property=\"og:site_name\" content=\"EXPERTB\u00c2TIMENT\" \/>\n<meta property=\"article:publisher\" content=\"https:\/\/www.facebook.com\/expertbatiment.ca\" \/>\n<meta property=\"article:modified_time\" content=\"2025-02-05T15:44:25+00:00\" \/>\n<meta property=\"og:image\" content=\"https:\/\/expertbatiment.ca\/wp-content\/uploads\/2024\/11\/EcoPerformance.png\" \/>\n\t<meta property=\"og:image:width\" content=\"2000\" \/>\n\t<meta property=\"og:image:height\" content=\"460\" \/>\n\t<meta property=\"og:image:type\" content=\"image\/png\" \/>\n<meta name=\"twitter:card\" content=\"summary_large_image\" \/>\n<meta name=\"twitter:label1\" content=\"Est. reading time\" \/>\n\t<meta name=\"twitter:data1\" content=\"2 minutes\" \/>\n<script type=\"application\/ld+json\" class=\"yoast-schema-graph\">{\"@context\":\"https:\\\/\\\/schema.org\",\"@graph\":[{\"@type\":\"WebPage\",\"@id\":\"https:\\\/\\\/expertbatiment.ca\\\/en\\\/efficiency\\\/programme-ecoperformance\\\/\",\"url\":\"https:\\\/\\\/expertbatiment.ca\\\/en\\\/efficiency\\\/programme-ecoperformance\\\/\",\"name\":\"Ecoperformance program - EXPERTB\u00c2TIMENT - Expertise, Ing\u00e9nierie, Laboratoire\",\"isPartOf\":{\"@id\":\"https:\\\/\\\/expertbatiment.ca\\\/en\\\/#website\"},\"primaryImageOfPage\":{\"@id\":\"https:\\\/\\\/expertbatiment.ca\\\/en\\\/efficiency\\\/programme-ecoperformance\\\/#primaryimage\"},\"image\":{\"@id\":\"https:\\\/\\\/expertbatiment.ca\\\/en\\\/efficiency\\\/programme-ecoperformance\\\/#primaryimage\"},\"thumbnailUrl\":\"https:\\\/\\\/expertbatiment.ca\\\/wp-content\\\/uploads\\\/2024\\\/11\\\/EcoPerformance.png\",\"datePublished\":\"2024-11-11T19:58:16+00:00\",\"dateModified\":\"2025-02-05T15:44:25+00:00\",\"breadcrumb\":{\"@id\":\"https:\\\/\\\/expertbatiment.ca\\\/en\\\/efficiency\\\/programme-ecoperformance\\\/#breadcrumb\"},\"inLanguage\":\"en-US\",\"potentialAction\":[{\"@type\":\"ReadAction\",\"target\":[\"https:\\\/\\\/expertbatiment.ca\\\/en\\\/efficiency\\\/programme-ecoperformance\\\/\"]}]},{\"@type\":\"ImageObject\",\"inLanguage\":\"en-US\",\"@id\":\"https:\\\/\\\/expertbatiment.ca\\\/en\\\/efficiency\\\/programme-ecoperformance\\\/#primaryimage\",\"url\":\"https:\\\/\\\/expertbatiment.ca\\\/wp-content\\\/uploads\\\/2024\\\/11\\\/EcoPerformance.png\",\"contentUrl\":\"https:\\\/\\\/expertbatiment.ca\\\/wp-content\\\/uploads\\\/2024\\\/11\\\/EcoPerformance.png\",\"width\":2000,\"height\":460},{\"@type\":\"BreadcrumbList\",\"@id\":\"https:\\\/\\\/expertbatiment.ca\\\/en\\\/efficiency\\\/programme-ecoperformance\\\/#breadcrumb\",\"itemListElement\":[{\"@type\":\"ListItem\",\"position\":1,\"name\":\"Home\",\"item\":\"https:\\\/\\\/expertbatiment.ca\\\/en\\\/\"},{\"@type\":\"ListItem\",\"position\":2,\"name\":\"Energy efficiency\",\"item\":\"https:\\\/\\\/expertbatiment.ca\\\/en\\\/efficiency\\\/\"},{\"@type\":\"ListItem\",\"position\":3,\"name\":\"Ecoperformance program\"}]},{\"@type\":\"WebSite\",\"@id\":\"https:\\\/\\\/expertbatiment.ca\\\/en\\\/#website\",\"url\":\"https:\\\/\\\/expertbatiment.ca\\\/en\\\/\",\"name\":\"EXPERTB\u00c2TIMENT\",\"description\":\"Des services sp\u00e9cialis\u00e9s afin de garantir des b\u00e2timents sains, s\u00e9curitaires et durables.\",\"publisher\":{\"@id\":\"https:\\\/\\\/expertbatiment.ca\\\/en\\\/#organization\"},\"potentialAction\":[{\"@type\":\"SearchAction\",\"target\":{\"@type\":\"EntryPoint\",\"urlTemplate\":\"https:\\\/\\\/expertbatiment.ca\\\/en\\\/?s={search_term_string}\"},\"query-input\":{\"@type\":\"PropertyValueSpecification\",\"valueRequired\":true,\"valueName\":\"search_term_string\"}}],\"inLanguage\":\"en-US\"},{\"@type\":\"Organization\",\"@id\":\"https:\\\/\\\/expertbatiment.ca\\\/en\\\/#organization\",\"name\":\"Expertb\u00e2timent\",\"url\":\"https:\\\/\\\/expertbatiment.ca\\\/en\\\/\",\"logo\":{\"@type\":\"ImageObject\",\"inLanguage\":\"en-US\",\"@id\":\"https:\\\/\\\/expertbatiment.ca\\\/en\\\/#\\\/schema\\\/logo\\\/image\\\/\",\"url\":\"https:\\\/\\\/expertbatiment.ca\\\/wp-content\\\/uploads\\\/2022\\\/06\\\/icon-ebc.png\",\"contentUrl\":\"https:\\\/\\\/expertbatiment.ca\\\/wp-content\\\/uploads\\\/2022\\\/06\\\/icon-ebc.png\",\"width\":512,\"height\":512,\"caption\":\"Expertb\u00e2timent\"},\"image\":{\"@id\":\"https:\\\/\\\/expertbatiment.ca\\\/en\\\/#\\\/schema\\\/logo\\\/image\\\/\"},\"sameAs\":[\"https:\\\/\\\/www.facebook.com\\\/expertbatiment.ca\",\"https:\\\/\\\/www.linkedin.com\\\/company\\\/expertbatiment-ca\"]}]}<\/script>\n<!-- \/ Yoast SEO plugin. -->","yoast_head_json":{"title":"Ecoperformance program - EXPERTB\u00c2TIMENT - Expertise, Ing\u00e9nierie, Laboratoire","robots":{"index":"index","follow":"follow","max-snippet":"max-snippet:-1","max-image-preview":"max-image-preview:large","max-video-preview":"max-video-preview:-1"},"canonical":"https:\/\/expertbatiment.ca\/en\/efficiency\/programme-ecoperformance\/","og_locale":"en_US","og_type":"article","og_title":"Ecoperformance program - EXPERTB\u00c2TIMENT - Expertise, Ing\u00e9nierie, Laboratoire","og_description":"Analysis section Visit Ecoperformance programprogram, managed by Transition \u00e9nerg\u00e9tique Qu\u00e9bec, supports companies and organizations in improving their energy performance, while reducing greenhouse gas (GHG) emissions. The Analysis component focuses on evaluating and planning initiatives that optimize the energy efficiency of buildings and equipment. Analysis component features : Benefits of the Ecoperformance program : This component [&hellip;]","og_url":"https:\/\/expertbatiment.ca\/en\/efficiency\/programme-ecoperformance\/","og_site_name":"EXPERTB\u00c2TIMENT","article_publisher":"https:\/\/www.facebook.com\/expertbatiment.ca","article_modified_time":"2025-02-05T15:44:25+00:00","og_image":[{"width":2000,"height":460,"url":"https:\/\/expertbatiment.ca\/wp-content\/uploads\/2024\/11\/EcoPerformance.png","type":"image\/png"}],"twitter_card":"summary_large_image","twitter_misc":{"Est. reading time":"2 minutes"},"schema":{"@context":"https:\/\/schema.org","@graph":[{"@type":"WebPage","@id":"https:\/\/expertbatiment.ca\/en\/efficiency\/programme-ecoperformance\/","url":"https:\/\/expertbatiment.ca\/en\/efficiency\/programme-ecoperformance\/","name":"Ecoperformance program - EXPERTB\u00c2TIMENT - Expertise, Ing\u00e9nierie, Laboratoire","isPartOf":{"@id":"https:\/\/expertbatiment.ca\/en\/#website"},"primaryImageOfPage":{"@id":"https:\/\/expertbatiment.ca\/en\/efficiency\/programme-ecoperformance\/#primaryimage"},"image":{"@id":"https:\/\/expertbatiment.ca\/en\/efficiency\/programme-ecoperformance\/#primaryimage"},"thumbnailUrl":"https:\/\/expertbatiment.ca\/wp-content\/uploads\/2024\/11\/EcoPerformance.png","datePublished":"2024-11-11T19:58:16+00:00","dateModified":"2025-02-05T15:44:25+00:00","breadcrumb":{"@id":"https:\/\/expertbatiment.ca\/en\/efficiency\/programme-ecoperformance\/#breadcrumb"},"inLanguage":"en-US","potentialAction":[{"@type":"ReadAction","target":["https:\/\/expertbatiment.ca\/en\/efficiency\/programme-ecoperformance\/"]}]},{"@type":"ImageObject","inLanguage":"en-US","@id":"https:\/\/expertbatiment.ca\/en\/efficiency\/programme-ecoperformance\/#primaryimage","url":"https:\/\/expertbatiment.ca\/wp-content\/uploads\/2024\/11\/EcoPerformance.png","contentUrl":"https:\/\/expertbatiment.ca\/wp-content\/uploads\/2024\/11\/EcoPerformance.png","width":2000,"height":460},{"@type":"BreadcrumbList","@id":"https:\/\/expertbatiment.ca\/en\/efficiency\/programme-ecoperformance\/#breadcrumb","itemListElement":[{"@type":"ListItem","position":1,"name":"Home","item":"https:\/\/expertbatiment.ca\/en\/"},{"@type":"ListItem","position":2,"name":"Energy efficiency","item":"https:\/\/expertbatiment.ca\/en\/efficiency\/"},{"@type":"ListItem","position":3,"name":"Ecoperformance program"}]},{"@type":"WebSite","@id":"https:\/\/expertbatiment.ca\/en\/#website","url":"https:\/\/expertbatiment.ca\/en\/","name":"EXPERTB\u00c2TIMENT","description":"Des services sp\u00e9cialis\u00e9s afin de garantir des b\u00e2timents sains, s\u00e9curitaires et durables.","publisher":{"@id":"https:\/\/expertbatiment.ca\/en\/#organization"},"potentialAction":[{"@type":"SearchAction","target":{"@type":"EntryPoint","urlTemplate":"https:\/\/expertbatiment.ca\/en\/?s={search_term_string}"},"query-input":{"@type":"PropertyValueSpecification","valueRequired":true,"valueName":"search_term_string"}}],"inLanguage":"en-US"},{"@type":"Organization","@id":"https:\/\/expertbatiment.ca\/en\/#organization","name":"Expertb\u00e2timent","url":"https:\/\/expertbatiment.ca\/en\/","logo":{"@type":"ImageObject","inLanguage":"en-US","@id":"https:\/\/expertbatiment.ca\/en\/#\/schema\/logo\/image\/","url":"https:\/\/expertbatiment.ca\/wp-content\/uploads\/2022\/06\/icon-ebc.png","contentUrl":"https:\/\/expertbatiment.ca\/wp-content\/uploads\/2022\/06\/icon-ebc.png","width":512,"height":512,"caption":"Expertb\u00e2timent"},"image":{"@id":"https:\/\/expertbatiment.ca\/en\/#\/schema\/logo\/image\/"},"sameAs":["https:\/\/www.facebook.com\/expertbatiment.ca","https:\/\/www.linkedin.com\/company\/expertbatiment-ca"]}]}},"uagb_featured_image_src":{"full":["https:\/\/expertbatiment.ca\/wp-content\/uploads\/2024\/11\/EcoPerformance.png",2000,460,false],"thumbnail":["https:\/\/expertbatiment.ca\/wp-content\/uploads\/2024\/11\/EcoPerformance-150x150.png",150,150,true],"medium":["https:\/\/expertbatiment.ca\/wp-content\/uploads\/2024\/11\/EcoPerformance-300x69.png",300,69,true],"medium_large":["https:\/\/expertbatiment.ca\/wp-content\/uploads\/2024\/11\/EcoPerformance-768x177.png",768,177,true],"large":["https:\/\/expertbatiment.ca\/wp-content\/uploads\/2024\/11\/EcoPerformance-1024x236.png",1024,236,true],"1536x1536":["https:\/\/expertbatiment.ca\/wp-content\/uploads\/2024\/11\/EcoPerformance-1536x353.png",1536,353,true],"2048x2048":["https:\/\/expertbatiment.ca\/wp-content\/uploads\/2024\/11\/EcoPerformance.png",2000,460,false],"featured-small":["https:\/\/expertbatiment.ca\/wp-content\/uploads\/2024\/11\/EcoPerformance-640x200.png",640,200,true],"featured-medium":["https:\/\/expertbatiment.ca\/wp-content\/uploads\/2024\/11\/EcoPerformance-1280x400.png",1280,400,true],"featured-large":["https:\/\/expertbatiment.ca\/wp-content\/uploads\/2024\/11\/EcoPerformance-1440x400.png",1440,400,true],"featured-xlarge":["https:\/\/expertbatiment.ca\/wp-content\/uploads\/2024\/11\/EcoPerformance-1920x400.png",1920,400,true],"fp-small":["https:\/\/expertbatiment.ca\/wp-content\/uploads\/2024\/11\/EcoPerformance-640x147.png",640,147,true],"fp-medium":["https:\/\/expertbatiment.ca\/wp-content\/uploads\/2024\/11\/EcoPerformance-1024x236.png",1024,236,true],"fp-large":["https:\/\/expertbatiment.ca\/wp-content\/uploads\/2024\/11\/EcoPerformance-1200x276.png",1200,276,true],"fp-xlarge":["https:\/\/expertbatiment.ca\/wp-content\/uploads\/2024\/11\/EcoPerformance-1920x442.png",1920,442,true],"menu-24x24":["https:\/\/expertbatiment.ca\/wp-content\/uploads\/2024\/11\/EcoPerformance-24x6.png",24,6,true],"menu-36x36":["https:\/\/expertbatiment.ca\/wp-content\/uploads\/2024\/11\/EcoPerformance-36x8.png",36,8,true],"menu-48x48":["https:\/\/expertbatiment.ca\/wp-content\/uploads\/2024\/11\/EcoPerformance-48x11.png",48,11,true]},"uagb_author_info":{"display_name":"support informatique","author_link":"https:\/\/expertbatiment.ca\/en\/author\/support\/"},"uagb_comment_info":0,"uagb_excerpt":"Analysis section Visit Ecoperformance programprogram, managed by Transition \u00e9nerg\u00e9tique Qu\u00e9bec, supports companies and organizations in improving their energy performance, while reducing greenhouse gas (GHG) emissions. The Analysis component focuses on evaluating and planning initiatives that optimize the energy efficiency of buildings and equipment. Analysis component features : Benefits of the Ecoperformance program : This component&hellip;","_links":{"self":[{"href":"https:\/\/expertbatiment.ca\/en\/wp-json\/wp\/v2\/pages\/19680","targetHints":{"allow":["GET"]}}],"collection":[{"href":"https:\/\/expertbatiment.ca\/en\/wp-json\/wp\/v2\/pages"}],"about":[{"href":"https:\/\/expertbatiment.ca\/en\/wp-json\/wp\/v2\/types\/page"}],"author":[{"embeddable":true,"href":"https:\/\/expertbatiment.ca\/en\/wp-json\/wp\/v2\/users\/9"}],"replies":[{"embeddable":true,"href":"https:\/\/expertbatiment.ca\/en\/wp-json\/wp\/v2\/comments?post=19680"}],"version-history":[{"count":1,"href":"https:\/\/expertbatiment.ca\/en\/wp-json\/wp\/v2\/pages\/19680\/revisions"}],"predecessor-version":[{"id":19682,"href":"https:\/\/expertbatiment.ca\/en\/wp-json\/wp\/v2\/pages\/19680\/revisions\/19682"}],"up":[{"embeddable":true,"href":"https:\/\/expertbatiment.ca\/en\/wp-json\/wp\/v2\/pages\/2731"}],"wp:featuredmedia":[{"embeddable":true,"href":"https:\/\/expertbatiment.ca\/en\/wp-json\/wp\/v2\/media\/18557"}],"wp:attachment":[{"href":"https:\/\/expertbatiment.ca\/en\/wp-json\/wp\/v2\/media?parent=19680"}],"curies":[{"name":"wp","href":"https:\/\/api.w.org\/{rel}","templated":true}]}}