{"id":19686,"date":"2024-11-11T11:28:33","date_gmt":"2024-11-11T16:28:33","guid":{"rendered":"https:\/\/expertbatiment.ca\/efficiency\/fonds-pour-le-logement-abordable-fla\/"},"modified":"2025-02-05T10:44:25","modified_gmt":"2025-02-05T15:44:25","slug":"fonds-pour-le-logement-abordable-fla","status":"publish","type":"page","link":"https:\/\/expertbatiment.ca\/en\/efficiency\/fonds-pour-le-logement-abordable-fla\/","title":{"rendered":"Affordable Housing Fund (AHF)"},"content":{"rendered":"\n<p>The <strong><a href=\"https:\/\/www.cmhc-schl.gc.ca\/professionnels\/financement-de-projets-et-financement-hypothecaire\/programmes-de-financement\/toutes-les-opportunites-de-financement\/fonds-pour-le-logement-abordable\" target=\"_blank\" rel=\"noreferrer noopener\">Affordable Housing Fund<\/a><\/strong> of Canada Mortgage and Housing Corporation (CMHC) provides capital (low-interest loans, forgivable loans, contributions) to <strong>partner organizations<\/strong> to build affordable housing and renovate or repair existing affordable and community housing. Partner organizations are those that have established a partnership with another organization at a different level of government and have secured funding. <\/p>\n\n<p>The program aims to meet the needs of low- and moderate-income households, as well as promoting sustainable and inclusive building practices. It has two main components: <\/p>\n\n<ol start=\"1\" class=\"wp-block-list\">\n<li><strong>Construction financing<\/strong>: This component offers low-interest and forgivable loans for the construction of affordable housing. The program focuses on the creation of energy-efficient, accessible and inclusive housing, such as mixed-income, mixed-tenure or mixed-use developments that include affordable housing. <\/li>\n\n\n\n<li><strong>Renovation financing<\/strong>: This component offers low-interest repayable loans and contributions for the renovation and repair of affordable and community housing. Priority is also given to partnerships with governments, non-profit organizations, the private sector and other partners. To be eligible, you must be associated with a level of government. This component focuses on the creation and repair of affordable, energy-efficient and accessible housing in mixed-income, mixed-tenure and mixed-use developments that include affordable housing.   <\/li>\n<\/ol>\n\n<p>For both components, priority is given to partnerships between governments, non-profit organizations, the private sector and other partners. To be eligible, you must be associated with a level of government to coordinate investments. <\/p>\n","protected":false},"excerpt":{"rendered":"<p>The Affordable Housing Fund of Canada Mortgage and Housing Corporation (CMHC) provides capital (low-interest loans, forgivable loans, contributions) to partner organizations to build affordable housing and renovate or repair existing affordable and community housing. Partner organizations are those that have established a partnership with another organization at a different level of government and have secured [&hellip;]<\/p>\n","protected":false},"author":9,"featured_media":18517,"parent":2731,"menu_order":0,"comment_status":"closed","ping_status":"closed","template":"page-templates\/service.php","meta":{"_acf_changed":false,"_uag_custom_page_level_css":"","footnotes":""},"class_list":["post-19686","page","type-page","status-publish","has-post-thumbnail","hentry"],"acf":[],"yoast_head":"<!-- This site is optimized with the Yoast SEO plugin v27.4 - https:\/\/yoast.com\/product\/yoast-seo-wordpress\/ -->\n<title>Affordable Housing Fund (AHF) - EXPERTB\u00c2TIMENT - Expertise, Ing\u00e9nierie, Laboratoire<\/title>\n<meta name=\"robots\" content=\"index, follow, max-snippet:-1, max-image-preview:large, max-video-preview:-1\" \/>\n<link rel=\"canonical\" href=\"https:\/\/expertbatiment.ca\/en\/efficiency\/fonds-pour-le-logement-abordable-fla\/\" \/>\n<meta property=\"og:locale\" content=\"en_US\" \/>\n<meta property=\"og:type\" content=\"article\" \/>\n<meta property=\"og:title\" content=\"Affordable Housing Fund (AHF) - EXPERTB\u00c2TIMENT - Expertise, Ing\u00e9nierie, Laboratoire\" \/>\n<meta property=\"og:description\" content=\"The Affordable Housing Fund of Canada Mortgage and Housing Corporation (CMHC) provides capital (low-interest loans, forgivable loans, contributions) to partner organizations to build affordable housing and renovate or repair existing affordable and community housing. Partner organizations are those that have established a partnership with another organization at a different level of government and have secured [&hellip;]\" \/>\n<meta property=\"og:url\" content=\"https:\/\/expertbatiment.ca\/en\/efficiency\/fonds-pour-le-logement-abordable-fla\/\" \/>\n<meta property=\"og:site_name\" content=\"EXPERTB\u00c2TIMENT\" \/>\n<meta property=\"article:publisher\" content=\"https:\/\/www.facebook.com\/expertbatiment.ca\" \/>\n<meta property=\"article:modified_time\" content=\"2025-02-05T15:44:25+00:00\" \/>\n<meta property=\"og:image\" content=\"https:\/\/expertbatiment.ca\/wp-content\/uploads\/2024\/11\/Fonds-pour-le-logement-abordable-FLA.png\" \/>\n\t<meta property=\"og:image:width\" content=\"2000\" \/>\n\t<meta property=\"og:image:height\" content=\"460\" \/>\n\t<meta property=\"og:image:type\" content=\"image\/png\" \/>\n<meta name=\"twitter:card\" content=\"summary_large_image\" \/>\n<meta name=\"twitter:label1\" content=\"Est. reading time\" \/>\n\t<meta name=\"twitter:data1\" content=\"2 minutes\" \/>\n<script type=\"application\/ld+json\" class=\"yoast-schema-graph\">{\"@context\":\"https:\\\/\\\/schema.org\",\"@graph\":[{\"@type\":\"WebPage\",\"@id\":\"https:\\\/\\\/expertbatiment.ca\\\/en\\\/efficiency\\\/fonds-pour-le-logement-abordable-fla\\\/\",\"url\":\"https:\\\/\\\/expertbatiment.ca\\\/en\\\/efficiency\\\/fonds-pour-le-logement-abordable-fla\\\/\",\"name\":\"Affordable Housing Fund (AHF) - EXPERTB\u00c2TIMENT - Expertise, Ing\u00e9nierie, Laboratoire\",\"isPartOf\":{\"@id\":\"https:\\\/\\\/expertbatiment.ca\\\/en\\\/#website\"},\"primaryImageOfPage\":{\"@id\":\"https:\\\/\\\/expertbatiment.ca\\\/en\\\/efficiency\\\/fonds-pour-le-logement-abordable-fla\\\/#primaryimage\"},\"image\":{\"@id\":\"https:\\\/\\\/expertbatiment.ca\\\/en\\\/efficiency\\\/fonds-pour-le-logement-abordable-fla\\\/#primaryimage\"},\"thumbnailUrl\":\"https:\\\/\\\/expertbatiment.ca\\\/wp-content\\\/uploads\\\/2024\\\/11\\\/Fonds-pour-le-logement-abordable-FLA.png\",\"datePublished\":\"2024-11-11T16:28:33+00:00\",\"dateModified\":\"2025-02-05T15:44:25+00:00\",\"breadcrumb\":{\"@id\":\"https:\\\/\\\/expertbatiment.ca\\\/en\\\/efficiency\\\/fonds-pour-le-logement-abordable-fla\\\/#breadcrumb\"},\"inLanguage\":\"en-US\",\"potentialAction\":[{\"@type\":\"ReadAction\",\"target\":[\"https:\\\/\\\/expertbatiment.ca\\\/en\\\/efficiency\\\/fonds-pour-le-logement-abordable-fla\\\/\"]}]},{\"@type\":\"ImageObject\",\"inLanguage\":\"en-US\",\"@id\":\"https:\\\/\\\/expertbatiment.ca\\\/en\\\/efficiency\\\/fonds-pour-le-logement-abordable-fla\\\/#primaryimage\",\"url\":\"https:\\\/\\\/expertbatiment.ca\\\/wp-content\\\/uploads\\\/2024\\\/11\\\/Fonds-pour-le-logement-abordable-FLA.png\",\"contentUrl\":\"https:\\\/\\\/expertbatiment.ca\\\/wp-content\\\/uploads\\\/2024\\\/11\\\/Fonds-pour-le-logement-abordable-FLA.png\",\"width\":2000,\"height\":460},{\"@type\":\"BreadcrumbList\",\"@id\":\"https:\\\/\\\/expertbatiment.ca\\\/en\\\/efficiency\\\/fonds-pour-le-logement-abordable-fla\\\/#breadcrumb\",\"itemListElement\":[{\"@type\":\"ListItem\",\"position\":1,\"name\":\"Home\",\"item\":\"https:\\\/\\\/expertbatiment.ca\\\/en\\\/\"},{\"@type\":\"ListItem\",\"position\":2,\"name\":\"Energy efficiency\",\"item\":\"https:\\\/\\\/expertbatiment.ca\\\/en\\\/efficiency\\\/\"},{\"@type\":\"ListItem\",\"position\":3,\"name\":\"Affordable Housing Fund (AHF)\"}]},{\"@type\":\"WebSite\",\"@id\":\"https:\\\/\\\/expertbatiment.ca\\\/en\\\/#website\",\"url\":\"https:\\\/\\\/expertbatiment.ca\\\/en\\\/\",\"name\":\"EXPERTB\u00c2TIMENT\",\"description\":\"Des services sp\u00e9cialis\u00e9s afin de garantir des b\u00e2timents sains, s\u00e9curitaires et durables.\",\"publisher\":{\"@id\":\"https:\\\/\\\/expertbatiment.ca\\\/en\\\/#organization\"},\"potentialAction\":[{\"@type\":\"SearchAction\",\"target\":{\"@type\":\"EntryPoint\",\"urlTemplate\":\"https:\\\/\\\/expertbatiment.ca\\\/en\\\/?s={search_term_string}\"},\"query-input\":{\"@type\":\"PropertyValueSpecification\",\"valueRequired\":true,\"valueName\":\"search_term_string\"}}],\"inLanguage\":\"en-US\"},{\"@type\":\"Organization\",\"@id\":\"https:\\\/\\\/expertbatiment.ca\\\/en\\\/#organization\",\"name\":\"Expertb\u00e2timent\",\"url\":\"https:\\\/\\\/expertbatiment.ca\\\/en\\\/\",\"logo\":{\"@type\":\"ImageObject\",\"inLanguage\":\"en-US\",\"@id\":\"https:\\\/\\\/expertbatiment.ca\\\/en\\\/#\\\/schema\\\/logo\\\/image\\\/\",\"url\":\"https:\\\/\\\/expertbatiment.ca\\\/wp-content\\\/uploads\\\/2022\\\/06\\\/icon-ebc.png\",\"contentUrl\":\"https:\\\/\\\/expertbatiment.ca\\\/wp-content\\\/uploads\\\/2022\\\/06\\\/icon-ebc.png\",\"width\":512,\"height\":512,\"caption\":\"Expertb\u00e2timent\"},\"image\":{\"@id\":\"https:\\\/\\\/expertbatiment.ca\\\/en\\\/#\\\/schema\\\/logo\\\/image\\\/\"},\"sameAs\":[\"https:\\\/\\\/www.facebook.com\\\/expertbatiment.ca\",\"https:\\\/\\\/www.linkedin.com\\\/company\\\/expertbatiment-ca\"]}]}<\/script>\n<!-- \/ Yoast SEO plugin. -->","yoast_head_json":{"title":"Affordable Housing Fund (AHF) - EXPERTB\u00c2TIMENT - Expertise, Ing\u00e9nierie, Laboratoire","robots":{"index":"index","follow":"follow","max-snippet":"max-snippet:-1","max-image-preview":"max-image-preview:large","max-video-preview":"max-video-preview:-1"},"canonical":"https:\/\/expertbatiment.ca\/en\/efficiency\/fonds-pour-le-logement-abordable-fla\/","og_locale":"en_US","og_type":"article","og_title":"Affordable Housing Fund (AHF) - EXPERTB\u00c2TIMENT - Expertise, Ing\u00e9nierie, Laboratoire","og_description":"The Affordable Housing Fund of Canada Mortgage and Housing Corporation (CMHC) provides capital (low-interest loans, forgivable loans, contributions) to partner organizations to build affordable housing and renovate or repair existing affordable and community housing. Partner organizations are those that have established a partnership with another organization at a different level of government and have secured [&hellip;]","og_url":"https:\/\/expertbatiment.ca\/en\/efficiency\/fonds-pour-le-logement-abordable-fla\/","og_site_name":"EXPERTB\u00c2TIMENT","article_publisher":"https:\/\/www.facebook.com\/expertbatiment.ca","article_modified_time":"2025-02-05T15:44:25+00:00","og_image":[{"width":2000,"height":460,"url":"https:\/\/expertbatiment.ca\/wp-content\/uploads\/2024\/11\/Fonds-pour-le-logement-abordable-FLA.png","type":"image\/png"}],"twitter_card":"summary_large_image","twitter_misc":{"Est. reading time":"2 minutes"},"schema":{"@context":"https:\/\/schema.org","@graph":[{"@type":"WebPage","@id":"https:\/\/expertbatiment.ca\/en\/efficiency\/fonds-pour-le-logement-abordable-fla\/","url":"https:\/\/expertbatiment.ca\/en\/efficiency\/fonds-pour-le-logement-abordable-fla\/","name":"Affordable Housing Fund (AHF) - EXPERTB\u00c2TIMENT - Expertise, Ing\u00e9nierie, Laboratoire","isPartOf":{"@id":"https:\/\/expertbatiment.ca\/en\/#website"},"primaryImageOfPage":{"@id":"https:\/\/expertbatiment.ca\/en\/efficiency\/fonds-pour-le-logement-abordable-fla\/#primaryimage"},"image":{"@id":"https:\/\/expertbatiment.ca\/en\/efficiency\/fonds-pour-le-logement-abordable-fla\/#primaryimage"},"thumbnailUrl":"https:\/\/expertbatiment.ca\/wp-content\/uploads\/2024\/11\/Fonds-pour-le-logement-abordable-FLA.png","datePublished":"2024-11-11T16:28:33+00:00","dateModified":"2025-02-05T15:44:25+00:00","breadcrumb":{"@id":"https:\/\/expertbatiment.ca\/en\/efficiency\/fonds-pour-le-logement-abordable-fla\/#breadcrumb"},"inLanguage":"en-US","potentialAction":[{"@type":"ReadAction","target":["https:\/\/expertbatiment.ca\/en\/efficiency\/fonds-pour-le-logement-abordable-fla\/"]}]},{"@type":"ImageObject","inLanguage":"en-US","@id":"https:\/\/expertbatiment.ca\/en\/efficiency\/fonds-pour-le-logement-abordable-fla\/#primaryimage","url":"https:\/\/expertbatiment.ca\/wp-content\/uploads\/2024\/11\/Fonds-pour-le-logement-abordable-FLA.png","contentUrl":"https:\/\/expertbatiment.ca\/wp-content\/uploads\/2024\/11\/Fonds-pour-le-logement-abordable-FLA.png","width":2000,"height":460},{"@type":"BreadcrumbList","@id":"https:\/\/expertbatiment.ca\/en\/efficiency\/fonds-pour-le-logement-abordable-fla\/#breadcrumb","itemListElement":[{"@type":"ListItem","position":1,"name":"Home","item":"https:\/\/expertbatiment.ca\/en\/"},{"@type":"ListItem","position":2,"name":"Energy efficiency","item":"https:\/\/expertbatiment.ca\/en\/efficiency\/"},{"@type":"ListItem","position":3,"name":"Affordable Housing Fund (AHF)"}]},{"@type":"WebSite","@id":"https:\/\/expertbatiment.ca\/en\/#website","url":"https:\/\/expertbatiment.ca\/en\/","name":"EXPERTB\u00c2TIMENT","description":"Des services sp\u00e9cialis\u00e9s afin de garantir des b\u00e2timents sains, s\u00e9curitaires et durables.","publisher":{"@id":"https:\/\/expertbatiment.ca\/en\/#organization"},"potentialAction":[{"@type":"SearchAction","target":{"@type":"EntryPoint","urlTemplate":"https:\/\/expertbatiment.ca\/en\/?s={search_term_string}"},"query-input":{"@type":"PropertyValueSpecification","valueRequired":true,"valueName":"search_term_string"}}],"inLanguage":"en-US"},{"@type":"Organization","@id":"https:\/\/expertbatiment.ca\/en\/#organization","name":"Expertb\u00e2timent","url":"https:\/\/expertbatiment.ca\/en\/","logo":{"@type":"ImageObject","inLanguage":"en-US","@id":"https:\/\/expertbatiment.ca\/en\/#\/schema\/logo\/image\/","url":"https:\/\/expertbatiment.ca\/wp-content\/uploads\/2022\/06\/icon-ebc.png","contentUrl":"https:\/\/expertbatiment.ca\/wp-content\/uploads\/2022\/06\/icon-ebc.png","width":512,"height":512,"caption":"Expertb\u00e2timent"},"image":{"@id":"https:\/\/expertbatiment.ca\/en\/#\/schema\/logo\/image\/"},"sameAs":["https:\/\/www.facebook.com\/expertbatiment.ca","https:\/\/www.linkedin.com\/company\/expertbatiment-ca"]}]}},"uagb_featured_image_src":{"full":["https:\/\/expertbatiment.ca\/wp-content\/uploads\/2024\/11\/Fonds-pour-le-logement-abordable-FLA.png",2000,460,false],"thumbnail":["https:\/\/expertbatiment.ca\/wp-content\/uploads\/2024\/11\/Fonds-pour-le-logement-abordable-FLA-150x150.png",150,150,true],"medium":["https:\/\/expertbatiment.ca\/wp-content\/uploads\/2024\/11\/Fonds-pour-le-logement-abordable-FLA-300x69.png",300,69,true],"medium_large":["https:\/\/expertbatiment.ca\/wp-content\/uploads\/2024\/11\/Fonds-pour-le-logement-abordable-FLA-768x177.png",768,177,true],"large":["https:\/\/expertbatiment.ca\/wp-content\/uploads\/2024\/11\/Fonds-pour-le-logement-abordable-FLA-1024x236.png",1024,236,true],"1536x1536":["https:\/\/expertbatiment.ca\/wp-content\/uploads\/2024\/11\/Fonds-pour-le-logement-abordable-FLA-1536x353.png",1536,353,true],"2048x2048":["https:\/\/expertbatiment.ca\/wp-content\/uploads\/2024\/11\/Fonds-pour-le-logement-abordable-FLA.png",2000,460,false],"featured-small":["https:\/\/expertbatiment.ca\/wp-content\/uploads\/2024\/11\/Fonds-pour-le-logement-abordable-FLA-640x200.png",640,200,true],"featured-medium":["https:\/\/expertbatiment.ca\/wp-content\/uploads\/2024\/11\/Fonds-pour-le-logement-abordable-FLA-1280x400.png",1280,400,true],"featured-large":["https:\/\/expertbatiment.ca\/wp-content\/uploads\/2024\/11\/Fonds-pour-le-logement-abordable-FLA-1440x400.png",1440,400,true],"featured-xlarge":["https:\/\/expertbatiment.ca\/wp-content\/uploads\/2024\/11\/Fonds-pour-le-logement-abordable-FLA-1920x400.png",1920,400,true],"fp-small":["https:\/\/expertbatiment.ca\/wp-content\/uploads\/2024\/11\/Fonds-pour-le-logement-abordable-FLA-640x147.png",640,147,true],"fp-medium":["https:\/\/expertbatiment.ca\/wp-content\/uploads\/2024\/11\/Fonds-pour-le-logement-abordable-FLA-1024x236.png",1024,236,true],"fp-large":["https:\/\/expertbatiment.ca\/wp-content\/uploads\/2024\/11\/Fonds-pour-le-logement-abordable-FLA-1200x276.png",1200,276,true],"fp-xlarge":["https:\/\/expertbatiment.ca\/wp-content\/uploads\/2024\/11\/Fonds-pour-le-logement-abordable-FLA-1920x442.png",1920,442,true],"menu-24x24":["https:\/\/expertbatiment.ca\/wp-content\/uploads\/2024\/11\/Fonds-pour-le-logement-abordable-FLA-24x6.png",24,6,true],"menu-36x36":["https:\/\/expertbatiment.ca\/wp-content\/uploads\/2024\/11\/Fonds-pour-le-logement-abordable-FLA-36x8.png",36,8,true],"menu-48x48":["https:\/\/expertbatiment.ca\/wp-content\/uploads\/2024\/11\/Fonds-pour-le-logement-abordable-FLA-48x11.png",48,11,true]},"uagb_author_info":{"display_name":"support informatique","author_link":"https:\/\/expertbatiment.ca\/en\/author\/support\/"},"uagb_comment_info":0,"uagb_excerpt":"The Affordable Housing Fund of Canada Mortgage and Housing Corporation (CMHC) provides capital (low-interest loans, forgivable loans, contributions) to partner organizations to build affordable housing and renovate or repair existing affordable and community housing. Partner organizations are those that have established a partnership with another organization at a different level of government and have secured&hellip;","_links":{"self":[{"href":"https:\/\/expertbatiment.ca\/en\/wp-json\/wp\/v2\/pages\/19686","targetHints":{"allow":["GET"]}}],"collection":[{"href":"https:\/\/expertbatiment.ca\/en\/wp-json\/wp\/v2\/pages"}],"about":[{"href":"https:\/\/expertbatiment.ca\/en\/wp-json\/wp\/v2\/types\/page"}],"author":[{"embeddable":true,"href":"https:\/\/expertbatiment.ca\/en\/wp-json\/wp\/v2\/users\/9"}],"replies":[{"embeddable":true,"href":"https:\/\/expertbatiment.ca\/en\/wp-json\/wp\/v2\/comments?post=19686"}],"version-history":[{"count":1,"href":"https:\/\/expertbatiment.ca\/en\/wp-json\/wp\/v2\/pages\/19686\/revisions"}],"predecessor-version":[{"id":19687,"href":"https:\/\/expertbatiment.ca\/en\/wp-json\/wp\/v2\/pages\/19686\/revisions\/19687"}],"up":[{"embeddable":true,"href":"https:\/\/expertbatiment.ca\/en\/wp-json\/wp\/v2\/pages\/2731"}],"wp:featuredmedia":[{"embeddable":true,"href":"https:\/\/expertbatiment.ca\/en\/wp-json\/wp\/v2\/media\/18517"}],"wp:attachment":[{"href":"https:\/\/expertbatiment.ca\/en\/wp-json\/wp\/v2\/media?parent=19686"}],"curies":[{"name":"wp","href":"https:\/\/api.w.org\/{rel}","templated":true}]}}