{"id":19694,"date":"2024-11-11T15:03:48","date_gmt":"2024-11-11T20:03:48","guid":{"rendered":"https:\/\/expertbatiment.ca\/programme-mesures-dexemplarite-de-letat\/"},"modified":"2025-02-05T10:44:25","modified_gmt":"2025-02-05T15:44:25","slug":"programme-mesures-dexemplarite-de-letat","status":"publish","type":"page","link":"https:\/\/expertbatiment.ca\/en\/programme-mesures-dexemplarite-de-letat\/","title":{"rendered":"State exemplarity program"},"content":{"rendered":"\n<p>The <strong><a href=\"https:\/\/transitionenergetique.gouv.qc.ca\/fileadmin\/medias\/pdf\/institutions\/Mesures_exemplarite_Etat-PEV.pdf\" target=\"_blank\" rel=\"noreferrer noopener\">Mesures d&#8217;exemplarit\u00e9 de l&#8217;\u00c9tat program<\/a><\/strong>program, set up by Transition \u00e9nerg\u00e9tique Qu\u00e9bec, is aimed at public bodies and municipalities. The program aims to promote the adoption of stricter energy standards for <strong>new buildings<\/strong> and <strong>major renovations<\/strong>, by requiring energy performance that exceeds current standards. <\/p>\n\n<p>\n          <strong>Main requirement:<\/strong>\n        <\/p>\n\n<ul class=\"wp-block-list\">\n<li>The buildings concerned must be <strong>10% more energy-efficient<\/strong> than the requirements of the <strong>Quebec Construction Code<\/strong>.<\/li>\n<\/ul>\n\n<p>\n          <strong>Key program features :<\/strong>\n        <\/p>\n\n<ul class=\"wp-block-list\">\n<li><strong>Technical and financial support<\/strong>: The program encourages municipalities and public bodies to adopt best practices in sustainability, by offering them support in meeting energy performance targets.<\/li>\n\n\n\n<li><strong>Major construction and renovation<\/strong>: Applicable to new construction projects or large-scale renovations, this program aims to reduce the energy footprint of public buildings.<\/li>\n\n\n\n<li><strong>Reducing greenhouse gas emissions<\/strong>: By improving energy efficiency, buildings make a direct contribution to reducing greenhouse gas emissions.<\/li>\n<\/ul>\n\n<p>\n          <strong>Program benefits :<\/strong>\n        <\/p>\n\n<ul class=\"wp-block-list\">\n<li><strong>Improved energy efficiency<\/strong>: Reduce the operating costs of municipal and public buildings through better management of energy consumption.<\/li>\n\n\n\n<li><strong>Environmental compliance<\/strong>: Demonstrate environmental leadership by incorporating standards that exceed minimum requirements, while contributing to Quebec&#8217;s sustainable development objectives.<\/li>\n\n\n\n<li><strong>Support for municipalities<\/strong>: Promote the modernization of public infrastructure while achieving long-term energy savings.<\/li>\n<\/ul>\n\n<p>This program is an excellent opportunity for municipalities and public bodies wishing to set an example in sustainable construction and energy efficiency.<\/p>\n","protected":false},"excerpt":{"rendered":"<p>The Mesures d&#8217;exemplarit\u00e9 de l&#8217;\u00c9tat programprogram, set up by Transition \u00e9nerg\u00e9tique Qu\u00e9bec, is aimed at public bodies and municipalities. The program aims to promote the adoption of stricter energy standards for new buildings and major renovations, by requiring energy performance that exceeds current standards. Main requirement: Key program features : Program benefits : This program [&hellip;]<\/p>\n","protected":false},"author":9,"featured_media":0,"parent":0,"menu_order":0,"comment_status":"closed","ping_status":"closed","template":"page-templates\/service.php","meta":{"_acf_changed":false,"_uag_custom_page_level_css":"","footnotes":""},"class_list":["post-19694","page","type-page","status-publish","hentry"],"acf":[],"yoast_head":"<!-- This site is optimized with the Yoast SEO plugin v27.4 - https:\/\/yoast.com\/product\/yoast-seo-wordpress\/ -->\n<title>State exemplarity program - EXPERTB\u00c2TIMENT - Expertise, Ing\u00e9nierie, Laboratoire<\/title>\n<meta name=\"robots\" content=\"index, follow, max-snippet:-1, max-image-preview:large, max-video-preview:-1\" \/>\n<link rel=\"canonical\" href=\"https:\/\/expertbatiment.ca\/en\/programme-mesures-dexemplarite-de-letat\/\" \/>\n<meta property=\"og:locale\" content=\"en_US\" \/>\n<meta property=\"og:type\" content=\"article\" \/>\n<meta property=\"og:title\" content=\"State exemplarity program - EXPERTB\u00c2TIMENT - Expertise, Ing\u00e9nierie, Laboratoire\" \/>\n<meta property=\"og:description\" content=\"The Mesures d&#8217;exemplarit\u00e9 de l&#8217;\u00c9tat programprogram, set up by Transition \u00e9nerg\u00e9tique Qu\u00e9bec, is aimed at public bodies and municipalities. The program aims to promote the adoption of stricter energy standards for new buildings and major renovations, by requiring energy performance that exceeds current standards. Main requirement: Key program features : Program benefits : This program [&hellip;]\" \/>\n<meta property=\"og:url\" content=\"https:\/\/expertbatiment.ca\/en\/programme-mesures-dexemplarite-de-letat\/\" \/>\n<meta property=\"og:site_name\" content=\"EXPERTB\u00c2TIMENT\" \/>\n<meta property=\"article:publisher\" content=\"https:\/\/www.facebook.com\/expertbatiment.ca\" \/>\n<meta property=\"article:modified_time\" content=\"2025-02-05T15:44:25+00:00\" \/>\n<meta name=\"twitter:card\" content=\"summary_large_image\" \/>\n<meta name=\"twitter:label1\" content=\"Est. reading time\" \/>\n\t<meta name=\"twitter:data1\" content=\"2 minutes\" \/>\n<script type=\"application\/ld+json\" class=\"yoast-schema-graph\">{\"@context\":\"https:\\\/\\\/schema.org\",\"@graph\":[{\"@type\":\"WebPage\",\"@id\":\"https:\\\/\\\/expertbatiment.ca\\\/en\\\/programme-mesures-dexemplarite-de-letat\\\/\",\"url\":\"https:\\\/\\\/expertbatiment.ca\\\/en\\\/programme-mesures-dexemplarite-de-letat\\\/\",\"name\":\"State exemplarity program - EXPERTB\u00c2TIMENT - Expertise, Ing\u00e9nierie, Laboratoire\",\"isPartOf\":{\"@id\":\"https:\\\/\\\/expertbatiment.ca\\\/en\\\/#website\"},\"datePublished\":\"2024-11-11T20:03:48+00:00\",\"dateModified\":\"2025-02-05T15:44:25+00:00\",\"breadcrumb\":{\"@id\":\"https:\\\/\\\/expertbatiment.ca\\\/en\\\/programme-mesures-dexemplarite-de-letat\\\/#breadcrumb\"},\"inLanguage\":\"en-US\",\"potentialAction\":[{\"@type\":\"ReadAction\",\"target\":[\"https:\\\/\\\/expertbatiment.ca\\\/en\\\/programme-mesures-dexemplarite-de-letat\\\/\"]}]},{\"@type\":\"BreadcrumbList\",\"@id\":\"https:\\\/\\\/expertbatiment.ca\\\/en\\\/programme-mesures-dexemplarite-de-letat\\\/#breadcrumb\",\"itemListElement\":[{\"@type\":\"ListItem\",\"position\":1,\"name\":\"Home\",\"item\":\"https:\\\/\\\/expertbatiment.ca\\\/en\\\/\"},{\"@type\":\"ListItem\",\"position\":2,\"name\":\"State exemplarity program\"}]},{\"@type\":\"WebSite\",\"@id\":\"https:\\\/\\\/expertbatiment.ca\\\/en\\\/#website\",\"url\":\"https:\\\/\\\/expertbatiment.ca\\\/en\\\/\",\"name\":\"EXPERTB\u00c2TIMENT\",\"description\":\"Des services sp\u00e9cialis\u00e9s afin de garantir des b\u00e2timents sains, s\u00e9curitaires et durables.\",\"publisher\":{\"@id\":\"https:\\\/\\\/expertbatiment.ca\\\/en\\\/#organization\"},\"potentialAction\":[{\"@type\":\"SearchAction\",\"target\":{\"@type\":\"EntryPoint\",\"urlTemplate\":\"https:\\\/\\\/expertbatiment.ca\\\/en\\\/?s={search_term_string}\"},\"query-input\":{\"@type\":\"PropertyValueSpecification\",\"valueRequired\":true,\"valueName\":\"search_term_string\"}}],\"inLanguage\":\"en-US\"},{\"@type\":\"Organization\",\"@id\":\"https:\\\/\\\/expertbatiment.ca\\\/en\\\/#organization\",\"name\":\"Expertb\u00e2timent\",\"url\":\"https:\\\/\\\/expertbatiment.ca\\\/en\\\/\",\"logo\":{\"@type\":\"ImageObject\",\"inLanguage\":\"en-US\",\"@id\":\"https:\\\/\\\/expertbatiment.ca\\\/en\\\/#\\\/schema\\\/logo\\\/image\\\/\",\"url\":\"https:\\\/\\\/expertbatiment.ca\\\/wp-content\\\/uploads\\\/2022\\\/06\\\/icon-ebc.png\",\"contentUrl\":\"https:\\\/\\\/expertbatiment.ca\\\/wp-content\\\/uploads\\\/2022\\\/06\\\/icon-ebc.png\",\"width\":512,\"height\":512,\"caption\":\"Expertb\u00e2timent\"},\"image\":{\"@id\":\"https:\\\/\\\/expertbatiment.ca\\\/en\\\/#\\\/schema\\\/logo\\\/image\\\/\"},\"sameAs\":[\"https:\\\/\\\/www.facebook.com\\\/expertbatiment.ca\",\"https:\\\/\\\/www.linkedin.com\\\/company\\\/expertbatiment-ca\"]}]}<\/script>\n<!-- \/ Yoast SEO plugin. -->","yoast_head_json":{"title":"State exemplarity program - EXPERTB\u00c2TIMENT - Expertise, Ing\u00e9nierie, Laboratoire","robots":{"index":"index","follow":"follow","max-snippet":"max-snippet:-1","max-image-preview":"max-image-preview:large","max-video-preview":"max-video-preview:-1"},"canonical":"https:\/\/expertbatiment.ca\/en\/programme-mesures-dexemplarite-de-letat\/","og_locale":"en_US","og_type":"article","og_title":"State exemplarity program - EXPERTB\u00c2TIMENT - Expertise, Ing\u00e9nierie, Laboratoire","og_description":"The Mesures d&#8217;exemplarit\u00e9 de l&#8217;\u00c9tat programprogram, set up by Transition \u00e9nerg\u00e9tique Qu\u00e9bec, is aimed at public bodies and municipalities. The program aims to promote the adoption of stricter energy standards for new buildings and major renovations, by requiring energy performance that exceeds current standards. Main requirement: Key program features : Program benefits : This program [&hellip;]","og_url":"https:\/\/expertbatiment.ca\/en\/programme-mesures-dexemplarite-de-letat\/","og_site_name":"EXPERTB\u00c2TIMENT","article_publisher":"https:\/\/www.facebook.com\/expertbatiment.ca","article_modified_time":"2025-02-05T15:44:25+00:00","twitter_card":"summary_large_image","twitter_misc":{"Est. reading time":"2 minutes"},"schema":{"@context":"https:\/\/schema.org","@graph":[{"@type":"WebPage","@id":"https:\/\/expertbatiment.ca\/en\/programme-mesures-dexemplarite-de-letat\/","url":"https:\/\/expertbatiment.ca\/en\/programme-mesures-dexemplarite-de-letat\/","name":"State exemplarity program - EXPERTB\u00c2TIMENT - Expertise, Ing\u00e9nierie, Laboratoire","isPartOf":{"@id":"https:\/\/expertbatiment.ca\/en\/#website"},"datePublished":"2024-11-11T20:03:48+00:00","dateModified":"2025-02-05T15:44:25+00:00","breadcrumb":{"@id":"https:\/\/expertbatiment.ca\/en\/programme-mesures-dexemplarite-de-letat\/#breadcrumb"},"inLanguage":"en-US","potentialAction":[{"@type":"ReadAction","target":["https:\/\/expertbatiment.ca\/en\/programme-mesures-dexemplarite-de-letat\/"]}]},{"@type":"BreadcrumbList","@id":"https:\/\/expertbatiment.ca\/en\/programme-mesures-dexemplarite-de-letat\/#breadcrumb","itemListElement":[{"@type":"ListItem","position":1,"name":"Home","item":"https:\/\/expertbatiment.ca\/en\/"},{"@type":"ListItem","position":2,"name":"State exemplarity program"}]},{"@type":"WebSite","@id":"https:\/\/expertbatiment.ca\/en\/#website","url":"https:\/\/expertbatiment.ca\/en\/","name":"EXPERTB\u00c2TIMENT","description":"Des services sp\u00e9cialis\u00e9s afin de garantir des b\u00e2timents sains, s\u00e9curitaires et durables.","publisher":{"@id":"https:\/\/expertbatiment.ca\/en\/#organization"},"potentialAction":[{"@type":"SearchAction","target":{"@type":"EntryPoint","urlTemplate":"https:\/\/expertbatiment.ca\/en\/?s={search_term_string}"},"query-input":{"@type":"PropertyValueSpecification","valueRequired":true,"valueName":"search_term_string"}}],"inLanguage":"en-US"},{"@type":"Organization","@id":"https:\/\/expertbatiment.ca\/en\/#organization","name":"Expertb\u00e2timent","url":"https:\/\/expertbatiment.ca\/en\/","logo":{"@type":"ImageObject","inLanguage":"en-US","@id":"https:\/\/expertbatiment.ca\/en\/#\/schema\/logo\/image\/","url":"https:\/\/expertbatiment.ca\/wp-content\/uploads\/2022\/06\/icon-ebc.png","contentUrl":"https:\/\/expertbatiment.ca\/wp-content\/uploads\/2022\/06\/icon-ebc.png","width":512,"height":512,"caption":"Expertb\u00e2timent"},"image":{"@id":"https:\/\/expertbatiment.ca\/en\/#\/schema\/logo\/image\/"},"sameAs":["https:\/\/www.facebook.com\/expertbatiment.ca","https:\/\/www.linkedin.com\/company\/expertbatiment-ca"]}]}},"uagb_featured_image_src":{"full":false,"thumbnail":false,"medium":false,"medium_large":false,"large":false,"1536x1536":false,"2048x2048":false,"featured-small":false,"featured-medium":false,"featured-large":false,"featured-xlarge":false,"fp-small":false,"fp-medium":false,"fp-large":false,"fp-xlarge":false,"menu-24x24":false,"menu-36x36":false,"menu-48x48":false},"uagb_author_info":{"display_name":"support informatique","author_link":"https:\/\/expertbatiment.ca\/en\/author\/support\/"},"uagb_comment_info":0,"uagb_excerpt":"The Mesures d&#8217;exemplarit\u00e9 de l&#8217;\u00c9tat programprogram, set up by Transition \u00e9nerg\u00e9tique Qu\u00e9bec, is aimed at public bodies and municipalities. The program aims to promote the adoption of stricter energy standards for new buildings and major renovations, by requiring energy performance that exceeds current standards. Main requirement: Key program features : Program benefits : This program&hellip;","_links":{"self":[{"href":"https:\/\/expertbatiment.ca\/en\/wp-json\/wp\/v2\/pages\/19694","targetHints":{"allow":["GET"]}}],"collection":[{"href":"https:\/\/expertbatiment.ca\/en\/wp-json\/wp\/v2\/pages"}],"about":[{"href":"https:\/\/expertbatiment.ca\/en\/wp-json\/wp\/v2\/types\/page"}],"author":[{"embeddable":true,"href":"https:\/\/expertbatiment.ca\/en\/wp-json\/wp\/v2\/users\/9"}],"replies":[{"embeddable":true,"href":"https:\/\/expertbatiment.ca\/en\/wp-json\/wp\/v2\/comments?post=19694"}],"version-history":[{"count":1,"href":"https:\/\/expertbatiment.ca\/en\/wp-json\/wp\/v2\/pages\/19694\/revisions"}],"predecessor-version":[{"id":19696,"href":"https:\/\/expertbatiment.ca\/en\/wp-json\/wp\/v2\/pages\/19694\/revisions\/19696"}],"wp:attachment":[{"href":"https:\/\/expertbatiment.ca\/en\/wp-json\/wp\/v2\/media?parent=19694"}],"curies":[{"name":"wp","href":"https:\/\/api.w.org\/{rel}","templated":true}]}}