{"id":2730,"date":"2017-01-21T01:53:54","date_gmt":"2017-01-21T06:53:54","guid":{"rendered":"https:\/\/expertbatiment.ca\/contact-us\/"},"modified":"2025-02-05T10:44:52","modified_gmt":"2025-02-05T15:44:52","slug":"contact-us","status":"publish","type":"page","link":"https:\/\/expertbatiment.ca\/en\/contact-us\/","title":{"rendered":"Contact us"},"content":{"rendered":"\t\t<div data-elementor-type=\"wp-page\" data-elementor-id=\"2730\" class=\"elementor elementor-2730 elementor-9\" data-elementor-post-type=\"page\">\n\t\t\t\t<div class=\"elementor-element elementor-element-b2a4377 e-flex e-con-boxed e-con e-parent\" data-id=\"b2a4377\" data-element_type=\"container\">\n\t\t\t\t\t<div class=\"e-con-inner\">\n\t\t\t\t<div class=\"elementor-element elementor-element-f2c81ff elementor-widget elementor-widget-spacer\" data-id=\"f2c81ff\" data-element_type=\"widget\" data-widget_type=\"spacer.default\">\n\t\t\t\t\t\t\t<div class=\"elementor-spacer\">\n\t\t\t<div class=\"elementor-spacer-inner\"><\/div>\n\t\t<\/div>\n\t\t\t\t\t\t<\/div>\n\t\t\t\t<div class=\"elementor-element elementor-element-88e9a0f elementor-widget elementor-widget-spacer\" data-id=\"88e9a0f\" data-element_type=\"widget\" data-widget_type=\"spacer.default\">\n\t\t\t\t\t\t\t<div class=\"elementor-spacer\">\n\t\t\t<div class=\"elementor-spacer-inner\"><\/div>\n\t\t<\/div>\n\t\t\t\t\t\t<\/div>\n\t\t\t\t<div class=\"elementor-element elementor-element-981be6d elementor-widget elementor-widget-page-title\" data-id=\"981be6d\" data-element_type=\"widget\" data-widget_type=\"page-title.default\">\n\t\t\t\t<div class=\"elementor-widget-container\">\n\t\t\t\t\t\t\t\n\t\t<div class=\"hfe-page-title hfe-page-title-wrapper elementor-widget-heading\">\n\n\t\t\t\t\t\t\t\t\t\t\t<a href=\"https:\/\/expertbatiment.ca\/en\/\">\n\t\t\t\t\t\t<h1 class=\"elementor-heading-title elementor-size-default\">\n\t\t\t\t\t\t\t\t\n\t\t\t\tContact us  \n\t\t\t<\/h1 > \n\t\t\t\t\t\t\t\t\t<\/a>\n\t\t\t\t\t<\/div>\n\t\t\t\t\t\t<\/div>\n\t\t\t\t<\/div>\n\t\t\t\t<div class=\"elementor-element elementor-element-25943cd elementor-widget elementor-widget-breadcrumbs\" data-id=\"25943cd\" data-element_type=\"widget\" data-widget_type=\"breadcrumbs.default\">\n\t\t\t\t\t<p id=\"breadcrumbs\"><span><span><a href=\"https:\/\/expertbatiment.ca\/en\/\">Home<\/a><\/span><\/span><\/p>\t\t\t\t<\/div>\n\t\t<div class=\"elementor-element elementor-element-f2e4f78 e-grid e-con-full e-con e-child\" data-id=\"f2e4f78\" data-element_type=\"container\">\n\t\t\t\t<div class=\"elementor-element elementor-element-f3132a9 elementor-widget elementor-widget-text-editor\" data-id=\"f3132a9\" data-element_type=\"widget\" data-widget_type=\"text-editor.default\">\n\t\t\t\t\t\t\t\t\t<div class=\"wp-block-columns\">\n<div class=\"wp-block-column\" style=\"flex-basis: 100%;\">\n<div class=\"wp-block-columns\">\n<div class=\"wp-block-column\" style=\"flex-basis: 33.33%;\">\n<div class=\"wp-block-group\">\n<h5 id=\"block-3864c227-f92f-45d9-b441-f10c7e6a2df8\"><strong>Joliette | Expertise &amp; Engineering<\/strong><\/h5>\n<p>84, rue de la Visitation<br \/>Saint-Charles-Borrom\u00e9e (QC) J6E 4M8<\/p>\n<p>Toll free: 1 888 883-0432<\/p>\n<\/div>\n<div class=\"wp-block-group\">\n<p>Telephone: 450 759-1115<\/p>\n<p>Fax: 450 759-1107<\/p>\n<p>E-mail: <a href=\"mailto:info@expertbatiment.ca\">info@expertbatiment.ca<\/a><\/p>\n<h5> <\/h5>\n<h5><strong>Saint-J\u00e9r\u00f4me | Energy efficiency<\/strong><\/h5>\n<p>888, rue Saint-Georges<br \/>Saint-J\u00e9r\u00f4me (QC) J7Z 5E5<\/p>\n<p>Telephone: 450 592-5123<\/p>\n<p>&#8211; <strong>Renoclimat<\/strong><br \/> evaluation@expertbatiment.ca<\/p>\n<p>&#8211; <strong>\u00c9conologis<\/strong><br \/> 1 844 303-7333<br \/> <a href=\"mailto:econologis@expertbatiment.ca\">econologis@expertbatiment.ca<\/a><\/p>\n<\/div>\n<h5> <\/h5>\n<h5><strong>Quebec City Office<\/strong><\/h5>\n<p>2-2417 route Lagueux, L\u00e9vis, G6J1Z1<\/p>\n<\/div>\n<\/div>\n<\/div>\n<\/div>\n\t\t\t\t\t\t\t\t<\/div>\n\t\t\t\t<div class=\"elementor-element elementor-element-1025f22 elementor-widget elementor-widget-text-editor\" data-id=\"1025f22\" data-element_type=\"widget\" data-widget_type=\"text-editor.default\">\n\t\t\t\t\t\t\t\t\t<div class=\"wp-block-columns\">\n<div class=\"wp-block-column\" style=\"flex-basis: 100%;\">\n<div class=\"wp-block-columns\">\n<div class=\"wp-block-column\" style=\"flex-basis: 33.33%;\">\n<div class=\"wp-block-group\"> <\/div>\n<\/div>\n<div class=\"wp-block-column is-vertically-aligned-top\" style=\"flex-basis: 66.66%;\"><iframe style=\"border: 2;\" data-src=\"https:\/\/www.google.com\/maps\/embed?pb=!1m18!1m12!1m3!1d2769.565593030254!2d-73.44820068421888!3d46.03981570287031!2m3!1f0!2f0!3f0!3m2!1i1024!2i768!4f13.1!3m3!1m2!1s0x4cc8bdabae4f874d%3A0xd765959fb2eac9aa!2s84%20Rue%20de%20la%20Visitation%2C%20Saint-Charles-Borrom%C3%A9e%2C%20QC%20J6E%204M8!5e0!3m2!1sfr!2sca!4v1644526339168!5m2!1sfr!2sca\" width=\"650\" height=\"300\" allowfullscreen=\"allowfullscreen\" src=\"data:image\/svg+xml;base64,PHN2ZyB3aWR0aD0iMSIgaGVpZ2h0PSIxIiB4bWxucz0iaHR0cDovL3d3dy53My5vcmcvMjAwMC9zdmciPjwvc3ZnPg==\" class=\"lazyload\" data-load-mode=\"1\"><\/iframe> <iframe style=\"border: 2;\" data-src=\"https:\/\/www.google.com\/maps\/embed?pb=!1m18!1m12!1m3!1d2781.9774686977335!2d-74.00767778422508!3d45.79167911955248!2m3!1f0!2f0!3f0!3m2!1i1024!2i768!4f13.1!3m3!1m2!1s0x4ccf2c94b8b912ff%3A0xa8080d0b06215618!2s888%20Rue%20St%20Georges%2C%20Saint-J%C3%A9r%C3%B4me%2C%20QC%20J7Z%205E5!5e0!3m2!1sfr!2sca!4v1644526532399!5m2!1sfr!2sca\" width=\"650\" height=\"300\" allowfullscreen=\"allowfullscreen\" src=\"data:image\/svg+xml;base64,PHN2ZyB3aWR0aD0iMSIgaGVpZ2h0PSIxIiB4bWxucz0iaHR0cDovL3d3dy53My5vcmcvMjAwMC9zdmciPjwvc3ZnPg==\" class=\"lazyload\" data-load-mode=\"1\"><\/iframe> <\/div>\n<\/div>\n<\/div>\n<\/div>\t\t\t\t\t\t\t\t<\/div>\n\t\t\t\t<\/div>\n\t\t\t\t\t<\/div>\n\t\t\t\t<\/div>\n\t\t\t\t<\/div>\n\t\t","protected":false},"excerpt":{"rendered":"<p>Joliette | Expertise &amp; Engineering 84, rue de la VisitationSaint-Charles-Borrom\u00e9e (QC) J6E 4M8 Toll free: 1 888 883-0432 Telephone: 450 759-1115 Fax: 450 759-1107 E-mail: info@expertbatiment.ca Saint-J\u00e9r\u00f4me | Energy efficiency 888, rue Saint-GeorgesSaint-J\u00e9r\u00f4me (QC) J7Z 5E5 Telephone: 450 592-5123 &#8211; Renoclimat evaluation@expertbatiment.ca &#8211; \u00c9conologis 1 844 303-7333 econologis@expertbatiment.ca Quebec City Office 2-2417 route Lagueux, L\u00e9vis, [&hellip;]<\/p>\n","protected":false},"author":9,"featured_media":0,"parent":0,"menu_order":0,"comment_status":"closed","ping_status":"closed","template":"","meta":{"_acf_changed":false,"_uag_custom_page_level_css":"","footnotes":""},"class_list":["post-2730","page","type-page","status-publish","hentry"],"acf":[],"yoast_head":"<!-- This site is optimized with the Yoast SEO plugin v27.4 - https:\/\/yoast.com\/product\/yoast-seo-wordpress\/ -->\n<title>Contact us - EXPERTB\u00c2TIMENT - Expertise, Engineering, Laboratory<\/title>\n<meta name=\"description\" content=\"Contact us by email info@expertbatiment.ca or by phone 1-888-883-0432 for any questions or comments about our services.\" \/>\n<meta name=\"robots\" content=\"index, follow, max-snippet:-1, max-image-preview:large, max-video-preview:-1\" \/>\n<link rel=\"canonical\" href=\"https:\/\/expertbatiment.ca\/en\/contact-us\/\" \/>\n<meta property=\"og:locale\" content=\"en_US\" \/>\n<meta property=\"og:type\" content=\"article\" \/>\n<meta property=\"og:title\" content=\"Contact us - EXPERTB\u00c2TIMENT - Expertise, Engineering, Laboratory\" \/>\n<meta property=\"og:description\" content=\"Contact us by email info@expertbatiment.ca or by phone 1-888-883-0432 for any questions or comments about our services.\" \/>\n<meta property=\"og:url\" content=\"https:\/\/expertbatiment.ca\/en\/contact-us\/\" \/>\n<meta property=\"og:site_name\" content=\"EXPERTB\u00c2TIMENT\" \/>\n<meta property=\"article:publisher\" content=\"https:\/\/www.facebook.com\/expertbatiment.ca\" \/>\n<meta property=\"article:modified_time\" content=\"2025-02-05T15:44:52+00:00\" \/>\n<meta name=\"twitter:card\" content=\"summary_large_image\" \/>\n<meta name=\"twitter:label1\" content=\"Est. reading time\" \/>\n\t<meta name=\"twitter:data1\" content=\"1 minute\" \/>\n<script type=\"application\/ld+json\" class=\"yoast-schema-graph\">{\"@context\":\"https:\\\/\\\/schema.org\",\"@graph\":[{\"@type\":\"WebPage\",\"@id\":\"https:\\\/\\\/expertbatiment.ca\\\/en\\\/contact-us\\\/\",\"url\":\"https:\\\/\\\/expertbatiment.ca\\\/en\\\/contact-us\\\/\",\"name\":\"Contact us - EXPERTB\u00c2TIMENT - Expertise, Engineering, Laboratory\",\"isPartOf\":{\"@id\":\"https:\\\/\\\/expertbatiment.ca\\\/en\\\/#website\"},\"datePublished\":\"2017-01-21T06:53:54+00:00\",\"dateModified\":\"2025-02-05T15:44:52+00:00\",\"description\":\"Contact us by email info@expertbatiment.ca or by phone 1-888-883-0432 for any questions or comments about our services.\",\"breadcrumb\":{\"@id\":\"https:\\\/\\\/expertbatiment.ca\\\/en\\\/contact-us\\\/#breadcrumb\"},\"inLanguage\":\"en-US\",\"potentialAction\":[{\"@type\":\"ReadAction\",\"target\":[\"https:\\\/\\\/expertbatiment.ca\\\/en\\\/contact-us\\\/\"]}]},{\"@type\":\"BreadcrumbList\",\"@id\":\"https:\\\/\\\/expertbatiment.ca\\\/en\\\/contact-us\\\/#breadcrumb\",\"itemListElement\":[{\"@type\":\"ListItem\",\"position\":1,\"name\":\"Home\",\"item\":\"https:\\\/\\\/expertbatiment.ca\\\/en\\\/\"},{\"@type\":\"ListItem\",\"position\":2,\"name\":\"Contact us\"}]},{\"@type\":\"WebSite\",\"@id\":\"https:\\\/\\\/expertbatiment.ca\\\/en\\\/#website\",\"url\":\"https:\\\/\\\/expertbatiment.ca\\\/en\\\/\",\"name\":\"EXPERTB\u00c2TIMENT\",\"description\":\"Des services sp\u00e9cialis\u00e9s afin de garantir des b\u00e2timents sains, s\u00e9curitaires et durables.\",\"publisher\":{\"@id\":\"https:\\\/\\\/expertbatiment.ca\\\/en\\\/#organization\"},\"potentialAction\":[{\"@type\":\"SearchAction\",\"target\":{\"@type\":\"EntryPoint\",\"urlTemplate\":\"https:\\\/\\\/expertbatiment.ca\\\/en\\\/?s={search_term_string}\"},\"query-input\":{\"@type\":\"PropertyValueSpecification\",\"valueRequired\":true,\"valueName\":\"search_term_string\"}}],\"inLanguage\":\"en-US\"},{\"@type\":\"Organization\",\"@id\":\"https:\\\/\\\/expertbatiment.ca\\\/en\\\/#organization\",\"name\":\"Expertb\u00e2timent\",\"url\":\"https:\\\/\\\/expertbatiment.ca\\\/en\\\/\",\"logo\":{\"@type\":\"ImageObject\",\"inLanguage\":\"en-US\",\"@id\":\"https:\\\/\\\/expertbatiment.ca\\\/en\\\/#\\\/schema\\\/logo\\\/image\\\/\",\"url\":\"https:\\\/\\\/expertbatiment.ca\\\/wp-content\\\/uploads\\\/2022\\\/06\\\/icon-ebc.png\",\"contentUrl\":\"https:\\\/\\\/expertbatiment.ca\\\/wp-content\\\/uploads\\\/2022\\\/06\\\/icon-ebc.png\",\"width\":512,\"height\":512,\"caption\":\"Expertb\u00e2timent\"},\"image\":{\"@id\":\"https:\\\/\\\/expertbatiment.ca\\\/en\\\/#\\\/schema\\\/logo\\\/image\\\/\"},\"sameAs\":[\"https:\\\/\\\/www.facebook.com\\\/expertbatiment.ca\",\"https:\\\/\\\/www.linkedin.com\\\/company\\\/expertbatiment-ca\"]}]}<\/script>\n<!-- \/ Yoast SEO plugin. -->","yoast_head_json":{"title":"Contact us - EXPERTB\u00c2TIMENT - Expertise, Engineering, Laboratory","description":"Contact us by email info@expertbatiment.ca or by phone 1-888-883-0432 for any questions or comments about our services.","robots":{"index":"index","follow":"follow","max-snippet":"max-snippet:-1","max-image-preview":"max-image-preview:large","max-video-preview":"max-video-preview:-1"},"canonical":"https:\/\/expertbatiment.ca\/en\/contact-us\/","og_locale":"en_US","og_type":"article","og_title":"Contact us - EXPERTB\u00c2TIMENT - Expertise, Engineering, Laboratory","og_description":"Contact us by email info@expertbatiment.ca or by phone 1-888-883-0432 for any questions or comments about our services.","og_url":"https:\/\/expertbatiment.ca\/en\/contact-us\/","og_site_name":"EXPERTB\u00c2TIMENT","article_publisher":"https:\/\/www.facebook.com\/expertbatiment.ca","article_modified_time":"2025-02-05T15:44:52+00:00","twitter_card":"summary_large_image","twitter_misc":{"Est. reading time":"1 minute"},"schema":{"@context":"https:\/\/schema.org","@graph":[{"@type":"WebPage","@id":"https:\/\/expertbatiment.ca\/en\/contact-us\/","url":"https:\/\/expertbatiment.ca\/en\/contact-us\/","name":"Contact us - EXPERTB\u00c2TIMENT - Expertise, Engineering, Laboratory","isPartOf":{"@id":"https:\/\/expertbatiment.ca\/en\/#website"},"datePublished":"2017-01-21T06:53:54+00:00","dateModified":"2025-02-05T15:44:52+00:00","description":"Contact us by email info@expertbatiment.ca or by phone 1-888-883-0432 for any questions or comments about our services.","breadcrumb":{"@id":"https:\/\/expertbatiment.ca\/en\/contact-us\/#breadcrumb"},"inLanguage":"en-US","potentialAction":[{"@type":"ReadAction","target":["https:\/\/expertbatiment.ca\/en\/contact-us\/"]}]},{"@type":"BreadcrumbList","@id":"https:\/\/expertbatiment.ca\/en\/contact-us\/#breadcrumb","itemListElement":[{"@type":"ListItem","position":1,"name":"Home","item":"https:\/\/expertbatiment.ca\/en\/"},{"@type":"ListItem","position":2,"name":"Contact us"}]},{"@type":"WebSite","@id":"https:\/\/expertbatiment.ca\/en\/#website","url":"https:\/\/expertbatiment.ca\/en\/","name":"EXPERTB\u00c2TIMENT","description":"Des services sp\u00e9cialis\u00e9s afin de garantir des b\u00e2timents sains, s\u00e9curitaires et durables.","publisher":{"@id":"https:\/\/expertbatiment.ca\/en\/#organization"},"potentialAction":[{"@type":"SearchAction","target":{"@type":"EntryPoint","urlTemplate":"https:\/\/expertbatiment.ca\/en\/?s={search_term_string}"},"query-input":{"@type":"PropertyValueSpecification","valueRequired":true,"valueName":"search_term_string"}}],"inLanguage":"en-US"},{"@type":"Organization","@id":"https:\/\/expertbatiment.ca\/en\/#organization","name":"Expertb\u00e2timent","url":"https:\/\/expertbatiment.ca\/en\/","logo":{"@type":"ImageObject","inLanguage":"en-US","@id":"https:\/\/expertbatiment.ca\/en\/#\/schema\/logo\/image\/","url":"https:\/\/expertbatiment.ca\/wp-content\/uploads\/2022\/06\/icon-ebc.png","contentUrl":"https:\/\/expertbatiment.ca\/wp-content\/uploads\/2022\/06\/icon-ebc.png","width":512,"height":512,"caption":"Expertb\u00e2timent"},"image":{"@id":"https:\/\/expertbatiment.ca\/en\/#\/schema\/logo\/image\/"},"sameAs":["https:\/\/www.facebook.com\/expertbatiment.ca","https:\/\/www.linkedin.com\/company\/expertbatiment-ca"]}]}},"uagb_featured_image_src":{"full":false,"thumbnail":false,"medium":false,"medium_large":false,"large":false,"1536x1536":false,"2048x2048":false,"featured-small":false,"featured-medium":false,"featured-large":false,"featured-xlarge":false,"fp-small":false,"fp-medium":false,"fp-large":false,"fp-xlarge":false,"menu-24x24":false,"menu-36x36":false,"menu-48x48":false},"uagb_author_info":{"display_name":"support informatique","author_link":"https:\/\/expertbatiment.ca\/en\/author\/support\/"},"uagb_comment_info":0,"uagb_excerpt":"Joliette | Expertise &amp; Engineering 84, rue de la VisitationSaint-Charles-Borrom\u00e9e (QC) J6E 4M8 Toll free: 1 888 883-0432 Telephone: 450 759-1115 Fax: 450 759-1107 E-mail: info@expertbatiment.ca Saint-J\u00e9r\u00f4me | Energy efficiency 888, rue Saint-GeorgesSaint-J\u00e9r\u00f4me (QC) J7Z 5E5 Telephone: 450 592-5123 &#8211; Renoclimat evaluation@expertbatiment.ca &#8211; \u00c9conologis 1 844 303-7333 econologis@expertbatiment.ca Quebec City Office 2-2417 route Lagueux, L\u00e9vis,&hellip;","_links":{"self":[{"href":"https:\/\/expertbatiment.ca\/en\/wp-json\/wp\/v2\/pages\/2730","targetHints":{"allow":["GET"]}}],"collection":[{"href":"https:\/\/expertbatiment.ca\/en\/wp-json\/wp\/v2\/pages"}],"about":[{"href":"https:\/\/expertbatiment.ca\/en\/wp-json\/wp\/v2\/types\/page"}],"author":[{"embeddable":true,"href":"https:\/\/expertbatiment.ca\/en\/wp-json\/wp\/v2\/users\/9"}],"replies":[{"embeddable":true,"href":"https:\/\/expertbatiment.ca\/en\/wp-json\/wp\/v2\/comments?post=2730"}],"version-history":[{"count":22,"href":"https:\/\/expertbatiment.ca\/en\/wp-json\/wp\/v2\/pages\/2730\/revisions"}],"predecessor-version":[{"id":19760,"href":"https:\/\/expertbatiment.ca\/en\/wp-json\/wp\/v2\/pages\/2730\/revisions\/19760"}],"wp:attachment":[{"href":"https:\/\/expertbatiment.ca\/en\/wp-json\/wp\/v2\/media?parent=2730"}],"curies":[{"name":"wp","href":"https:\/\/api.w.org\/{rel}","templated":true}]}}