{"id":2733,"date":"2017-02-03T23:04:38","date_gmt":"2017-02-04T04:04:38","guid":{"rendered":"https:\/\/expertbatiment.ca\/project-management\/"},"modified":"2025-02-05T10:44:54","modified_gmt":"2025-02-05T15:44:54","slug":"project-management","status":"publish","type":"page","link":"https:\/\/expertbatiment.ca\/en\/expertise\/project-management\/","title":{"rendered":"Project management"},"content":{"rendered":"\n<p>The experience acquired over the years by our team will put you at ease. All the required forces are gathered in order to simplify the steps of your project. <\/p>\n\n<p>Our engineers and our various technologists, members of professional orders, are mandated daily to plan, develop, design and manage various projects in the residential, industrial, commercial and institutional sectors.<\/p>\n\n<p>We can draw up the appropriate plans and specifications, estimate the cost of the work and make the necessary recommendations to building contractors. Rest assured that our experts will be able to solve the various technical challenges you will encounter and will ensure that the work is carried out smoothly throughout the duration of your project.<\/p>\n\n<p>Whether it&#8217;s a new construction, a renovation, an expansion or work after a disaster, we can offer you all the technical support you need to make your project a reality.<\/p>\n\n<p>The know-how of our team allows us to develop innovative solutions adapted to specific situations.<\/p>\n","protected":false},"excerpt":{"rendered":"<p>The experience acquired over the years by our team will put you at ease. All the required forces are gathered in order to simplify the steps of your project. Our engineers and our various technologists, members of professional orders, are mandated daily to plan, develop, design and manage various projects in the residential, industrial, commercial [&hellip;]<\/p>\n","protected":false},"author":9,"featured_media":2596,"parent":2734,"menu_order":0,"comment_status":"closed","ping_status":"closed","template":"page-templates\/service.php","meta":{"_acf_changed":false,"_uag_custom_page_level_css":"","footnotes":""},"class_list":["post-2733","page","type-page","status-publish","has-post-thumbnail","hentry"],"acf":[],"yoast_head":"<!-- This site is optimized with the Yoast SEO plugin v27.4 - https:\/\/yoast.com\/product\/yoast-seo-wordpress\/ -->\n<title>Project management - EXPERTB\u00c2TIMENT - Expertise, Engineering, Laboratory<\/title>\n<meta name=\"description\" content=\"Project management, building engineering services. Contact EXPERTBUILDING immediately for information on this service 1-888-883-0432\" \/>\n<meta name=\"robots\" content=\"index, follow, max-snippet:-1, max-image-preview:large, max-video-preview:-1\" \/>\n<link rel=\"canonical\" href=\"https:\/\/expertbatiment.ca\/en\/expertise\/project-management\/\" \/>\n<meta property=\"og:locale\" content=\"en_US\" \/>\n<meta property=\"og:type\" content=\"article\" \/>\n<meta property=\"og:title\" content=\"Project management - EXPERTB\u00c2TIMENT - Expertise, Engineering, Laboratory\" \/>\n<meta property=\"og:description\" content=\"Project management, building engineering services. Contact EXPERTBUILDING immediately for information on this service 1-888-883-0432\" \/>\n<meta property=\"og:url\" content=\"https:\/\/expertbatiment.ca\/en\/expertise\/project-management\/\" \/>\n<meta property=\"og:site_name\" content=\"EXPERTB\u00c2TIMENT\" \/>\n<meta property=\"article:publisher\" content=\"https:\/\/www.facebook.com\/expertbatiment.ca\" \/>\n<meta property=\"article:modified_time\" content=\"2025-02-05T15:44:54+00:00\" \/>\n<meta property=\"og:image\" content=\"https:\/\/expertbatiment.ca\/wp-content\/uploads\/2021\/01\/Bandeaux_2000x600-1.jpg\" \/>\n\t<meta property=\"og:image:width\" content=\"2000\" \/>\n\t<meta property=\"og:image:height\" content=\"600\" \/>\n\t<meta property=\"og:image:type\" content=\"image\/jpeg\" \/>\n<meta name=\"twitter:card\" content=\"summary_large_image\" \/>\n<meta name=\"twitter:label1\" content=\"Est. reading time\" \/>\n\t<meta name=\"twitter:data1\" content=\"2 minutes\" \/>\n<script type=\"application\/ld+json\" class=\"yoast-schema-graph\">{\"@context\":\"https:\\\/\\\/schema.org\",\"@graph\":[{\"@type\":\"WebPage\",\"@id\":\"https:\\\/\\\/expertbatiment.ca\\\/en\\\/expertise\\\/project-management\\\/\",\"url\":\"https:\\\/\\\/expertbatiment.ca\\\/en\\\/expertise\\\/project-management\\\/\",\"name\":\"Project management - EXPERTB\u00c2TIMENT - Expertise, Engineering, Laboratory\",\"isPartOf\":{\"@id\":\"https:\\\/\\\/expertbatiment.ca\\\/en\\\/#website\"},\"primaryImageOfPage\":{\"@id\":\"https:\\\/\\\/expertbatiment.ca\\\/en\\\/expertise\\\/project-management\\\/#primaryimage\"},\"image\":{\"@id\":\"https:\\\/\\\/expertbatiment.ca\\\/en\\\/expertise\\\/project-management\\\/#primaryimage\"},\"thumbnailUrl\":\"https:\\\/\\\/expertbatiment.ca\\\/wp-content\\\/uploads\\\/2021\\\/01\\\/Bandeaux_2000x600-1.jpg\",\"datePublished\":\"2017-02-04T04:04:38+00:00\",\"dateModified\":\"2025-02-05T15:44:54+00:00\",\"description\":\"Project management, building engineering services. Contact EXPERTBUILDING immediately for information on this service 1-888-883-0432\",\"breadcrumb\":{\"@id\":\"https:\\\/\\\/expertbatiment.ca\\\/en\\\/expertise\\\/project-management\\\/#breadcrumb\"},\"inLanguage\":\"en-US\",\"potentialAction\":[{\"@type\":\"ReadAction\",\"target\":[\"https:\\\/\\\/expertbatiment.ca\\\/en\\\/expertise\\\/project-management\\\/\"]}]},{\"@type\":\"ImageObject\",\"inLanguage\":\"en-US\",\"@id\":\"https:\\\/\\\/expertbatiment.ca\\\/en\\\/expertise\\\/project-management\\\/#primaryimage\",\"url\":\"https:\\\/\\\/expertbatiment.ca\\\/wp-content\\\/uploads\\\/2021\\\/01\\\/Bandeaux_2000x600-1.jpg\",\"contentUrl\":\"https:\\\/\\\/expertbatiment.ca\\\/wp-content\\\/uploads\\\/2021\\\/01\\\/Bandeaux_2000x600-1.jpg\",\"width\":2000,\"height\":600},{\"@type\":\"BreadcrumbList\",\"@id\":\"https:\\\/\\\/expertbatiment.ca\\\/en\\\/expertise\\\/project-management\\\/#breadcrumb\",\"itemListElement\":[{\"@type\":\"ListItem\",\"position\":1,\"name\":\"Home\",\"item\":\"https:\\\/\\\/expertbatiment.ca\\\/en\\\/\"},{\"@type\":\"ListItem\",\"position\":2,\"name\":\"Expertise and engineering\",\"item\":\"https:\\\/\\\/expertbatiment.ca\\\/en\\\/expertise\\\/\"},{\"@type\":\"ListItem\",\"position\":3,\"name\":\"Project management\"}]},{\"@type\":\"WebSite\",\"@id\":\"https:\\\/\\\/expertbatiment.ca\\\/en\\\/#website\",\"url\":\"https:\\\/\\\/expertbatiment.ca\\\/en\\\/\",\"name\":\"EXPERTB\u00c2TIMENT\",\"description\":\"Des services sp\u00e9cialis\u00e9s afin de garantir des b\u00e2timents sains, s\u00e9curitaires et durables.\",\"publisher\":{\"@id\":\"https:\\\/\\\/expertbatiment.ca\\\/en\\\/#organization\"},\"potentialAction\":[{\"@type\":\"SearchAction\",\"target\":{\"@type\":\"EntryPoint\",\"urlTemplate\":\"https:\\\/\\\/expertbatiment.ca\\\/en\\\/?s={search_term_string}\"},\"query-input\":{\"@type\":\"PropertyValueSpecification\",\"valueRequired\":true,\"valueName\":\"search_term_string\"}}],\"inLanguage\":\"en-US\"},{\"@type\":\"Organization\",\"@id\":\"https:\\\/\\\/expertbatiment.ca\\\/en\\\/#organization\",\"name\":\"Expertb\u00e2timent\",\"url\":\"https:\\\/\\\/expertbatiment.ca\\\/en\\\/\",\"logo\":{\"@type\":\"ImageObject\",\"inLanguage\":\"en-US\",\"@id\":\"https:\\\/\\\/expertbatiment.ca\\\/en\\\/#\\\/schema\\\/logo\\\/image\\\/\",\"url\":\"https:\\\/\\\/expertbatiment.ca\\\/wp-content\\\/uploads\\\/2022\\\/06\\\/icon-ebc.png\",\"contentUrl\":\"https:\\\/\\\/expertbatiment.ca\\\/wp-content\\\/uploads\\\/2022\\\/06\\\/icon-ebc.png\",\"width\":512,\"height\":512,\"caption\":\"Expertb\u00e2timent\"},\"image\":{\"@id\":\"https:\\\/\\\/expertbatiment.ca\\\/en\\\/#\\\/schema\\\/logo\\\/image\\\/\"},\"sameAs\":[\"https:\\\/\\\/www.facebook.com\\\/expertbatiment.ca\",\"https:\\\/\\\/www.linkedin.com\\\/company\\\/expertbatiment-ca\"]}]}<\/script>\n<!-- \/ Yoast SEO plugin. -->","yoast_head_json":{"title":"Project management - EXPERTB\u00c2TIMENT - Expertise, Engineering, Laboratory","description":"Project management, building engineering services. Contact EXPERTBUILDING immediately for information on this service 1-888-883-0432","robots":{"index":"index","follow":"follow","max-snippet":"max-snippet:-1","max-image-preview":"max-image-preview:large","max-video-preview":"max-video-preview:-1"},"canonical":"https:\/\/expertbatiment.ca\/en\/expertise\/project-management\/","og_locale":"en_US","og_type":"article","og_title":"Project management - EXPERTB\u00c2TIMENT - Expertise, Engineering, Laboratory","og_description":"Project management, building engineering services. Contact EXPERTBUILDING immediately for information on this service 1-888-883-0432","og_url":"https:\/\/expertbatiment.ca\/en\/expertise\/project-management\/","og_site_name":"EXPERTB\u00c2TIMENT","article_publisher":"https:\/\/www.facebook.com\/expertbatiment.ca","article_modified_time":"2025-02-05T15:44:54+00:00","og_image":[{"width":2000,"height":600,"url":"https:\/\/expertbatiment.ca\/wp-content\/uploads\/2021\/01\/Bandeaux_2000x600-1.jpg","type":"image\/jpeg"}],"twitter_card":"summary_large_image","twitter_misc":{"Est. reading time":"2 minutes"},"schema":{"@context":"https:\/\/schema.org","@graph":[{"@type":"WebPage","@id":"https:\/\/expertbatiment.ca\/en\/expertise\/project-management\/","url":"https:\/\/expertbatiment.ca\/en\/expertise\/project-management\/","name":"Project management - EXPERTB\u00c2TIMENT - Expertise, Engineering, Laboratory","isPartOf":{"@id":"https:\/\/expertbatiment.ca\/en\/#website"},"primaryImageOfPage":{"@id":"https:\/\/expertbatiment.ca\/en\/expertise\/project-management\/#primaryimage"},"image":{"@id":"https:\/\/expertbatiment.ca\/en\/expertise\/project-management\/#primaryimage"},"thumbnailUrl":"https:\/\/expertbatiment.ca\/wp-content\/uploads\/2021\/01\/Bandeaux_2000x600-1.jpg","datePublished":"2017-02-04T04:04:38+00:00","dateModified":"2025-02-05T15:44:54+00:00","description":"Project management, building engineering services. Contact EXPERTBUILDING immediately for information on this service 1-888-883-0432","breadcrumb":{"@id":"https:\/\/expertbatiment.ca\/en\/expertise\/project-management\/#breadcrumb"},"inLanguage":"en-US","potentialAction":[{"@type":"ReadAction","target":["https:\/\/expertbatiment.ca\/en\/expertise\/project-management\/"]}]},{"@type":"ImageObject","inLanguage":"en-US","@id":"https:\/\/expertbatiment.ca\/en\/expertise\/project-management\/#primaryimage","url":"https:\/\/expertbatiment.ca\/wp-content\/uploads\/2021\/01\/Bandeaux_2000x600-1.jpg","contentUrl":"https:\/\/expertbatiment.ca\/wp-content\/uploads\/2021\/01\/Bandeaux_2000x600-1.jpg","width":2000,"height":600},{"@type":"BreadcrumbList","@id":"https:\/\/expertbatiment.ca\/en\/expertise\/project-management\/#breadcrumb","itemListElement":[{"@type":"ListItem","position":1,"name":"Home","item":"https:\/\/expertbatiment.ca\/en\/"},{"@type":"ListItem","position":2,"name":"Expertise and engineering","item":"https:\/\/expertbatiment.ca\/en\/expertise\/"},{"@type":"ListItem","position":3,"name":"Project management"}]},{"@type":"WebSite","@id":"https:\/\/expertbatiment.ca\/en\/#website","url":"https:\/\/expertbatiment.ca\/en\/","name":"EXPERTB\u00c2TIMENT","description":"Des services sp\u00e9cialis\u00e9s afin de garantir des b\u00e2timents sains, s\u00e9curitaires et durables.","publisher":{"@id":"https:\/\/expertbatiment.ca\/en\/#organization"},"potentialAction":[{"@type":"SearchAction","target":{"@type":"EntryPoint","urlTemplate":"https:\/\/expertbatiment.ca\/en\/?s={search_term_string}"},"query-input":{"@type":"PropertyValueSpecification","valueRequired":true,"valueName":"search_term_string"}}],"inLanguage":"en-US"},{"@type":"Organization","@id":"https:\/\/expertbatiment.ca\/en\/#organization","name":"Expertb\u00e2timent","url":"https:\/\/expertbatiment.ca\/en\/","logo":{"@type":"ImageObject","inLanguage":"en-US","@id":"https:\/\/expertbatiment.ca\/en\/#\/schema\/logo\/image\/","url":"https:\/\/expertbatiment.ca\/wp-content\/uploads\/2022\/06\/icon-ebc.png","contentUrl":"https:\/\/expertbatiment.ca\/wp-content\/uploads\/2022\/06\/icon-ebc.png","width":512,"height":512,"caption":"Expertb\u00e2timent"},"image":{"@id":"https:\/\/expertbatiment.ca\/en\/#\/schema\/logo\/image\/"},"sameAs":["https:\/\/www.facebook.com\/expertbatiment.ca","https:\/\/www.linkedin.com\/company\/expertbatiment-ca"]}]}},"uagb_featured_image_src":{"full":["https:\/\/expertbatiment.ca\/wp-content\/uploads\/2021\/01\/Bandeaux_2000x600-1.jpg",2000,600,false],"thumbnail":["https:\/\/expertbatiment.ca\/wp-content\/uploads\/2021\/01\/Bandeaux_2000x600-1-150x150.jpg",150,150,true],"medium":["https:\/\/expertbatiment.ca\/wp-content\/uploads\/2021\/01\/Bandeaux_2000x600-1-300x90.jpg",300,90,true],"medium_large":["https:\/\/expertbatiment.ca\/wp-content\/uploads\/2021\/01\/Bandeaux_2000x600-1-768x230.jpg",768,230,true],"large":["https:\/\/expertbatiment.ca\/wp-content\/uploads\/2021\/01\/Bandeaux_2000x600-1-1024x307.jpg",1024,307,true],"1536x1536":["https:\/\/expertbatiment.ca\/wp-content\/uploads\/2021\/01\/Bandeaux_2000x600-1-1536x461.jpg",1536,461,true],"2048x2048":["https:\/\/expertbatiment.ca\/wp-content\/uploads\/2021\/01\/Bandeaux_2000x600-1.jpg",2000,600,false],"featured-small":["https:\/\/expertbatiment.ca\/wp-content\/uploads\/2021\/01\/Bandeaux_2000x600-1-640x200.jpg",640,200,true],"featured-medium":["https:\/\/expertbatiment.ca\/wp-content\/uploads\/2021\/01\/Bandeaux_2000x600-1-1280x400.jpg",1280,400,true],"featured-large":["https:\/\/expertbatiment.ca\/wp-content\/uploads\/2021\/01\/Bandeaux_2000x600-1-1440x400.jpg",1440,400,true],"featured-xlarge":["https:\/\/expertbatiment.ca\/wp-content\/uploads\/2021\/01\/Bandeaux_2000x600-1-1920x400.jpg",1920,400,true],"fp-small":["https:\/\/expertbatiment.ca\/wp-content\/uploads\/2021\/01\/Bandeaux_2000x600-1-640x192.jpg",640,192,true],"fp-medium":["https:\/\/expertbatiment.ca\/wp-content\/uploads\/2021\/01\/Bandeaux_2000x600-1-1024x307.jpg",1024,307,true],"fp-large":["https:\/\/expertbatiment.ca\/wp-content\/uploads\/2021\/01\/Bandeaux_2000x600-1-1200x360.jpg",1200,360,true],"fp-xlarge":["https:\/\/expertbatiment.ca\/wp-content\/uploads\/2021\/01\/Bandeaux_2000x600-1-1920x576.jpg",1920,576,true],"menu-24x24":["https:\/\/expertbatiment.ca\/wp-content\/uploads\/2021\/01\/Bandeaux_2000x600-1.jpg",24,7,false],"menu-36x36":["https:\/\/expertbatiment.ca\/wp-content\/uploads\/2021\/01\/Bandeaux_2000x600-1.jpg",36,11,false],"menu-48x48":["https:\/\/expertbatiment.ca\/wp-content\/uploads\/2021\/01\/Bandeaux_2000x600-1.jpg",48,14,false]},"uagb_author_info":{"display_name":"support informatique","author_link":"https:\/\/expertbatiment.ca\/en\/author\/support\/"},"uagb_comment_info":0,"uagb_excerpt":"The experience acquired over the years by our team will put you at ease. All the required forces are gathered in order to simplify the steps of your project. Our engineers and our various technologists, members of professional orders, are mandated daily to plan, develop, design and manage various projects in the residential, industrial, commercial&hellip;","_links":{"self":[{"href":"https:\/\/expertbatiment.ca\/en\/wp-json\/wp\/v2\/pages\/2733","targetHints":{"allow":["GET"]}}],"collection":[{"href":"https:\/\/expertbatiment.ca\/en\/wp-json\/wp\/v2\/pages"}],"about":[{"href":"https:\/\/expertbatiment.ca\/en\/wp-json\/wp\/v2\/types\/page"}],"author":[{"embeddable":true,"href":"https:\/\/expertbatiment.ca\/en\/wp-json\/wp\/v2\/users\/9"}],"replies":[{"embeddable":true,"href":"https:\/\/expertbatiment.ca\/en\/wp-json\/wp\/v2\/comments?post=2733"}],"version-history":[{"count":2,"href":"https:\/\/expertbatiment.ca\/en\/wp-json\/wp\/v2\/pages\/2733\/revisions"}],"predecessor-version":[{"id":19757,"href":"https:\/\/expertbatiment.ca\/en\/wp-json\/wp\/v2\/pages\/2733\/revisions\/19757"}],"up":[{"embeddable":true,"href":"https:\/\/expertbatiment.ca\/en\/wp-json\/wp\/v2\/pages\/2734"}],"wp:featuredmedia":[{"embeddable":true,"href":"https:\/\/expertbatiment.ca\/en\/wp-json\/wp\/v2\/media\/2596"}],"wp:attachment":[{"href":"https:\/\/expertbatiment.ca\/en\/wp-json\/wp\/v2\/media?parent=2733"}],"curies":[{"name":"wp","href":"https:\/\/api.w.org\/{rel}","templated":true}]}}