{"id":2734,"date":"2017-01-21T01:54:40","date_gmt":"2017-01-21T06:54:40","guid":{"rendered":"https:\/\/expertbatiment.ca\/expertise-and-engineering\/"},"modified":"2025-04-16T12:09:14","modified_gmt":"2025-04-16T16:09:14","slug":"expertise","status":"publish","type":"page","link":"https:\/\/expertbatiment.ca\/en\/expertise\/","title":{"rendered":"Expertise and engineering"},"content":{"rendered":"<p>Depuis 25 ans, nos \u00e9quipes d\u2019experts d\u00e9ploient leurs connaissances et leurs comp\u00e9tences autour du b\u00e2timent et son environnement. Elles fournissent tout l\u2019appui, le savoir-faire et l\u2019assistance technique n\u00e9cessaires pour r\u00e9aliser la mission de l\u2019entreprise: offrir des services sp\u00e9cialis\u00e9s afin de&nbsp;garantir des b\u00e2timents sains et s\u00e9curitaires.<\/p>\n<p>SERVICES<\/p>\n","protected":false},"excerpt":{"rendered":"<p>Depuis 25 ans, nos \u00e9quipes d\u2019experts d\u00e9ploient leurs connaissances et leurs comp\u00e9tences autour du b\u00e2timent et son environnement. Elles fournissent tout l\u2019appui, le savoir-faire et l\u2019assistance technique n\u00e9cessaires pour r\u00e9aliser la mission de l\u2019entreprise: offrir des services sp\u00e9cialis\u00e9s afin de&nbsp;garantir des b\u00e2timents sains et s\u00e9curitaires. SERVICES<\/p>\n","protected":false},"author":9,"featured_media":21222,"parent":0,"menu_order":0,"comment_status":"closed","ping_status":"closed","template":"page-templates\/page-avec-services.php","meta":{"_acf_changed":false,"_uag_custom_page_level_css":"","footnotes":""},"class_list":["post-2734","page","type-page","status-publish","has-post-thumbnail","hentry"],"acf":[],"yoast_head":"<!-- This site is optimized with the Yoast SEO plugin v27.4 - https:\/\/yoast.com\/product\/yoast-seo-wordpress\/ -->\n<title>Expertise and engineering - EXPERTB\u00c2TIMENT - Expertise, Engineering, Laboratory<\/title>\n<meta name=\"description\" content=\"EXPERTB\u00c2TIMENT offers all the services around the building and its environment. Contact us now. 1-888-883-0432\" \/>\n<meta name=\"robots\" content=\"index, follow, max-snippet:-1, max-image-preview:large, max-video-preview:-1\" \/>\n<link rel=\"canonical\" href=\"https:\/\/expertbatiment.ca\/en\/expertise\/\" \/>\n<meta property=\"og:locale\" content=\"en_US\" \/>\n<meta property=\"og:type\" content=\"article\" \/>\n<meta property=\"og:title\" content=\"Expertise and engineering - EXPERTB\u00c2TIMENT - Expertise, Engineering, Laboratory\" \/>\n<meta property=\"og:description\" content=\"EXPERTB\u00c2TIMENT offers all the services around the building and its environment. Contact us now. 1-888-883-0432\" \/>\n<meta property=\"og:url\" content=\"https:\/\/expertbatiment.ca\/en\/expertise\/\" \/>\n<meta property=\"og:site_name\" content=\"EXPERTB\u00c2TIMENT\" \/>\n<meta property=\"article:publisher\" content=\"https:\/\/www.facebook.com\/expertbatiment.ca\" \/>\n<meta property=\"article:modified_time\" content=\"2025-04-16T16:09:14+00:00\" \/>\n<meta property=\"og:image\" content=\"https:\/\/expertbatiment.ca\/wp-content\/uploads\/2025\/04\/expertise-banner-alternative-1024x686.png\" \/>\n\t<meta property=\"og:image:width\" content=\"1024\" \/>\n\t<meta property=\"og:image:height\" content=\"686\" \/>\n\t<meta property=\"og:image:type\" content=\"image\/png\" \/>\n<meta name=\"twitter:card\" content=\"summary_large_image\" \/>\n<meta name=\"twitter:label1\" content=\"Est. reading time\" \/>\n\t<meta name=\"twitter:data1\" content=\"1 minute\" \/>\n<script type=\"application\/ld+json\" class=\"yoast-schema-graph\">{\"@context\":\"https:\\\/\\\/schema.org\",\"@graph\":[{\"@type\":\"WebPage\",\"@id\":\"https:\\\/\\\/expertbatiment.ca\\\/en\\\/expertise\\\/\",\"url\":\"https:\\\/\\\/expertbatiment.ca\\\/en\\\/expertise\\\/\",\"name\":\"Expertise and engineering - EXPERTB\u00c2TIMENT - Expertise, Engineering, Laboratory\",\"isPartOf\":{\"@id\":\"https:\\\/\\\/expertbatiment.ca\\\/en\\\/#website\"},\"primaryImageOfPage\":{\"@id\":\"https:\\\/\\\/expertbatiment.ca\\\/en\\\/expertise\\\/#primaryimage\"},\"image\":{\"@id\":\"https:\\\/\\\/expertbatiment.ca\\\/en\\\/expertise\\\/#primaryimage\"},\"thumbnailUrl\":\"https:\\\/\\\/expertbatiment.ca\\\/wp-content\\\/uploads\\\/2025\\\/04\\\/expertise-banner-alternative.png\",\"datePublished\":\"2017-01-21T06:54:40+00:00\",\"dateModified\":\"2025-04-16T16:09:14+00:00\",\"description\":\"EXPERTB\u00c2TIMENT offers all the services around the building and its environment. Contact us now. 1-888-883-0432\",\"breadcrumb\":{\"@id\":\"https:\\\/\\\/expertbatiment.ca\\\/en\\\/expertise\\\/#breadcrumb\"},\"inLanguage\":\"en-US\",\"potentialAction\":[{\"@type\":\"ReadAction\",\"target\":[\"https:\\\/\\\/expertbatiment.ca\\\/en\\\/expertise\\\/\"]}]},{\"@type\":\"ImageObject\",\"inLanguage\":\"en-US\",\"@id\":\"https:\\\/\\\/expertbatiment.ca\\\/en\\\/expertise\\\/#primaryimage\",\"url\":\"https:\\\/\\\/expertbatiment.ca\\\/wp-content\\\/uploads\\\/2025\\\/04\\\/expertise-banner-alternative.png\",\"contentUrl\":\"https:\\\/\\\/expertbatiment.ca\\\/wp-content\\\/uploads\\\/2025\\\/04\\\/expertise-banner-alternative.png\",\"width\":2185,\"height\":1464},{\"@type\":\"BreadcrumbList\",\"@id\":\"https:\\\/\\\/expertbatiment.ca\\\/en\\\/expertise\\\/#breadcrumb\",\"itemListElement\":[{\"@type\":\"ListItem\",\"position\":1,\"name\":\"Home\",\"item\":\"https:\\\/\\\/expertbatiment.ca\\\/en\\\/\"},{\"@type\":\"ListItem\",\"position\":2,\"name\":\"Expertise and engineering\"}]},{\"@type\":\"WebSite\",\"@id\":\"https:\\\/\\\/expertbatiment.ca\\\/en\\\/#website\",\"url\":\"https:\\\/\\\/expertbatiment.ca\\\/en\\\/\",\"name\":\"EXPERTB\u00c2TIMENT\",\"description\":\"Des services sp\u00e9cialis\u00e9s afin de garantir des b\u00e2timents sains, s\u00e9curitaires et durables.\",\"publisher\":{\"@id\":\"https:\\\/\\\/expertbatiment.ca\\\/en\\\/#organization\"},\"potentialAction\":[{\"@type\":\"SearchAction\",\"target\":{\"@type\":\"EntryPoint\",\"urlTemplate\":\"https:\\\/\\\/expertbatiment.ca\\\/en\\\/?s={search_term_string}\"},\"query-input\":{\"@type\":\"PropertyValueSpecification\",\"valueRequired\":true,\"valueName\":\"search_term_string\"}}],\"inLanguage\":\"en-US\"},{\"@type\":\"Organization\",\"@id\":\"https:\\\/\\\/expertbatiment.ca\\\/en\\\/#organization\",\"name\":\"Expertb\u00e2timent\",\"url\":\"https:\\\/\\\/expertbatiment.ca\\\/en\\\/\",\"logo\":{\"@type\":\"ImageObject\",\"inLanguage\":\"en-US\",\"@id\":\"https:\\\/\\\/expertbatiment.ca\\\/en\\\/#\\\/schema\\\/logo\\\/image\\\/\",\"url\":\"https:\\\/\\\/expertbatiment.ca\\\/wp-content\\\/uploads\\\/2022\\\/06\\\/icon-ebc.png\",\"contentUrl\":\"https:\\\/\\\/expertbatiment.ca\\\/wp-content\\\/uploads\\\/2022\\\/06\\\/icon-ebc.png\",\"width\":512,\"height\":512,\"caption\":\"Expertb\u00e2timent\"},\"image\":{\"@id\":\"https:\\\/\\\/expertbatiment.ca\\\/en\\\/#\\\/schema\\\/logo\\\/image\\\/\"},\"sameAs\":[\"https:\\\/\\\/www.facebook.com\\\/expertbatiment.ca\",\"https:\\\/\\\/www.linkedin.com\\\/company\\\/expertbatiment-ca\"]}]}<\/script>\n<!-- \/ Yoast SEO plugin. -->","yoast_head_json":{"title":"Expertise and engineering - EXPERTB\u00c2TIMENT - Expertise, Engineering, Laboratory","description":"EXPERTB\u00c2TIMENT offers all the services around the building and its environment. Contact us now. 1-888-883-0432","robots":{"index":"index","follow":"follow","max-snippet":"max-snippet:-1","max-image-preview":"max-image-preview:large","max-video-preview":"max-video-preview:-1"},"canonical":"https:\/\/expertbatiment.ca\/en\/expertise\/","og_locale":"en_US","og_type":"article","og_title":"Expertise and engineering - EXPERTB\u00c2TIMENT - Expertise, Engineering, Laboratory","og_description":"EXPERTB\u00c2TIMENT offers all the services around the building and its environment. Contact us now. 1-888-883-0432","og_url":"https:\/\/expertbatiment.ca\/en\/expertise\/","og_site_name":"EXPERTB\u00c2TIMENT","article_publisher":"https:\/\/www.facebook.com\/expertbatiment.ca","article_modified_time":"2025-04-16T16:09:14+00:00","og_image":[{"width":1024,"height":686,"url":"https:\/\/expertbatiment.ca\/wp-content\/uploads\/2025\/04\/expertise-banner-alternative-1024x686.png","type":"image\/png"}],"twitter_card":"summary_large_image","twitter_misc":{"Est. reading time":"1 minute"},"schema":{"@context":"https:\/\/schema.org","@graph":[{"@type":"WebPage","@id":"https:\/\/expertbatiment.ca\/en\/expertise\/","url":"https:\/\/expertbatiment.ca\/en\/expertise\/","name":"Expertise and engineering - EXPERTB\u00c2TIMENT - Expertise, Engineering, Laboratory","isPartOf":{"@id":"https:\/\/expertbatiment.ca\/en\/#website"},"primaryImageOfPage":{"@id":"https:\/\/expertbatiment.ca\/en\/expertise\/#primaryimage"},"image":{"@id":"https:\/\/expertbatiment.ca\/en\/expertise\/#primaryimage"},"thumbnailUrl":"https:\/\/expertbatiment.ca\/wp-content\/uploads\/2025\/04\/expertise-banner-alternative.png","datePublished":"2017-01-21T06:54:40+00:00","dateModified":"2025-04-16T16:09:14+00:00","description":"EXPERTB\u00c2TIMENT offers all the services around the building and its environment. Contact us now. 1-888-883-0432","breadcrumb":{"@id":"https:\/\/expertbatiment.ca\/en\/expertise\/#breadcrumb"},"inLanguage":"en-US","potentialAction":[{"@type":"ReadAction","target":["https:\/\/expertbatiment.ca\/en\/expertise\/"]}]},{"@type":"ImageObject","inLanguage":"en-US","@id":"https:\/\/expertbatiment.ca\/en\/expertise\/#primaryimage","url":"https:\/\/expertbatiment.ca\/wp-content\/uploads\/2025\/04\/expertise-banner-alternative.png","contentUrl":"https:\/\/expertbatiment.ca\/wp-content\/uploads\/2025\/04\/expertise-banner-alternative.png","width":2185,"height":1464},{"@type":"BreadcrumbList","@id":"https:\/\/expertbatiment.ca\/en\/expertise\/#breadcrumb","itemListElement":[{"@type":"ListItem","position":1,"name":"Home","item":"https:\/\/expertbatiment.ca\/en\/"},{"@type":"ListItem","position":2,"name":"Expertise and engineering"}]},{"@type":"WebSite","@id":"https:\/\/expertbatiment.ca\/en\/#website","url":"https:\/\/expertbatiment.ca\/en\/","name":"EXPERTB\u00c2TIMENT","description":"Des services sp\u00e9cialis\u00e9s afin de garantir des b\u00e2timents sains, s\u00e9curitaires et durables.","publisher":{"@id":"https:\/\/expertbatiment.ca\/en\/#organization"},"potentialAction":[{"@type":"SearchAction","target":{"@type":"EntryPoint","urlTemplate":"https:\/\/expertbatiment.ca\/en\/?s={search_term_string}"},"query-input":{"@type":"PropertyValueSpecification","valueRequired":true,"valueName":"search_term_string"}}],"inLanguage":"en-US"},{"@type":"Organization","@id":"https:\/\/expertbatiment.ca\/en\/#organization","name":"Expertb\u00e2timent","url":"https:\/\/expertbatiment.ca\/en\/","logo":{"@type":"ImageObject","inLanguage":"en-US","@id":"https:\/\/expertbatiment.ca\/en\/#\/schema\/logo\/image\/","url":"https:\/\/expertbatiment.ca\/wp-content\/uploads\/2022\/06\/icon-ebc.png","contentUrl":"https:\/\/expertbatiment.ca\/wp-content\/uploads\/2022\/06\/icon-ebc.png","width":512,"height":512,"caption":"Expertb\u00e2timent"},"image":{"@id":"https:\/\/expertbatiment.ca\/en\/#\/schema\/logo\/image\/"},"sameAs":["https:\/\/www.facebook.com\/expertbatiment.ca","https:\/\/www.linkedin.com\/company\/expertbatiment-ca"]}]}},"uagb_featured_image_src":{"full":["https:\/\/expertbatiment.ca\/wp-content\/uploads\/2025\/04\/expertise-banner-alternative.png",2185,1464,false],"thumbnail":["https:\/\/expertbatiment.ca\/wp-content\/uploads\/2025\/04\/expertise-banner-alternative-150x150.png",150,150,true],"medium":["https:\/\/expertbatiment.ca\/wp-content\/uploads\/2025\/04\/expertise-banner-alternative-300x201.png",300,201,true],"medium_large":["https:\/\/expertbatiment.ca\/wp-content\/uploads\/2025\/04\/expertise-banner-alternative-768x515.png",768,515,true],"large":["https:\/\/expertbatiment.ca\/wp-content\/uploads\/2025\/04\/expertise-banner-alternative-1024x686.png",1024,686,true],"1536x1536":["https:\/\/expertbatiment.ca\/wp-content\/uploads\/2025\/04\/expertise-banner-alternative-1536x1029.png",1536,1029,true],"2048x2048":["https:\/\/expertbatiment.ca\/wp-content\/uploads\/2025\/04\/expertise-banner-alternative-2048x1372.png",2048,1372,true],"featured-small":["https:\/\/expertbatiment.ca\/wp-content\/uploads\/2025\/04\/expertise-banner-alternative-640x200.png",640,200,true],"featured-medium":["https:\/\/expertbatiment.ca\/wp-content\/uploads\/2025\/04\/expertise-banner-alternative-1280x400.png",1280,400,true],"featured-large":["https:\/\/expertbatiment.ca\/wp-content\/uploads\/2025\/04\/expertise-banner-alternative-1440x400.png",1440,400,true],"featured-xlarge":["https:\/\/expertbatiment.ca\/wp-content\/uploads\/2025\/04\/expertise-banner-alternative-1920x400.png",1920,400,true],"fp-small":["https:\/\/expertbatiment.ca\/wp-content\/uploads\/2025\/04\/expertise-banner-alternative-640x429.png",640,429,true],"fp-medium":["https:\/\/expertbatiment.ca\/wp-content\/uploads\/2025\/04\/expertise-banner-alternative-1024x686.png",1024,686,true],"fp-large":["https:\/\/expertbatiment.ca\/wp-content\/uploads\/2025\/04\/expertise-banner-alternative-1200x804.png",1200,804,true],"fp-xlarge":["https:\/\/expertbatiment.ca\/wp-content\/uploads\/2025\/04\/expertise-banner-alternative-1920x1286.png",1920,1286,true],"menu-24x24":["https:\/\/expertbatiment.ca\/wp-content\/uploads\/2025\/04\/expertise-banner-alternative-24x16.png",24,16,true],"menu-36x36":["https:\/\/expertbatiment.ca\/wp-content\/uploads\/2025\/04\/expertise-banner-alternative-36x24.png",36,24,true],"menu-48x48":["https:\/\/expertbatiment.ca\/wp-content\/uploads\/2025\/04\/expertise-banner-alternative-48x32.png",48,32,true]},"uagb_author_info":{"display_name":"support informatique","author_link":"https:\/\/expertbatiment.ca\/en\/author\/support\/"},"uagb_comment_info":0,"uagb_excerpt":"Depuis 25 ans, nos \u00e9quipes d\u2019experts d\u00e9ploient leurs connaissances et leurs comp\u00e9tences autour du b\u00e2timent et son environnement. Elles fournissent tout l\u2019appui, le savoir-faire et l\u2019assistance technique n\u00e9cessaires pour r\u00e9aliser la mission de l\u2019entreprise: offrir des services sp\u00e9cialis\u00e9s afin de&nbsp;garantir des b\u00e2timents sains et s\u00e9curitaires. SERVICES","_links":{"self":[{"href":"https:\/\/expertbatiment.ca\/en\/wp-json\/wp\/v2\/pages\/2734","targetHints":{"allow":["GET"]}}],"collection":[{"href":"https:\/\/expertbatiment.ca\/en\/wp-json\/wp\/v2\/pages"}],"about":[{"href":"https:\/\/expertbatiment.ca\/en\/wp-json\/wp\/v2\/types\/page"}],"author":[{"embeddable":true,"href":"https:\/\/expertbatiment.ca\/en\/wp-json\/wp\/v2\/users\/9"}],"replies":[{"embeddable":true,"href":"https:\/\/expertbatiment.ca\/en\/wp-json\/wp\/v2\/comments?post=2734"}],"version-history":[{"count":11,"href":"https:\/\/expertbatiment.ca\/en\/wp-json\/wp\/v2\/pages\/2734\/revisions"}],"predecessor-version":[{"id":20091,"href":"https:\/\/expertbatiment.ca\/en\/wp-json\/wp\/v2\/pages\/2734\/revisions\/20091"}],"wp:featuredmedia":[{"embeddable":true,"href":"https:\/\/expertbatiment.ca\/en\/wp-json\/wp\/v2\/media\/21222"}],"wp:attachment":[{"href":"https:\/\/expertbatiment.ca\/en\/wp-json\/wp\/v2\/media?parent=2734"}],"curies":[{"name":"wp","href":"https:\/\/api.w.org\/{rel}","templated":true}]}}