{"id":2738,"date":"2017-01-28T17:39:51","date_gmt":"2017-01-28T22:39:51","guid":{"rendered":"https:\/\/expertbatiment.ca\/energy-efficiency\/renoclimat\/"},"modified":"2025-04-01T16:08:35","modified_gmt":"2025-04-01T20:08:35","slug":"energy","status":"publish","type":"page","link":"https:\/\/expertbatiment.ca\/en\/efficiency\/energy\/","title":{"rendered":"Renoclimat"},"content":{"rendered":"\n<div class=\"wp-block-stackable-columns stk-block-columns stk-block stk-5a81a8b\" data-block-id=\"5a81a8b\"><style>.stk-5a81a8b {padding-top:0px !important;padding-right:0px !important;padding-bottom:0px !important;padding-left:0px !important;margin-bottom:0px !important;}.stk-5a81a8b-column{--stk-columns-spacing:0px !important;--stk-column-gap:0px !important;}@media screen and (max-width: 1023px){.stk-5a81a8b-column{max-width:90% !important;min-width:auto !important;}}@media screen and (max-width: 767px){.stk-5a81a8b-column{max-width:100% !important;min-width:auto !important;}}<\/style><div class=\"stk-row stk-inner-blocks stk-block-content stk-content-align stk-5a81a8b-column\">\n<div class=\"wp-block-stackable-column stk-block-column stk-column stk-block stk-0b45e67\" data-v=\"4\" data-block-id=\"0b45e67\"><style>@media screen and (max-width: 1023px){.stk-0b45e67-container{max-width:80% !important;min-width:auto !important;}}@media screen and (max-width: 767px){.stk-0b45e67-container{max-width:90% !important;min-width:auto !important;}}<\/style><div class=\"stk-column-wrapper stk-block-column__content stk-container stk-0b45e67-container stk--no-background stk--no-padding\"><div class=\"stk-block-content stk-inner-blocks stk-0b45e67-inner-blocks\">\n<div class=\"wp-block-stackable-spacer stk-block-spacer stk--no-padding stk-block stk-6db03f3\" data-block-id=\"6db03f3\"><style>.stk-6db03f3 {height:15px !important;}<\/style><\/div>\n\n\n\n<h4 class=\"wp-block-heading\"><strong>The Renoclimat program allows home and multi-unit owners to obtain an energy efficiency evaluation of their building, as well as financial assistance to proceed with energy-efficient renovations.<\/strong><\/h4>\n\n\n\n<p><span style=\"font-weight: 400;\">As part of the Renoclimat program, one of our accredited advisors will visit your home to characterize the insulation and mechanical system of the building, in addition to verifying the air tightness by means of a <a href=\"https:\/\/expertbatiment.ca\/en\/efficiency\/test-infiltrometrie\/\">blower door test<\/a>. All this information will allow the advisor to determine the energy performance of your home (using the <a href=\"https:\/\/expertbatiment.ca\/en\/efficiency\/energuide\/\">EnerGuide<\/a> rating system) and to give you personalized advice on possible energy efficiency improvements.<\/span><\/p>\n\n\n\n<div class=\"wp-block-stackable-spacer stk-block-spacer stk--no-padding stk-block stk-89834bb\" data-block-id=\"89834bb\"><style>.stk-89834bb {height:15px !important;}<\/style><\/div>\n\n\n\n<p><span style=\"font-weight: 400;\">The advisor will also introduce you to the financial aid available for your energy-efficient renovation, such as<\/span><\/p>\n\n\n\n<div class=\"wp-block-stackable-spacer stk-block-spacer stk--no-padding stk-block stk-1e3300e\" data-block-id=\"1e3300e\"><style>.stk-1e3300e {height:15px !important;}<\/style><\/div>\n\n\n\n<ul class=\"wp-block-list\">\n<li><span style=\"font-weight: 400;\">of <\/span><b>insulation work<\/b><span style=\"font-weight: 400;\">;<\/span><\/li>\n\n\n\n<li><span style=\"font-weight: 400;\">of <\/span><b>waterproofing work<\/b><span style=\"font-weight: 400;\">;<\/span><\/li>\n\n\n\n<li><b>installation or replacement of mechanical systems<\/b><\/li>\n<\/ul>\n\n\n\n<p>The improvements made will improve your comfort and reduce your energy costs.<\/p>\n\n\n\n<p><span style=\"font-weight: 400;\">R\u00e9noclimat is a government program. In order to verify the eligibility requirements and the financial aid available, please consult the program&#8217;s website  <\/span><a href=\"https:\/\/transitionenergetique.gouv.qc.ca\/residentiel\/programmes\/renoclimat\"><span style=\"font-weight: 400;\">Renoclimat<\/span><\/a><span style=\"font-weight: 400;\">. <\/span> <\/p>\n\n\n\n<h4 class=\"wp-block-heading\"><strong>Complementary programs  <\/strong><\/h4>\n\n\n\n<ul class=\"wp-block-list\">\n<li>&#8211; <strong> <a href=\"https:\/\/www.desjardins.com\/particuliers\/prets-marges-cartes-credit\/prets-hypothecaires\/offre-habitation-verte\/renovation-ecologique\/index.jsp\">Desjardins &#8211; Sustainable housing offer<\/a><\/strong>: Receive up to $500* cash back for renovations related to the Renoclimat grant program.  <br\/><\/li>\n<\/ul>\n\n\n\n<p><strong>Regions currently served :  <\/strong><\/p>\n\n\n\n<ul class=\"wp-block-list\">\n<li>Abitibi-T\u00e9miscamingue<\/li>\n\n\n\n<li>Lanaudi\u00e8re<\/li>\n\n\n\n<li>Laurentians<\/li>\n\n\n\n<li>Nord-du-Qu\u00e9bec<\/li>\n\n\n\n<li>Mauricie<\/li>\n\n\n\n<li>Outaouais<\/li>\n\n\n\n<li>Saguenay-Lac-Saint-Jean<\/li>\n<\/ul>\n\n\n\n<p><strong>By phone: <a href=\"tel:1-450-592-5123\">1-450-592-5123<\/a><br\/>By e-mail: <a href=\"mailto:evaluation@expertbatiment.ca\">evaluation@expertbatiment.ca<\/a><\/strong><br\/><\/p>\n\n\n\n<div class=\"wp-block-uagb-info-box uagb-block-7df67e7b uagb-infobox__content-wrap  uagb-infobox-icon-left-title uagb-infobox-left uagb-infobox-image-valign-top uag-hide-desktop uag-hide-tab uag-hide-mob\"><div class=\"uagb-ifb-content\"><div class=\"uagb-ifb-left-title-image\"><div class=\"uagb-ifb-icon-wrap\"><div class=\"uagb-iconbox-icon-wrap uagb-infobox-shape-circle\"><svg xmlns=\"https:\/\/www.w3.org\/2000\/svg\" viewbox=\"0 0 512 512\"><path d=\"M256 0C114.6 0 0 114.6 0 256s114.6 256 256 256s256-114.6 256-256S397.4 0 256 0zM232 152C232 138.8 242.8 128 256 128s24 10.75 24 24v128c0 13.25-10.75 24-24 24S232 293.3 232 280V152zM256 400c-17.36 0-31.44-14.08-31.44-31.44c0-17.36 14.07-31.44 31.44-31.44s31.44 14.08 31.44 31.44C287.4 385.9 273.4 400 256 400z\"><\/path><\/svg><\/div><\/div><div class=\"uagb-ifb-title-wrap\"><h3 class=\"uagb-ifb-title\">OPINION<\/h3><\/div><\/div><p class=\"uagb-ifb-desc\">The Quebec government has to postpone some of the assessments in order to meet the budget allocated to the Renoclimat program. You will be assigned an appointment <strong>after April 1, 2025<\/strong><a href=\"https:\/\/transitionenergetique.gouv.qc.ca\/residentiel\/programmes\/renoclimat\">(more details<\/a>). If you need an appointment before this date, it is possible under the following conditions:  <br\/><br\/>\u27a4 Pre-work energy assessments for new participants in the Renoclimat program;<br\/><br\/>\u27a4 Post-work energy assessments, for participants eligible for the Canada Green Housing Grant;<br\/><br\/>\u27a4 Post-work energy assessments for recipients of a Canada Green Home Loan for which the claim period expires before April<sup>1,<\/sup> 2025.<\/p><\/div><\/div>\n<\/div><\/div><\/div>\n<\/div><\/div>\n","protected":false},"excerpt":{"rendered":"<p>The Renoclimat program allows home and multi-unit owners to obtain an energy efficiency evaluation of their building, as well as financial assistance to proceed with energy-efficient renovations. As part of the Renoclimat program, one of our accredited advisors will visit your home to characterize the insulation and mechanical system of the building, in addition to [&hellip;]<\/p>\n","protected":false},"author":9,"featured_media":7643,"parent":2731,"menu_order":0,"comment_status":"closed","ping_status":"closed","template":"page-templates\/service.php","meta":{"_acf_changed":false,"_uag_custom_page_level_css":"","footnotes":""},"class_list":["post-2738","page","type-page","status-publish","has-post-thumbnail","hentry"],"acf":[],"yoast_head":"<!-- This site is optimized with the Yoast SEO plugin v27.4 - https:\/\/yoast.com\/product\/yoast-seo-wordpress\/ -->\n<title>Renoclimat - EXPERTB\u00c2TIMENT - Expertise, Engineering, Laboratory<\/title>\n<meta name=\"description\" content=\"Renoclimat, building energy efficiency services. Contact EXPERTBUILDING for information on this service 1-888-883-0432\" \/>\n<meta name=\"robots\" content=\"index, follow, max-snippet:-1, max-image-preview:large, max-video-preview:-1\" \/>\n<link rel=\"canonical\" href=\"https:\/\/expertbatiment.ca\/en\/efficiency\/energy\/\" \/>\n<meta property=\"og:locale\" content=\"en_US\" \/>\n<meta property=\"og:type\" content=\"article\" \/>\n<meta property=\"og:title\" content=\"Renoclimat - EXPERTB\u00c2TIMENT - Expertise, Engineering, Laboratory\" \/>\n<meta property=\"og:description\" content=\"Renoclimat, building energy efficiency services. Contact EXPERTBUILDING for information on this service 1-888-883-0432\" \/>\n<meta property=\"og:url\" content=\"https:\/\/expertbatiment.ca\/en\/efficiency\/energy\/\" \/>\n<meta property=\"og:site_name\" content=\"EXPERTB\u00c2TIMENT\" \/>\n<meta property=\"article:publisher\" content=\"https:\/\/www.facebook.com\/expertbatiment.ca\" \/>\n<meta property=\"article:modified_time\" content=\"2025-04-01T20:08:35+00:00\" \/>\n<meta property=\"og:image\" content=\"https:\/\/expertbatiment.ca\/wp-content\/uploads\/2022\/10\/Radon-e1666634448545-1024x264.png\" \/>\n\t<meta property=\"og:image:width\" content=\"1024\" \/>\n\t<meta property=\"og:image:height\" content=\"264\" \/>\n\t<meta property=\"og:image:type\" content=\"image\/png\" \/>\n<meta name=\"twitter:card\" content=\"summary_large_image\" \/>\n<meta name=\"twitter:label1\" content=\"Est. reading time\" \/>\n\t<meta name=\"twitter:data1\" content=\"2 minutes\" \/>\n<script type=\"application\/ld+json\" class=\"yoast-schema-graph\">{\"@context\":\"https:\\\/\\\/schema.org\",\"@graph\":[{\"@type\":\"WebPage\",\"@id\":\"https:\\\/\\\/expertbatiment.ca\\\/en\\\/efficiency\\\/energy\\\/\",\"url\":\"https:\\\/\\\/expertbatiment.ca\\\/en\\\/efficiency\\\/energy\\\/\",\"name\":\"Renoclimat - EXPERTB\u00c2TIMENT - Expertise, Engineering, Laboratory\",\"isPartOf\":{\"@id\":\"https:\\\/\\\/expertbatiment.ca\\\/en\\\/#website\"},\"primaryImageOfPage\":{\"@id\":\"https:\\\/\\\/expertbatiment.ca\\\/en\\\/efficiency\\\/energy\\\/#primaryimage\"},\"image\":{\"@id\":\"https:\\\/\\\/expertbatiment.ca\\\/en\\\/efficiency\\\/energy\\\/#primaryimage\"},\"thumbnailUrl\":\"https:\\\/\\\/expertbatiment.ca\\\/wp-content\\\/uploads\\\/2022\\\/10\\\/Radon-e1666634448545.png\",\"datePublished\":\"2017-01-28T22:39:51+00:00\",\"dateModified\":\"2025-04-01T20:08:35+00:00\",\"description\":\"Renoclimat, building energy efficiency services. Contact EXPERTBUILDING for information on this service 1-888-883-0432\",\"breadcrumb\":{\"@id\":\"https:\\\/\\\/expertbatiment.ca\\\/en\\\/efficiency\\\/energy\\\/#breadcrumb\"},\"inLanguage\":\"en-US\",\"potentialAction\":[{\"@type\":\"ReadAction\",\"target\":[\"https:\\\/\\\/expertbatiment.ca\\\/en\\\/efficiency\\\/energy\\\/\"]}]},{\"@type\":\"ImageObject\",\"inLanguage\":\"en-US\",\"@id\":\"https:\\\/\\\/expertbatiment.ca\\\/en\\\/efficiency\\\/energy\\\/#primaryimage\",\"url\":\"https:\\\/\\\/expertbatiment.ca\\\/wp-content\\\/uploads\\\/2022\\\/10\\\/Radon-e1666634448545.png\",\"contentUrl\":\"https:\\\/\\\/expertbatiment.ca\\\/wp-content\\\/uploads\\\/2022\\\/10\\\/Radon-e1666634448545.png\",\"width\":4000,\"height\":1030},{\"@type\":\"BreadcrumbList\",\"@id\":\"https:\\\/\\\/expertbatiment.ca\\\/en\\\/efficiency\\\/energy\\\/#breadcrumb\",\"itemListElement\":[{\"@type\":\"ListItem\",\"position\":1,\"name\":\"Home\",\"item\":\"https:\\\/\\\/expertbatiment.ca\\\/en\\\/\"},{\"@type\":\"ListItem\",\"position\":2,\"name\":\"Energy efficiency\",\"item\":\"https:\\\/\\\/expertbatiment.ca\\\/en\\\/efficiency\\\/\"},{\"@type\":\"ListItem\",\"position\":3,\"name\":\"Renoclimat\"}]},{\"@type\":\"WebSite\",\"@id\":\"https:\\\/\\\/expertbatiment.ca\\\/en\\\/#website\",\"url\":\"https:\\\/\\\/expertbatiment.ca\\\/en\\\/\",\"name\":\"EXPERTB\u00c2TIMENT\",\"description\":\"Des services sp\u00e9cialis\u00e9s afin de garantir des b\u00e2timents sains, s\u00e9curitaires et durables.\",\"publisher\":{\"@id\":\"https:\\\/\\\/expertbatiment.ca\\\/en\\\/#organization\"},\"potentialAction\":[{\"@type\":\"SearchAction\",\"target\":{\"@type\":\"EntryPoint\",\"urlTemplate\":\"https:\\\/\\\/expertbatiment.ca\\\/en\\\/?s={search_term_string}\"},\"query-input\":{\"@type\":\"PropertyValueSpecification\",\"valueRequired\":true,\"valueName\":\"search_term_string\"}}],\"inLanguage\":\"en-US\"},{\"@type\":\"Organization\",\"@id\":\"https:\\\/\\\/expertbatiment.ca\\\/en\\\/#organization\",\"name\":\"Expertb\u00e2timent\",\"url\":\"https:\\\/\\\/expertbatiment.ca\\\/en\\\/\",\"logo\":{\"@type\":\"ImageObject\",\"inLanguage\":\"en-US\",\"@id\":\"https:\\\/\\\/expertbatiment.ca\\\/en\\\/#\\\/schema\\\/logo\\\/image\\\/\",\"url\":\"https:\\\/\\\/expertbatiment.ca\\\/wp-content\\\/uploads\\\/2022\\\/06\\\/icon-ebc.png\",\"contentUrl\":\"https:\\\/\\\/expertbatiment.ca\\\/wp-content\\\/uploads\\\/2022\\\/06\\\/icon-ebc.png\",\"width\":512,\"height\":512,\"caption\":\"Expertb\u00e2timent\"},\"image\":{\"@id\":\"https:\\\/\\\/expertbatiment.ca\\\/en\\\/#\\\/schema\\\/logo\\\/image\\\/\"},\"sameAs\":[\"https:\\\/\\\/www.facebook.com\\\/expertbatiment.ca\",\"https:\\\/\\\/www.linkedin.com\\\/company\\\/expertbatiment-ca\"]}]}<\/script>\n<!-- \/ Yoast SEO plugin. -->","yoast_head_json":{"title":"Renoclimat - EXPERTB\u00c2TIMENT - Expertise, Engineering, Laboratory","description":"Renoclimat, building energy efficiency services. Contact EXPERTBUILDING for information on this service 1-888-883-0432","robots":{"index":"index","follow":"follow","max-snippet":"max-snippet:-1","max-image-preview":"max-image-preview:large","max-video-preview":"max-video-preview:-1"},"canonical":"https:\/\/expertbatiment.ca\/en\/efficiency\/energy\/","og_locale":"en_US","og_type":"article","og_title":"Renoclimat - EXPERTB\u00c2TIMENT - Expertise, Engineering, Laboratory","og_description":"Renoclimat, building energy efficiency services. Contact EXPERTBUILDING for information on this service 1-888-883-0432","og_url":"https:\/\/expertbatiment.ca\/en\/efficiency\/energy\/","og_site_name":"EXPERTB\u00c2TIMENT","article_publisher":"https:\/\/www.facebook.com\/expertbatiment.ca","article_modified_time":"2025-04-01T20:08:35+00:00","og_image":[{"width":1024,"height":264,"url":"https:\/\/expertbatiment.ca\/wp-content\/uploads\/2022\/10\/Radon-e1666634448545-1024x264.png","type":"image\/png"}],"twitter_card":"summary_large_image","twitter_misc":{"Est. reading time":"2 minutes"},"schema":{"@context":"https:\/\/schema.org","@graph":[{"@type":"WebPage","@id":"https:\/\/expertbatiment.ca\/en\/efficiency\/energy\/","url":"https:\/\/expertbatiment.ca\/en\/efficiency\/energy\/","name":"Renoclimat - EXPERTB\u00c2TIMENT - Expertise, Engineering, Laboratory","isPartOf":{"@id":"https:\/\/expertbatiment.ca\/en\/#website"},"primaryImageOfPage":{"@id":"https:\/\/expertbatiment.ca\/en\/efficiency\/energy\/#primaryimage"},"image":{"@id":"https:\/\/expertbatiment.ca\/en\/efficiency\/energy\/#primaryimage"},"thumbnailUrl":"https:\/\/expertbatiment.ca\/wp-content\/uploads\/2022\/10\/Radon-e1666634448545.png","datePublished":"2017-01-28T22:39:51+00:00","dateModified":"2025-04-01T20:08:35+00:00","description":"Renoclimat, building energy efficiency services. Contact EXPERTBUILDING for information on this service 1-888-883-0432","breadcrumb":{"@id":"https:\/\/expertbatiment.ca\/en\/efficiency\/energy\/#breadcrumb"},"inLanguage":"en-US","potentialAction":[{"@type":"ReadAction","target":["https:\/\/expertbatiment.ca\/en\/efficiency\/energy\/"]}]},{"@type":"ImageObject","inLanguage":"en-US","@id":"https:\/\/expertbatiment.ca\/en\/efficiency\/energy\/#primaryimage","url":"https:\/\/expertbatiment.ca\/wp-content\/uploads\/2022\/10\/Radon-e1666634448545.png","contentUrl":"https:\/\/expertbatiment.ca\/wp-content\/uploads\/2022\/10\/Radon-e1666634448545.png","width":4000,"height":1030},{"@type":"BreadcrumbList","@id":"https:\/\/expertbatiment.ca\/en\/efficiency\/energy\/#breadcrumb","itemListElement":[{"@type":"ListItem","position":1,"name":"Home","item":"https:\/\/expertbatiment.ca\/en\/"},{"@type":"ListItem","position":2,"name":"Energy efficiency","item":"https:\/\/expertbatiment.ca\/en\/efficiency\/"},{"@type":"ListItem","position":3,"name":"Renoclimat"}]},{"@type":"WebSite","@id":"https:\/\/expertbatiment.ca\/en\/#website","url":"https:\/\/expertbatiment.ca\/en\/","name":"EXPERTB\u00c2TIMENT","description":"Des services sp\u00e9cialis\u00e9s afin de garantir des b\u00e2timents sains, s\u00e9curitaires et durables.","publisher":{"@id":"https:\/\/expertbatiment.ca\/en\/#organization"},"potentialAction":[{"@type":"SearchAction","target":{"@type":"EntryPoint","urlTemplate":"https:\/\/expertbatiment.ca\/en\/?s={search_term_string}"},"query-input":{"@type":"PropertyValueSpecification","valueRequired":true,"valueName":"search_term_string"}}],"inLanguage":"en-US"},{"@type":"Organization","@id":"https:\/\/expertbatiment.ca\/en\/#organization","name":"Expertb\u00e2timent","url":"https:\/\/expertbatiment.ca\/en\/","logo":{"@type":"ImageObject","inLanguage":"en-US","@id":"https:\/\/expertbatiment.ca\/en\/#\/schema\/logo\/image\/","url":"https:\/\/expertbatiment.ca\/wp-content\/uploads\/2022\/06\/icon-ebc.png","contentUrl":"https:\/\/expertbatiment.ca\/wp-content\/uploads\/2022\/06\/icon-ebc.png","width":512,"height":512,"caption":"Expertb\u00e2timent"},"image":{"@id":"https:\/\/expertbatiment.ca\/en\/#\/schema\/logo\/image\/"},"sameAs":["https:\/\/www.facebook.com\/expertbatiment.ca","https:\/\/www.linkedin.com\/company\/expertbatiment-ca"]}]}},"uagb_featured_image_src":{"full":["https:\/\/expertbatiment.ca\/wp-content\/uploads\/2022\/10\/Radon-e1666634448545.png",4000,1030,false],"thumbnail":["https:\/\/expertbatiment.ca\/wp-content\/uploads\/2022\/10\/Radon-e1666634448545-150x150.png",150,150,true],"medium":["https:\/\/expertbatiment.ca\/wp-content\/uploads\/2022\/10\/Radon-e1666634448545-300x77.png",300,77,true],"medium_large":["https:\/\/expertbatiment.ca\/wp-content\/uploads\/2022\/10\/Radon-e1666634448545-768x198.png",768,198,true],"large":["https:\/\/expertbatiment.ca\/wp-content\/uploads\/2022\/10\/Radon-e1666634448545-1024x264.png",1024,264,true],"1536x1536":["https:\/\/expertbatiment.ca\/wp-content\/uploads\/2022\/10\/Radon-e1666634448545-1536x396.png",1536,396,true],"2048x2048":["https:\/\/expertbatiment.ca\/wp-content\/uploads\/2022\/10\/Radon-e1666634448545-2048x527.png",2048,527,true],"featured-small":["https:\/\/expertbatiment.ca\/wp-content\/uploads\/2022\/10\/Radon-e1666634448545-640x200.png",640,200,true],"featured-medium":["https:\/\/expertbatiment.ca\/wp-content\/uploads\/2022\/10\/Radon-e1666634448545-1280x400.png",1280,400,true],"featured-large":["https:\/\/expertbatiment.ca\/wp-content\/uploads\/2022\/10\/Radon-e1666634448545-1440x400.png",1440,400,true],"featured-xlarge":["https:\/\/expertbatiment.ca\/wp-content\/uploads\/2022\/10\/Radon-e1666634448545-1920x400.png",1920,400,true],"fp-small":["https:\/\/expertbatiment.ca\/wp-content\/uploads\/2022\/10\/Radon-e1666634448545-640x165.png",640,165,true],"fp-medium":["https:\/\/expertbatiment.ca\/wp-content\/uploads\/2022\/10\/Radon-e1666634448545-1024x264.png",1024,264,true],"fp-large":["https:\/\/expertbatiment.ca\/wp-content\/uploads\/2022\/10\/Radon-e1666634448545-1200x309.png",1200,309,true],"fp-xlarge":["https:\/\/expertbatiment.ca\/wp-content\/uploads\/2022\/10\/Radon-e1666634448545-1920x494.png",1920,494,true],"menu-24x24":["https:\/\/expertbatiment.ca\/wp-content\/uploads\/2022\/10\/Radon-e1666634448545-24x6.png",24,6,true],"menu-36x36":["https:\/\/expertbatiment.ca\/wp-content\/uploads\/2022\/10\/Radon-e1666634448545-36x9.png",36,9,true],"menu-48x48":["https:\/\/expertbatiment.ca\/wp-content\/uploads\/2022\/10\/Radon-e1666634448545-48x12.png",48,12,true]},"uagb_author_info":{"display_name":"support informatique","author_link":"https:\/\/expertbatiment.ca\/en\/author\/support\/"},"uagb_comment_info":0,"uagb_excerpt":"The Renoclimat program allows home and multi-unit owners to obtain an energy efficiency evaluation of their building, as well as financial assistance to proceed with energy-efficient renovations. As part of the Renoclimat program, one of our accredited advisors will visit your home to characterize the insulation and mechanical system of the building, in addition to&hellip;","_links":{"self":[{"href":"https:\/\/expertbatiment.ca\/en\/wp-json\/wp\/v2\/pages\/2738","targetHints":{"allow":["GET"]}}],"collection":[{"href":"https:\/\/expertbatiment.ca\/en\/wp-json\/wp\/v2\/pages"}],"about":[{"href":"https:\/\/expertbatiment.ca\/en\/wp-json\/wp\/v2\/types\/page"}],"author":[{"embeddable":true,"href":"https:\/\/expertbatiment.ca\/en\/wp-json\/wp\/v2\/users\/9"}],"replies":[{"embeddable":true,"href":"https:\/\/expertbatiment.ca\/en\/wp-json\/wp\/v2\/comments?post=2738"}],"version-history":[{"count":97,"href":"https:\/\/expertbatiment.ca\/en\/wp-json\/wp\/v2\/pages\/2738\/revisions"}],"predecessor-version":[{"id":21020,"href":"https:\/\/expertbatiment.ca\/en\/wp-json\/wp\/v2\/pages\/2738\/revisions\/21020"}],"up":[{"embeddable":true,"href":"https:\/\/expertbatiment.ca\/en\/wp-json\/wp\/v2\/pages\/2731"}],"wp:featuredmedia":[{"embeddable":true,"href":"https:\/\/expertbatiment.ca\/en\/wp-json\/wp\/v2\/media\/7643"}],"wp:attachment":[{"href":"https:\/\/expertbatiment.ca\/en\/wp-json\/wp\/v2\/media?parent=2738"}],"curies":[{"name":"wp","href":"https:\/\/api.w.org\/{rel}","templated":true}]}}