{"id":2739,"date":"2017-02-03T23:04:08","date_gmt":"2017-02-04T04:04:08","guid":{"rendered":"https:\/\/expertbatiment.ca\/expertise-and-engineering\/asbestos-management\/"},"modified":"2025-02-05T10:44:54","modified_gmt":"2025-02-05T15:44:54","slug":"management-of-asbestos","status":"publish","type":"page","link":"https:\/\/expertbatiment.ca\/en\/expertise\/management-of-asbestos\/","title":{"rendered":"Asbestos management"},"content":{"rendered":"\n<p>In Quebec, it is not uncommon to find asbestos-containing materials in the construction components, installations and equipment of all types of buildings, whether residential, commercial, industrial or institutional. These materials are rarely identified or labeled, so it can be quite difficult, if not impossible, to determine which materials contain them without an expert. At Expertb\u00e2timent, we can do a complete inspection of your building in order to identify and locate asbestos-containing flockings and lagging.<\/p>\n\n<p>For your information<strong>, a flock <\/strong>is a mixture of friable materials sprayed on to cover a surface, most often for thermal insulation purposes.<\/p>\n\n<p><strong>Insulation <\/strong>is an insulating material that covers a facility or equipment, often pipes, to prevent heat loss.<\/p>\n\n<p class=\"has-black-color has-text-color\">Source: <a href=\"https:\/\/www.cnesst.gouv.qc.ca\/fr\/organisation\/documentation\/formulaires-publications\/gestion-securitaire-lamiante\">CNESST, Gestion s\u00e9curitaire de l&#8217;amiante<\/a><\/p>\n\n<p><strong>Flockings and lagging are materials likely to contain asbestos (MSCA)<\/strong><strong>.<\/strong><\/p>\n\n<p>This service includes:<\/p>\n\n<ul class=\"wp-block-list\">\n<li>Regulatory compliance of insulation and flockings;<\/li>\n\n\n\n<li>Inspection and sampling;<\/li>\n\n\n\n<li>Decontamination protocol;<\/li>\n\n\n\n<li>Cost estimates;<\/li>\n\n\n\n<li>Study of management options (containment, encapsulation, removal, conservation).<\/li>\n<\/ul>\n","protected":false},"excerpt":{"rendered":"<p>In Quebec, it is not uncommon to find asbestos-containing materials in the construction components, installations and equipment of all types of buildings, whether residential, commercial, industrial or institutional. These materials are rarely identified or labeled, so it can be quite difficult, if not impossible, to determine which materials contain them without an expert. At Expertb\u00e2timent, [&hellip;]<\/p>\n","protected":false},"author":9,"featured_media":2526,"parent":2734,"menu_order":0,"comment_status":"closed","ping_status":"closed","template":"page-templates\/service.php","meta":{"_acf_changed":false,"_uag_custom_page_level_css":"","footnotes":""},"class_list":["post-2739","page","type-page","status-publish","has-post-thumbnail","hentry"],"acf":[],"yoast_head":"<!-- This site is optimized with the Yoast SEO plugin v27.4 - https:\/\/yoast.com\/product\/yoast-seo-wordpress\/ -->\n<title>Asbestos management - EXPERTB\u00c2TIMENT - Expertise, Engineering, Laboratory<\/title>\n<meta name=\"description\" content=\"Asbestos management, building engineering services. Contact EXPERTBUILDING immediately for information on this service 1-888-883-0432\" \/>\n<meta name=\"robots\" content=\"index, follow, max-snippet:-1, max-image-preview:large, max-video-preview:-1\" \/>\n<link rel=\"canonical\" href=\"https:\/\/expertbatiment.ca\/en\/expertise\/management-of-asbestos\/\" \/>\n<meta property=\"og:locale\" content=\"en_US\" \/>\n<meta property=\"og:type\" content=\"article\" \/>\n<meta property=\"og:title\" content=\"Asbestos management - EXPERTB\u00c2TIMENT - Expertise, Engineering, Laboratory\" \/>\n<meta property=\"og:description\" content=\"Asbestos management, building engineering services. Contact EXPERTBUILDING immediately for information on this service 1-888-883-0432\" \/>\n<meta property=\"og:url\" content=\"https:\/\/expertbatiment.ca\/en\/expertise\/management-of-asbestos\/\" \/>\n<meta property=\"og:site_name\" content=\"EXPERTB\u00c2TIMENT\" \/>\n<meta property=\"article:publisher\" content=\"https:\/\/www.facebook.com\/expertbatiment.ca\" \/>\n<meta property=\"article:modified_time\" content=\"2025-02-05T15:44:54+00:00\" \/>\n<meta property=\"og:image\" content=\"https:\/\/expertbatiment.ca\/wp-content\/uploads\/2017\/02\/bandeau_gestion_amiante.png\" \/>\n\t<meta property=\"og:image:width\" content=\"2000\" \/>\n\t<meta property=\"og:image:height\" content=\"600\" \/>\n\t<meta property=\"og:image:type\" content=\"image\/png\" \/>\n<meta name=\"twitter:card\" content=\"summary_large_image\" \/>\n<meta name=\"twitter:label1\" content=\"Est. reading time\" \/>\n\t<meta name=\"twitter:data1\" content=\"2 minutes\" \/>\n<script type=\"application\/ld+json\" class=\"yoast-schema-graph\">{\"@context\":\"https:\\\/\\\/schema.org\",\"@graph\":[{\"@type\":\"WebPage\",\"@id\":\"https:\\\/\\\/expertbatiment.ca\\\/en\\\/expertise\\\/management-of-asbestos\\\/\",\"url\":\"https:\\\/\\\/expertbatiment.ca\\\/en\\\/expertise\\\/management-of-asbestos\\\/\",\"name\":\"Asbestos management - EXPERTB\u00c2TIMENT - Expertise, Engineering, Laboratory\",\"isPartOf\":{\"@id\":\"https:\\\/\\\/expertbatiment.ca\\\/en\\\/#website\"},\"primaryImageOfPage\":{\"@id\":\"https:\\\/\\\/expertbatiment.ca\\\/en\\\/expertise\\\/management-of-asbestos\\\/#primaryimage\"},\"image\":{\"@id\":\"https:\\\/\\\/expertbatiment.ca\\\/en\\\/expertise\\\/management-of-asbestos\\\/#primaryimage\"},\"thumbnailUrl\":\"https:\\\/\\\/expertbatiment.ca\\\/wp-content\\\/uploads\\\/2017\\\/02\\\/bandeau_gestion_amiante.png\",\"datePublished\":\"2017-02-04T04:04:08+00:00\",\"dateModified\":\"2025-02-05T15:44:54+00:00\",\"description\":\"Asbestos management, building engineering services. Contact EXPERTBUILDING immediately for information on this service 1-888-883-0432\",\"breadcrumb\":{\"@id\":\"https:\\\/\\\/expertbatiment.ca\\\/en\\\/expertise\\\/management-of-asbestos\\\/#breadcrumb\"},\"inLanguage\":\"en-US\",\"potentialAction\":[{\"@type\":\"ReadAction\",\"target\":[\"https:\\\/\\\/expertbatiment.ca\\\/en\\\/expertise\\\/management-of-asbestos\\\/\"]}]},{\"@type\":\"ImageObject\",\"inLanguage\":\"en-US\",\"@id\":\"https:\\\/\\\/expertbatiment.ca\\\/en\\\/expertise\\\/management-of-asbestos\\\/#primaryimage\",\"url\":\"https:\\\/\\\/expertbatiment.ca\\\/wp-content\\\/uploads\\\/2017\\\/02\\\/bandeau_gestion_amiante.png\",\"contentUrl\":\"https:\\\/\\\/expertbatiment.ca\\\/wp-content\\\/uploads\\\/2017\\\/02\\\/bandeau_gestion_amiante.png\",\"width\":2000,\"height\":600},{\"@type\":\"BreadcrumbList\",\"@id\":\"https:\\\/\\\/expertbatiment.ca\\\/en\\\/expertise\\\/management-of-asbestos\\\/#breadcrumb\",\"itemListElement\":[{\"@type\":\"ListItem\",\"position\":1,\"name\":\"Home\",\"item\":\"https:\\\/\\\/expertbatiment.ca\\\/en\\\/\"},{\"@type\":\"ListItem\",\"position\":2,\"name\":\"Expertise and engineering\",\"item\":\"https:\\\/\\\/expertbatiment.ca\\\/en\\\/expertise\\\/\"},{\"@type\":\"ListItem\",\"position\":3,\"name\":\"Asbestos management\"}]},{\"@type\":\"WebSite\",\"@id\":\"https:\\\/\\\/expertbatiment.ca\\\/en\\\/#website\",\"url\":\"https:\\\/\\\/expertbatiment.ca\\\/en\\\/\",\"name\":\"EXPERTB\u00c2TIMENT\",\"description\":\"Des services sp\u00e9cialis\u00e9s afin de garantir des b\u00e2timents sains, s\u00e9curitaires et durables.\",\"publisher\":{\"@id\":\"https:\\\/\\\/expertbatiment.ca\\\/en\\\/#organization\"},\"potentialAction\":[{\"@type\":\"SearchAction\",\"target\":{\"@type\":\"EntryPoint\",\"urlTemplate\":\"https:\\\/\\\/expertbatiment.ca\\\/en\\\/?s={search_term_string}\"},\"query-input\":{\"@type\":\"PropertyValueSpecification\",\"valueRequired\":true,\"valueName\":\"search_term_string\"}}],\"inLanguage\":\"en-US\"},{\"@type\":\"Organization\",\"@id\":\"https:\\\/\\\/expertbatiment.ca\\\/en\\\/#organization\",\"name\":\"Expertb\u00e2timent\",\"url\":\"https:\\\/\\\/expertbatiment.ca\\\/en\\\/\",\"logo\":{\"@type\":\"ImageObject\",\"inLanguage\":\"en-US\",\"@id\":\"https:\\\/\\\/expertbatiment.ca\\\/en\\\/#\\\/schema\\\/logo\\\/image\\\/\",\"url\":\"https:\\\/\\\/expertbatiment.ca\\\/wp-content\\\/uploads\\\/2022\\\/06\\\/icon-ebc.png\",\"contentUrl\":\"https:\\\/\\\/expertbatiment.ca\\\/wp-content\\\/uploads\\\/2022\\\/06\\\/icon-ebc.png\",\"width\":512,\"height\":512,\"caption\":\"Expertb\u00e2timent\"},\"image\":{\"@id\":\"https:\\\/\\\/expertbatiment.ca\\\/en\\\/#\\\/schema\\\/logo\\\/image\\\/\"},\"sameAs\":[\"https:\\\/\\\/www.facebook.com\\\/expertbatiment.ca\",\"https:\\\/\\\/www.linkedin.com\\\/company\\\/expertbatiment-ca\"]}]}<\/script>\n<!-- \/ Yoast SEO plugin. -->","yoast_head_json":{"title":"Asbestos management - EXPERTB\u00c2TIMENT - Expertise, Engineering, Laboratory","description":"Asbestos management, building engineering services. Contact EXPERTBUILDING immediately for information on this service 1-888-883-0432","robots":{"index":"index","follow":"follow","max-snippet":"max-snippet:-1","max-image-preview":"max-image-preview:large","max-video-preview":"max-video-preview:-1"},"canonical":"https:\/\/expertbatiment.ca\/en\/expertise\/management-of-asbestos\/","og_locale":"en_US","og_type":"article","og_title":"Asbestos management - EXPERTB\u00c2TIMENT - Expertise, Engineering, Laboratory","og_description":"Asbestos management, building engineering services. Contact EXPERTBUILDING immediately for information on this service 1-888-883-0432","og_url":"https:\/\/expertbatiment.ca\/en\/expertise\/management-of-asbestos\/","og_site_name":"EXPERTB\u00c2TIMENT","article_publisher":"https:\/\/www.facebook.com\/expertbatiment.ca","article_modified_time":"2025-02-05T15:44:54+00:00","og_image":[{"width":2000,"height":600,"url":"https:\/\/expertbatiment.ca\/wp-content\/uploads\/2017\/02\/bandeau_gestion_amiante.png","type":"image\/png"}],"twitter_card":"summary_large_image","twitter_misc":{"Est. reading time":"2 minutes"},"schema":{"@context":"https:\/\/schema.org","@graph":[{"@type":"WebPage","@id":"https:\/\/expertbatiment.ca\/en\/expertise\/management-of-asbestos\/","url":"https:\/\/expertbatiment.ca\/en\/expertise\/management-of-asbestos\/","name":"Asbestos management - EXPERTB\u00c2TIMENT - Expertise, Engineering, Laboratory","isPartOf":{"@id":"https:\/\/expertbatiment.ca\/en\/#website"},"primaryImageOfPage":{"@id":"https:\/\/expertbatiment.ca\/en\/expertise\/management-of-asbestos\/#primaryimage"},"image":{"@id":"https:\/\/expertbatiment.ca\/en\/expertise\/management-of-asbestos\/#primaryimage"},"thumbnailUrl":"https:\/\/expertbatiment.ca\/wp-content\/uploads\/2017\/02\/bandeau_gestion_amiante.png","datePublished":"2017-02-04T04:04:08+00:00","dateModified":"2025-02-05T15:44:54+00:00","description":"Asbestos management, building engineering services. Contact EXPERTBUILDING immediately for information on this service 1-888-883-0432","breadcrumb":{"@id":"https:\/\/expertbatiment.ca\/en\/expertise\/management-of-asbestos\/#breadcrumb"},"inLanguage":"en-US","potentialAction":[{"@type":"ReadAction","target":["https:\/\/expertbatiment.ca\/en\/expertise\/management-of-asbestos\/"]}]},{"@type":"ImageObject","inLanguage":"en-US","@id":"https:\/\/expertbatiment.ca\/en\/expertise\/management-of-asbestos\/#primaryimage","url":"https:\/\/expertbatiment.ca\/wp-content\/uploads\/2017\/02\/bandeau_gestion_amiante.png","contentUrl":"https:\/\/expertbatiment.ca\/wp-content\/uploads\/2017\/02\/bandeau_gestion_amiante.png","width":2000,"height":600},{"@type":"BreadcrumbList","@id":"https:\/\/expertbatiment.ca\/en\/expertise\/management-of-asbestos\/#breadcrumb","itemListElement":[{"@type":"ListItem","position":1,"name":"Home","item":"https:\/\/expertbatiment.ca\/en\/"},{"@type":"ListItem","position":2,"name":"Expertise and engineering","item":"https:\/\/expertbatiment.ca\/en\/expertise\/"},{"@type":"ListItem","position":3,"name":"Asbestos management"}]},{"@type":"WebSite","@id":"https:\/\/expertbatiment.ca\/en\/#website","url":"https:\/\/expertbatiment.ca\/en\/","name":"EXPERTB\u00c2TIMENT","description":"Des services sp\u00e9cialis\u00e9s afin de garantir des b\u00e2timents sains, s\u00e9curitaires et durables.","publisher":{"@id":"https:\/\/expertbatiment.ca\/en\/#organization"},"potentialAction":[{"@type":"SearchAction","target":{"@type":"EntryPoint","urlTemplate":"https:\/\/expertbatiment.ca\/en\/?s={search_term_string}"},"query-input":{"@type":"PropertyValueSpecification","valueRequired":true,"valueName":"search_term_string"}}],"inLanguage":"en-US"},{"@type":"Organization","@id":"https:\/\/expertbatiment.ca\/en\/#organization","name":"Expertb\u00e2timent","url":"https:\/\/expertbatiment.ca\/en\/","logo":{"@type":"ImageObject","inLanguage":"en-US","@id":"https:\/\/expertbatiment.ca\/en\/#\/schema\/logo\/image\/","url":"https:\/\/expertbatiment.ca\/wp-content\/uploads\/2022\/06\/icon-ebc.png","contentUrl":"https:\/\/expertbatiment.ca\/wp-content\/uploads\/2022\/06\/icon-ebc.png","width":512,"height":512,"caption":"Expertb\u00e2timent"},"image":{"@id":"https:\/\/expertbatiment.ca\/en\/#\/schema\/logo\/image\/"},"sameAs":["https:\/\/www.facebook.com\/expertbatiment.ca","https:\/\/www.linkedin.com\/company\/expertbatiment-ca"]}]}},"uagb_featured_image_src":{"full":["https:\/\/expertbatiment.ca\/wp-content\/uploads\/2017\/02\/bandeau_gestion_amiante.png",2000,600,false],"thumbnail":["https:\/\/expertbatiment.ca\/wp-content\/uploads\/2017\/02\/bandeau_gestion_amiante-150x150.png",150,150,true],"medium":["https:\/\/expertbatiment.ca\/wp-content\/uploads\/2017\/02\/bandeau_gestion_amiante-300x90.png",300,90,true],"medium_large":["https:\/\/expertbatiment.ca\/wp-content\/uploads\/2017\/02\/bandeau_gestion_amiante-768x230.png",768,230,true],"large":["https:\/\/expertbatiment.ca\/wp-content\/uploads\/2017\/02\/bandeau_gestion_amiante-1024x307.png",1024,307,true],"1536x1536":["https:\/\/expertbatiment.ca\/wp-content\/uploads\/2017\/02\/bandeau_gestion_amiante.png",1536,461,false],"2048x2048":["https:\/\/expertbatiment.ca\/wp-content\/uploads\/2017\/02\/bandeau_gestion_amiante.png",2000,600,false],"featured-small":["https:\/\/expertbatiment.ca\/wp-content\/uploads\/2017\/02\/bandeau_gestion_amiante-640x200.png",640,200,true],"featured-medium":["https:\/\/expertbatiment.ca\/wp-content\/uploads\/2017\/02\/bandeau_gestion_amiante-1280x400.png",1280,400,true],"featured-large":["https:\/\/expertbatiment.ca\/wp-content\/uploads\/2017\/02\/bandeau_gestion_amiante-1440x400.png",1440,400,true],"featured-xlarge":["https:\/\/expertbatiment.ca\/wp-content\/uploads\/2017\/02\/bandeau_gestion_amiante-1920x400.png",1920,400,true],"fp-small":["https:\/\/expertbatiment.ca\/wp-content\/uploads\/2017\/02\/bandeau_gestion_amiante-640x192.png",640,192,true],"fp-medium":["https:\/\/expertbatiment.ca\/wp-content\/uploads\/2017\/02\/bandeau_gestion_amiante-1024x307.png",1024,307,true],"fp-large":["https:\/\/expertbatiment.ca\/wp-content\/uploads\/2017\/02\/bandeau_gestion_amiante-1200x360.png",1200,360,true],"fp-xlarge":["https:\/\/expertbatiment.ca\/wp-content\/uploads\/2017\/02\/bandeau_gestion_amiante-1920x576.png",1920,576,true],"menu-24x24":["https:\/\/expertbatiment.ca\/wp-content\/uploads\/2017\/02\/bandeau_gestion_amiante.png",24,7,false],"menu-36x36":["https:\/\/expertbatiment.ca\/wp-content\/uploads\/2017\/02\/bandeau_gestion_amiante.png",36,11,false],"menu-48x48":["https:\/\/expertbatiment.ca\/wp-content\/uploads\/2017\/02\/bandeau_gestion_amiante.png",48,14,false]},"uagb_author_info":{"display_name":"support informatique","author_link":"https:\/\/expertbatiment.ca\/en\/author\/support\/"},"uagb_comment_info":0,"uagb_excerpt":"In Quebec, it is not uncommon to find asbestos-containing materials in the construction components, installations and equipment of all types of buildings, whether residential, commercial, industrial or institutional. These materials are rarely identified or labeled, so it can be quite difficult, if not impossible, to determine which materials contain them without an expert. At Expertb\u00e2timent,&hellip;","_links":{"self":[{"href":"https:\/\/expertbatiment.ca\/en\/wp-json\/wp\/v2\/pages\/2739","targetHints":{"allow":["GET"]}}],"collection":[{"href":"https:\/\/expertbatiment.ca\/en\/wp-json\/wp\/v2\/pages"}],"about":[{"href":"https:\/\/expertbatiment.ca\/en\/wp-json\/wp\/v2\/types\/page"}],"author":[{"embeddable":true,"href":"https:\/\/expertbatiment.ca\/en\/wp-json\/wp\/v2\/users\/9"}],"replies":[{"embeddable":true,"href":"https:\/\/expertbatiment.ca\/en\/wp-json\/wp\/v2\/comments?post=2739"}],"version-history":[{"count":2,"href":"https:\/\/expertbatiment.ca\/en\/wp-json\/wp\/v2\/pages\/2739\/revisions"}],"predecessor-version":[{"id":19758,"href":"https:\/\/expertbatiment.ca\/en\/wp-json\/wp\/v2\/pages\/2739\/revisions\/19758"}],"up":[{"embeddable":true,"href":"https:\/\/expertbatiment.ca\/en\/wp-json\/wp\/v2\/pages\/2734"}],"wp:featuredmedia":[{"embeddable":true,"href":"https:\/\/expertbatiment.ca\/en\/wp-json\/wp\/v2\/media\/2526"}],"wp:attachment":[{"href":"https:\/\/expertbatiment.ca\/en\/wp-json\/wp\/v2\/media?parent=2739"}],"curies":[{"name":"wp","href":"https:\/\/api.w.org\/{rel}","templated":true}]}}