{"id":2741,"date":"2017-02-03T23:18:04","date_gmt":"2017-02-04T04:18:04","guid":{"rendered":"https:\/\/expertbatiment.ca\/energy-efficiency\/novoclimat\/"},"modified":"2025-02-05T10:44:48","modified_gmt":"2025-02-05T15:44:48","slug":"novo-climate","status":"publish","type":"page","link":"https:\/\/expertbatiment.ca\/en\/efficiency\/novo-climate\/","title":{"rendered":"Novoclimat"},"content":{"rendered":"\t\t<div data-elementor-type=\"wp-page\" data-elementor-id=\"2741\" class=\"elementor elementor-2741 elementor-223\" data-elementor-post-type=\"page\">\n\t\t\t\t<div class=\"elementor-element elementor-element-50a7b9a8 e-flex e-con-boxed e-con e-parent\" data-id=\"50a7b9a8\" data-element_type=\"container\">\n\t\t\t\t\t<div class=\"e-con-inner\">\n\t\t\t\t<div class=\"elementor-element elementor-element-4bf57fa0 elementor-widget elementor-widget-text-editor\" data-id=\"4bf57fa0\" data-element_type=\"widget\" data-widget_type=\"text-editor.default\">\n\t\t\t\t\t\t\t\t\t\n<div class=\"wp-block-stackable-spacer stk-block-spacer stk--no-padding stk-block stk-10da0a7\" data-block-id=\"10da0a7\"><style>.stk-10da0a7{height:15px !important}<\/style><\/div>\n\n<p><span style=\"font-weight: 400;\">20% savings on the energy bill of your new house!<\/span><\/p>\n<p><span style=\"font-weight: 400;\">These are the recurring savings that a Novoclimat-certified home can bring you. In fact, this program aims to encourage the construction of homes with energy efficiency characteristics that are superior to the average for standard constructions. By purchasing a Novoclimat home, you are ensuring that your building will meet higher standards in terms of insulation, airtightness and ventilation.<\/span><\/p>\n<p><span style=\"font-weight: 400;\">You will benefit from this:<\/span><\/p>\n<ul>\n<li><span style=\"font-weight: 400;\">considerable energy savings;<\/span><\/li>\n<li>increased comfort;<\/li>\n<li>superior air quality.<\/li>\n<\/ul>\n<p><span style=\"font-weight: 400;\">In addition, the program offers financial assistance of <\/span><b>2000$<\/b><span style=\"font-weight: 400;\"> to the buyers of a new Novoclimat certified house, and <\/span><b>2000$<\/b><span style=\"font-weight: 400;\"> if the buyer is a first time home buyer.<\/span><\/p>\n<p><span style=\"font-weight: 400;\">CMHC also offers a 15% rebate on the insurance premium for the purchase of a <a href=\"https:\/\/transitionenergetique.gouv.qc.ca\/residentiel\/programmes\/novoclimat\" target=\"_blank\" rel=\"noopener\">Novoclimat<\/a> home.<\/span><\/p>\n<p><span style=\"font-weight: 400;\">In order to obtain a certified home, you must contact a Novoclimat certified contractor and ask him to include the Novoclimat requirements for the construction of your new home.<\/span><\/p>\n<p><span style=\"font-weight: 400;\">Your contractor will take charge of registering your home in the program, and our consultants will ensure that the requirements are met during construction.<\/span><\/p>\n<p><span style=\"font-weight: 400;\">Novoclimat is a government program offered by Transition \u00e9nerg\u00e9tique Qu\u00e9bec. To access the directory of Novoclimat certified contractors, and to learn more about the program, please visit the program website  <\/span><a href=\"https:\/\/transitionenergetique.gouv.qc.ca\/residentiel\/programmes\/novoclimat\" target=\"_blank\" rel=\"noopener\">\n  <span style=\"font-weight: 400;\">Novoclimat<\/span>\n<\/a><span style=\"font-weight: 400;\">.<\/span><\/p>\n<p><span style=\"font-weight: 400;\">Telephone: 1-866-266-0008<\/span><\/p>\t\t\t\t\t\t\t\t<\/div>\n\t\t\t\t\t<\/div>\n\t\t\t\t<\/div>\n\t\t\t\t<\/div>\n\t\t","protected":false},"excerpt":{"rendered":"<p>20% savings on the energy bill of your new house! These are the recurring savings that a Novoclimat-certified home can bring you. In fact, this program aims to encourage the construction of homes with energy efficiency characteristics that are superior to the average for standard constructions. By purchasing a Novoclimat home, you are ensuring that [&hellip;]<\/p>\n","protected":false},"author":9,"featured_media":2628,"parent":2731,"menu_order":0,"comment_status":"closed","ping_status":"closed","template":"page-templates\/service.php","meta":{"_acf_changed":false,"_uag_custom_page_level_css":"","footnotes":""},"class_list":["post-2741","page","type-page","status-publish","has-post-thumbnail","hentry"],"acf":[],"yoast_head":"<!-- This site is optimized with the Yoast SEO plugin v27.4 - https:\/\/yoast.com\/product\/yoast-seo-wordpress\/ -->\n<title>Novoclimat - EXPERTB\u00c2TIMENT - Expertise, Engineering, Laboratory<\/title>\n<meta name=\"description\" content=\"Novoclimat, energy efficiency services for buildings. Contact EXPERTBUILDING immediately for information on this service 1-888-883-0432\" \/>\n<meta name=\"robots\" content=\"index, follow, max-snippet:-1, max-image-preview:large, max-video-preview:-1\" \/>\n<link rel=\"canonical\" href=\"https:\/\/expertbatiment.ca\/en\/efficiency\/novo-climate\/\" \/>\n<meta property=\"og:locale\" content=\"en_US\" \/>\n<meta property=\"og:type\" content=\"article\" \/>\n<meta property=\"og:title\" content=\"Novoclimat - EXPERTB\u00c2TIMENT - Expertise, Engineering, Laboratory\" \/>\n<meta property=\"og:description\" content=\"Novoclimat, energy efficiency services for buildings. Contact EXPERTBUILDING immediately for information on this service 1-888-883-0432\" \/>\n<meta property=\"og:url\" content=\"https:\/\/expertbatiment.ca\/en\/efficiency\/novo-climate\/\" \/>\n<meta property=\"og:site_name\" content=\"EXPERTB\u00c2TIMENT\" \/>\n<meta property=\"article:publisher\" content=\"https:\/\/www.facebook.com\/expertbatiment.ca\" \/>\n<meta property=\"article:modified_time\" content=\"2025-02-05T15:44:48+00:00\" \/>\n<meta property=\"og:image\" content=\"https:\/\/expertbatiment.ca\/wp-content\/uploads\/2021\/06\/Banniere-Novo.png\" \/>\n\t<meta property=\"og:image:width\" content=\"2000\" \/>\n\t<meta property=\"og:image:height\" content=\"600\" \/>\n\t<meta property=\"og:image:type\" content=\"image\/png\" \/>\n<meta name=\"twitter:card\" content=\"summary_large_image\" \/>\n<meta name=\"twitter:label1\" content=\"Est. reading time\" \/>\n\t<meta name=\"twitter:data1\" content=\"2 minutes\" \/>\n<script type=\"application\/ld+json\" class=\"yoast-schema-graph\">{\"@context\":\"https:\\\/\\\/schema.org\",\"@graph\":[{\"@type\":\"WebPage\",\"@id\":\"https:\\\/\\\/expertbatiment.ca\\\/en\\\/efficiency\\\/novo-climate\\\/\",\"url\":\"https:\\\/\\\/expertbatiment.ca\\\/en\\\/efficiency\\\/novo-climate\\\/\",\"name\":\"Novoclimat - EXPERTB\u00c2TIMENT - Expertise, Engineering, Laboratory\",\"isPartOf\":{\"@id\":\"https:\\\/\\\/expertbatiment.ca\\\/en\\\/#website\"},\"primaryImageOfPage\":{\"@id\":\"https:\\\/\\\/expertbatiment.ca\\\/en\\\/efficiency\\\/novo-climate\\\/#primaryimage\"},\"image\":{\"@id\":\"https:\\\/\\\/expertbatiment.ca\\\/en\\\/efficiency\\\/novo-climate\\\/#primaryimage\"},\"thumbnailUrl\":\"https:\\\/\\\/expertbatiment.ca\\\/wp-content\\\/uploads\\\/2021\\\/06\\\/Banniere-Novo.png\",\"datePublished\":\"2017-02-04T04:18:04+00:00\",\"dateModified\":\"2025-02-05T15:44:48+00:00\",\"description\":\"Novoclimat, energy efficiency services for buildings. Contact EXPERTBUILDING immediately for information on this service 1-888-883-0432\",\"breadcrumb\":{\"@id\":\"https:\\\/\\\/expertbatiment.ca\\\/en\\\/efficiency\\\/novo-climate\\\/#breadcrumb\"},\"inLanguage\":\"en-US\",\"potentialAction\":[{\"@type\":\"ReadAction\",\"target\":[\"https:\\\/\\\/expertbatiment.ca\\\/en\\\/efficiency\\\/novo-climate\\\/\"]}]},{\"@type\":\"ImageObject\",\"inLanguage\":\"en-US\",\"@id\":\"https:\\\/\\\/expertbatiment.ca\\\/en\\\/efficiency\\\/novo-climate\\\/#primaryimage\",\"url\":\"https:\\\/\\\/expertbatiment.ca\\\/wp-content\\\/uploads\\\/2021\\\/06\\\/Banniere-Novo.png\",\"contentUrl\":\"https:\\\/\\\/expertbatiment.ca\\\/wp-content\\\/uploads\\\/2021\\\/06\\\/Banniere-Novo.png\",\"width\":2000,\"height\":600},{\"@type\":\"BreadcrumbList\",\"@id\":\"https:\\\/\\\/expertbatiment.ca\\\/en\\\/efficiency\\\/novo-climate\\\/#breadcrumb\",\"itemListElement\":[{\"@type\":\"ListItem\",\"position\":1,\"name\":\"Home\",\"item\":\"https:\\\/\\\/expertbatiment.ca\\\/en\\\/\"},{\"@type\":\"ListItem\",\"position\":2,\"name\":\"Energy efficiency\",\"item\":\"https:\\\/\\\/expertbatiment.ca\\\/en\\\/efficiency\\\/\"},{\"@type\":\"ListItem\",\"position\":3,\"name\":\"Novoclimat\"}]},{\"@type\":\"WebSite\",\"@id\":\"https:\\\/\\\/expertbatiment.ca\\\/en\\\/#website\",\"url\":\"https:\\\/\\\/expertbatiment.ca\\\/en\\\/\",\"name\":\"EXPERTB\u00c2TIMENT\",\"description\":\"Des services sp\u00e9cialis\u00e9s afin de garantir des b\u00e2timents sains, s\u00e9curitaires et durables.\",\"publisher\":{\"@id\":\"https:\\\/\\\/expertbatiment.ca\\\/en\\\/#organization\"},\"potentialAction\":[{\"@type\":\"SearchAction\",\"target\":{\"@type\":\"EntryPoint\",\"urlTemplate\":\"https:\\\/\\\/expertbatiment.ca\\\/en\\\/?s={search_term_string}\"},\"query-input\":{\"@type\":\"PropertyValueSpecification\",\"valueRequired\":true,\"valueName\":\"search_term_string\"}}],\"inLanguage\":\"en-US\"},{\"@type\":\"Organization\",\"@id\":\"https:\\\/\\\/expertbatiment.ca\\\/en\\\/#organization\",\"name\":\"Expertb\u00e2timent\",\"url\":\"https:\\\/\\\/expertbatiment.ca\\\/en\\\/\",\"logo\":{\"@type\":\"ImageObject\",\"inLanguage\":\"en-US\",\"@id\":\"https:\\\/\\\/expertbatiment.ca\\\/en\\\/#\\\/schema\\\/logo\\\/image\\\/\",\"url\":\"https:\\\/\\\/expertbatiment.ca\\\/wp-content\\\/uploads\\\/2022\\\/06\\\/icon-ebc.png\",\"contentUrl\":\"https:\\\/\\\/expertbatiment.ca\\\/wp-content\\\/uploads\\\/2022\\\/06\\\/icon-ebc.png\",\"width\":512,\"height\":512,\"caption\":\"Expertb\u00e2timent\"},\"image\":{\"@id\":\"https:\\\/\\\/expertbatiment.ca\\\/en\\\/#\\\/schema\\\/logo\\\/image\\\/\"},\"sameAs\":[\"https:\\\/\\\/www.facebook.com\\\/expertbatiment.ca\",\"https:\\\/\\\/www.linkedin.com\\\/company\\\/expertbatiment-ca\"]}]}<\/script>\n<!-- \/ Yoast SEO plugin. -->","yoast_head_json":{"title":"Novoclimat - EXPERTB\u00c2TIMENT - Expertise, Engineering, Laboratory","description":"Novoclimat, energy efficiency services for buildings. Contact EXPERTBUILDING immediately for information on this service 1-888-883-0432","robots":{"index":"index","follow":"follow","max-snippet":"max-snippet:-1","max-image-preview":"max-image-preview:large","max-video-preview":"max-video-preview:-1"},"canonical":"https:\/\/expertbatiment.ca\/en\/efficiency\/novo-climate\/","og_locale":"en_US","og_type":"article","og_title":"Novoclimat - EXPERTB\u00c2TIMENT - Expertise, Engineering, Laboratory","og_description":"Novoclimat, energy efficiency services for buildings. Contact EXPERTBUILDING immediately for information on this service 1-888-883-0432","og_url":"https:\/\/expertbatiment.ca\/en\/efficiency\/novo-climate\/","og_site_name":"EXPERTB\u00c2TIMENT","article_publisher":"https:\/\/www.facebook.com\/expertbatiment.ca","article_modified_time":"2025-02-05T15:44:48+00:00","og_image":[{"width":2000,"height":600,"url":"https:\/\/expertbatiment.ca\/wp-content\/uploads\/2021\/06\/Banniere-Novo.png","type":"image\/png"}],"twitter_card":"summary_large_image","twitter_misc":{"Est. reading time":"2 minutes"},"schema":{"@context":"https:\/\/schema.org","@graph":[{"@type":"WebPage","@id":"https:\/\/expertbatiment.ca\/en\/efficiency\/novo-climate\/","url":"https:\/\/expertbatiment.ca\/en\/efficiency\/novo-climate\/","name":"Novoclimat - EXPERTB\u00c2TIMENT - Expertise, Engineering, Laboratory","isPartOf":{"@id":"https:\/\/expertbatiment.ca\/en\/#website"},"primaryImageOfPage":{"@id":"https:\/\/expertbatiment.ca\/en\/efficiency\/novo-climate\/#primaryimage"},"image":{"@id":"https:\/\/expertbatiment.ca\/en\/efficiency\/novo-climate\/#primaryimage"},"thumbnailUrl":"https:\/\/expertbatiment.ca\/wp-content\/uploads\/2021\/06\/Banniere-Novo.png","datePublished":"2017-02-04T04:18:04+00:00","dateModified":"2025-02-05T15:44:48+00:00","description":"Novoclimat, energy efficiency services for buildings. Contact EXPERTBUILDING immediately for information on this service 1-888-883-0432","breadcrumb":{"@id":"https:\/\/expertbatiment.ca\/en\/efficiency\/novo-climate\/#breadcrumb"},"inLanguage":"en-US","potentialAction":[{"@type":"ReadAction","target":["https:\/\/expertbatiment.ca\/en\/efficiency\/novo-climate\/"]}]},{"@type":"ImageObject","inLanguage":"en-US","@id":"https:\/\/expertbatiment.ca\/en\/efficiency\/novo-climate\/#primaryimage","url":"https:\/\/expertbatiment.ca\/wp-content\/uploads\/2021\/06\/Banniere-Novo.png","contentUrl":"https:\/\/expertbatiment.ca\/wp-content\/uploads\/2021\/06\/Banniere-Novo.png","width":2000,"height":600},{"@type":"BreadcrumbList","@id":"https:\/\/expertbatiment.ca\/en\/efficiency\/novo-climate\/#breadcrumb","itemListElement":[{"@type":"ListItem","position":1,"name":"Home","item":"https:\/\/expertbatiment.ca\/en\/"},{"@type":"ListItem","position":2,"name":"Energy efficiency","item":"https:\/\/expertbatiment.ca\/en\/efficiency\/"},{"@type":"ListItem","position":3,"name":"Novoclimat"}]},{"@type":"WebSite","@id":"https:\/\/expertbatiment.ca\/en\/#website","url":"https:\/\/expertbatiment.ca\/en\/","name":"EXPERTB\u00c2TIMENT","description":"Des services sp\u00e9cialis\u00e9s afin de garantir des b\u00e2timents sains, s\u00e9curitaires et durables.","publisher":{"@id":"https:\/\/expertbatiment.ca\/en\/#organization"},"potentialAction":[{"@type":"SearchAction","target":{"@type":"EntryPoint","urlTemplate":"https:\/\/expertbatiment.ca\/en\/?s={search_term_string}"},"query-input":{"@type":"PropertyValueSpecification","valueRequired":true,"valueName":"search_term_string"}}],"inLanguage":"en-US"},{"@type":"Organization","@id":"https:\/\/expertbatiment.ca\/en\/#organization","name":"Expertb\u00e2timent","url":"https:\/\/expertbatiment.ca\/en\/","logo":{"@type":"ImageObject","inLanguage":"en-US","@id":"https:\/\/expertbatiment.ca\/en\/#\/schema\/logo\/image\/","url":"https:\/\/expertbatiment.ca\/wp-content\/uploads\/2022\/06\/icon-ebc.png","contentUrl":"https:\/\/expertbatiment.ca\/wp-content\/uploads\/2022\/06\/icon-ebc.png","width":512,"height":512,"caption":"Expertb\u00e2timent"},"image":{"@id":"https:\/\/expertbatiment.ca\/en\/#\/schema\/logo\/image\/"},"sameAs":["https:\/\/www.facebook.com\/expertbatiment.ca","https:\/\/www.linkedin.com\/company\/expertbatiment-ca"]}]}},"uagb_featured_image_src":{"full":["https:\/\/expertbatiment.ca\/wp-content\/uploads\/2021\/06\/Banniere-Novo.png",2000,600,false],"thumbnail":["https:\/\/expertbatiment.ca\/wp-content\/uploads\/2021\/06\/Banniere-Novo-150x150.png",150,150,true],"medium":["https:\/\/expertbatiment.ca\/wp-content\/uploads\/2021\/06\/Banniere-Novo-300x90.png",300,90,true],"medium_large":["https:\/\/expertbatiment.ca\/wp-content\/uploads\/2021\/06\/Banniere-Novo-768x230.png",768,230,true],"large":["https:\/\/expertbatiment.ca\/wp-content\/uploads\/2021\/06\/Banniere-Novo-1024x307.png",1024,307,true],"1536x1536":["https:\/\/expertbatiment.ca\/wp-content\/uploads\/2021\/06\/Banniere-Novo-1536x461.png",1536,461,true],"2048x2048":["https:\/\/expertbatiment.ca\/wp-content\/uploads\/2021\/06\/Banniere-Novo.png",2000,600,false],"featured-small":["https:\/\/expertbatiment.ca\/wp-content\/uploads\/2021\/06\/Banniere-Novo-640x200.png",640,200,true],"featured-medium":["https:\/\/expertbatiment.ca\/wp-content\/uploads\/2021\/06\/Banniere-Novo-1280x400.png",1280,400,true],"featured-large":["https:\/\/expertbatiment.ca\/wp-content\/uploads\/2021\/06\/Banniere-Novo-1440x400.png",1440,400,true],"featured-xlarge":["https:\/\/expertbatiment.ca\/wp-content\/uploads\/2021\/06\/Banniere-Novo-1920x400.png",1920,400,true],"fp-small":["https:\/\/expertbatiment.ca\/wp-content\/uploads\/2021\/06\/Banniere-Novo-640x192.png",640,192,true],"fp-medium":["https:\/\/expertbatiment.ca\/wp-content\/uploads\/2021\/06\/Banniere-Novo-1024x307.png",1024,307,true],"fp-large":["https:\/\/expertbatiment.ca\/wp-content\/uploads\/2021\/06\/Banniere-Novo-1200x360.png",1200,360,true],"fp-xlarge":["https:\/\/expertbatiment.ca\/wp-content\/uploads\/2021\/06\/Banniere-Novo-1920x576.png",1920,576,true],"menu-24x24":["https:\/\/expertbatiment.ca\/wp-content\/uploads\/2021\/06\/Banniere-Novo.png",24,7,false],"menu-36x36":["https:\/\/expertbatiment.ca\/wp-content\/uploads\/2021\/06\/Banniere-Novo.png",36,11,false],"menu-48x48":["https:\/\/expertbatiment.ca\/wp-content\/uploads\/2021\/06\/Banniere-Novo.png",48,14,false]},"uagb_author_info":{"display_name":"support informatique","author_link":"https:\/\/expertbatiment.ca\/en\/author\/support\/"},"uagb_comment_info":0,"uagb_excerpt":"20% savings on the energy bill of your new house! These are the recurring savings that a Novoclimat-certified home can bring you. In fact, this program aims to encourage the construction of homes with energy efficiency characteristics that are superior to the average for standard constructions. By purchasing a Novoclimat home, you are ensuring that&hellip;","_links":{"self":[{"href":"https:\/\/expertbatiment.ca\/en\/wp-json\/wp\/v2\/pages\/2741","targetHints":{"allow":["GET"]}}],"collection":[{"href":"https:\/\/expertbatiment.ca\/en\/wp-json\/wp\/v2\/pages"}],"about":[{"href":"https:\/\/expertbatiment.ca\/en\/wp-json\/wp\/v2\/types\/page"}],"author":[{"embeddable":true,"href":"https:\/\/expertbatiment.ca\/en\/wp-json\/wp\/v2\/users\/9"}],"replies":[{"embeddable":true,"href":"https:\/\/expertbatiment.ca\/en\/wp-json\/wp\/v2\/comments?post=2741"}],"version-history":[{"count":5,"href":"https:\/\/expertbatiment.ca\/en\/wp-json\/wp\/v2\/pages\/2741\/revisions"}],"predecessor-version":[{"id":19756,"href":"https:\/\/expertbatiment.ca\/en\/wp-json\/wp\/v2\/pages\/2741\/revisions\/19756"}],"up":[{"embeddable":true,"href":"https:\/\/expertbatiment.ca\/en\/wp-json\/wp\/v2\/pages\/2731"}],"wp:featuredmedia":[{"embeddable":true,"href":"https:\/\/expertbatiment.ca\/en\/wp-json\/wp\/v2\/media\/2628"}],"wp:attachment":[{"href":"https:\/\/expertbatiment.ca\/en\/wp-json\/wp\/v2\/media?parent=2741"}],"curies":[{"name":"wp","href":"https:\/\/api.w.org\/{rel}","templated":true}]}}