{"id":2767,"date":"2021-02-02T13:56:56","date_gmt":"2021-02-02T18:56:56","guid":{"rendered":"https:\/\/expertbatiment.ca\/expertise-and-engineering\/weeping-cerulean\/"},"modified":"2025-02-05T10:44:42","modified_gmt":"2025-02-05T15:44:42","slug":"merule-pleureuse","status":"publish","type":"page","link":"https:\/\/expertbatiment.ca\/en\/environmental-analysis\/merule-pleureuse\/","title":{"rendered":"Weeping Cerulean"},"content":{"rendered":"\n<p>The weeping merula or more commonly called the building cancer is a fungus that is found more and more often in Quebec. It is most often found in dark, poorly ventilated and damp areas such as crawl spaces.<\/p>\n\n<p>When mature, weeping merula looks like a thick, orange-brown crust. However, when the fungus is immature, it appears as a more or less thick whitish filamentous layer.<\/p>\n\n<p>From its Latin name, <em>Serpula lacrymans<\/em>, the merula is known as a fungus that can rapidly decompose the wood of building frames. It can spread anywhere in a home, and it is not uncommon to see the invasive fungus on brick, plastic membranes or concrete.<\/p>\n\n<p><strong>Financial assistance for residential buildings affected by weeping mould<\/strong><\/p>\n\n<p>In 2018, the Soci\u00e9t\u00e9 d&#8217;habitation du Qu\u00e9bec (SHQ) set up a pilot project with the objective of reducing the financial burden for owners of a residence contaminated by weeping merula. The <a href=\"http:\/\/www.habitation.gouv.qc.ca\/merule.html\">Residential Intervention Program &#8211; weeping mould<\/a> &#8211; could allow you to receive financial assistance for decontamination, rehabilitation or reconstruction work.<\/p>\n\n<p>According to the requirements of the financial assistance program, several steps must be taken by experts in environmental analysis. BUILDINGEXPERT can guide you through the necessary steps of this application for financial assistance so that you can file an application as soon as possible. <strong>In addition, for eligible files, the SHQ reimburses the costs of expert reports and professional fees.<\/strong><\/p>\n\n<p><strong>BUILDINGEXPERT can help you in several steps surrounding the assumption and\/or presence of weeping merula by making the process as simple as possible. <\/strong><\/p>\n\n<ul class=\"wp-block-list\"><li>Inspect the building to determine the presence of weeping merula;<\/li><li>Proceed to the collection of samples to give to CEAEQ in order to produce a certificate of analysis;<\/li><li>Produce a weeping merula contamination assessment report;<\/li><li>Produce a technical estimate to define the work to be done to treat your weeping merula problem;<\/li><li>Inform you about the different possible treatments against weeping merula;<\/li><li>Inform you about the effects of weeping merula on your health;<\/li><li>Determine your eligibility for the financial assistance program to help you if your home is contaminated with weeping mould;<\/li><li>Guide you through all the steps of the application process;<\/li><\/ul>\n","protected":false},"excerpt":{"rendered":"<p>The weeping merula or more commonly called the building cancer is a fungus that is found more and more often in Quebec. It is most often found in dark, poorly ventilated and damp areas such as crawl spaces. When mature, weeping merula looks like a thick, orange-brown crust. However, when the fungus is immature, it [&hellip;]<\/p>\n","protected":false},"author":7,"featured_media":7646,"parent":2750,"menu_order":0,"comment_status":"closed","ping_status":"closed","template":"page-templates\/service.php","meta":{"_acf_changed":false,"_uag_custom_page_level_css":"","footnotes":""},"class_list":["post-2767","page","type-page","status-publish","has-post-thumbnail","hentry"],"acf":[],"yoast_head":"<!-- This site is optimized with the Yoast SEO plugin v27.4 - https:\/\/yoast.com\/product\/yoast-seo-wordpress\/ -->\n<title>Weeping Cerulean - EXPERTB\u00c2TIMENT - Expertise, Engineering, Laboratory<\/title>\n<meta name=\"robots\" content=\"index, follow, max-snippet:-1, max-image-preview:large, max-video-preview:-1\" \/>\n<link rel=\"canonical\" href=\"https:\/\/expertbatiment.ca\/en\/environmental-analysis\/merule-pleureuse\/\" \/>\n<meta property=\"og:locale\" content=\"en_US\" \/>\n<meta property=\"og:type\" content=\"article\" \/>\n<meta property=\"og:title\" content=\"Weeping Cerulean - EXPERTB\u00c2TIMENT - Expertise, Engineering, Laboratory\" \/>\n<meta property=\"og:description\" content=\"The weeping merula or more commonly called the building cancer is a fungus that is found more and more often in Quebec. It is most often found in dark, poorly ventilated and damp areas such as crawl spaces. When mature, weeping merula looks like a thick, orange-brown crust. However, when the fungus is immature, it [&hellip;]\" \/>\n<meta property=\"og:url\" content=\"https:\/\/expertbatiment.ca\/en\/environmental-analysis\/merule-pleureuse\/\" \/>\n<meta property=\"og:site_name\" content=\"EXPERTB\u00c2TIMENT\" \/>\n<meta property=\"article:publisher\" content=\"https:\/\/www.facebook.com\/expertbatiment.ca\" \/>\n<meta property=\"article:modified_time\" content=\"2025-02-05T15:44:42+00:00\" \/>\n<meta property=\"og:image\" content=\"https:\/\/expertbatiment.ca\/wp-content\/uploads\/2022\/10\/Vignette-template.jpg\" \/>\n\t<meta property=\"og:image:width\" content=\"1742\" \/>\n\t<meta property=\"og:image:height\" content=\"813\" \/>\n\t<meta property=\"og:image:type\" content=\"image\/jpeg\" \/>\n<meta name=\"twitter:card\" content=\"summary_large_image\" \/>\n<meta name=\"twitter:label1\" content=\"Est. reading time\" \/>\n\t<meta name=\"twitter:data1\" content=\"3 minutes\" \/>\n<script type=\"application\/ld+json\" class=\"yoast-schema-graph\">{\"@context\":\"https:\\\/\\\/schema.org\",\"@graph\":[{\"@type\":\"WebPage\",\"@id\":\"https:\\\/\\\/expertbatiment.ca\\\/en\\\/environmental-analysis\\\/merule-pleureuse\\\/\",\"url\":\"https:\\\/\\\/expertbatiment.ca\\\/en\\\/environmental-analysis\\\/merule-pleureuse\\\/\",\"name\":\"Weeping Cerulean - EXPERTB\u00c2TIMENT - Expertise, Engineering, Laboratory\",\"isPartOf\":{\"@id\":\"https:\\\/\\\/expertbatiment.ca\\\/en\\\/#website\"},\"primaryImageOfPage\":{\"@id\":\"https:\\\/\\\/expertbatiment.ca\\\/en\\\/environmental-analysis\\\/merule-pleureuse\\\/#primaryimage\"},\"image\":{\"@id\":\"https:\\\/\\\/expertbatiment.ca\\\/en\\\/environmental-analysis\\\/merule-pleureuse\\\/#primaryimage\"},\"thumbnailUrl\":\"https:\\\/\\\/expertbatiment.ca\\\/wp-content\\\/uploads\\\/2022\\\/10\\\/Vignette-template.jpg\",\"datePublished\":\"2021-02-02T18:56:56+00:00\",\"dateModified\":\"2025-02-05T15:44:42+00:00\",\"breadcrumb\":{\"@id\":\"https:\\\/\\\/expertbatiment.ca\\\/en\\\/environmental-analysis\\\/merule-pleureuse\\\/#breadcrumb\"},\"inLanguage\":\"en-US\",\"potentialAction\":[{\"@type\":\"ReadAction\",\"target\":[\"https:\\\/\\\/expertbatiment.ca\\\/en\\\/environmental-analysis\\\/merule-pleureuse\\\/\"]}]},{\"@type\":\"ImageObject\",\"inLanguage\":\"en-US\",\"@id\":\"https:\\\/\\\/expertbatiment.ca\\\/en\\\/environmental-analysis\\\/merule-pleureuse\\\/#primaryimage\",\"url\":\"https:\\\/\\\/expertbatiment.ca\\\/wp-content\\\/uploads\\\/2022\\\/10\\\/Vignette-template.jpg\",\"contentUrl\":\"https:\\\/\\\/expertbatiment.ca\\\/wp-content\\\/uploads\\\/2022\\\/10\\\/Vignette-template.jpg\",\"width\":1742,\"height\":813},{\"@type\":\"BreadcrumbList\",\"@id\":\"https:\\\/\\\/expertbatiment.ca\\\/en\\\/environmental-analysis\\\/merule-pleureuse\\\/#breadcrumb\",\"itemListElement\":[{\"@type\":\"ListItem\",\"position\":1,\"name\":\"Home\",\"item\":\"https:\\\/\\\/expertbatiment.ca\\\/en\\\/\"},{\"@type\":\"ListItem\",\"position\":2,\"name\":\"Environmental analysis\",\"item\":\"https:\\\/\\\/expertbatiment.ca\\\/en\\\/environmental-analysis\\\/\"},{\"@type\":\"ListItem\",\"position\":3,\"name\":\"Weeping Cerulean\"}]},{\"@type\":\"WebSite\",\"@id\":\"https:\\\/\\\/expertbatiment.ca\\\/en\\\/#website\",\"url\":\"https:\\\/\\\/expertbatiment.ca\\\/en\\\/\",\"name\":\"EXPERTB\u00c2TIMENT\",\"description\":\"Des services sp\u00e9cialis\u00e9s afin de garantir des b\u00e2timents sains, s\u00e9curitaires et durables.\",\"publisher\":{\"@id\":\"https:\\\/\\\/expertbatiment.ca\\\/en\\\/#organization\"},\"potentialAction\":[{\"@type\":\"SearchAction\",\"target\":{\"@type\":\"EntryPoint\",\"urlTemplate\":\"https:\\\/\\\/expertbatiment.ca\\\/en\\\/?s={search_term_string}\"},\"query-input\":{\"@type\":\"PropertyValueSpecification\",\"valueRequired\":true,\"valueName\":\"search_term_string\"}}],\"inLanguage\":\"en-US\"},{\"@type\":\"Organization\",\"@id\":\"https:\\\/\\\/expertbatiment.ca\\\/en\\\/#organization\",\"name\":\"Expertb\u00e2timent\",\"url\":\"https:\\\/\\\/expertbatiment.ca\\\/en\\\/\",\"logo\":{\"@type\":\"ImageObject\",\"inLanguage\":\"en-US\",\"@id\":\"https:\\\/\\\/expertbatiment.ca\\\/en\\\/#\\\/schema\\\/logo\\\/image\\\/\",\"url\":\"https:\\\/\\\/expertbatiment.ca\\\/wp-content\\\/uploads\\\/2022\\\/06\\\/icon-ebc.png\",\"contentUrl\":\"https:\\\/\\\/expertbatiment.ca\\\/wp-content\\\/uploads\\\/2022\\\/06\\\/icon-ebc.png\",\"width\":512,\"height\":512,\"caption\":\"Expertb\u00e2timent\"},\"image\":{\"@id\":\"https:\\\/\\\/expertbatiment.ca\\\/en\\\/#\\\/schema\\\/logo\\\/image\\\/\"},\"sameAs\":[\"https:\\\/\\\/www.facebook.com\\\/expertbatiment.ca\",\"https:\\\/\\\/www.linkedin.com\\\/company\\\/expertbatiment-ca\"]}]}<\/script>\n<!-- \/ Yoast SEO plugin. -->","yoast_head_json":{"title":"Weeping Cerulean - EXPERTB\u00c2TIMENT - Expertise, Engineering, Laboratory","robots":{"index":"index","follow":"follow","max-snippet":"max-snippet:-1","max-image-preview":"max-image-preview:large","max-video-preview":"max-video-preview:-1"},"canonical":"https:\/\/expertbatiment.ca\/en\/environmental-analysis\/merule-pleureuse\/","og_locale":"en_US","og_type":"article","og_title":"Weeping Cerulean - EXPERTB\u00c2TIMENT - Expertise, Engineering, Laboratory","og_description":"The weeping merula or more commonly called the building cancer is a fungus that is found more and more often in Quebec. It is most often found in dark, poorly ventilated and damp areas such as crawl spaces. When mature, weeping merula looks like a thick, orange-brown crust. However, when the fungus is immature, it [&hellip;]","og_url":"https:\/\/expertbatiment.ca\/en\/environmental-analysis\/merule-pleureuse\/","og_site_name":"EXPERTB\u00c2TIMENT","article_publisher":"https:\/\/www.facebook.com\/expertbatiment.ca","article_modified_time":"2025-02-05T15:44:42+00:00","og_image":[{"width":1742,"height":813,"url":"https:\/\/expertbatiment.ca\/wp-content\/uploads\/2022\/10\/Vignette-template.jpg","type":"image\/jpeg"}],"twitter_card":"summary_large_image","twitter_misc":{"Est. reading time":"3 minutes"},"schema":{"@context":"https:\/\/schema.org","@graph":[{"@type":"WebPage","@id":"https:\/\/expertbatiment.ca\/en\/environmental-analysis\/merule-pleureuse\/","url":"https:\/\/expertbatiment.ca\/en\/environmental-analysis\/merule-pleureuse\/","name":"Weeping Cerulean - EXPERTB\u00c2TIMENT - Expertise, Engineering, Laboratory","isPartOf":{"@id":"https:\/\/expertbatiment.ca\/en\/#website"},"primaryImageOfPage":{"@id":"https:\/\/expertbatiment.ca\/en\/environmental-analysis\/merule-pleureuse\/#primaryimage"},"image":{"@id":"https:\/\/expertbatiment.ca\/en\/environmental-analysis\/merule-pleureuse\/#primaryimage"},"thumbnailUrl":"https:\/\/expertbatiment.ca\/wp-content\/uploads\/2022\/10\/Vignette-template.jpg","datePublished":"2021-02-02T18:56:56+00:00","dateModified":"2025-02-05T15:44:42+00:00","breadcrumb":{"@id":"https:\/\/expertbatiment.ca\/en\/environmental-analysis\/merule-pleureuse\/#breadcrumb"},"inLanguage":"en-US","potentialAction":[{"@type":"ReadAction","target":["https:\/\/expertbatiment.ca\/en\/environmental-analysis\/merule-pleureuse\/"]}]},{"@type":"ImageObject","inLanguage":"en-US","@id":"https:\/\/expertbatiment.ca\/en\/environmental-analysis\/merule-pleureuse\/#primaryimage","url":"https:\/\/expertbatiment.ca\/wp-content\/uploads\/2022\/10\/Vignette-template.jpg","contentUrl":"https:\/\/expertbatiment.ca\/wp-content\/uploads\/2022\/10\/Vignette-template.jpg","width":1742,"height":813},{"@type":"BreadcrumbList","@id":"https:\/\/expertbatiment.ca\/en\/environmental-analysis\/merule-pleureuse\/#breadcrumb","itemListElement":[{"@type":"ListItem","position":1,"name":"Home","item":"https:\/\/expertbatiment.ca\/en\/"},{"@type":"ListItem","position":2,"name":"Environmental analysis","item":"https:\/\/expertbatiment.ca\/en\/environmental-analysis\/"},{"@type":"ListItem","position":3,"name":"Weeping Cerulean"}]},{"@type":"WebSite","@id":"https:\/\/expertbatiment.ca\/en\/#website","url":"https:\/\/expertbatiment.ca\/en\/","name":"EXPERTB\u00c2TIMENT","description":"Des services sp\u00e9cialis\u00e9s afin de garantir des b\u00e2timents sains, s\u00e9curitaires et durables.","publisher":{"@id":"https:\/\/expertbatiment.ca\/en\/#organization"},"potentialAction":[{"@type":"SearchAction","target":{"@type":"EntryPoint","urlTemplate":"https:\/\/expertbatiment.ca\/en\/?s={search_term_string}"},"query-input":{"@type":"PropertyValueSpecification","valueRequired":true,"valueName":"search_term_string"}}],"inLanguage":"en-US"},{"@type":"Organization","@id":"https:\/\/expertbatiment.ca\/en\/#organization","name":"Expertb\u00e2timent","url":"https:\/\/expertbatiment.ca\/en\/","logo":{"@type":"ImageObject","inLanguage":"en-US","@id":"https:\/\/expertbatiment.ca\/en\/#\/schema\/logo\/image\/","url":"https:\/\/expertbatiment.ca\/wp-content\/uploads\/2022\/06\/icon-ebc.png","contentUrl":"https:\/\/expertbatiment.ca\/wp-content\/uploads\/2022\/06\/icon-ebc.png","width":512,"height":512,"caption":"Expertb\u00e2timent"},"image":{"@id":"https:\/\/expertbatiment.ca\/en\/#\/schema\/logo\/image\/"},"sameAs":["https:\/\/www.facebook.com\/expertbatiment.ca","https:\/\/www.linkedin.com\/company\/expertbatiment-ca"]}]}},"uagb_featured_image_src":{"full":["https:\/\/expertbatiment.ca\/wp-content\/uploads\/2022\/10\/Vignette-template.jpg",1742,813,false],"thumbnail":["https:\/\/expertbatiment.ca\/wp-content\/uploads\/2022\/10\/Vignette-template-150x150.jpg",150,150,true],"medium":["https:\/\/expertbatiment.ca\/wp-content\/uploads\/2022\/10\/Vignette-template-300x140.jpg",300,140,true],"medium_large":["https:\/\/expertbatiment.ca\/wp-content\/uploads\/2022\/10\/Vignette-template-768x358.jpg",768,358,true],"large":["https:\/\/expertbatiment.ca\/wp-content\/uploads\/2022\/10\/Vignette-template-1024x478.jpg",1024,478,true],"1536x1536":["https:\/\/expertbatiment.ca\/wp-content\/uploads\/2022\/10\/Vignette-template-1536x717.jpg",1536,717,true],"2048x2048":["https:\/\/expertbatiment.ca\/wp-content\/uploads\/2022\/10\/Vignette-template.jpg",1742,813,false],"featured-small":["https:\/\/expertbatiment.ca\/wp-content\/uploads\/2022\/10\/Vignette-template-640x200.jpg",640,200,true],"featured-medium":["https:\/\/expertbatiment.ca\/wp-content\/uploads\/2022\/10\/Vignette-template-1280x400.jpg",1280,400,true],"featured-large":["https:\/\/expertbatiment.ca\/wp-content\/uploads\/2022\/10\/Vignette-template-1440x400.jpg",1440,400,true],"featured-xlarge":["https:\/\/expertbatiment.ca\/wp-content\/uploads\/2022\/10\/Vignette-template-1742x400.jpg",1742,400,true],"fp-small":["https:\/\/expertbatiment.ca\/wp-content\/uploads\/2022\/10\/Vignette-template-640x299.jpg",640,299,true],"fp-medium":["https:\/\/expertbatiment.ca\/wp-content\/uploads\/2022\/10\/Vignette-template-1024x478.jpg",1024,478,true],"fp-large":["https:\/\/expertbatiment.ca\/wp-content\/uploads\/2022\/10\/Vignette-template-1200x560.jpg",1200,560,true],"fp-xlarge":["https:\/\/expertbatiment.ca\/wp-content\/uploads\/2022\/10\/Vignette-template.jpg",1742,813,false],"menu-24x24":["https:\/\/expertbatiment.ca\/wp-content\/uploads\/2022\/10\/Vignette-template-24x11.jpg",24,11,true],"menu-36x36":["https:\/\/expertbatiment.ca\/wp-content\/uploads\/2022\/10\/Vignette-template-36x17.jpg",36,17,true],"menu-48x48":["https:\/\/expertbatiment.ca\/wp-content\/uploads\/2022\/10\/Vignette-template-48x22.jpg",48,22,true]},"uagb_author_info":{"display_name":"\u00c8ve-Lyne Ducharme","author_link":"https:\/\/expertbatiment.ca\/en\/author\/evelyne-ducharme\/"},"uagb_comment_info":0,"uagb_excerpt":"The weeping merula or more commonly called the building cancer is a fungus that is found more and more often in Quebec. It is most often found in dark, poorly ventilated and damp areas such as crawl spaces. When mature, weeping merula looks like a thick, orange-brown crust. However, when the fungus is immature, it&hellip;","_links":{"self":[{"href":"https:\/\/expertbatiment.ca\/en\/wp-json\/wp\/v2\/pages\/2767","targetHints":{"allow":["GET"]}}],"collection":[{"href":"https:\/\/expertbatiment.ca\/en\/wp-json\/wp\/v2\/pages"}],"about":[{"href":"https:\/\/expertbatiment.ca\/en\/wp-json\/wp\/v2\/types\/page"}],"author":[{"embeddable":true,"href":"https:\/\/expertbatiment.ca\/en\/wp-json\/wp\/v2\/users\/7"}],"replies":[{"embeddable":true,"href":"https:\/\/expertbatiment.ca\/en\/wp-json\/wp\/v2\/comments?post=2767"}],"version-history":[{"count":2,"href":"https:\/\/expertbatiment.ca\/en\/wp-json\/wp\/v2\/pages\/2767\/revisions"}],"predecessor-version":[{"id":19742,"href":"https:\/\/expertbatiment.ca\/en\/wp-json\/wp\/v2\/pages\/2767\/revisions\/19742"}],"up":[{"embeddable":true,"href":"https:\/\/expertbatiment.ca\/en\/wp-json\/wp\/v2\/pages\/2750"}],"wp:featuredmedia":[{"embeddable":true,"href":"https:\/\/expertbatiment.ca\/en\/wp-json\/wp\/v2\/media\/7646"}],"wp:attachment":[{"href":"https:\/\/expertbatiment.ca\/en\/wp-json\/wp\/v2\/media?parent=2767"}],"curies":[{"name":"wp","href":"https:\/\/api.w.org\/{rel}","templated":true}]}}