{"id":2772,"date":"2021-03-12T10:37:45","date_gmt":"2021-03-12T15:37:45","guid":{"rendered":"https:\/\/expertbatiment.ca\/environmental-analysis\/laboratory\/"},"modified":"2025-02-05T10:44:42","modified_gmt":"2025-02-05T15:44:42","slug":"laboratory","status":"publish","type":"page","link":"https:\/\/expertbatiment.ca\/en\/environmental-analysis\/laboratory\/","title":{"rendered":"Laboratory"},"content":{"rendered":"\n<p>LAB&#8217;EAU-AIR-SOL is a company of the EXPERTB\u00c2TIMENT group, which works in residential, industrial, commercial, institutional and agricultural environments. Our environmental analysis laboratory is accredited by the Quebec government. It is also the only laboratory in Quebec to be accredited in air microbiology by the <em>Centre d&#8217;Expertise en Analyse Environnementale du Qu\u00e9bec<\/em> (CEAEQ), as well as to offer a sampling and expertise service by experts certified Q.A.I. by the <em>Canada Mortgage and Housing Corporation<\/em> (CMHC).<\/p>\n\n<p><strong>All services offered<\/strong><\/p>\n\n<div class=\"wp-block-group\"><div class=\"wp-block-group__inner-container is-layout-flow wp-block-group-is-layout-flow\">\n<div class=\"wp-block-columns is-layout-flex wp-container-core-columns-is-layout-9d6595d7 wp-block-columns-is-layout-flex\">\n<div class=\"wp-block-column is-layout-flow wp-block-column-is-layout-flow\">\n<ul class=\"wp-block-list\" id=\"block-34aeb073-9ac3-4dcb-aa56-20c534f90cab\"><li>Analysis of mold and bacteria<\/li><li>Asbestos analysis<\/li><li>Legionella analysis<\/li><li>Industrial hygiene<\/li><li>Asbestos register<\/li><li>Environmental studies phase 1 and 2<\/li><li>Ochre deposit<\/li><li>Maintenance program for cooling towers<\/li><li>Identification of agricultural pathogens<\/li><li>Training<\/li><li>Etc.<\/li><\/ul>\n\n\n\n<div class=\"wp-block-buttons is-layout-flex wp-block-buttons-is-layout-flex\">\n<div class=\"wp-block-button\"><a class=\"wp-block-button__link has-white-color has-text-color has-background\" href=\"https:\/\/labeauairsol.ca\/\" style=\"background-color:#029b63\" target=\"_blank\" rel=\"noreferrer noopener\">LAB&#8217;EAU-AIR-SOL website<\/a><\/div>\n<\/div>\n<\/div>\n<\/div>\n<\/div><\/div>\n","protected":false},"excerpt":{"rendered":"<p>LAB&#8217;EAU-AIR-SOL is a company of the EXPERTB\u00c2TIMENT group, which works in residential, industrial, commercial, institutional and agricultural environments. Our environmental analysis laboratory is accredited by the Quebec government. It is also the only laboratory in Quebec to be accredited in air microbiology by the Centre d&#8217;Expertise en Analyse Environnementale du Qu\u00e9bec (CEAEQ), as well as [&hellip;]<\/p>\n","protected":false},"author":7,"featured_media":2601,"parent":2750,"menu_order":2,"comment_status":"closed","ping_status":"closed","template":"page-templates\/service.php","meta":{"_acf_changed":false,"_uag_custom_page_level_css":"","footnotes":""},"class_list":["post-2772","page","type-page","status-publish","has-post-thumbnail","hentry"],"acf":[],"yoast_head":"<!-- This site is optimized with the Yoast SEO plugin v27.4 - https:\/\/yoast.com\/product\/yoast-seo-wordpress\/ -->\n<title>Laboratory - EXPERTB\u00c2TIMENT - Expertise, Engineering, Environmental analysis<\/title>\n<meta name=\"robots\" content=\"index, follow, max-snippet:-1, max-image-preview:large, max-video-preview:-1\" \/>\n<link rel=\"canonical\" href=\"https:\/\/expertbatiment.ca\/en\/environmental-analysis\/laboratory\/\" \/>\n<meta property=\"og:locale\" content=\"en_US\" \/>\n<meta property=\"og:type\" content=\"article\" \/>\n<meta property=\"og:title\" content=\"Laboratory - EXPERTB\u00c2TIMENT - Expertise, Engineering, Environmental analysis\" \/>\n<meta property=\"og:description\" content=\"LAB&#8217;EAU-AIR-SOL is a company of the EXPERTB\u00c2TIMENT group, which works in residential, industrial, commercial, institutional and agricultural environments. Our environmental analysis laboratory is accredited by the Quebec government. It is also the only laboratory in Quebec to be accredited in air microbiology by the Centre d&#8217;Expertise en Analyse Environnementale du Qu\u00e9bec (CEAEQ), as well as [&hellip;]\" \/>\n<meta property=\"og:url\" content=\"https:\/\/expertbatiment.ca\/en\/environmental-analysis\/laboratory\/\" \/>\n<meta property=\"og:site_name\" content=\"EXPERTB\u00c2TIMENT\" \/>\n<meta property=\"article:publisher\" content=\"https:\/\/www.facebook.com\/expertbatiment.ca\" \/>\n<meta property=\"article:modified_time\" content=\"2025-02-05T15:44:42+00:00\" \/>\n<meta property=\"og:image\" content=\"https:\/\/expertbatiment.ca\/wp-content\/uploads\/2021\/03\/LAB-eau_Shot-02-039_Finale_sRGB_LowRes.jpg\" \/>\n\t<meta property=\"og:image:width\" content=\"1500\" \/>\n\t<meta property=\"og:image:height\" content=\"1000\" \/>\n\t<meta property=\"og:image:type\" content=\"image\/jpeg\" \/>\n<meta name=\"twitter:card\" content=\"summary_large_image\" \/>\n<meta name=\"twitter:label1\" content=\"Est. reading time\" \/>\n\t<meta name=\"twitter:data1\" content=\"1 minute\" \/>\n<script type=\"application\/ld+json\" class=\"yoast-schema-graph\">{\"@context\":\"https:\\\/\\\/schema.org\",\"@graph\":[{\"@type\":\"WebPage\",\"@id\":\"https:\\\/\\\/expertbatiment.ca\\\/en\\\/environmental-analysis\\\/laboratory\\\/\",\"url\":\"https:\\\/\\\/expertbatiment.ca\\\/en\\\/environmental-analysis\\\/laboratory\\\/\",\"name\":\"Laboratory - EXPERTB\u00c2TIMENT - Expertise, Engineering, Environmental analysis\",\"isPartOf\":{\"@id\":\"https:\\\/\\\/expertbatiment.ca\\\/en\\\/#website\"},\"primaryImageOfPage\":{\"@id\":\"https:\\\/\\\/expertbatiment.ca\\\/en\\\/environmental-analysis\\\/laboratory\\\/#primaryimage\"},\"image\":{\"@id\":\"https:\\\/\\\/expertbatiment.ca\\\/en\\\/environmental-analysis\\\/laboratory\\\/#primaryimage\"},\"thumbnailUrl\":\"https:\\\/\\\/expertbatiment.ca\\\/wp-content\\\/uploads\\\/2021\\\/03\\\/LAB-eau_Shot-02-039_Finale_sRGB_LowRes.jpg\",\"datePublished\":\"2021-03-12T15:37:45+00:00\",\"dateModified\":\"2025-02-05T15:44:42+00:00\",\"breadcrumb\":{\"@id\":\"https:\\\/\\\/expertbatiment.ca\\\/en\\\/environmental-analysis\\\/laboratory\\\/#breadcrumb\"},\"inLanguage\":\"en-US\",\"potentialAction\":[{\"@type\":\"ReadAction\",\"target\":[\"https:\\\/\\\/expertbatiment.ca\\\/en\\\/environmental-analysis\\\/laboratory\\\/\"]}]},{\"@type\":\"ImageObject\",\"inLanguage\":\"en-US\",\"@id\":\"https:\\\/\\\/expertbatiment.ca\\\/en\\\/environmental-analysis\\\/laboratory\\\/#primaryimage\",\"url\":\"https:\\\/\\\/expertbatiment.ca\\\/wp-content\\\/uploads\\\/2021\\\/03\\\/LAB-eau_Shot-02-039_Finale_sRGB_LowRes.jpg\",\"contentUrl\":\"https:\\\/\\\/expertbatiment.ca\\\/wp-content\\\/uploads\\\/2021\\\/03\\\/LAB-eau_Shot-02-039_Finale_sRGB_LowRes.jpg\",\"width\":1500,\"height\":1000,\"caption\":\"Laboratory\"},{\"@type\":\"BreadcrumbList\",\"@id\":\"https:\\\/\\\/expertbatiment.ca\\\/en\\\/environmental-analysis\\\/laboratory\\\/#breadcrumb\",\"itemListElement\":[{\"@type\":\"ListItem\",\"position\":1,\"name\":\"Home\",\"item\":\"https:\\\/\\\/expertbatiment.ca\\\/en\\\/\"},{\"@type\":\"ListItem\",\"position\":2,\"name\":\"Environmental analysis\",\"item\":\"https:\\\/\\\/expertbatiment.ca\\\/en\\\/environmental-analysis\\\/\"},{\"@type\":\"ListItem\",\"position\":3,\"name\":\"Laboratory\"}]},{\"@type\":\"WebSite\",\"@id\":\"https:\\\/\\\/expertbatiment.ca\\\/en\\\/#website\",\"url\":\"https:\\\/\\\/expertbatiment.ca\\\/en\\\/\",\"name\":\"EXPERTB\u00c2TIMENT\",\"description\":\"Des services sp\u00e9cialis\u00e9s afin de garantir des b\u00e2timents sains, s\u00e9curitaires et durables.\",\"publisher\":{\"@id\":\"https:\\\/\\\/expertbatiment.ca\\\/en\\\/#organization\"},\"potentialAction\":[{\"@type\":\"SearchAction\",\"target\":{\"@type\":\"EntryPoint\",\"urlTemplate\":\"https:\\\/\\\/expertbatiment.ca\\\/en\\\/?s={search_term_string}\"},\"query-input\":{\"@type\":\"PropertyValueSpecification\",\"valueRequired\":true,\"valueName\":\"search_term_string\"}}],\"inLanguage\":\"en-US\"},{\"@type\":\"Organization\",\"@id\":\"https:\\\/\\\/expertbatiment.ca\\\/en\\\/#organization\",\"name\":\"Expertb\u00e2timent\",\"url\":\"https:\\\/\\\/expertbatiment.ca\\\/en\\\/\",\"logo\":{\"@type\":\"ImageObject\",\"inLanguage\":\"en-US\",\"@id\":\"https:\\\/\\\/expertbatiment.ca\\\/en\\\/#\\\/schema\\\/logo\\\/image\\\/\",\"url\":\"https:\\\/\\\/expertbatiment.ca\\\/wp-content\\\/uploads\\\/2022\\\/06\\\/icon-ebc.png\",\"contentUrl\":\"https:\\\/\\\/expertbatiment.ca\\\/wp-content\\\/uploads\\\/2022\\\/06\\\/icon-ebc.png\",\"width\":512,\"height\":512,\"caption\":\"Expertb\u00e2timent\"},\"image\":{\"@id\":\"https:\\\/\\\/expertbatiment.ca\\\/en\\\/#\\\/schema\\\/logo\\\/image\\\/\"},\"sameAs\":[\"https:\\\/\\\/www.facebook.com\\\/expertbatiment.ca\",\"https:\\\/\\\/www.linkedin.com\\\/company\\\/expertbatiment-ca\"]}]}<\/script>\n<!-- \/ Yoast SEO plugin. -->","yoast_head_json":{"title":"Laboratory - EXPERTB\u00c2TIMENT - Expertise, Engineering, Environmental analysis","robots":{"index":"index","follow":"follow","max-snippet":"max-snippet:-1","max-image-preview":"max-image-preview:large","max-video-preview":"max-video-preview:-1"},"canonical":"https:\/\/expertbatiment.ca\/en\/environmental-analysis\/laboratory\/","og_locale":"en_US","og_type":"article","og_title":"Laboratory - EXPERTB\u00c2TIMENT - Expertise, Engineering, Environmental analysis","og_description":"LAB&#8217;EAU-AIR-SOL is a company of the EXPERTB\u00c2TIMENT group, which works in residential, industrial, commercial, institutional and agricultural environments. Our environmental analysis laboratory is accredited by the Quebec government. It is also the only laboratory in Quebec to be accredited in air microbiology by the Centre d&#8217;Expertise en Analyse Environnementale du Qu\u00e9bec (CEAEQ), as well as [&hellip;]","og_url":"https:\/\/expertbatiment.ca\/en\/environmental-analysis\/laboratory\/","og_site_name":"EXPERTB\u00c2TIMENT","article_publisher":"https:\/\/www.facebook.com\/expertbatiment.ca","article_modified_time":"2025-02-05T15:44:42+00:00","og_image":[{"width":1500,"height":1000,"url":"https:\/\/expertbatiment.ca\/wp-content\/uploads\/2021\/03\/LAB-eau_Shot-02-039_Finale_sRGB_LowRes.jpg","type":"image\/jpeg"}],"twitter_card":"summary_large_image","twitter_misc":{"Est. reading time":"1 minute"},"schema":{"@context":"https:\/\/schema.org","@graph":[{"@type":"WebPage","@id":"https:\/\/expertbatiment.ca\/en\/environmental-analysis\/laboratory\/","url":"https:\/\/expertbatiment.ca\/en\/environmental-analysis\/laboratory\/","name":"Laboratory - EXPERTB\u00c2TIMENT - Expertise, Engineering, Environmental analysis","isPartOf":{"@id":"https:\/\/expertbatiment.ca\/en\/#website"},"primaryImageOfPage":{"@id":"https:\/\/expertbatiment.ca\/en\/environmental-analysis\/laboratory\/#primaryimage"},"image":{"@id":"https:\/\/expertbatiment.ca\/en\/environmental-analysis\/laboratory\/#primaryimage"},"thumbnailUrl":"https:\/\/expertbatiment.ca\/wp-content\/uploads\/2021\/03\/LAB-eau_Shot-02-039_Finale_sRGB_LowRes.jpg","datePublished":"2021-03-12T15:37:45+00:00","dateModified":"2025-02-05T15:44:42+00:00","breadcrumb":{"@id":"https:\/\/expertbatiment.ca\/en\/environmental-analysis\/laboratory\/#breadcrumb"},"inLanguage":"en-US","potentialAction":[{"@type":"ReadAction","target":["https:\/\/expertbatiment.ca\/en\/environmental-analysis\/laboratory\/"]}]},{"@type":"ImageObject","inLanguage":"en-US","@id":"https:\/\/expertbatiment.ca\/en\/environmental-analysis\/laboratory\/#primaryimage","url":"https:\/\/expertbatiment.ca\/wp-content\/uploads\/2021\/03\/LAB-eau_Shot-02-039_Finale_sRGB_LowRes.jpg","contentUrl":"https:\/\/expertbatiment.ca\/wp-content\/uploads\/2021\/03\/LAB-eau_Shot-02-039_Finale_sRGB_LowRes.jpg","width":1500,"height":1000,"caption":"Laboratory"},{"@type":"BreadcrumbList","@id":"https:\/\/expertbatiment.ca\/en\/environmental-analysis\/laboratory\/#breadcrumb","itemListElement":[{"@type":"ListItem","position":1,"name":"Home","item":"https:\/\/expertbatiment.ca\/en\/"},{"@type":"ListItem","position":2,"name":"Environmental analysis","item":"https:\/\/expertbatiment.ca\/en\/environmental-analysis\/"},{"@type":"ListItem","position":3,"name":"Laboratory"}]},{"@type":"WebSite","@id":"https:\/\/expertbatiment.ca\/en\/#website","url":"https:\/\/expertbatiment.ca\/en\/","name":"EXPERTB\u00c2TIMENT","description":"Des services sp\u00e9cialis\u00e9s afin de garantir des b\u00e2timents sains, s\u00e9curitaires et durables.","publisher":{"@id":"https:\/\/expertbatiment.ca\/en\/#organization"},"potentialAction":[{"@type":"SearchAction","target":{"@type":"EntryPoint","urlTemplate":"https:\/\/expertbatiment.ca\/en\/?s={search_term_string}"},"query-input":{"@type":"PropertyValueSpecification","valueRequired":true,"valueName":"search_term_string"}}],"inLanguage":"en-US"},{"@type":"Organization","@id":"https:\/\/expertbatiment.ca\/en\/#organization","name":"Expertb\u00e2timent","url":"https:\/\/expertbatiment.ca\/en\/","logo":{"@type":"ImageObject","inLanguage":"en-US","@id":"https:\/\/expertbatiment.ca\/en\/#\/schema\/logo\/image\/","url":"https:\/\/expertbatiment.ca\/wp-content\/uploads\/2022\/06\/icon-ebc.png","contentUrl":"https:\/\/expertbatiment.ca\/wp-content\/uploads\/2022\/06\/icon-ebc.png","width":512,"height":512,"caption":"Expertb\u00e2timent"},"image":{"@id":"https:\/\/expertbatiment.ca\/en\/#\/schema\/logo\/image\/"},"sameAs":["https:\/\/www.facebook.com\/expertbatiment.ca","https:\/\/www.linkedin.com\/company\/expertbatiment-ca"]}]}},"uagb_featured_image_src":{"full":["https:\/\/expertbatiment.ca\/wp-content\/uploads\/2021\/03\/LAB-eau_Shot-02-039_Finale_sRGB_LowRes.jpg",1500,1000,false],"thumbnail":["https:\/\/expertbatiment.ca\/wp-content\/uploads\/2021\/03\/LAB-eau_Shot-02-039_Finale_sRGB_LowRes-150x150.jpg",150,150,true],"medium":["https:\/\/expertbatiment.ca\/wp-content\/uploads\/2021\/03\/LAB-eau_Shot-02-039_Finale_sRGB_LowRes-300x200.jpg",300,200,true],"medium_large":["https:\/\/expertbatiment.ca\/wp-content\/uploads\/2021\/03\/LAB-eau_Shot-02-039_Finale_sRGB_LowRes-768x512.jpg",768,512,true],"large":["https:\/\/expertbatiment.ca\/wp-content\/uploads\/2021\/03\/LAB-eau_Shot-02-039_Finale_sRGB_LowRes-1024x683.jpg",1024,683,true],"1536x1536":["https:\/\/expertbatiment.ca\/wp-content\/uploads\/2021\/03\/LAB-eau_Shot-02-039_Finale_sRGB_LowRes.jpg",1500,1000,false],"2048x2048":["https:\/\/expertbatiment.ca\/wp-content\/uploads\/2021\/03\/LAB-eau_Shot-02-039_Finale_sRGB_LowRes.jpg",1500,1000,false],"featured-small":["https:\/\/expertbatiment.ca\/wp-content\/uploads\/2021\/03\/LAB-eau_Shot-02-039_Finale_sRGB_LowRes-640x200.jpg",640,200,true],"featured-medium":["https:\/\/expertbatiment.ca\/wp-content\/uploads\/2021\/03\/LAB-eau_Shot-02-039_Finale_sRGB_LowRes-1280x400.jpg",1280,400,true],"featured-large":["https:\/\/expertbatiment.ca\/wp-content\/uploads\/2021\/03\/LAB-eau_Shot-02-039_Finale_sRGB_LowRes-1440x400.jpg",1440,400,true],"featured-xlarge":["https:\/\/expertbatiment.ca\/wp-content\/uploads\/2021\/03\/LAB-eau_Shot-02-039_Finale_sRGB_LowRes-1500x400.jpg",1500,400,true],"fp-small":["https:\/\/expertbatiment.ca\/wp-content\/uploads\/2021\/03\/LAB-eau_Shot-02-039_Finale_sRGB_LowRes-640x427.jpg",640,427,true],"fp-medium":["https:\/\/expertbatiment.ca\/wp-content\/uploads\/2021\/03\/LAB-eau_Shot-02-039_Finale_sRGB_LowRes-1024x683.jpg",1024,683,true],"fp-large":["https:\/\/expertbatiment.ca\/wp-content\/uploads\/2021\/03\/LAB-eau_Shot-02-039_Finale_sRGB_LowRes-1200x800.jpg",1200,800,true],"fp-xlarge":["https:\/\/expertbatiment.ca\/wp-content\/uploads\/2021\/03\/LAB-eau_Shot-02-039_Finale_sRGB_LowRes.jpg",1500,1000,false],"menu-24x24":["https:\/\/expertbatiment.ca\/wp-content\/uploads\/2021\/03\/LAB-eau_Shot-02-039_Finale_sRGB_LowRes.jpg",24,16,false],"menu-36x36":["https:\/\/expertbatiment.ca\/wp-content\/uploads\/2021\/03\/LAB-eau_Shot-02-039_Finale_sRGB_LowRes.jpg",36,24,false],"menu-48x48":["https:\/\/expertbatiment.ca\/wp-content\/uploads\/2021\/03\/LAB-eau_Shot-02-039_Finale_sRGB_LowRes.jpg",48,32,false]},"uagb_author_info":{"display_name":"\u00c8ve-Lyne Ducharme","author_link":"https:\/\/expertbatiment.ca\/en\/author\/evelyne-ducharme\/"},"uagb_comment_info":0,"uagb_excerpt":"LAB&#8217;EAU-AIR-SOL is a company of the EXPERTB\u00c2TIMENT group, which works in residential, industrial, commercial, institutional and agricultural environments. Our environmental analysis laboratory is accredited by the Quebec government. It is also the only laboratory in Quebec to be accredited in air microbiology by the Centre d&#8217;Expertise en Analyse Environnementale du Qu\u00e9bec (CEAEQ), as well as&hellip;","_links":{"self":[{"href":"https:\/\/expertbatiment.ca\/en\/wp-json\/wp\/v2\/pages\/2772","targetHints":{"allow":["GET"]}}],"collection":[{"href":"https:\/\/expertbatiment.ca\/en\/wp-json\/wp\/v2\/pages"}],"about":[{"href":"https:\/\/expertbatiment.ca\/en\/wp-json\/wp\/v2\/types\/page"}],"author":[{"embeddable":true,"href":"https:\/\/expertbatiment.ca\/en\/wp-json\/wp\/v2\/users\/7"}],"replies":[{"embeddable":true,"href":"https:\/\/expertbatiment.ca\/en\/wp-json\/wp\/v2\/comments?post=2772"}],"version-history":[{"count":2,"href":"https:\/\/expertbatiment.ca\/en\/wp-json\/wp\/v2\/pages\/2772\/revisions"}],"predecessor-version":[{"id":19735,"href":"https:\/\/expertbatiment.ca\/en\/wp-json\/wp\/v2\/pages\/2772\/revisions\/19735"}],"up":[{"embeddable":true,"href":"https:\/\/expertbatiment.ca\/en\/wp-json\/wp\/v2\/pages\/2750"}],"wp:featuredmedia":[{"embeddable":true,"href":"https:\/\/expertbatiment.ca\/en\/wp-json\/wp\/v2\/media\/2601"}],"wp:attachment":[{"href":"https:\/\/expertbatiment.ca\/en\/wp-json\/wp\/v2\/media?parent=2772"}],"curies":[{"name":"wp","href":"https:\/\/api.w.org\/{rel}","templated":true}]}}