{"id":2775,"date":"2022-05-06T14:03:28","date_gmt":"2022-05-06T18:03:28","guid":{"rendered":"https:\/\/expertbatiment.ca\/jobs\/submit-your-application\/"},"modified":"2025-02-05T10:44:38","modified_gmt":"2025-02-05T15:44:38","slug":"application","status":"publish","type":"page","link":"https:\/\/expertbatiment.ca\/en\/jobs\/application\/","title":{"rendered":"Submit your application"},"content":{"rendered":"\t\t<div data-elementor-type=\"wp-page\" data-elementor-id=\"2775\" class=\"elementor elementor-2775 elementor-2287\" data-elementor-post-type=\"page\">\n\t\t\t\t\t\t<section class=\"elementor-section elementor-top-section elementor-element elementor-element-30068fa5 elementor-section-boxed elementor-section-height-default elementor-section-height-default\" data-id=\"30068fa5\" data-element_type=\"section\">\n\t\t\t\t\t\t<div class=\"elementor-container elementor-column-gap-default\">\n\t\t\t\t\t<div class=\"elementor-column elementor-col-100 elementor-top-column elementor-element elementor-element-3d4983e6\" data-id=\"3d4983e6\" data-element_type=\"column\">\n\t\t\t<div class=\"elementor-widget-wrap elementor-element-populated\">\n\t\t\t\t\t\t<div class=\"elementor-element elementor-element-14319ff6 elementor-widget elementor-widget-text-editor\" data-id=\"14319ff6\" data-element_type=\"widget\" data-widget_type=\"text-editor.default\">\n\t\t\t\t\t\t\t\t\t\n<div class=\"wp-block-contact-form-7-contact-form-selector\">\n<div class=\"wpcf7 no-js\" id=\"wpcf7-f2910-o1\" lang=\"en-US\" dir=\"ltr\" data-wpcf7-id=\"2910\">\n<div class=\"screen-reader-response\"><p role=\"status\" aria-live=\"polite\" aria-atomic=\"true\"><\/p> <ul><\/ul><\/div>\n<form action=\"\/en\/wp-json\/wp\/v2\/pages\/2775#wpcf7-f2910-o1\" method=\"post\" class=\"wpcf7-form init\" aria-label=\"Contact form\" enctype=\"multipart\/form-data\" novalidate=\"novalidate\" data-status=\"init\">\n<fieldset class=\"hidden-fields-container\"><input type=\"hidden\" name=\"_wpcf7\" value=\"2910\" \/><input type=\"hidden\" name=\"_wpcf7_version\" value=\"6.1.5\" \/><input type=\"hidden\" name=\"_wpcf7_locale\" value=\"en_US\" \/><input type=\"hidden\" name=\"_wpcf7_unit_tag\" value=\"wpcf7-f2910-o1\" \/><input type=\"hidden\" name=\"_wpcf7_container_post\" value=\"0\" \/><input type=\"hidden\" name=\"_wpcf7_posted_data_hash\" value=\"\" \/><input type=\"hidden\" name=\"_wpcf7_recaptcha_response\" value=\"\" \/>\n<\/fieldset>\n<p><label> Your name<br \/>\n<span class=\"wpcf7-form-control-wrap\" data-name=\"your-name\"><input size=\"40\" maxlength=\"400\" class=\"wpcf7-form-control wpcf7-text wpcf7-validates-as-required\" aria-required=\"true\" aria-invalid=\"false\" value=\"\" type=\"text\" name=\"your-name\" \/><\/span> <\/label>\n<\/p>\n<p><label> Your phone<br \/>\n<span class=\"wpcf7-form-control-wrap\" data-name=\"tel-339\"><input size=\"40\" maxlength=\"400\" class=\"wpcf7-form-control wpcf7-tel wpcf7-text wpcf7-validates-as-tel\" aria-invalid=\"false\" value=\"\" type=\"tel\" name=\"tel-339\" \/><\/span> <\/label>\n<\/p>\n<p><label> Your email address<br \/>\n<span class=\"wpcf7-form-control-wrap\" data-name=\"your-email\"><input size=\"40\" maxlength=\"400\" class=\"wpcf7-form-control wpcf7-email wpcf7-validates-as-required wpcf7-text wpcf7-validates-as-email\" aria-required=\"true\" aria-invalid=\"false\" value=\"\" type=\"email\" name=\"your-email\" \/><\/span> <\/label>\n<\/p>\n<p><label> For which job category do you want to apply?<br \/>\n<span class=\"wpcf7-form-control-wrap\" data-name=\"menu-71\"><select class=\"wpcf7-form-control wpcf7-select\" aria-invalid=\"false\" name=\"menu-71\"><option value=\"\">&#8212;Please choose an option&#8212;<\/option><option value=\"Administration\">Administration<\/option><option value=\"Architecture\">Architecture<\/option><option value=\"Energy efficiency\">Energy efficiency<\/option><option value=\"Engineering\">Engineering<\/option><option value=\"Laboratory\">Laboratory<\/option><option value=\"Customer service\">Customer service<\/option><option value=\"Building services\">Building services<\/option><option value=\"Sales\">Sales<\/option><\/select><\/span> <\/label>\n<\/p>\n<p><label> Please indicate the title of the position you are applying for <span class=\"wpcf7-form-control-wrap\" data-name=\"text-760\"><input size=\"40\" maxlength=\"400\" class=\"wpcf7-form-control wpcf7-text wpcf7-validates-as-required\" aria-required=\"true\" aria-invalid=\"false\" value=\"\" type=\"text\" name=\"text-760\" \/><\/span> <\/label>\n<\/p>\n<p><label> Your message (optional)<br \/>\n<span class=\"wpcf7-form-control-wrap\" data-name=\"your-message\"><textarea cols=\"40\" rows=\"10\" maxlength=\"2000\" class=\"wpcf7-form-control wpcf7-textarea\" aria-invalid=\"false\" name=\"your-message\"><\/textarea><\/span> <\/label>\n<\/p>\n<p><label> Attach your resume <\/label><br \/>\n<span class=\"wpcf7-form-control-wrap\" data-name=\"file-707\"><input size=\"40\" class=\"wpcf7-form-control wpcf7-file wpcf7-validates-as-required\" accept=\".png,.jpeg,.jpg,.docx,.doc,.pdf\" aria-required=\"true\" aria-invalid=\"false\" type=\"file\" name=\"file-707\" \/><\/span>\n<\/p>\n<p><input class=\"wpcf7-form-control wpcf7-submit has-spinner button\" id=\"form-submit\" type=\"submit\" value=\"apply\" \/><br \/>\n<script>\n const btn = document.querySelector(\"form input[type=submit]\");\n if (btn && btn.addEventListener) { \n \tbtn.addEventListener(\"click\",function() { \n window.lintrk('click',{ conversion_id: 8246876 }); \n });\n }\n<\/script>\n<\/p><div class=\"wpcf7-response-output\" aria-hidden=\"true\"><\/div>\n<\/form>\n<\/div>\n<\/div>\n\t\t\t\t\t\t\t\t<\/div>\n\t\t\t\t\t<\/div>\n\t\t<\/div>\n\t\t\t\t\t<\/div>\n\t\t<\/section>\n\t\t\t\t<\/div>\n\t\t","protected":false},"excerpt":{"rendered":"","protected":false},"author":7,"featured_media":2706,"parent":2774,"menu_order":0,"comment_status":"closed","ping_status":"closed","template":"page-templates\/service.php","meta":{"_acf_changed":false,"_uag_custom_page_level_css":"","footnotes":""},"class_list":["post-2775","page","type-page","status-publish","has-post-thumbnail","hentry"],"acf":[],"yoast_head":"<!-- This site is optimized with the Yoast SEO plugin v27.4 - https:\/\/yoast.com\/product\/yoast-seo-wordpress\/ -->\n<title>Submit your application - EXPERTB\u00c2TIMENT - Expertise, Engineering, Laboratory<\/title>\n<meta name=\"description\" content=\"Explore our job offers and apply online | Customer Service, Energy Efficiency, Engineering, Laboratory\" \/>\n<meta name=\"robots\" content=\"index, follow, max-snippet:-1, max-image-preview:large, max-video-preview:-1\" \/>\n<link rel=\"canonical\" href=\"https:\/\/expertbatiment.ca\/en\/jobs\/application\/\" \/>\n<meta property=\"og:locale\" content=\"en_US\" \/>\n<meta property=\"og:type\" content=\"article\" \/>\n<meta property=\"og:title\" content=\"Submit your application - EXPERTB\u00c2TIMENT - Expertise, Engineering, Laboratory\" \/>\n<meta property=\"og:description\" content=\"Explore our job offers and apply online | Customer Service, Energy Efficiency, Engineering, Laboratory\" \/>\n<meta property=\"og:url\" content=\"https:\/\/expertbatiment.ca\/en\/jobs\/application\/\" \/>\n<meta property=\"og:site_name\" content=\"EXPERTB\u00c2TIMENT\" \/>\n<meta property=\"article:publisher\" content=\"https:\/\/www.facebook.com\/expertbatiment.ca\" \/>\n<meta property=\"article:modified_time\" content=\"2025-02-05T15:44:38+00:00\" \/>\n<meta property=\"og:image\" content=\"https:\/\/expertbatiment.ca\/wp-content\/uploads\/2022\/05\/tamanna-rumee-CIfgsywk-_4-unsplash-copieverte-scaled.jpg\" \/>\n\t<meta property=\"og:image:width\" content=\"2560\" \/>\n\t<meta property=\"og:image:height\" content=\"1707\" \/>\n\t<meta property=\"og:image:type\" content=\"image\/jpeg\" \/>\n<meta name=\"twitter:card\" content=\"summary_large_image\" \/>\n<meta name=\"twitter:label1\" content=\"Est. reading time\" \/>\n\t<meta name=\"twitter:data1\" content=\"1 minute\" \/>\n<script type=\"application\/ld+json\" class=\"yoast-schema-graph\">{\"@context\":\"https:\\\/\\\/schema.org\",\"@graph\":[{\"@type\":\"WebPage\",\"@id\":\"https:\\\/\\\/expertbatiment.ca\\\/en\\\/jobs\\\/application\\\/\",\"url\":\"https:\\\/\\\/expertbatiment.ca\\\/en\\\/jobs\\\/application\\\/\",\"name\":\"Submit your application - EXPERTB\u00c2TIMENT - Expertise, Engineering, Laboratory\",\"isPartOf\":{\"@id\":\"https:\\\/\\\/expertbatiment.ca\\\/en\\\/#website\"},\"primaryImageOfPage\":{\"@id\":\"https:\\\/\\\/expertbatiment.ca\\\/en\\\/jobs\\\/application\\\/#primaryimage\"},\"image\":{\"@id\":\"https:\\\/\\\/expertbatiment.ca\\\/en\\\/jobs\\\/application\\\/#primaryimage\"},\"thumbnailUrl\":\"https:\\\/\\\/expertbatiment.ca\\\/wp-content\\\/uploads\\\/2022\\\/05\\\/tamanna-rumee-CIfgsywk-_4-unsplash-copieverte-scaled.jpg\",\"datePublished\":\"2022-05-06T18:03:28+00:00\",\"dateModified\":\"2025-02-05T15:44:38+00:00\",\"description\":\"Explore our job offers and apply online | Customer Service, Energy Efficiency, Engineering, Laboratory\",\"breadcrumb\":{\"@id\":\"https:\\\/\\\/expertbatiment.ca\\\/en\\\/jobs\\\/application\\\/#breadcrumb\"},\"inLanguage\":\"en-US\",\"potentialAction\":[{\"@type\":\"ReadAction\",\"target\":[\"https:\\\/\\\/expertbatiment.ca\\\/en\\\/jobs\\\/application\\\/\"]}]},{\"@type\":\"ImageObject\",\"inLanguage\":\"en-US\",\"@id\":\"https:\\\/\\\/expertbatiment.ca\\\/en\\\/jobs\\\/application\\\/#primaryimage\",\"url\":\"https:\\\/\\\/expertbatiment.ca\\\/wp-content\\\/uploads\\\/2022\\\/05\\\/tamanna-rumee-CIfgsywk-_4-unsplash-copieverte-scaled.jpg\",\"contentUrl\":\"https:\\\/\\\/expertbatiment.ca\\\/wp-content\\\/uploads\\\/2022\\\/05\\\/tamanna-rumee-CIfgsywk-_4-unsplash-copieverte-scaled.jpg\",\"width\":2560,\"height\":1707},{\"@type\":\"BreadcrumbList\",\"@id\":\"https:\\\/\\\/expertbatiment.ca\\\/en\\\/jobs\\\/application\\\/#breadcrumb\",\"itemListElement\":[{\"@type\":\"ListItem\",\"position\":1,\"name\":\"Home\",\"item\":\"https:\\\/\\\/expertbatiment.ca\\\/en\\\/\"},{\"@type\":\"ListItem\",\"position\":2,\"name\":\"Jobs\",\"item\":\"https:\\\/\\\/expertbatiment.ca\\\/en\\\/jobs\\\/\"},{\"@type\":\"ListItem\",\"position\":3,\"name\":\"Submit your application\"}]},{\"@type\":\"WebSite\",\"@id\":\"https:\\\/\\\/expertbatiment.ca\\\/en\\\/#website\",\"url\":\"https:\\\/\\\/expertbatiment.ca\\\/en\\\/\",\"name\":\"EXPERTB\u00c2TIMENT\",\"description\":\"Des services sp\u00e9cialis\u00e9s afin de garantir des b\u00e2timents sains, s\u00e9curitaires et durables.\",\"publisher\":{\"@id\":\"https:\\\/\\\/expertbatiment.ca\\\/en\\\/#organization\"},\"potentialAction\":[{\"@type\":\"SearchAction\",\"target\":{\"@type\":\"EntryPoint\",\"urlTemplate\":\"https:\\\/\\\/expertbatiment.ca\\\/en\\\/?s={search_term_string}\"},\"query-input\":{\"@type\":\"PropertyValueSpecification\",\"valueRequired\":true,\"valueName\":\"search_term_string\"}}],\"inLanguage\":\"en-US\"},{\"@type\":\"Organization\",\"@id\":\"https:\\\/\\\/expertbatiment.ca\\\/en\\\/#organization\",\"name\":\"Expertb\u00e2timent\",\"url\":\"https:\\\/\\\/expertbatiment.ca\\\/en\\\/\",\"logo\":{\"@type\":\"ImageObject\",\"inLanguage\":\"en-US\",\"@id\":\"https:\\\/\\\/expertbatiment.ca\\\/en\\\/#\\\/schema\\\/logo\\\/image\\\/\",\"url\":\"https:\\\/\\\/expertbatiment.ca\\\/wp-content\\\/uploads\\\/2022\\\/06\\\/icon-ebc.png\",\"contentUrl\":\"https:\\\/\\\/expertbatiment.ca\\\/wp-content\\\/uploads\\\/2022\\\/06\\\/icon-ebc.png\",\"width\":512,\"height\":512,\"caption\":\"Expertb\u00e2timent\"},\"image\":{\"@id\":\"https:\\\/\\\/expertbatiment.ca\\\/en\\\/#\\\/schema\\\/logo\\\/image\\\/\"},\"sameAs\":[\"https:\\\/\\\/www.facebook.com\\\/expertbatiment.ca\",\"https:\\\/\\\/www.linkedin.com\\\/company\\\/expertbatiment-ca\"]}]}<\/script>\n<!-- \/ Yoast SEO plugin. -->","yoast_head_json":{"title":"Submit your application - EXPERTB\u00c2TIMENT - Expertise, Engineering, Laboratory","description":"Explore our job offers and apply online | Customer Service, Energy Efficiency, Engineering, Laboratory","robots":{"index":"index","follow":"follow","max-snippet":"max-snippet:-1","max-image-preview":"max-image-preview:large","max-video-preview":"max-video-preview:-1"},"canonical":"https:\/\/expertbatiment.ca\/en\/jobs\/application\/","og_locale":"en_US","og_type":"article","og_title":"Submit your application - EXPERTB\u00c2TIMENT - Expertise, Engineering, Laboratory","og_description":"Explore our job offers and apply online | Customer Service, Energy Efficiency, Engineering, Laboratory","og_url":"https:\/\/expertbatiment.ca\/en\/jobs\/application\/","og_site_name":"EXPERTB\u00c2TIMENT","article_publisher":"https:\/\/www.facebook.com\/expertbatiment.ca","article_modified_time":"2025-02-05T15:44:38+00:00","og_image":[{"width":2560,"height":1707,"url":"https:\/\/expertbatiment.ca\/wp-content\/uploads\/2022\/05\/tamanna-rumee-CIfgsywk-_4-unsplash-copieverte-scaled.jpg","type":"image\/jpeg"}],"twitter_card":"summary_large_image","twitter_misc":{"Est. reading time":"1 minute"},"schema":{"@context":"https:\/\/schema.org","@graph":[{"@type":"WebPage","@id":"https:\/\/expertbatiment.ca\/en\/jobs\/application\/","url":"https:\/\/expertbatiment.ca\/en\/jobs\/application\/","name":"Submit your application - EXPERTB\u00c2TIMENT - Expertise, Engineering, Laboratory","isPartOf":{"@id":"https:\/\/expertbatiment.ca\/en\/#website"},"primaryImageOfPage":{"@id":"https:\/\/expertbatiment.ca\/en\/jobs\/application\/#primaryimage"},"image":{"@id":"https:\/\/expertbatiment.ca\/en\/jobs\/application\/#primaryimage"},"thumbnailUrl":"https:\/\/expertbatiment.ca\/wp-content\/uploads\/2022\/05\/tamanna-rumee-CIfgsywk-_4-unsplash-copieverte-scaled.jpg","datePublished":"2022-05-06T18:03:28+00:00","dateModified":"2025-02-05T15:44:38+00:00","description":"Explore our job offers and apply online | Customer Service, Energy Efficiency, Engineering, Laboratory","breadcrumb":{"@id":"https:\/\/expertbatiment.ca\/en\/jobs\/application\/#breadcrumb"},"inLanguage":"en-US","potentialAction":[{"@type":"ReadAction","target":["https:\/\/expertbatiment.ca\/en\/jobs\/application\/"]}]},{"@type":"ImageObject","inLanguage":"en-US","@id":"https:\/\/expertbatiment.ca\/en\/jobs\/application\/#primaryimage","url":"https:\/\/expertbatiment.ca\/wp-content\/uploads\/2022\/05\/tamanna-rumee-CIfgsywk-_4-unsplash-copieverte-scaled.jpg","contentUrl":"https:\/\/expertbatiment.ca\/wp-content\/uploads\/2022\/05\/tamanna-rumee-CIfgsywk-_4-unsplash-copieverte-scaled.jpg","width":2560,"height":1707},{"@type":"BreadcrumbList","@id":"https:\/\/expertbatiment.ca\/en\/jobs\/application\/#breadcrumb","itemListElement":[{"@type":"ListItem","position":1,"name":"Home","item":"https:\/\/expertbatiment.ca\/en\/"},{"@type":"ListItem","position":2,"name":"Jobs","item":"https:\/\/expertbatiment.ca\/en\/jobs\/"},{"@type":"ListItem","position":3,"name":"Submit your application"}]},{"@type":"WebSite","@id":"https:\/\/expertbatiment.ca\/en\/#website","url":"https:\/\/expertbatiment.ca\/en\/","name":"EXPERTB\u00c2TIMENT","description":"Des services sp\u00e9cialis\u00e9s afin de garantir des b\u00e2timents sains, s\u00e9curitaires et durables.","publisher":{"@id":"https:\/\/expertbatiment.ca\/en\/#organization"},"potentialAction":[{"@type":"SearchAction","target":{"@type":"EntryPoint","urlTemplate":"https:\/\/expertbatiment.ca\/en\/?s={search_term_string}"},"query-input":{"@type":"PropertyValueSpecification","valueRequired":true,"valueName":"search_term_string"}}],"inLanguage":"en-US"},{"@type":"Organization","@id":"https:\/\/expertbatiment.ca\/en\/#organization","name":"Expertb\u00e2timent","url":"https:\/\/expertbatiment.ca\/en\/","logo":{"@type":"ImageObject","inLanguage":"en-US","@id":"https:\/\/expertbatiment.ca\/en\/#\/schema\/logo\/image\/","url":"https:\/\/expertbatiment.ca\/wp-content\/uploads\/2022\/06\/icon-ebc.png","contentUrl":"https:\/\/expertbatiment.ca\/wp-content\/uploads\/2022\/06\/icon-ebc.png","width":512,"height":512,"caption":"Expertb\u00e2timent"},"image":{"@id":"https:\/\/expertbatiment.ca\/en\/#\/schema\/logo\/image\/"},"sameAs":["https:\/\/www.facebook.com\/expertbatiment.ca","https:\/\/www.linkedin.com\/company\/expertbatiment-ca"]}]}},"uagb_featured_image_src":{"full":["https:\/\/expertbatiment.ca\/wp-content\/uploads\/2022\/05\/tamanna-rumee-CIfgsywk-_4-unsplash-copieverte-scaled.jpg",2560,1707,false],"thumbnail":["https:\/\/expertbatiment.ca\/wp-content\/uploads\/2022\/05\/tamanna-rumee-CIfgsywk-_4-unsplash-copieverte-150x150.jpg",150,150,true],"medium":["https:\/\/expertbatiment.ca\/wp-content\/uploads\/2022\/05\/tamanna-rumee-CIfgsywk-_4-unsplash-copieverte-300x200.jpg",300,200,true],"medium_large":["https:\/\/expertbatiment.ca\/wp-content\/uploads\/2022\/05\/tamanna-rumee-CIfgsywk-_4-unsplash-copieverte-768x512.jpg",768,512,true],"large":["https:\/\/expertbatiment.ca\/wp-content\/uploads\/2022\/05\/tamanna-rumee-CIfgsywk-_4-unsplash-copieverte-1024x683.jpg",1024,683,true],"1536x1536":["https:\/\/expertbatiment.ca\/wp-content\/uploads\/2022\/05\/tamanna-rumee-CIfgsywk-_4-unsplash-copieverte-1536x1024.jpg",1536,1024,true],"2048x2048":["https:\/\/expertbatiment.ca\/wp-content\/uploads\/2022\/05\/tamanna-rumee-CIfgsywk-_4-unsplash-copieverte-2048x1365.jpg",2048,1365,true],"featured-small":["https:\/\/expertbatiment.ca\/wp-content\/uploads\/2022\/05\/tamanna-rumee-CIfgsywk-_4-unsplash-copieverte-640x200.jpg",640,200,true],"featured-medium":["https:\/\/expertbatiment.ca\/wp-content\/uploads\/2022\/05\/tamanna-rumee-CIfgsywk-_4-unsplash-copieverte-1280x400.jpg",1280,400,true],"featured-large":["https:\/\/expertbatiment.ca\/wp-content\/uploads\/2022\/05\/tamanna-rumee-CIfgsywk-_4-unsplash-copieverte-1440x400.jpg",1440,400,true],"featured-xlarge":["https:\/\/expertbatiment.ca\/wp-content\/uploads\/2022\/05\/tamanna-rumee-CIfgsywk-_4-unsplash-copieverte-1920x400.jpg",1920,400,true],"fp-small":["https:\/\/expertbatiment.ca\/wp-content\/uploads\/2022\/05\/tamanna-rumee-CIfgsywk-_4-unsplash-copieverte-640x427.jpg",640,427,true],"fp-medium":["https:\/\/expertbatiment.ca\/wp-content\/uploads\/2022\/05\/tamanna-rumee-CIfgsywk-_4-unsplash-copieverte-1024x683.jpg",1024,683,true],"fp-large":["https:\/\/expertbatiment.ca\/wp-content\/uploads\/2022\/05\/tamanna-rumee-CIfgsywk-_4-unsplash-copieverte-1200x800.jpg",1200,800,true],"fp-xlarge":["https:\/\/expertbatiment.ca\/wp-content\/uploads\/2022\/05\/tamanna-rumee-CIfgsywk-_4-unsplash-copieverte-1920x1280.jpg",1920,1280,true],"menu-24x24":["https:\/\/expertbatiment.ca\/wp-content\/uploads\/2022\/05\/tamanna-rumee-CIfgsywk-_4-unsplash-copieverte-24x16.jpg",24,16,true],"menu-36x36":["https:\/\/expertbatiment.ca\/wp-content\/uploads\/2022\/05\/tamanna-rumee-CIfgsywk-_4-unsplash-copieverte-36x24.jpg",36,24,true],"menu-48x48":["https:\/\/expertbatiment.ca\/wp-content\/uploads\/2022\/05\/tamanna-rumee-CIfgsywk-_4-unsplash-copieverte-48x32.jpg",48,32,true]},"uagb_author_info":{"display_name":"\u00c8ve-Lyne Ducharme","author_link":"https:\/\/expertbatiment.ca\/en\/author\/evelyne-ducharme\/"},"uagb_comment_info":0,"uagb_excerpt":null,"_links":{"self":[{"href":"https:\/\/expertbatiment.ca\/en\/wp-json\/wp\/v2\/pages\/2775","targetHints":{"allow":["GET"]}}],"collection":[{"href":"https:\/\/expertbatiment.ca\/en\/wp-json\/wp\/v2\/pages"}],"about":[{"href":"https:\/\/expertbatiment.ca\/en\/wp-json\/wp\/v2\/types\/page"}],"author":[{"embeddable":true,"href":"https:\/\/expertbatiment.ca\/en\/wp-json\/wp\/v2\/users\/7"}],"replies":[{"embeddable":true,"href":"https:\/\/expertbatiment.ca\/en\/wp-json\/wp\/v2\/comments?post=2775"}],"version-history":[{"count":8,"href":"https:\/\/expertbatiment.ca\/en\/wp-json\/wp\/v2\/pages\/2775\/revisions"}],"predecessor-version":[{"id":19732,"href":"https:\/\/expertbatiment.ca\/en\/wp-json\/wp\/v2\/pages\/2775\/revisions\/19732"}],"up":[{"embeddable":true,"href":"https:\/\/expertbatiment.ca\/en\/wp-json\/wp\/v2\/pages\/2774"}],"wp:featuredmedia":[{"embeddable":true,"href":"https:\/\/expertbatiment.ca\/en\/wp-json\/wp\/v2\/media\/2706"}],"wp:attachment":[{"href":"https:\/\/expertbatiment.ca\/en\/wp-json\/wp\/v2\/media?parent=2775"}],"curies":[{"name":"wp","href":"https:\/\/api.w.org\/{rel}","templated":true}]}}