{"id":3039,"date":"2024-10-08T10:14:54","date_gmt":"2024-10-08T14:14:54","guid":{"rendered":"https:\/\/expertbatiment.ca\/?page_id=3039"},"modified":"2025-02-05T10:44:44","modified_gmt":"2025-02-05T15:44:44","slug":"etude-de-fonds-de-prevoyance-loi-16","status":"publish","type":"page","link":"https:\/\/expertbatiment.ca\/en\/etude-de-fonds-de-prevoyance-loi-16\/","title":{"rendered":"Contingency Fund Study &#8211; Bill 16"},"content":{"rendered":"\n<p>As of January 2020, the adoption of the omnibus condominium bill stipulates that syndicates will be required to produce a contingency fund study of their condominium every five years. Although these changes are not yet in effect, they are scheduled to take effect in the year 2022. Therefore, certain terms and conditions will have to be respected once the regulation is established in the <em>Civil Code of Quebec<\/em>.<\/p>\n\n<p><u><strong><strong>What situation applies to your condominium?<\/strong><\/strong><\/u><\/p>\n\n<ul class=\"wp-block-list\"><li>For a <strong>condominium established before January 10, 2020<\/strong>, you will have to comply no later than three years after the bylaw comes into force;<\/li><li>For a <strong>condominium established after January 10, 2020<\/strong>, you will need to be in compliance by the time the by-law comes into force, which could be as early as the end of 2022.<\/li><\/ul>\n\n<p><strong>A contingency fund study involves &#8230;<\/strong><\/p>\n\n<figure class=\"wp-block-table\"><table><tbody><tr><td class=\"has-text-align-center\" data-align=\"center\">A technical component<\/td><td class=\"has-text-align-center\" data-align=\"center\">A financial component  <\/td><\/tr><tr><td class=\"has-text-align-center\" data-align=\"center\">  <\/td><td class=\"has-text-align-center\" data-align=\"center\"><\/td><\/tr><\/tbody><\/table><\/figure>\n\n<p><\/p>\n","protected":false},"excerpt":{"rendered":"<p>As of January 2020, the adoption of the omnibus condominium bill stipulates that syndicates will be required to produce a contingency fund study of their condominium every five years. Although these changes are not yet in effect, they are scheduled to take effect in the year 2022. Therefore, certain terms and conditions will have to [&hellip;]<\/p>\n","protected":false},"author":7,"featured_media":0,"parent":0,"menu_order":0,"comment_status":"closed","ping_status":"closed","template":"","meta":{"_acf_changed":false,"_uag_custom_page_level_css":"","footnotes":""},"class_list":["post-3039","page","type-page","status-publish","hentry"],"acf":[],"yoast_head":"<!-- This site is optimized with the Yoast SEO plugin v27.3 - https:\/\/yoast.com\/product\/yoast-seo-wordpress\/ -->\n<title>Contingency Fund Study - Bill 16 - EXPERTB\u00c2TIMENT - Expertise, Engineering, Laboratory<\/title>\n<meta name=\"robots\" content=\"index, follow, max-snippet:-1, max-image-preview:large, max-video-preview:-1\" \/>\n<link rel=\"canonical\" href=\"https:\/\/expertbatiment.ca\/en\/etude-de-fonds-de-prevoyance-loi-16\/\" \/>\n<meta property=\"og:locale\" content=\"en_US\" \/>\n<meta property=\"og:type\" content=\"article\" \/>\n<meta property=\"og:title\" content=\"Contingency Fund Study - Bill 16 - EXPERTB\u00c2TIMENT - Expertise, Engineering, Laboratory\" \/>\n<meta property=\"og:description\" content=\"As of January 2020, the adoption of the omnibus condominium bill stipulates that syndicates will be required to produce a contingency fund study of their condominium every five years. Although these changes are not yet in effect, they are scheduled to take effect in the year 2022. Therefore, certain terms and conditions will have to [&hellip;]\" \/>\n<meta property=\"og:url\" content=\"https:\/\/expertbatiment.ca\/en\/etude-de-fonds-de-prevoyance-loi-16\/\" \/>\n<meta property=\"og:site_name\" content=\"EXPERTB\u00c2TIMENT\" \/>\n<meta property=\"article:publisher\" content=\"https:\/\/www.facebook.com\/expertbatiment.ca\" \/>\n<meta property=\"article:modified_time\" content=\"2025-02-05T15:44:44+00:00\" \/>\n<meta name=\"twitter:card\" content=\"summary_large_image\" \/>\n<meta name=\"twitter:label1\" content=\"Est. reading time\" \/>\n\t<meta name=\"twitter:data1\" content=\"1 minute\" \/>\n<script type=\"application\/ld+json\" class=\"yoast-schema-graph\">{\"@context\":\"https:\\\/\\\/schema.org\",\"@graph\":[{\"@type\":\"WebPage\",\"@id\":\"https:\\\/\\\/expertbatiment.ca\\\/en\\\/etude-de-fonds-de-prevoyance-loi-16\\\/\",\"url\":\"https:\\\/\\\/expertbatiment.ca\\\/en\\\/etude-de-fonds-de-prevoyance-loi-16\\\/\",\"name\":\"Contingency Fund Study - Bill 16 - EXPERTB\u00c2TIMENT - Expertise, Engineering, Laboratory\",\"isPartOf\":{\"@id\":\"https:\\\/\\\/expertbatiment.ca\\\/en\\\/#website\"},\"datePublished\":\"2024-10-08T14:14:54+00:00\",\"dateModified\":\"2025-02-05T15:44:44+00:00\",\"breadcrumb\":{\"@id\":\"https:\\\/\\\/expertbatiment.ca\\\/en\\\/etude-de-fonds-de-prevoyance-loi-16\\\/#breadcrumb\"},\"inLanguage\":\"en-US\",\"potentialAction\":[{\"@type\":\"ReadAction\",\"target\":[\"https:\\\/\\\/expertbatiment.ca\\\/en\\\/etude-de-fonds-de-prevoyance-loi-16\\\/\"]}]},{\"@type\":\"BreadcrumbList\",\"@id\":\"https:\\\/\\\/expertbatiment.ca\\\/en\\\/etude-de-fonds-de-prevoyance-loi-16\\\/#breadcrumb\",\"itemListElement\":[{\"@type\":\"ListItem\",\"position\":1,\"name\":\"Home\",\"item\":\"https:\\\/\\\/expertbatiment.ca\\\/en\\\/\"},{\"@type\":\"ListItem\",\"position\":2,\"name\":\"Contingency Fund Study &#8211; Bill 16\"}]},{\"@type\":\"WebSite\",\"@id\":\"https:\\\/\\\/expertbatiment.ca\\\/en\\\/#website\",\"url\":\"https:\\\/\\\/expertbatiment.ca\\\/en\\\/\",\"name\":\"EXPERTB\u00c2TIMENT\",\"description\":\"Des services sp\u00e9cialis\u00e9s afin de garantir des b\u00e2timents sains, s\u00e9curitaires et durables.\",\"publisher\":{\"@id\":\"https:\\\/\\\/expertbatiment.ca\\\/en\\\/#organization\"},\"potentialAction\":[{\"@type\":\"SearchAction\",\"target\":{\"@type\":\"EntryPoint\",\"urlTemplate\":\"https:\\\/\\\/expertbatiment.ca\\\/en\\\/?s={search_term_string}\"},\"query-input\":{\"@type\":\"PropertyValueSpecification\",\"valueRequired\":true,\"valueName\":\"search_term_string\"}}],\"inLanguage\":\"en-US\"},{\"@type\":\"Organization\",\"@id\":\"https:\\\/\\\/expertbatiment.ca\\\/en\\\/#organization\",\"name\":\"Expertb\u00e2timent\",\"url\":\"https:\\\/\\\/expertbatiment.ca\\\/en\\\/\",\"logo\":{\"@type\":\"ImageObject\",\"inLanguage\":\"en-US\",\"@id\":\"https:\\\/\\\/expertbatiment.ca\\\/en\\\/#\\\/schema\\\/logo\\\/image\\\/\",\"url\":\"https:\\\/\\\/expertbatiment.ca\\\/wp-content\\\/uploads\\\/2022\\\/06\\\/icon-ebc.png\",\"contentUrl\":\"https:\\\/\\\/expertbatiment.ca\\\/wp-content\\\/uploads\\\/2022\\\/06\\\/icon-ebc.png\",\"width\":512,\"height\":512,\"caption\":\"Expertb\u00e2timent\"},\"image\":{\"@id\":\"https:\\\/\\\/expertbatiment.ca\\\/en\\\/#\\\/schema\\\/logo\\\/image\\\/\"},\"sameAs\":[\"https:\\\/\\\/www.facebook.com\\\/expertbatiment.ca\",\"https:\\\/\\\/www.linkedin.com\\\/company\\\/expertbatiment-ca\"]}]}<\/script>\n<!-- \/ Yoast SEO plugin. -->","yoast_head_json":{"title":"Contingency Fund Study - Bill 16 - EXPERTB\u00c2TIMENT - Expertise, Engineering, Laboratory","robots":{"index":"index","follow":"follow","max-snippet":"max-snippet:-1","max-image-preview":"max-image-preview:large","max-video-preview":"max-video-preview:-1"},"canonical":"https:\/\/expertbatiment.ca\/en\/etude-de-fonds-de-prevoyance-loi-16\/","og_locale":"en_US","og_type":"article","og_title":"Contingency Fund Study - Bill 16 - EXPERTB\u00c2TIMENT - Expertise, Engineering, Laboratory","og_description":"As of January 2020, the adoption of the omnibus condominium bill stipulates that syndicates will be required to produce a contingency fund study of their condominium every five years. Although these changes are not yet in effect, they are scheduled to take effect in the year 2022. Therefore, certain terms and conditions will have to [&hellip;]","og_url":"https:\/\/expertbatiment.ca\/en\/etude-de-fonds-de-prevoyance-loi-16\/","og_site_name":"EXPERTB\u00c2TIMENT","article_publisher":"https:\/\/www.facebook.com\/expertbatiment.ca","article_modified_time":"2025-02-05T15:44:44+00:00","twitter_card":"summary_large_image","twitter_misc":{"Est. reading time":"1 minute"},"schema":{"@context":"https:\/\/schema.org","@graph":[{"@type":"WebPage","@id":"https:\/\/expertbatiment.ca\/en\/etude-de-fonds-de-prevoyance-loi-16\/","url":"https:\/\/expertbatiment.ca\/en\/etude-de-fonds-de-prevoyance-loi-16\/","name":"Contingency Fund Study - Bill 16 - EXPERTB\u00c2TIMENT - Expertise, Engineering, Laboratory","isPartOf":{"@id":"https:\/\/expertbatiment.ca\/en\/#website"},"datePublished":"2024-10-08T14:14:54+00:00","dateModified":"2025-02-05T15:44:44+00:00","breadcrumb":{"@id":"https:\/\/expertbatiment.ca\/en\/etude-de-fonds-de-prevoyance-loi-16\/#breadcrumb"},"inLanguage":"en-US","potentialAction":[{"@type":"ReadAction","target":["https:\/\/expertbatiment.ca\/en\/etude-de-fonds-de-prevoyance-loi-16\/"]}]},{"@type":"BreadcrumbList","@id":"https:\/\/expertbatiment.ca\/en\/etude-de-fonds-de-prevoyance-loi-16\/#breadcrumb","itemListElement":[{"@type":"ListItem","position":1,"name":"Home","item":"https:\/\/expertbatiment.ca\/en\/"},{"@type":"ListItem","position":2,"name":"Contingency Fund Study &#8211; Bill 16"}]},{"@type":"WebSite","@id":"https:\/\/expertbatiment.ca\/en\/#website","url":"https:\/\/expertbatiment.ca\/en\/","name":"EXPERTB\u00c2TIMENT","description":"Des services sp\u00e9cialis\u00e9s afin de garantir des b\u00e2timents sains, s\u00e9curitaires et durables.","publisher":{"@id":"https:\/\/expertbatiment.ca\/en\/#organization"},"potentialAction":[{"@type":"SearchAction","target":{"@type":"EntryPoint","urlTemplate":"https:\/\/expertbatiment.ca\/en\/?s={search_term_string}"},"query-input":{"@type":"PropertyValueSpecification","valueRequired":true,"valueName":"search_term_string"}}],"inLanguage":"en-US"},{"@type":"Organization","@id":"https:\/\/expertbatiment.ca\/en\/#organization","name":"Expertb\u00e2timent","url":"https:\/\/expertbatiment.ca\/en\/","logo":{"@type":"ImageObject","inLanguage":"en-US","@id":"https:\/\/expertbatiment.ca\/en\/#\/schema\/logo\/image\/","url":"https:\/\/expertbatiment.ca\/wp-content\/uploads\/2022\/06\/icon-ebc.png","contentUrl":"https:\/\/expertbatiment.ca\/wp-content\/uploads\/2022\/06\/icon-ebc.png","width":512,"height":512,"caption":"Expertb\u00e2timent"},"image":{"@id":"https:\/\/expertbatiment.ca\/en\/#\/schema\/logo\/image\/"},"sameAs":["https:\/\/www.facebook.com\/expertbatiment.ca","https:\/\/www.linkedin.com\/company\/expertbatiment-ca"]}]}},"uagb_featured_image_src":{"full":false,"thumbnail":false,"medium":false,"medium_large":false,"large":false,"1536x1536":false,"2048x2048":false,"featured-small":false,"featured-medium":false,"featured-large":false,"featured-xlarge":false,"fp-small":false,"fp-medium":false,"fp-large":false,"fp-xlarge":false,"menu-24x24":false,"menu-36x36":false,"menu-48x48":false},"uagb_author_info":{"display_name":"\u00c8ve-Lyne Ducharme","author_link":"https:\/\/expertbatiment.ca\/en\/author\/evelyne-ducharme\/"},"uagb_comment_info":0,"uagb_excerpt":"As of January 2020, the adoption of the omnibus condominium bill stipulates that syndicates will be required to produce a contingency fund study of their condominium every five years. Although these changes are not yet in effect, they are scheduled to take effect in the year 2022. Therefore, certain terms and conditions will have to&hellip;","_links":{"self":[{"href":"https:\/\/expertbatiment.ca\/en\/wp-json\/wp\/v2\/pages\/3039","targetHints":{"allow":["GET"]}}],"collection":[{"href":"https:\/\/expertbatiment.ca\/en\/wp-json\/wp\/v2\/pages"}],"about":[{"href":"https:\/\/expertbatiment.ca\/en\/wp-json\/wp\/v2\/types\/page"}],"author":[{"embeddable":true,"href":"https:\/\/expertbatiment.ca\/en\/wp-json\/wp\/v2\/users\/7"}],"replies":[{"embeddable":true,"href":"https:\/\/expertbatiment.ca\/en\/wp-json\/wp\/v2\/comments?post=3039"}],"version-history":[{"count":2,"href":"https:\/\/expertbatiment.ca\/en\/wp-json\/wp\/v2\/pages\/3039\/revisions"}],"predecessor-version":[{"id":19739,"href":"https:\/\/expertbatiment.ca\/en\/wp-json\/wp\/v2\/pages\/3039\/revisions\/19739"}],"wp:attachment":[{"href":"https:\/\/expertbatiment.ca\/en\/wp-json\/wp\/v2\/media?parent=3039"}],"curies":[{"name":"wp","href":"https:\/\/api.w.org\/{rel}","templated":true}]}}