{"id":3041,"date":"2021-12-03T09:05:04","date_gmt":"2021-12-03T14:05:04","guid":{"rendered":"https:\/\/expertbatiment.ca\/?page_id=3041"},"modified":"2022-09-27T16:21:28","modified_gmt":"2022-09-27T20:21:28","slug":"documents-required-for-the-construction-of-the-septic-system","status":"publish","type":"page","link":"https:\/\/expertbatiment.ca\/en\/documents-required-for-the-construction-of-the-septic-system\/","title":{"rendered":"Documents required for the construction of the septic system"},"content":{"rendered":"\n<p>In order to offer you a quick service and to avoid any complications, we ask you to provide the documents mentioned below:<\/p>\n\n<ul class=\"wp-block-list\"><li>Certificate of location (in the case of a pre-existing building);<\/li><li>Location of wells\/pits on land adjacent to yours;<\/li><li>Definition of a specific point on the land, at the owner&#8217;s choice. The point chosen must be inaccessible and therefore always exist at the time of construction of the septic installations. This point can be a slab, a rock, a tree, etc.<\/li><li>Location of an <strong>official marker<\/strong> by the owner, in order to allow the expert to properly delimit the beginning of the land under study. (This marker can also be located on the neighboring property, it must simply be referenced in the official plans).<\/li><li>Location of any drinking water supply wells on the owner&#8217;s property, as well as on associated properties (this only involves property owners with an existing neighborhood).<\/li><li>Location of all existing septic systems on the property and on the related properties (this only involves property owners with an existing neighborhood).<\/li><\/ul>\n\n<p>\n          <strong>EXPERTB\u00c2TIMENT will take care of the research of the cadastral plans and the property deeds.<\/strong>\n        <\/p>\n","protected":false},"excerpt":{"rendered":"<p>In order to offer you a quick service and to avoid any complications, we ask you to provide the documents mentioned below: Certificate of location (in the case of a pre-existing building); Location of wells\/pits on land adjacent to yours; Definition of a specific point on the land, at the owner&#8217;s choice. The point chosen [&hellip;]<\/p>\n","protected":false},"author":7,"featured_media":0,"parent":0,"menu_order":0,"comment_status":"closed","ping_status":"closed","template":"","meta":{"_acf_changed":false,"_uag_custom_page_level_css":"","footnotes":""},"class_list":["post-3041","page","type-page","status-publish","hentry"],"acf":[],"yoast_head":"<!-- This site is optimized with the Yoast SEO plugin v27.5 - https:\/\/yoast.com\/product\/yoast-seo-wordpress\/ -->\n<title>Documents required for the construction of the septic system - EXPERTB\u00c2TIMENT - Expertise, Ing\u00e9nierie, Laboratoire<\/title>\n<meta name=\"robots\" content=\"index, follow, max-snippet:-1, max-image-preview:large, max-video-preview:-1\" \/>\n<link rel=\"canonical\" href=\"https:\/\/expertbatiment.ca\/en\/documents-required-for-the-construction-of-the-septic-system\/\" \/>\n<meta property=\"og:locale\" content=\"en_US\" \/>\n<meta property=\"og:type\" content=\"article\" \/>\n<meta property=\"og:title\" content=\"Documents required for the construction of the septic system - EXPERTB\u00c2TIMENT - Expertise, Ing\u00e9nierie, Laboratoire\" \/>\n<meta property=\"og:description\" content=\"In order to offer you a quick service and to avoid any complications, we ask you to provide the documents mentioned below: Certificate of location (in the case of a pre-existing building); Location of wells\/pits on land adjacent to yours; Definition of a specific point on the land, at the owner&#8217;s choice. The point chosen [&hellip;]\" \/>\n<meta property=\"og:url\" content=\"https:\/\/expertbatiment.ca\/en\/documents-required-for-the-construction-of-the-septic-system\/\" \/>\n<meta property=\"og:site_name\" content=\"EXPERTB\u00c2TIMENT\" \/>\n<meta property=\"article:publisher\" content=\"https:\/\/www.facebook.com\/expertbatiment.ca\" \/>\n<meta property=\"article:modified_time\" content=\"2022-09-27T20:21:28+00:00\" \/>\n<meta name=\"twitter:card\" content=\"summary_large_image\" \/>\n<meta name=\"twitter:label1\" content=\"Est. reading time\" \/>\n\t<meta name=\"twitter:data1\" content=\"1 minute\" \/>\n<script type=\"application\/ld+json\" class=\"yoast-schema-graph\">{\"@context\":\"https:\\\/\\\/schema.org\",\"@graph\":[{\"@type\":\"WebPage\",\"@id\":\"https:\\\/\\\/expertbatiment.ca\\\/en\\\/documents-required-for-the-construction-of-the-septic-system\\\/\",\"url\":\"https:\\\/\\\/expertbatiment.ca\\\/en\\\/documents-required-for-the-construction-of-the-septic-system\\\/\",\"name\":\"Documents required for the construction of the septic system - EXPERTB\u00c2TIMENT - Expertise, Ing\u00e9nierie, Laboratoire\",\"isPartOf\":{\"@id\":\"https:\\\/\\\/expertbatiment.ca\\\/en\\\/#website\"},\"datePublished\":\"2021-12-03T14:05:04+00:00\",\"dateModified\":\"2022-09-27T20:21:28+00:00\",\"breadcrumb\":{\"@id\":\"https:\\\/\\\/expertbatiment.ca\\\/en\\\/documents-required-for-the-construction-of-the-septic-system\\\/#breadcrumb\"},\"inLanguage\":\"en-US\",\"potentialAction\":[{\"@type\":\"ReadAction\",\"target\":[\"https:\\\/\\\/expertbatiment.ca\\\/en\\\/documents-required-for-the-construction-of-the-septic-system\\\/\"]}]},{\"@type\":\"BreadcrumbList\",\"@id\":\"https:\\\/\\\/expertbatiment.ca\\\/en\\\/documents-required-for-the-construction-of-the-septic-system\\\/#breadcrumb\",\"itemListElement\":[{\"@type\":\"ListItem\",\"position\":1,\"name\":\"Home\",\"item\":\"https:\\\/\\\/expertbatiment.ca\\\/en\\\/\"},{\"@type\":\"ListItem\",\"position\":2,\"name\":\"Documents required for the construction of the septic system\"}]},{\"@type\":\"WebSite\",\"@id\":\"https:\\\/\\\/expertbatiment.ca\\\/en\\\/#website\",\"url\":\"https:\\\/\\\/expertbatiment.ca\\\/en\\\/\",\"name\":\"EXPERTB\u00c2TIMENT\",\"description\":\"Des services sp\u00e9cialis\u00e9s afin de garantir des b\u00e2timents sains, s\u00e9curitaires et durables.\",\"publisher\":{\"@id\":\"https:\\\/\\\/expertbatiment.ca\\\/en\\\/#organization\"},\"potentialAction\":[{\"@type\":\"SearchAction\",\"target\":{\"@type\":\"EntryPoint\",\"urlTemplate\":\"https:\\\/\\\/expertbatiment.ca\\\/en\\\/?s={search_term_string}\"},\"query-input\":{\"@type\":\"PropertyValueSpecification\",\"valueRequired\":true,\"valueName\":\"search_term_string\"}}],\"inLanguage\":\"en-US\"},{\"@type\":\"Organization\",\"@id\":\"https:\\\/\\\/expertbatiment.ca\\\/en\\\/#organization\",\"name\":\"Expertb\u00e2timent\",\"url\":\"https:\\\/\\\/expertbatiment.ca\\\/en\\\/\",\"logo\":{\"@type\":\"ImageObject\",\"inLanguage\":\"en-US\",\"@id\":\"https:\\\/\\\/expertbatiment.ca\\\/en\\\/#\\\/schema\\\/logo\\\/image\\\/\",\"url\":\"https:\\\/\\\/expertbatiment.ca\\\/wp-content\\\/uploads\\\/2022\\\/06\\\/icon-ebc.png\",\"contentUrl\":\"https:\\\/\\\/expertbatiment.ca\\\/wp-content\\\/uploads\\\/2022\\\/06\\\/icon-ebc.png\",\"width\":512,\"height\":512,\"caption\":\"Expertb\u00e2timent\"},\"image\":{\"@id\":\"https:\\\/\\\/expertbatiment.ca\\\/en\\\/#\\\/schema\\\/logo\\\/image\\\/\"},\"sameAs\":[\"https:\\\/\\\/www.facebook.com\\\/expertbatiment.ca\",\"https:\\\/\\\/www.linkedin.com\\\/company\\\/expertbatiment-ca\"]}]}<\/script>\n<!-- \/ Yoast SEO plugin. -->","yoast_head_json":{"title":"Documents required for the construction of the septic system - EXPERTB\u00c2TIMENT - Expertise, Ing\u00e9nierie, Laboratoire","robots":{"index":"index","follow":"follow","max-snippet":"max-snippet:-1","max-image-preview":"max-image-preview:large","max-video-preview":"max-video-preview:-1"},"canonical":"https:\/\/expertbatiment.ca\/en\/documents-required-for-the-construction-of-the-septic-system\/","og_locale":"en_US","og_type":"article","og_title":"Documents required for the construction of the septic system - EXPERTB\u00c2TIMENT - Expertise, Ing\u00e9nierie, Laboratoire","og_description":"In order to offer you a quick service and to avoid any complications, we ask you to provide the documents mentioned below: Certificate of location (in the case of a pre-existing building); Location of wells\/pits on land adjacent to yours; Definition of a specific point on the land, at the owner&#8217;s choice. The point chosen [&hellip;]","og_url":"https:\/\/expertbatiment.ca\/en\/documents-required-for-the-construction-of-the-septic-system\/","og_site_name":"EXPERTB\u00c2TIMENT","article_publisher":"https:\/\/www.facebook.com\/expertbatiment.ca","article_modified_time":"2022-09-27T20:21:28+00:00","twitter_card":"summary_large_image","twitter_misc":{"Est. reading time":"1 minute"},"schema":{"@context":"https:\/\/schema.org","@graph":[{"@type":"WebPage","@id":"https:\/\/expertbatiment.ca\/en\/documents-required-for-the-construction-of-the-septic-system\/","url":"https:\/\/expertbatiment.ca\/en\/documents-required-for-the-construction-of-the-septic-system\/","name":"Documents required for the construction of the septic system - EXPERTB\u00c2TIMENT - Expertise, Ing\u00e9nierie, Laboratoire","isPartOf":{"@id":"https:\/\/expertbatiment.ca\/en\/#website"},"datePublished":"2021-12-03T14:05:04+00:00","dateModified":"2022-09-27T20:21:28+00:00","breadcrumb":{"@id":"https:\/\/expertbatiment.ca\/en\/documents-required-for-the-construction-of-the-septic-system\/#breadcrumb"},"inLanguage":"en-US","potentialAction":[{"@type":"ReadAction","target":["https:\/\/expertbatiment.ca\/en\/documents-required-for-the-construction-of-the-septic-system\/"]}]},{"@type":"BreadcrumbList","@id":"https:\/\/expertbatiment.ca\/en\/documents-required-for-the-construction-of-the-septic-system\/#breadcrumb","itemListElement":[{"@type":"ListItem","position":1,"name":"Home","item":"https:\/\/expertbatiment.ca\/en\/"},{"@type":"ListItem","position":2,"name":"Documents required for the construction of the septic system"}]},{"@type":"WebSite","@id":"https:\/\/expertbatiment.ca\/en\/#website","url":"https:\/\/expertbatiment.ca\/en\/","name":"EXPERTB\u00c2TIMENT","description":"Des services sp\u00e9cialis\u00e9s afin de garantir des b\u00e2timents sains, s\u00e9curitaires et durables.","publisher":{"@id":"https:\/\/expertbatiment.ca\/en\/#organization"},"potentialAction":[{"@type":"SearchAction","target":{"@type":"EntryPoint","urlTemplate":"https:\/\/expertbatiment.ca\/en\/?s={search_term_string}"},"query-input":{"@type":"PropertyValueSpecification","valueRequired":true,"valueName":"search_term_string"}}],"inLanguage":"en-US"},{"@type":"Organization","@id":"https:\/\/expertbatiment.ca\/en\/#organization","name":"Expertb\u00e2timent","url":"https:\/\/expertbatiment.ca\/en\/","logo":{"@type":"ImageObject","inLanguage":"en-US","@id":"https:\/\/expertbatiment.ca\/en\/#\/schema\/logo\/image\/","url":"https:\/\/expertbatiment.ca\/wp-content\/uploads\/2022\/06\/icon-ebc.png","contentUrl":"https:\/\/expertbatiment.ca\/wp-content\/uploads\/2022\/06\/icon-ebc.png","width":512,"height":512,"caption":"Expertb\u00e2timent"},"image":{"@id":"https:\/\/expertbatiment.ca\/en\/#\/schema\/logo\/image\/"},"sameAs":["https:\/\/www.facebook.com\/expertbatiment.ca","https:\/\/www.linkedin.com\/company\/expertbatiment-ca"]}]}},"uagb_featured_image_src":{"full":false,"thumbnail":false,"medium":false,"medium_large":false,"large":false,"1536x1536":false,"2048x2048":false,"featured-small":false,"featured-medium":false,"featured-large":false,"featured-xlarge":false,"fp-small":false,"fp-medium":false,"fp-large":false,"fp-xlarge":false,"menu-24x24":false,"menu-36x36":false,"menu-48x48":false},"uagb_author_info":{"display_name":"\u00c8ve-Lyne Ducharme","author_link":"https:\/\/expertbatiment.ca\/en\/author\/evelyne-ducharme\/"},"uagb_comment_info":0,"uagb_excerpt":"In order to offer you a quick service and to avoid any complications, we ask you to provide the documents mentioned below: Certificate of location (in the case of a pre-existing building); Location of wells\/pits on land adjacent to yours; Definition of a specific point on the land, at the owner&#8217;s choice. The point chosen&hellip;","_links":{"self":[{"href":"https:\/\/expertbatiment.ca\/en\/wp-json\/wp\/v2\/pages\/3041","targetHints":{"allow":["GET"]}}],"collection":[{"href":"https:\/\/expertbatiment.ca\/en\/wp-json\/wp\/v2\/pages"}],"about":[{"href":"https:\/\/expertbatiment.ca\/en\/wp-json\/wp\/v2\/types\/page"}],"author":[{"embeddable":true,"href":"https:\/\/expertbatiment.ca\/en\/wp-json\/wp\/v2\/users\/7"}],"replies":[{"embeddable":true,"href":"https:\/\/expertbatiment.ca\/en\/wp-json\/wp\/v2\/comments?post=3041"}],"version-history":[{"count":0,"href":"https:\/\/expertbatiment.ca\/en\/wp-json\/wp\/v2\/pages\/3041\/revisions"}],"wp:attachment":[{"href":"https:\/\/expertbatiment.ca\/en\/wp-json\/wp\/v2\/media?parent=3041"}],"curies":[{"name":"wp","href":"https:\/\/api.w.org\/{rel}","templated":true}]}}