{"id":3048,"date":"2024-10-08T10:07:50","date_gmt":"2024-10-08T14:07:50","guid":{"rendered":"https:\/\/expertbatiment.ca\/?page_id=3048"},"modified":"2022-10-03T11:46:20","modified_gmt":"2022-10-03T15:46:20","slug":"privacy-policy","status":"publish","type":"page","link":"https:\/\/expertbatiment.ca\/en\/privacy-policy\/","title":{"rendered":"Privacy Policy"},"content":{"rendered":"<p><!--vcv no format--><!--vcv no format--><\/p>\n","protected":false},"excerpt":{"rendered":"","protected":false},"author":9,"featured_media":283,"parent":0,"menu_order":0,"comment_status":"closed","ping_status":"closed","template":"","meta":{"_acf_changed":false,"_uag_custom_page_level_css":"","footnotes":""},"class_list":["post-3048","page","type-page","status-publish","has-post-thumbnail","hentry"],"acf":[],"yoast_head":"<!-- This site is optimized with the Yoast SEO plugin v27.4 - https:\/\/yoast.com\/product\/yoast-seo-wordpress\/ -->\n<title>Privacy Policy - EXPERTB\u00c2TIMENT - Expertise, Ing\u00e9nierie, Laboratoire<\/title>\n<meta name=\"robots\" content=\"index, follow, max-snippet:-1, max-image-preview:large, max-video-preview:-1\" \/>\n<link rel=\"canonical\" href=\"https:\/\/expertbatiment.ca\/en\/privacy-policy\/\" \/>\n<meta property=\"og:locale\" content=\"en_US\" \/>\n<meta property=\"og:type\" content=\"article\" \/>\n<meta property=\"og:title\" content=\"Privacy Policy - EXPERTB\u00c2TIMENT - Expertise, Ing\u00e9nierie, Laboratoire\" \/>\n<meta property=\"og:url\" content=\"https:\/\/expertbatiment.ca\/en\/privacy-policy\/\" \/>\n<meta property=\"og:site_name\" content=\"EXPERTB\u00c2TIMENT\" \/>\n<meta property=\"article:publisher\" content=\"https:\/\/www.facebook.com\/expertbatiment.ca\" \/>\n<meta property=\"og:image\" content=\"https:\/\/expertbatiment.ca\/wp-content\/uploads\/2017\/02\/bandeau_gestion_amiante.png\" \/>\n\t<meta property=\"og:image:width\" content=\"2000\" \/>\n\t<meta property=\"og:image:height\" content=\"600\" \/>\n\t<meta property=\"og:image:type\" content=\"image\/png\" \/>\n<meta name=\"twitter:card\" content=\"summary_large_image\" \/>\n<script type=\"application\/ld+json\" class=\"yoast-schema-graph\">{\"@context\":\"https:\\\/\\\/schema.org\",\"@graph\":[{\"@type\":\"WebPage\",\"@id\":\"https:\\\/\\\/expertbatiment.ca\\\/en\\\/privacy-policy\\\/\",\"url\":\"https:\\\/\\\/expertbatiment.ca\\\/en\\\/privacy-policy\\\/\",\"name\":\"Privacy Policy - EXPERTB\u00c2TIMENT - Expertise, Ing\u00e9nierie, Laboratoire\",\"isPartOf\":{\"@id\":\"https:\\\/\\\/expertbatiment.ca\\\/en\\\/#website\"},\"primaryImageOfPage\":{\"@id\":\"https:\\\/\\\/expertbatiment.ca\\\/en\\\/privacy-policy\\\/#primaryimage\"},\"image\":{\"@id\":\"https:\\\/\\\/expertbatiment.ca\\\/en\\\/privacy-policy\\\/#primaryimage\"},\"thumbnailUrl\":\"https:\\\/\\\/expertbatiment.ca\\\/wp-content\\\/uploads\\\/2017\\\/02\\\/bandeau_gestion_amiante.png\",\"datePublished\":\"2024-10-08T14:07:50+00:00\",\"breadcrumb\":{\"@id\":\"https:\\\/\\\/expertbatiment.ca\\\/en\\\/privacy-policy\\\/#breadcrumb\"},\"inLanguage\":\"en-US\",\"potentialAction\":[{\"@type\":\"ReadAction\",\"target\":[\"https:\\\/\\\/expertbatiment.ca\\\/en\\\/privacy-policy\\\/\"]}]},{\"@type\":\"ImageObject\",\"inLanguage\":\"en-US\",\"@id\":\"https:\\\/\\\/expertbatiment.ca\\\/en\\\/privacy-policy\\\/#primaryimage\",\"url\":\"https:\\\/\\\/expertbatiment.ca\\\/wp-content\\\/uploads\\\/2017\\\/02\\\/bandeau_gestion_amiante.png\",\"contentUrl\":\"https:\\\/\\\/expertbatiment.ca\\\/wp-content\\\/uploads\\\/2017\\\/02\\\/bandeau_gestion_amiante.png\",\"width\":2000,\"height\":600},{\"@type\":\"BreadcrumbList\",\"@id\":\"https:\\\/\\\/expertbatiment.ca\\\/en\\\/privacy-policy\\\/#breadcrumb\",\"itemListElement\":[{\"@type\":\"ListItem\",\"position\":1,\"name\":\"Home\",\"item\":\"https:\\\/\\\/expertbatiment.ca\\\/en\\\/\"},{\"@type\":\"ListItem\",\"position\":2,\"name\":\"Privacy Policy\"}]},{\"@type\":\"WebSite\",\"@id\":\"https:\\\/\\\/expertbatiment.ca\\\/en\\\/#website\",\"url\":\"https:\\\/\\\/expertbatiment.ca\\\/en\\\/\",\"name\":\"EXPERTB\u00c2TIMENT\",\"description\":\"Des services sp\u00e9cialis\u00e9s afin de garantir des b\u00e2timents sains, s\u00e9curitaires et durables.\",\"publisher\":{\"@id\":\"https:\\\/\\\/expertbatiment.ca\\\/en\\\/#organization\"},\"potentialAction\":[{\"@type\":\"SearchAction\",\"target\":{\"@type\":\"EntryPoint\",\"urlTemplate\":\"https:\\\/\\\/expertbatiment.ca\\\/en\\\/?s={search_term_string}\"},\"query-input\":{\"@type\":\"PropertyValueSpecification\",\"valueRequired\":true,\"valueName\":\"search_term_string\"}}],\"inLanguage\":\"en-US\"},{\"@type\":\"Organization\",\"@id\":\"https:\\\/\\\/expertbatiment.ca\\\/en\\\/#organization\",\"name\":\"Expertb\u00e2timent\",\"url\":\"https:\\\/\\\/expertbatiment.ca\\\/en\\\/\",\"logo\":{\"@type\":\"ImageObject\",\"inLanguage\":\"en-US\",\"@id\":\"https:\\\/\\\/expertbatiment.ca\\\/en\\\/#\\\/schema\\\/logo\\\/image\\\/\",\"url\":\"https:\\\/\\\/expertbatiment.ca\\\/wp-content\\\/uploads\\\/2022\\\/06\\\/icon-ebc.png\",\"contentUrl\":\"https:\\\/\\\/expertbatiment.ca\\\/wp-content\\\/uploads\\\/2022\\\/06\\\/icon-ebc.png\",\"width\":512,\"height\":512,\"caption\":\"Expertb\u00e2timent\"},\"image\":{\"@id\":\"https:\\\/\\\/expertbatiment.ca\\\/en\\\/#\\\/schema\\\/logo\\\/image\\\/\"},\"sameAs\":[\"https:\\\/\\\/www.facebook.com\\\/expertbatiment.ca\",\"https:\\\/\\\/www.linkedin.com\\\/company\\\/expertbatiment-ca\"]}]}<\/script>\n<!-- \/ Yoast SEO plugin. -->","yoast_head_json":{"title":"Privacy Policy - EXPERTB\u00c2TIMENT - Expertise, Ing\u00e9nierie, Laboratoire","robots":{"index":"index","follow":"follow","max-snippet":"max-snippet:-1","max-image-preview":"max-image-preview:large","max-video-preview":"max-video-preview:-1"},"canonical":"https:\/\/expertbatiment.ca\/en\/privacy-policy\/","og_locale":"en_US","og_type":"article","og_title":"Privacy Policy - EXPERTB\u00c2TIMENT - Expertise, Ing\u00e9nierie, Laboratoire","og_url":"https:\/\/expertbatiment.ca\/en\/privacy-policy\/","og_site_name":"EXPERTB\u00c2TIMENT","article_publisher":"https:\/\/www.facebook.com\/expertbatiment.ca","og_image":[{"width":2000,"height":600,"url":"https:\/\/expertbatiment.ca\/wp-content\/uploads\/2017\/02\/bandeau_gestion_amiante.png","type":"image\/png"}],"twitter_card":"summary_large_image","schema":{"@context":"https:\/\/schema.org","@graph":[{"@type":"WebPage","@id":"https:\/\/expertbatiment.ca\/en\/privacy-policy\/","url":"https:\/\/expertbatiment.ca\/en\/privacy-policy\/","name":"Privacy Policy - EXPERTB\u00c2TIMENT - Expertise, Ing\u00e9nierie, Laboratoire","isPartOf":{"@id":"https:\/\/expertbatiment.ca\/en\/#website"},"primaryImageOfPage":{"@id":"https:\/\/expertbatiment.ca\/en\/privacy-policy\/#primaryimage"},"image":{"@id":"https:\/\/expertbatiment.ca\/en\/privacy-policy\/#primaryimage"},"thumbnailUrl":"https:\/\/expertbatiment.ca\/wp-content\/uploads\/2017\/02\/bandeau_gestion_amiante.png","datePublished":"2024-10-08T14:07:50+00:00","breadcrumb":{"@id":"https:\/\/expertbatiment.ca\/en\/privacy-policy\/#breadcrumb"},"inLanguage":"en-US","potentialAction":[{"@type":"ReadAction","target":["https:\/\/expertbatiment.ca\/en\/privacy-policy\/"]}]},{"@type":"ImageObject","inLanguage":"en-US","@id":"https:\/\/expertbatiment.ca\/en\/privacy-policy\/#primaryimage","url":"https:\/\/expertbatiment.ca\/wp-content\/uploads\/2017\/02\/bandeau_gestion_amiante.png","contentUrl":"https:\/\/expertbatiment.ca\/wp-content\/uploads\/2017\/02\/bandeau_gestion_amiante.png","width":2000,"height":600},{"@type":"BreadcrumbList","@id":"https:\/\/expertbatiment.ca\/en\/privacy-policy\/#breadcrumb","itemListElement":[{"@type":"ListItem","position":1,"name":"Home","item":"https:\/\/expertbatiment.ca\/en\/"},{"@type":"ListItem","position":2,"name":"Privacy Policy"}]},{"@type":"WebSite","@id":"https:\/\/expertbatiment.ca\/en\/#website","url":"https:\/\/expertbatiment.ca\/en\/","name":"EXPERTB\u00c2TIMENT","description":"Des services sp\u00e9cialis\u00e9s afin de garantir des b\u00e2timents sains, s\u00e9curitaires et durables.","publisher":{"@id":"https:\/\/expertbatiment.ca\/en\/#organization"},"potentialAction":[{"@type":"SearchAction","target":{"@type":"EntryPoint","urlTemplate":"https:\/\/expertbatiment.ca\/en\/?s={search_term_string}"},"query-input":{"@type":"PropertyValueSpecification","valueRequired":true,"valueName":"search_term_string"}}],"inLanguage":"en-US"},{"@type":"Organization","@id":"https:\/\/expertbatiment.ca\/en\/#organization","name":"Expertb\u00e2timent","url":"https:\/\/expertbatiment.ca\/en\/","logo":{"@type":"ImageObject","inLanguage":"en-US","@id":"https:\/\/expertbatiment.ca\/en\/#\/schema\/logo\/image\/","url":"https:\/\/expertbatiment.ca\/wp-content\/uploads\/2022\/06\/icon-ebc.png","contentUrl":"https:\/\/expertbatiment.ca\/wp-content\/uploads\/2022\/06\/icon-ebc.png","width":512,"height":512,"caption":"Expertb\u00e2timent"},"image":{"@id":"https:\/\/expertbatiment.ca\/en\/#\/schema\/logo\/image\/"},"sameAs":["https:\/\/www.facebook.com\/expertbatiment.ca","https:\/\/www.linkedin.com\/company\/expertbatiment-ca"]}]}},"uagb_featured_image_src":{"full":["https:\/\/expertbatiment.ca\/wp-content\/uploads\/2017\/02\/bandeau_gestion_amiante.png",2000,600,false],"thumbnail":["https:\/\/expertbatiment.ca\/wp-content\/uploads\/2017\/02\/bandeau_gestion_amiante-150x150.png",150,150,true],"medium":["https:\/\/expertbatiment.ca\/wp-content\/uploads\/2017\/02\/bandeau_gestion_amiante-300x90.png",300,90,true],"medium_large":["https:\/\/expertbatiment.ca\/wp-content\/uploads\/2017\/02\/bandeau_gestion_amiante-768x230.png",768,230,true],"large":["https:\/\/expertbatiment.ca\/wp-content\/uploads\/2017\/02\/bandeau_gestion_amiante-1024x307.png",1024,307,true],"1536x1536":["https:\/\/expertbatiment.ca\/wp-content\/uploads\/2017\/02\/bandeau_gestion_amiante.png",1536,461,false],"2048x2048":["https:\/\/expertbatiment.ca\/wp-content\/uploads\/2017\/02\/bandeau_gestion_amiante.png",2000,600,false],"featured-small":["https:\/\/expertbatiment.ca\/wp-content\/uploads\/2017\/02\/bandeau_gestion_amiante-640x200.png",640,200,true],"featured-medium":["https:\/\/expertbatiment.ca\/wp-content\/uploads\/2017\/02\/bandeau_gestion_amiante-1280x400.png",1280,400,true],"featured-large":["https:\/\/expertbatiment.ca\/wp-content\/uploads\/2017\/02\/bandeau_gestion_amiante-1440x400.png",1440,400,true],"featured-xlarge":["https:\/\/expertbatiment.ca\/wp-content\/uploads\/2017\/02\/bandeau_gestion_amiante-1920x400.png",1920,400,true],"fp-small":["https:\/\/expertbatiment.ca\/wp-content\/uploads\/2017\/02\/bandeau_gestion_amiante-640x192.png",640,192,true],"fp-medium":["https:\/\/expertbatiment.ca\/wp-content\/uploads\/2017\/02\/bandeau_gestion_amiante-1024x307.png",1024,307,true],"fp-large":["https:\/\/expertbatiment.ca\/wp-content\/uploads\/2017\/02\/bandeau_gestion_amiante-1200x360.png",1200,360,true],"fp-xlarge":["https:\/\/expertbatiment.ca\/wp-content\/uploads\/2017\/02\/bandeau_gestion_amiante-1920x576.png",1920,576,true],"menu-24x24":["https:\/\/expertbatiment.ca\/wp-content\/uploads\/2017\/02\/bandeau_gestion_amiante.png",24,7,false],"menu-36x36":["https:\/\/expertbatiment.ca\/wp-content\/uploads\/2017\/02\/bandeau_gestion_amiante.png",36,11,false],"menu-48x48":["https:\/\/expertbatiment.ca\/wp-content\/uploads\/2017\/02\/bandeau_gestion_amiante.png",48,14,false]},"uagb_author_info":{"display_name":"support informatique","author_link":"https:\/\/expertbatiment.ca\/en\/author\/support\/"},"uagb_comment_info":0,"uagb_excerpt":null,"_links":{"self":[{"href":"https:\/\/expertbatiment.ca\/en\/wp-json\/wp\/v2\/pages\/3048","targetHints":{"allow":["GET"]}}],"collection":[{"href":"https:\/\/expertbatiment.ca\/en\/wp-json\/wp\/v2\/pages"}],"about":[{"href":"https:\/\/expertbatiment.ca\/en\/wp-json\/wp\/v2\/types\/page"}],"author":[{"embeddable":true,"href":"https:\/\/expertbatiment.ca\/en\/wp-json\/wp\/v2\/users\/9"}],"replies":[{"embeddable":true,"href":"https:\/\/expertbatiment.ca\/en\/wp-json\/wp\/v2\/comments?post=3048"}],"version-history":[{"count":0,"href":"https:\/\/expertbatiment.ca\/en\/wp-json\/wp\/v2\/pages\/3048\/revisions"}],"wp:featuredmedia":[{"embeddable":true,"href":"https:\/\/expertbatiment.ca\/en\/wp-json\/wp\/v2\/media\/283"}],"wp:attachment":[{"href":"https:\/\/expertbatiment.ca\/en\/wp-json\/wp\/v2\/media?parent=3048"}],"curies":[{"name":"wp","href":"https:\/\/api.w.org\/{rel}","templated":true}]}}