{"id":5888,"date":"2022-09-14T10:00:40","date_gmt":"2022-09-14T14:00:40","guid":{"rendered":"https:\/\/expertbatiment.ca\/expertise\/hygiene-industrial-and-toxicology\/"},"modified":"2025-02-05T10:44:37","modified_gmt":"2025-02-05T15:44:37","slug":"hygiene-industrial-and-toxicology","status":"publish","type":"page","link":"https:\/\/expertbatiment.ca\/en\/environmental-analysis\/hygiene-industrial-and-toxicology\/","title":{"rendered":"Industrial hygiene and toxicology"},"content":{"rendered":"\n<p>The quality of the work environment has a direct impact on the health and safety of its workers. It is therefore essential to remain alert to potential sources of danger to which the environment may be vulnerable. Our building and hygiene experts are able to identify several types of risks and recommend corrective solutions adapted to your needs.<\/p>\n\n<p>It is important to note that most of our interventions can be done while maintaining your operations.<\/p>\n\n<h5 class=\"wp-block-heading\"><strong>Here are the types of risks we can help you with<\/strong><\/h5>\n\n<figure class=\"wp-block-table\"><table><tbody><tr><td class=\"has-text-align-center\" data-align=\"center\"><strong>Biological  <\/strong><\/td><td>&#8211; Bioaerosol<br\/>&#8211; Mold<br\/>&#8211; Infectious substances<\/td><\/tr><tr><td class=\"has-text-align-center\" data-align=\"center\"><strong>Chemicals<\/strong><\/td><td>&#8211; Gases and vapors<br\/>&#8211; Hazardous materials<br\/>&#8211; Combustible materials<\/td><\/tr><tr><td class=\"has-text-align-center\" data-align=\"center\"><strong>Ergonomic<\/strong><\/td><td>&#8211; Awkward posture<br\/>&#8211; Handling<br\/>&#8211; Excessive effort<\/td><\/tr><tr><td class=\"has-text-align-center\" data-align=\"center\"><strong>Physics<\/strong><\/td><td>&#8211; Noise<br\/>&#8211; Thermal stress<br\/>&#8211; Radiation  <\/td><\/tr><tr><td class=\"has-text-align-center\" data-align=\"center\"><strong>Security  <\/strong><\/td><td>&#8211; Dangerous machinery<br\/>&#8211; Moving parts <br\/>&#8211; Working at heights  <\/td><\/tr><\/tbody><\/table><\/figure>\n\n<h4 class=\"wp-block-heading\">Prevention: An essential ally<strong>  <\/strong><\/h4>\n\n<p>Knowing what risks the environment is likely to face before they affect you improves your ability and reaction time to deal with them. By establishing a timely audit protocol, you will always be one step ahead. We can help you set up an appropriate protocol and\/or emergency response plan.<\/p>\n\n<h4 class=\"wp-block-heading\">Additional services offered:<\/h4>\n\n<ul class=\"wp-block-list\"><li>Development of sampling campaigns;<\/li><li>Sampling of air contaminants by cassette and smear;<\/li><li>Laboratory analysis;<\/li><li>Workstation assessments;<\/li><li>Safety analysis of tasks.<\/li><\/ul>\n","protected":false},"excerpt":{"rendered":"<p>The quality of the work environment has a direct impact on the health and safety of its workers. It is therefore essential to remain alert to potential sources of danger to which the environment may be vulnerable. Our building and hygiene experts are able to identify several types of risks and recommend corrective solutions adapted [&hellip;]<\/p>\n","protected":false},"author":9,"featured_media":5880,"parent":2750,"menu_order":6,"comment_status":"closed","ping_status":"closed","template":"page-templates\/service.php","meta":{"_acf_changed":false,"_uag_custom_page_level_css":"","footnotes":""},"class_list":["post-5888","page","type-page","status-publish","has-post-thumbnail","hentry"],"acf":[],"yoast_head":"<!-- This site is optimized with the Yoast SEO plugin v27.4 - https:\/\/yoast.com\/product\/yoast-seo-wordpress\/ -->\n<title>Industrial hygiene and toxicology - EXPERTB\u00c2TIMENT - Expertise, Engineering, Lab<\/title>\n<meta name=\"description\" content=\"Our experts are able to identify several types of risks and recommend corrective solutions adapted to your needs.\" \/>\n<meta name=\"robots\" content=\"index, follow, max-snippet:-1, max-image-preview:large, max-video-preview:-1\" \/>\n<link rel=\"canonical\" href=\"https:\/\/expertbatiment.ca\/en\/environmental-analysis\/hygiene-industrial-and-toxicology\/\" \/>\n<meta property=\"og:locale\" content=\"en_US\" \/>\n<meta property=\"og:type\" content=\"article\" \/>\n<meta property=\"og:title\" content=\"Industrial hygiene and toxicology - EXPERTB\u00c2TIMENT - Expertise, Engineering, Lab\" \/>\n<meta property=\"og:description\" content=\"Our experts are able to identify several types of risks and recommend corrective solutions adapted to your needs.\" \/>\n<meta property=\"og:url\" content=\"https:\/\/expertbatiment.ca\/en\/environmental-analysis\/hygiene-industrial-and-toxicology\/\" \/>\n<meta property=\"og:site_name\" content=\"EXPERTB\u00c2TIMENT\" \/>\n<meta property=\"article:publisher\" content=\"https:\/\/www.facebook.com\/expertbatiment.ca\" \/>\n<meta property=\"article:modified_time\" content=\"2025-02-05T15:44:37+00:00\" \/>\n<meta property=\"og:image\" content=\"https:\/\/expertbatiment.ca\/wp-content\/uploads\/2022\/09\/iStock-1175960453.jpg\" \/>\n\t<meta property=\"og:image:width\" content=\"2127\" \/>\n\t<meta property=\"og:image:height\" content=\"1409\" \/>\n\t<meta property=\"og:image:type\" content=\"image\/jpeg\" \/>\n<meta name=\"twitter:card\" content=\"summary_large_image\" \/>\n<meta name=\"twitter:label1\" content=\"Est. reading time\" \/>\n\t<meta name=\"twitter:data1\" content=\"2 minutes\" \/>\n<script type=\"application\/ld+json\" class=\"yoast-schema-graph\">{\"@context\":\"https:\\\/\\\/schema.org\",\"@graph\":[{\"@type\":\"WebPage\",\"@id\":\"https:\\\/\\\/expertbatiment.ca\\\/en\\\/environmental-analysis\\\/hygiene-industrial-and-toxicology\\\/\",\"url\":\"https:\\\/\\\/expertbatiment.ca\\\/en\\\/environmental-analysis\\\/hygiene-industrial-and-toxicology\\\/\",\"name\":\"Industrial hygiene and toxicology - EXPERTB\u00c2TIMENT - Expertise, Engineering, Lab\",\"isPartOf\":{\"@id\":\"https:\\\/\\\/expertbatiment.ca\\\/en\\\/#website\"},\"primaryImageOfPage\":{\"@id\":\"https:\\\/\\\/expertbatiment.ca\\\/en\\\/environmental-analysis\\\/hygiene-industrial-and-toxicology\\\/#primaryimage\"},\"image\":{\"@id\":\"https:\\\/\\\/expertbatiment.ca\\\/en\\\/environmental-analysis\\\/hygiene-industrial-and-toxicology\\\/#primaryimage\"},\"thumbnailUrl\":\"https:\\\/\\\/expertbatiment.ca\\\/wp-content\\\/uploads\\\/2022\\\/09\\\/iStock-1175960453.jpg\",\"datePublished\":\"2022-09-14T14:00:40+00:00\",\"dateModified\":\"2025-02-05T15:44:37+00:00\",\"description\":\"Our experts are able to identify several types of risks and recommend corrective solutions adapted to your needs.\",\"breadcrumb\":{\"@id\":\"https:\\\/\\\/expertbatiment.ca\\\/en\\\/environmental-analysis\\\/hygiene-industrial-and-toxicology\\\/#breadcrumb\"},\"inLanguage\":\"en-US\",\"potentialAction\":[{\"@type\":\"ReadAction\",\"target\":[\"https:\\\/\\\/expertbatiment.ca\\\/en\\\/environmental-analysis\\\/hygiene-industrial-and-toxicology\\\/\"]}]},{\"@type\":\"ImageObject\",\"inLanguage\":\"en-US\",\"@id\":\"https:\\\/\\\/expertbatiment.ca\\\/en\\\/environmental-analysis\\\/hygiene-industrial-and-toxicology\\\/#primaryimage\",\"url\":\"https:\\\/\\\/expertbatiment.ca\\\/wp-content\\\/uploads\\\/2022\\\/09\\\/iStock-1175960453.jpg\",\"contentUrl\":\"https:\\\/\\\/expertbatiment.ca\\\/wp-content\\\/uploads\\\/2022\\\/09\\\/iStock-1175960453.jpg\",\"width\":2127,\"height\":1409,\"caption\":\"Construction. young foreman builder, engineer or inspector checking and inspecting with clipboard at construction site building interior before completing new project, contractor and engineering concept\"},{\"@type\":\"BreadcrumbList\",\"@id\":\"https:\\\/\\\/expertbatiment.ca\\\/en\\\/environmental-analysis\\\/hygiene-industrial-and-toxicology\\\/#breadcrumb\",\"itemListElement\":[{\"@type\":\"ListItem\",\"position\":1,\"name\":\"Home\",\"item\":\"https:\\\/\\\/expertbatiment.ca\\\/en\\\/\"},{\"@type\":\"ListItem\",\"position\":2,\"name\":\"Environmental analysis\",\"item\":\"https:\\\/\\\/expertbatiment.ca\\\/en\\\/environmental-analysis\\\/\"},{\"@type\":\"ListItem\",\"position\":3,\"name\":\"Industrial hygiene and toxicology\"}]},{\"@type\":\"WebSite\",\"@id\":\"https:\\\/\\\/expertbatiment.ca\\\/en\\\/#website\",\"url\":\"https:\\\/\\\/expertbatiment.ca\\\/en\\\/\",\"name\":\"EXPERTB\u00c2TIMENT\",\"description\":\"Des services sp\u00e9cialis\u00e9s afin de garantir des b\u00e2timents sains, s\u00e9curitaires et durables.\",\"publisher\":{\"@id\":\"https:\\\/\\\/expertbatiment.ca\\\/en\\\/#organization\"},\"potentialAction\":[{\"@type\":\"SearchAction\",\"target\":{\"@type\":\"EntryPoint\",\"urlTemplate\":\"https:\\\/\\\/expertbatiment.ca\\\/en\\\/?s={search_term_string}\"},\"query-input\":{\"@type\":\"PropertyValueSpecification\",\"valueRequired\":true,\"valueName\":\"search_term_string\"}}],\"inLanguage\":\"en-US\"},{\"@type\":\"Organization\",\"@id\":\"https:\\\/\\\/expertbatiment.ca\\\/en\\\/#organization\",\"name\":\"Expertb\u00e2timent\",\"url\":\"https:\\\/\\\/expertbatiment.ca\\\/en\\\/\",\"logo\":{\"@type\":\"ImageObject\",\"inLanguage\":\"en-US\",\"@id\":\"https:\\\/\\\/expertbatiment.ca\\\/en\\\/#\\\/schema\\\/logo\\\/image\\\/\",\"url\":\"https:\\\/\\\/expertbatiment.ca\\\/wp-content\\\/uploads\\\/2022\\\/06\\\/icon-ebc.png\",\"contentUrl\":\"https:\\\/\\\/expertbatiment.ca\\\/wp-content\\\/uploads\\\/2022\\\/06\\\/icon-ebc.png\",\"width\":512,\"height\":512,\"caption\":\"Expertb\u00e2timent\"},\"image\":{\"@id\":\"https:\\\/\\\/expertbatiment.ca\\\/en\\\/#\\\/schema\\\/logo\\\/image\\\/\"},\"sameAs\":[\"https:\\\/\\\/www.facebook.com\\\/expertbatiment.ca\",\"https:\\\/\\\/www.linkedin.com\\\/company\\\/expertbatiment-ca\"]}]}<\/script>\n<!-- \/ Yoast SEO plugin. -->","yoast_head_json":{"title":"Industrial hygiene and toxicology - EXPERTB\u00c2TIMENT - Expertise, Engineering, Lab","description":"Our experts are able to identify several types of risks and recommend corrective solutions adapted to your needs.","robots":{"index":"index","follow":"follow","max-snippet":"max-snippet:-1","max-image-preview":"max-image-preview:large","max-video-preview":"max-video-preview:-1"},"canonical":"https:\/\/expertbatiment.ca\/en\/environmental-analysis\/hygiene-industrial-and-toxicology\/","og_locale":"en_US","og_type":"article","og_title":"Industrial hygiene and toxicology - EXPERTB\u00c2TIMENT - Expertise, Engineering, Lab","og_description":"Our experts are able to identify several types of risks and recommend corrective solutions adapted to your needs.","og_url":"https:\/\/expertbatiment.ca\/en\/environmental-analysis\/hygiene-industrial-and-toxicology\/","og_site_name":"EXPERTB\u00c2TIMENT","article_publisher":"https:\/\/www.facebook.com\/expertbatiment.ca","article_modified_time":"2025-02-05T15:44:37+00:00","og_image":[{"width":2127,"height":1409,"url":"https:\/\/expertbatiment.ca\/wp-content\/uploads\/2022\/09\/iStock-1175960453.jpg","type":"image\/jpeg"}],"twitter_card":"summary_large_image","twitter_misc":{"Est. reading time":"2 minutes"},"schema":{"@context":"https:\/\/schema.org","@graph":[{"@type":"WebPage","@id":"https:\/\/expertbatiment.ca\/en\/environmental-analysis\/hygiene-industrial-and-toxicology\/","url":"https:\/\/expertbatiment.ca\/en\/environmental-analysis\/hygiene-industrial-and-toxicology\/","name":"Industrial hygiene and toxicology - EXPERTB\u00c2TIMENT - Expertise, Engineering, Lab","isPartOf":{"@id":"https:\/\/expertbatiment.ca\/en\/#website"},"primaryImageOfPage":{"@id":"https:\/\/expertbatiment.ca\/en\/environmental-analysis\/hygiene-industrial-and-toxicology\/#primaryimage"},"image":{"@id":"https:\/\/expertbatiment.ca\/en\/environmental-analysis\/hygiene-industrial-and-toxicology\/#primaryimage"},"thumbnailUrl":"https:\/\/expertbatiment.ca\/wp-content\/uploads\/2022\/09\/iStock-1175960453.jpg","datePublished":"2022-09-14T14:00:40+00:00","dateModified":"2025-02-05T15:44:37+00:00","description":"Our experts are able to identify several types of risks and recommend corrective solutions adapted to your needs.","breadcrumb":{"@id":"https:\/\/expertbatiment.ca\/en\/environmental-analysis\/hygiene-industrial-and-toxicology\/#breadcrumb"},"inLanguage":"en-US","potentialAction":[{"@type":"ReadAction","target":["https:\/\/expertbatiment.ca\/en\/environmental-analysis\/hygiene-industrial-and-toxicology\/"]}]},{"@type":"ImageObject","inLanguage":"en-US","@id":"https:\/\/expertbatiment.ca\/en\/environmental-analysis\/hygiene-industrial-and-toxicology\/#primaryimage","url":"https:\/\/expertbatiment.ca\/wp-content\/uploads\/2022\/09\/iStock-1175960453.jpg","contentUrl":"https:\/\/expertbatiment.ca\/wp-content\/uploads\/2022\/09\/iStock-1175960453.jpg","width":2127,"height":1409,"caption":"Construction. young foreman builder, engineer or inspector checking and inspecting with clipboard at construction site building interior before completing new project, contractor and engineering concept"},{"@type":"BreadcrumbList","@id":"https:\/\/expertbatiment.ca\/en\/environmental-analysis\/hygiene-industrial-and-toxicology\/#breadcrumb","itemListElement":[{"@type":"ListItem","position":1,"name":"Home","item":"https:\/\/expertbatiment.ca\/en\/"},{"@type":"ListItem","position":2,"name":"Environmental analysis","item":"https:\/\/expertbatiment.ca\/en\/environmental-analysis\/"},{"@type":"ListItem","position":3,"name":"Industrial hygiene and toxicology"}]},{"@type":"WebSite","@id":"https:\/\/expertbatiment.ca\/en\/#website","url":"https:\/\/expertbatiment.ca\/en\/","name":"EXPERTB\u00c2TIMENT","description":"Des services sp\u00e9cialis\u00e9s afin de garantir des b\u00e2timents sains, s\u00e9curitaires et durables.","publisher":{"@id":"https:\/\/expertbatiment.ca\/en\/#organization"},"potentialAction":[{"@type":"SearchAction","target":{"@type":"EntryPoint","urlTemplate":"https:\/\/expertbatiment.ca\/en\/?s={search_term_string}"},"query-input":{"@type":"PropertyValueSpecification","valueRequired":true,"valueName":"search_term_string"}}],"inLanguage":"en-US"},{"@type":"Organization","@id":"https:\/\/expertbatiment.ca\/en\/#organization","name":"Expertb\u00e2timent","url":"https:\/\/expertbatiment.ca\/en\/","logo":{"@type":"ImageObject","inLanguage":"en-US","@id":"https:\/\/expertbatiment.ca\/en\/#\/schema\/logo\/image\/","url":"https:\/\/expertbatiment.ca\/wp-content\/uploads\/2022\/06\/icon-ebc.png","contentUrl":"https:\/\/expertbatiment.ca\/wp-content\/uploads\/2022\/06\/icon-ebc.png","width":512,"height":512,"caption":"Expertb\u00e2timent"},"image":{"@id":"https:\/\/expertbatiment.ca\/en\/#\/schema\/logo\/image\/"},"sameAs":["https:\/\/www.facebook.com\/expertbatiment.ca","https:\/\/www.linkedin.com\/company\/expertbatiment-ca"]}]}},"uagb_featured_image_src":{"full":["https:\/\/expertbatiment.ca\/wp-content\/uploads\/2022\/09\/iStock-1175960453.jpg",2127,1409,false],"thumbnail":["https:\/\/expertbatiment.ca\/wp-content\/uploads\/2022\/09\/iStock-1175960453-150x150.jpg",150,150,true],"medium":["https:\/\/expertbatiment.ca\/wp-content\/uploads\/2022\/09\/iStock-1175960453-300x199.jpg",300,199,true],"medium_large":["https:\/\/expertbatiment.ca\/wp-content\/uploads\/2022\/09\/iStock-1175960453-768x509.jpg",768,509,true],"large":["https:\/\/expertbatiment.ca\/wp-content\/uploads\/2022\/09\/iStock-1175960453-1024x678.jpg",1024,678,true],"1536x1536":["https:\/\/expertbatiment.ca\/wp-content\/uploads\/2022\/09\/iStock-1175960453-1536x1018.jpg",1536,1018,true],"2048x2048":["https:\/\/expertbatiment.ca\/wp-content\/uploads\/2022\/09\/iStock-1175960453-2048x1357.jpg",2048,1357,true],"featured-small":["https:\/\/expertbatiment.ca\/wp-content\/uploads\/2022\/09\/iStock-1175960453-640x200.jpg",640,200,true],"featured-medium":["https:\/\/expertbatiment.ca\/wp-content\/uploads\/2022\/09\/iStock-1175960453-1280x400.jpg",1280,400,true],"featured-large":["https:\/\/expertbatiment.ca\/wp-content\/uploads\/2022\/09\/iStock-1175960453-1440x400.jpg",1440,400,true],"featured-xlarge":["https:\/\/expertbatiment.ca\/wp-content\/uploads\/2022\/09\/iStock-1175960453-1920x400.jpg",1920,400,true],"fp-small":["https:\/\/expertbatiment.ca\/wp-content\/uploads\/2022\/09\/iStock-1175960453-640x424.jpg",640,424,true],"fp-medium":["https:\/\/expertbatiment.ca\/wp-content\/uploads\/2022\/09\/iStock-1175960453-1024x678.jpg",1024,678,true],"fp-large":["https:\/\/expertbatiment.ca\/wp-content\/uploads\/2022\/09\/iStock-1175960453-1200x795.jpg",1200,795,true],"fp-xlarge":["https:\/\/expertbatiment.ca\/wp-content\/uploads\/2022\/09\/iStock-1175960453-1920x1272.jpg",1920,1272,true],"menu-24x24":["https:\/\/expertbatiment.ca\/wp-content\/uploads\/2022\/09\/iStock-1175960453-24x16.jpg",24,16,true],"menu-36x36":["https:\/\/expertbatiment.ca\/wp-content\/uploads\/2022\/09\/iStock-1175960453-36x24.jpg",36,24,true],"menu-48x48":["https:\/\/expertbatiment.ca\/wp-content\/uploads\/2022\/09\/iStock-1175960453-48x32.jpg",48,32,true]},"uagb_author_info":{"display_name":"support informatique","author_link":"https:\/\/expertbatiment.ca\/en\/author\/support\/"},"uagb_comment_info":0,"uagb_excerpt":"The quality of the work environment has a direct impact on the health and safety of its workers. It is therefore essential to remain alert to potential sources of danger to which the environment may be vulnerable. Our building and hygiene experts are able to identify several types of risks and recommend corrective solutions adapted&hellip;","_links":{"self":[{"href":"https:\/\/expertbatiment.ca\/en\/wp-json\/wp\/v2\/pages\/5888","targetHints":{"allow":["GET"]}}],"collection":[{"href":"https:\/\/expertbatiment.ca\/en\/wp-json\/wp\/v2\/pages"}],"about":[{"href":"https:\/\/expertbatiment.ca\/en\/wp-json\/wp\/v2\/types\/page"}],"author":[{"embeddable":true,"href":"https:\/\/expertbatiment.ca\/en\/wp-json\/wp\/v2\/users\/9"}],"replies":[{"embeddable":true,"href":"https:\/\/expertbatiment.ca\/en\/wp-json\/wp\/v2\/comments?post=5888"}],"version-history":[{"count":2,"href":"https:\/\/expertbatiment.ca\/en\/wp-json\/wp\/v2\/pages\/5888\/revisions"}],"predecessor-version":[{"id":19727,"href":"https:\/\/expertbatiment.ca\/en\/wp-json\/wp\/v2\/pages\/5888\/revisions\/19727"}],"up":[{"embeddable":true,"href":"https:\/\/expertbatiment.ca\/en\/wp-json\/wp\/v2\/pages\/2750"}],"wp:featuredmedia":[{"embeddable":true,"href":"https:\/\/expertbatiment.ca\/en\/wp-json\/wp\/v2\/media\/5880"}],"wp:attachment":[{"href":"https:\/\/expertbatiment.ca\/en\/wp-json\/wp\/v2\/media?parent=5888"}],"curies":[{"name":"wp","href":"https:\/\/api.w.org\/{rel}","templated":true}]}}